{"id":120735,"date":"2022-06-01T14:43:31","date_gmt":"2022-06-01T06:43:31","guid":{"rendered":"https:\/\/www.grab.com\/vn\/?page_id=120735"},"modified":"2022-06-01T14:43:31","modified_gmt":"2022-06-01T06:43:31","slug":"di-grabbike-plus-nhan-diem-doi-uu-dai-hap-dan-tren-grabrewards","status":"publish","type":"page","link":"https:\/\/www.grab.com\/vn\/di-grabbike-plus-nhan-diem-doi-uu-dai-hap-dan-tren-grabrewards\/","title":{"rendered":"\u0110i GrabBike Plus, nh\u1eadn \u0111i\u1ec3m \u0111\u1ed5i \u01b0u \u0111\u00e3i h\u1ea5p d\u1eabn tr\u00ean GrabRewards"},"content":{"rendered":"<p>\ud83c\udf1f GrabBike Plus \u0111\u00f3n \u0111\u01b0a, t\u1eadn h\u01b0\u1edfng h\u00e8 r\u1ef1c r\u1ee1 \ud83c\udf1f<\/p>\n<p>\u2600 Th\u1eddi ti\u1ebft m\u00f9a h\u00e8 n\u1eafng n\u00f3ng m\u00e0 ph\u1ea3i \u0111i l\u00e0m \u0111\u00fang gi\u1edd, \u0111\u1ebfn k\u00e8o \u0111\u00fang h\u1eb9n th\u00ec \u0111\u1eb7t li\u1ec1n GrabBike Plus ch\u1ecb em \u01a1i! Di chuy\u1ec3n tr\u00ean con xe tay ga \u00eam ru, c\u00f2n \u0111\u01b0\u1ee3c trang b\u1ecb l\u00f3t n\u00f3n b\u1ea3o hi\u1ec3m s\u1ea1ch s\u1ebd, ch\u1ecb em m\u00ecnh lu\u00f4n t\u1ef1 tin xu\u1ea5t hi\u1ec7n \u1edf b\u1ea5t c\u1ee9 n\u01a1i \u0111\u00e2u.<\/p>\n<p>\ud83d\udd25 T\u1eeb ng\u00e0y 10\/6 \u0111\u1ebfn h\u1ebft ng\u00e0y 30\/6, khi \u0111\u1eb7t GrabBike Plus nh\u1eadp m\u00e3 REWARDS s\u1ebd nh\u1eadn \u0111\u01b0\u1ee3c 2500 \u0111i\u1ec3m \u0111\u1ec3 c\u00f3 c\u01a1 h\u1ed9i \u0111\u1ed5i 01 \u01b0u \u0111\u00e3i l\u00e0m \u0111\u1eb9p, gi\u1ea3i tr\u00ed b\u1ea5t k\u1ef3 \u1edf m\u1ee5c \u201c\u0110\u1ed5i \ud83c\udf81 GrabBike Plus\u201d tr\u00ean GrabRewards n\u00e8!<\/p>\n<p>\ud83d\udef5 M\u1edf app \u0111\u1eb7t chuy\u1ebfn GrabBike Plus li\u1ec1n \u0111i, ch\u1edd chi!<\/p>\n<p>&nbsp;<\/p>\n<p><strong>Xem chi ti\u1ebft ch\u01b0\u01a1ng tr\u00ecnh t\u1ea1i \u0111\u00e2y:<\/strong><\/p>\n<p>&nbsp;<\/p>\n","protected":false},"excerpt":{"rendered":"\ud83c\udf1f GrabBike Plus \u0111\u00f3n \u0111\u01b0a, t\u1eadn h\u01b0\u1edfng h\u00e8 r\u1ef1c r\u1ee1 \ud83c\udf1f \u2600 Th\u1eddi ti\u1ebft m\u00f9a h\u00e8 n\u1eafng n\u00f3ng m\u00e0 ph\u1ea3i \u0111i l\u00e0m \u0111\u00fang gi\u1edd, \u0111\u1ebfn k\u00e8o \u0111\u00fang h\u1eb9n th\u00ec \u0111\u1eb7t li\u1ec1n GrabBike Plus ch\u1ecb em \u01a1i! Di chuy\u1ec3n tr\u00ean con xe tay ga \u00eam ru, c\u00f2n \u0111\u01b0\u1ee3c trang b\u1ecb l\u00f3t n\u00f3n b\u1ea3o hi\u1ec3m s\u1ea1ch s\u1ebd, [&hellip;]","protected":false},"author":1250,"featured_media":0,"parent":0,"menu_order":0,"comment_status":"closed","ping_status":"closed","template":"","meta":{"_acf_changed":false,"footnotes":""},"acf":[],"_links":{"self":[{"href":"https:\/\/www.grab.com\/vn\/wp-json\/wp\/v2\/pages\/120735"}],"collection":[{"href":"https:\/\/www.grab.com\/vn\/wp-json\/wp\/v2\/pages"}],"about":[{"href":"https:\/\/www.grab.com\/vn\/wp-json\/wp\/v2\/types\/page"}],"author":[{"embeddable":true,"href":"https:\/\/www.grab.com\/vn\/wp-json\/wp\/v2\/users\/1250"}],"replies":[{"embeddable":true,"href":"https:\/\/www.grab.com\/vn\/wp-json\/wp\/v2\/comments?post=120735"}],"version-history":[{"count":1,"href":"https:\/\/www.grab.com\/vn\/wp-json\/wp\/v2\/pages\/120735\/revisions"}],"predecessor-version":[{"id":120736,"href":"https:\/\/www.grab.com\/vn\/wp-json\/wp\/v2\/pages\/120735\/revisions\/120736"}],"wp:attachment":[{"href":"https:\/\/www.grab.com\/vn\/wp-json\/wp\/v2\/media?parent=120735"}],"curies":[{"name":"wp","href":"https:\/\/api.w.org\/{rel}","templated":true}]}}