{"id":118210,"date":"2022-05-06T14:42:44","date_gmt":"2022-05-06T06:42:44","guid":{"rendered":"https:\/\/www.grab.com\/vn\/?page_id=118210"},"modified":"2022-05-06T14:45:02","modified_gmt":"2022-05-06T06:45:02","slug":"di-chuyen-that-chill-co-grabbike-plus-chieu","status":"publish","type":"page","link":"https:\/\/www.grab.com\/vn\/di-chuyen-that-chill-co-grabbike-plus-chieu\/","title":{"rendered":"Di chuy\u1ec3n th\u1eadt &#8220;chill&#8221;, c\u00f3 GrabBike Plus chi\u1ec1u"},"content":{"rendered":"<p>&nbsp;<\/p>\n<p>\ud83c\udf8a L\u00e0m quen \u201canh em\u201d c\u1ee7a GrabBike, GrabBike Plus \u0111i n\u00e8 ch\u1ecb em \u1eddi!<\/p>\n<p>\ud83d\udef5 Ch\u1ecdn GrabBike Plus, ch\u1ecb em m\u00ecnh \u201cc\u00e2n\u201d h\u1ebft m\u1ecdi t\u00ecnh hu\u1ed1ng \u0111i t\u1eeb nh\u00e0 ra ph\u1ed1, t\u1eeb v\u0103n ph\u00f2ng t\u1edbi ch\u1ed7 \u0111i &#8220;chill&#8221;, t\u1eeb khu mua s\u1eafm n\u00e0y t\u1edbi khu \u0111\u00f4 th\u1ecb n\u1ecd. V\u00ec ai c\u0169ng \u0111\u01b0\u1ee3c \u0111\u01b0a \u0111\u00f3n tr\u00ean con xe tay ga di chuy\u1ec3n \u00eam ru, trang b\u1ecb m\u0169 b\u1ea3o hi\u1ec3m c\u00f3 l\u00f3t n\u00f3n s\u1ea1ch s\u1ebd \u0111\u1ec3 \u0111\u1ebfn n\u01a1i t\u00f3c v\u1eabn th\u01a1m tho.<\/p>\n<p>\ud83d\udd25\u0110i \u0111\u00e2u c\u0169ng t\u1ef1 tin \u201cchill\u201d h\u1ebft m\u00ecnh lu\u00f4n nha ch\u1ecb em!<\/p>\n<p>\ud83d\udc9a T\u1eb7ng b\u1ea1n m\u1edbi m\u00e3 GBPLUS (*) \u01b0u \u0111\u00e3i 50.000\u0111 cho cu\u1ed1c xe \u0111\u1ea7u ti\u00ean.<br \/>\n\ud83d\udc9a C\u00f2n b\u1ea1n th\u00e2n t\u1eb7ng th\u00eam m\u00e3 DIGBPLUS (*) nh\u1eadn \u01b0u \u0111\u00e3i t\u1edbi 20% t\u1ed1i \u0111a 20.000\u0111 cho c\u00e1c cu\u1ed1c xe ti\u1ebfp theo.<\/p>\n<p>\ud83d\udcf1 Gi\u1edd th\u00ec ch\u1ecb em m\u00ecnh l\u00ean \u0111\u1ed3, r\u1ed3i m\u00ecnh l\u00ean xe GrabBike Plus \u0111i th\u00f4i!<\/p>\n<p><!--more--><\/p>\n<p><strong>Xem chi ti\u1ebft ch\u01b0\u01a1ng tr\u00ecnh \u01b0u \u0111\u00e3i d\u00e0nh cho b\u1ea1n m\u1edbi:<\/strong><\/p>\n<p>&#8211; Mi\u1ec5n ph\u00ed cho c\u00e1c chuy\u1ebfn xe d\u01b0\u1edbi ho\u1eb7c b\u1eb1ng 50.000\u0111.<\/p>\n<p>&#8211; V\u1edbi c\u00e1c chuy\u1ebfn xe c\u00f3 c\u01b0\u1edbc ph\u00ed t\u1eeb 51.000\u0111 tr\u1edf l\u00ean, \u01b0u \u0111\u00e3i t\u1ed1i \u0111a 50.000\u0111.<\/p>\n<p>&#8211; \u00c1p d\u1ee5ng cho d\u1ecbch v\u1ee5 GrabBike Plus.<\/p>\n<p>&#8211; \u00c1p d\u1ee5ng t\u1ea1i c\u00e1c \u0111i\u1ec3m \u0111\u00f3n t\u1ea1i qu\u1eadn 1, qu\u1eadn 3, qu\u1eadn 4, qu\u1eadn 5, qu\u1eadn 10, qu\u1eadn B\u00ecnh Th\u1ea1nh, qu\u1eadn Ph\u00fa Nhu\u1eadn, Qu\u1eadn T\u00e2n B\u00ecnh, m\u1ed9t s\u1ed1 khu v\u1ef1c qu\u1eadn 7 t\u1ea1i Tp.H\u1ed3 Ch\u00ed Minh.<\/p>\n<p>&#8211; \u00c1p d\u1ee5ng cho m\u1ecdi ph\u01b0\u01a1ng th\u1ee9c thanh to\u00e1n.<\/p>\n<p>&#8211; \u01afu \u0111\u00e3i kh\u00f4ng bao g\u1ed3m ph\u1ee5 ph\u00ed, ng\u01b0\u1eddi d\u00f9ng vui l\u00f2ng thanh to\u00e1n ph\u1ee5 ph\u00ed (n\u1ebfu c\u00f3) v\u1edbi \u0110\u1ed1i t\u00e1c t\u00e0i x\u1ebf.<\/p>\n<p>&#8211; M\u1ed7i ng\u01b0\u1eddi d\u00f9ng c\u00f3 th\u1ec3 s\u1eed d\u1ee5ng \u01b0u \u0111\u00e3i t\u1ed1i \u0111a 01 l\u1ea7n trong su\u1ed1t th\u1eddi gian di\u1ec5n ra ch\u01b0\u01a1ng tr\u00ecnh.<\/p>\n<p>&#8211; S\u1ed1 l\u01b0\u1ee3ng \u01b0u \u0111\u00e3i c\u00f3 gi\u1edbi h\u1ea1n m\u1ed7i ng\u00e0y.<\/p>\n<p>&#8211; Ch\u1ec9 \u00e1p d\u1ee5ng cho ng\u01b0\u1eddi d\u00f9ng nh\u1eadn \u0111\u01b0\u1ee3c th\u00f4ng b\u00e1o.<\/p>\n<p>&#8211; Ch\u1ec9 \u00e1p d\u1ee5ng v\u1edbi phi\u00ean b\u1ea3n app m\u1edbi nh\u1ea5t.<\/p>\n<p>&nbsp;<\/p>\n<p><strong>Xem chi ti\u1ebft ch\u01b0\u01a1ng tr\u00ecnh \u01b0u \u0111\u00e3i c\u1ee7a m\u00e3 DIGBPLUS<\/strong><\/p>\n<p>&#8211; \u01afu \u0111\u00e3i 20% (t\u1ed1i \u0111a 20K) cho d\u1ecbch v\u1ee5 GrabBike Plus.<\/p>\n<p>&#8211; \u00c1p d\u1ee5ng t\u1ea1i th\u00e0nh ph\u1ed1 HCM.<\/p>\n<p>&#8211; \u00c1p d\u1ee5ng cho m\u1ecdi ph\u01b0\u01a1ng th\u1ee9c thanh to\u00e1n.<\/p>\n<p>&#8211; \u01afu \u0111\u00e3i kh\u00f4ng bao g\u1ed3m ph\u1ee5 ph\u00ed, ng\u01b0\u1eddi d\u00f9ng vui l\u00f2ng thanh to\u00e1n ph\u1ee5 ph\u00ed (n\u1ebfu c\u00f3) v\u1edbi \u0110\u1ed1i t\u00e1c t\u00e0i x\u1ebf.<\/p>\n<p>&#8211; M\u1ed7i ng\u01b0\u1eddi d\u00f9ng c\u00f3 th\u1ec3 s\u1eed d\u1ee5ng \u01b0u \u0111\u00e3i t\u1ed1i \u0111a 01 l\u1ea7n\/ng\u00e0y v\u00e0 10 l\u1ea7n trong su\u1ed1t th\u1eddi gian di\u1ec5n ra ch\u01b0\u01a1ng tr\u00ecnh.<\/p>\n<p>&#8211; S\u1ed1 l\u01b0\u1ee3ng \u01b0u \u0111\u00e3i c\u00f3 gi\u1edbi h\u1ea1n m\u1ed7i ng\u00e0y.<\/p>\n<p>&#8211; Ch\u1ec9 \u00e1p d\u1ee5ng cho ng\u01b0\u1eddi d\u00f9ng nh\u1eadn \u0111\u01b0\u1ee3c th\u00f4ng b\u00e1o.<\/p>\n<p>&#8211; Ch\u1ec9 \u00e1p d\u1ee5ng v\u1edbi phi\u00ean b\u1ea3n app m\u1edbi nh\u1ea5t.<\/p>\n<p>&nbsp;<\/p>\n<p><!--more--><\/p>\n<p>&nbsp;<\/p>\n<p><a href=\"https:\/\/grab.onelink.me\/2695613898\/bookxengay\"><img loading=\"lazy\" decoding=\"async\" class=\"aligncenter wp-image-109009\" src=\"https:\/\/assets.grab.com\/wp-content\/uploads\/sites\/11\/2022\/01\/20122452\/CTA-012.png\" alt=\"\" width=\"204\" height=\"50\" \/><\/a><\/p>\n","protected":false},"excerpt":{"rendered":"&nbsp; \ud83c\udf8a L\u00e0m quen \u201canh em\u201d c\u1ee7a GrabBike, GrabBike Plus \u0111i n\u00e8 ch\u1ecb em \u1eddi! \ud83d\udef5 Ch\u1ecdn GrabBike Plus, ch\u1ecb em m\u00ecnh \u201cc\u00e2n\u201d h\u1ebft m\u1ecdi t\u00ecnh hu\u1ed1ng \u0111i t\u1eeb nh\u00e0 ra ph\u1ed1, t\u1eeb v\u0103n ph\u00f2ng t\u1edbi ch\u1ed7 \u0111i &#8220;chill&#8221;, t\u1eeb khu mua s\u1eafm n\u00e0y t\u1edbi khu \u0111\u00f4 th\u1ecb n\u1ecd. V\u00ec ai c\u0169ng \u0111\u01b0\u1ee3c \u0111\u01b0a \u0111\u00f3n [&hellip;]","protected":false},"author":1250,"featured_media":0,"parent":0,"menu_order":0,"comment_status":"closed","ping_status":"closed","template":"","meta":{"_acf_changed":false,"footnotes":""},"acf":[],"_links":{"self":[{"href":"https:\/\/www.grab.com\/vn\/wp-json\/wp\/v2\/pages\/118210"}],"collection":[{"href":"https:\/\/www.grab.com\/vn\/wp-json\/wp\/v2\/pages"}],"about":[{"href":"https:\/\/www.grab.com\/vn\/wp-json\/wp\/v2\/types\/page"}],"author":[{"embeddable":true,"href":"https:\/\/www.grab.com\/vn\/wp-json\/wp\/v2\/users\/1250"}],"replies":[{"embeddable":true,"href":"https:\/\/www.grab.com\/vn\/wp-json\/wp\/v2\/comments?post=118210"}],"version-history":[{"count":3,"href":"https:\/\/www.grab.com\/vn\/wp-json\/wp\/v2\/pages\/118210\/revisions"}],"predecessor-version":[{"id":118213,"href":"https:\/\/www.grab.com\/vn\/wp-json\/wp\/v2\/pages\/118210\/revisions\/118213"}],"wp:attachment":[{"href":"https:\/\/www.grab.com\/vn\/wp-json\/wp\/v2\/media?parent=118210"}],"curies":[{"name":"wp","href":"https:\/\/api.w.org\/{rel}","templated":true}]}}