{"id":117760,"date":"2022-04-29T16:34:39","date_gmt":"2022-04-29T08:34:39","guid":{"rendered":"https:\/\/www.grab.com\/vn\/?page_id=117760"},"modified":"2022-04-29T16:39:15","modified_gmt":"2022-04-29T08:39:15","slug":"chill-he-san-ve-edm-quay-cung-ravolution","status":"publish","type":"page","link":"https:\/\/www.grab.com\/vn\/chill-he-san-ve-edm-quay-cung-ravolution\/","title":{"rendered":"Chill h\u00e8 s\u0103n v\u00e9 EDM, \u201cqu\u1ea9y\u201d c\u00f9ng Ravolution"},"content":{"rendered":"<p><img loading=\"lazy\" decoding=\"async\" class=\"wp-image-117761 size-full aligncenter\" src=\"https:\/\/assets.grab.com\/wp-content\/uploads\/sites\/11\/2022\/04\/29163333\/1200x6001.jpg\" alt=\"\" width=\"1200\" height=\"600\" srcset=\"https:\/\/assets.grab.com\/wp-content\/uploads\/sites\/11\/2022\/04\/29163333\/1200x6001.jpg 1200w, https:\/\/assets.grab.com\/wp-content\/uploads\/sites\/11\/2022\/04\/29163333\/1200x6001-250x125.jpg 250w, https:\/\/assets.grab.com\/wp-content\/uploads\/sites\/11\/2022\/04\/29163333\/1200x6001-700x350.jpg 700w, https:\/\/assets.grab.com\/wp-content\/uploads\/sites\/11\/2022\/04\/29163333\/1200x6001-768x384.jpg 768w, https:\/\/assets.grab.com\/wp-content\/uploads\/sites\/11\/2022\/04\/29163333\/1200x6001-120x60.jpg 120w\" sizes=\"(max-width: 1200px) 100vw, 1200px\" \/><\/p>\n<p>&nbsp;<\/p>\n<p><span style=\"font-weight: 400\">\u2728 Duy nh\u1ea5t 07\/05\/2022, \u0111\u1eb7t GrabCar \u0111\u1ec3 c\u00f3 c\u01a1 h\u1ed9i gi\u1eadt v\u00e9 \u0111i qu\u1ea9y EDM n\u00e8!<\/span><\/p>\n<p>&nbsp;<\/p>\n<p><span style=\"font-weight: 400\">\u2705 Nh\u1eadp m\u00e3 \ud835\udde5\ud835\uddd4\ud835\udde9\ud835\udde2\ud835\udddf\ud835\udde8\ud835\udde7\ud835\udddc\ud835\udde2\ud835\udde1 \u0111\u1ec3 nh\u1eadn ngay 500 \u0111i\u1ec3m GrabRewards v\u00e0 m\u1edf kho\u00e1 \u01b0u \u0111\u00e3i \u0111\u1ed5i v\u00e9 khi ho\u00e0n th\u00e0nh chuy\u1ebfn xe GrabCar. Sau \u0111\u00f3 v\u00e0o GrabRewards, t\u00ecm v\u00e9 Ravolution v\u00e0 \u0111\u1ed5i \u0111i\u1ec3m \u0111\u1ec3 s\u1edf h\u1eefu ngay!<\/span><\/p>\n<p>&nbsp;<\/p>\n<p><a href=\"https:\/\/www.facebook.com\/hashtag\/grabbike?__eep__=6&amp;__cft__%5B0%5D=AZUYVrSJmVFjmr8GEcvMdlzqepHo6gIi_-0nuajpvJ2z1pA5_x9tErMvihO8XGyikc9a_UufvVWtPI9cw7Rxj-262tCKdkN8GNHD_Y6Cupaaikg57WlI2XFcgluVc9OKa6ajWvv671Tdi1650Dgp2nlw&amp;__tn__=*NK-R\"><span style=\"font-weight: 400\">#GrabBike<\/span><\/a><a href=\"https:\/\/www.facebook.com\/hashtag\/grabcar?__eep__=6&amp;__cft__%5B0%5D=AZUYVrSJmVFjmr8GEcvMdlzqepHo6gIi_-0nuajpvJ2z1pA5_x9tErMvihO8XGyikc9a_UufvVWtPI9cw7Rxj-262tCKdkN8GNHD_Y6Cupaaikg57WlI2XFcgluVc9OKa6ajWvv671Tdi1650Dgp2nlw&amp;__tn__=*NK-R\"> <span style=\"font-weight: 400\">#GrabCar<\/span><\/a><span style=\"font-weight: 400\"> #Ravolution<\/span><\/p>\n<p>&nbsp;<\/p>\n<p><span style=\"font-weight: 400\">Chi ti\u1ebft ch\u01b0\u01a1ng tr\u00ecnh \u01b0u \u0111\u00e3i:<\/span><\/p>\n<ul>\n<li style=\"font-weight: 400\"><span style=\"font-weight: 400\">Ch\u01b0\u01a1ng tr\u00ecnh ch\u1ec9 \u00e1p d\u1ee5ng cho d\u1ecbch v\u1ee5 GrabCar t\u1ea1i Th\u00e0nh ph\u1ed1 H\u1ed3 Ch\u00ed Minh.<\/span><\/li>\n<li style=\"font-weight: 400\"><span style=\"font-weight: 400\">V\u00e9 ch\u1ec9 hi\u1ec3n th\u1ecb tr\u00ean GrabRewards khi ng\u01b0\u1eddi d\u00f9ng ho\u00e0n th\u00e0nh cu\u1ed1c xe GrabCar c\u00f3 nh\u1eadp m\u00e3 &#8220;\ud835\udde5\ud835\uddd4\ud835\udde9\ud835\udde2\ud835\udddf\ud835\udde8\ud835\udde7\ud835\udddc\ud835\udde2\ud835\udde1&#8221;.<\/span><\/li>\n<li style=\"font-weight: 400\"><span style=\"font-weight: 400\">Ch\u01b0\u01a1ng tr\u00ecnh \u01b0u \u0111\u00e3i nh\u1eadp m\u00e3 nh\u1eadn v\u00e9 di\u1ec5n ra t\u1eeb 06:00 t\u1edbi 22:00 duy nh\u1ea5t ng\u00e0y 07\/05\/2022.\u00a0<\/span><\/li>\n<li style=\"font-weight: 400\"><span style=\"font-weight: 400\">V\u00e9 Ravolution \u0111\u01b0\u1ee3c m\u1edf tr\u00ean GrabRewards t\u1eeb 06:00 ng\u00e0y 07\/05\/2022 t\u1edbi 23:59 ng\u00e0y 08\/05\/2022.<\/span><\/li>\n<li style=\"font-weight: 400\"><span style=\"font-weight: 400\">S\u1ed1 l\u01b0\u1ee3ng v\u00e9 tham gia s\u1ef1 ki\u1ec7n Ravolution c\u00f3 h\u1ea1n. Ch\u01b0\u01a1ng tr\u00ecnh \u01b0u \u0111\u00e3i c\u00f3 th\u1ec3 k\u1ebft th\u00fac s\u1edbm h\u01a1n d\u1ef1 ki\u1ebfn ngay khi m\u00e3 \u01b0u \u0111\u00e3i v\u00e0 v\u00e9 \u0111\u01b0\u1ee3c \u0111\u1ed5i h\u1ebft.<\/span><\/li>\n<li style=\"font-weight: 400\"><span style=\"font-weight: 400\">S\u1ed1 \u0111i\u1ec3m ng\u01b0\u1eddi d\u00f9ng \u0111\u00e3 nh\u1eadn \u0111\u01b0\u1ee3c t\u1eeb ch\u01b0\u01a1ng tr\u00ecnh c\u00f3 th\u1ec3 s\u1eed d\u1ee5ng \u0111\u1ec3 \u0111\u1ed5i \u01b0u \u0111\u00e3i kh\u00e1c tr\u00ean GrabRewards (Th\u1eddi h\u1ea1n s\u1eed d\u1ee5ng t\u1edbi 31\/05\/2022).<\/span><\/li>\n<li style=\"font-weight: 400\"><span style=\"font-weight: 400\">S\u1ed1 \u0111i\u1ec3m \u0111\u00e3 nh\u1eadn kh\u00f4ng \u0111\u01b0\u1ee3c t\u00ednh v\u00e0o qu\u00e1 tr\u00ecnh t\u00edch l\u0169y \u0111i\u1ec3m.<\/span><\/li>\n<li style=\"font-weight: 400\"><span style=\"font-weight: 400\">Nh\u1eb1m \u0111\u1ea3m b\u1ea3o v\u00e9 \u0111\u01b0\u1ee3c chuy\u1ec3n t\u1edbi tay ng\u01b0\u1eddi d\u00f9ng tr\u01b0\u1edbc ch\u01b0\u01a1ng tr\u00ecnh Ravolution Music Festival 2022 (15\/05\/2022), ch\u00fang t\u00f4i s\u1ebd ch\u1ec9 nh\u1eadn chuy\u1ec3n v\u00e9 t\u1edbi c\u00e1c \u0111\u1ecba ch\u1ec9 t\u1ea1i Th\u00e0nh ph\u1ed1 H\u1ed3 Ch\u00ed Minh.<\/span><\/li>\n<\/ul>\n<p>&nbsp;<\/p>\n<p><a href=\"https:\/\/grab.onelink.me\/2695613898\/datxengay\"><img loading=\"lazy\" decoding=\"async\" class=\"wp-image-109009 aligncenter\" src=\"https:\/\/assets.grab.com\/wp-content\/uploads\/sites\/11\/2022\/01\/20122452\/CTA-012.png\" alt=\"\" width=\"204\" height=\"50\" \/><\/a><\/p>\n","protected":false},"excerpt":{"rendered":"&nbsp; \u2728 Duy nh\u1ea5t 07\/05\/2022, \u0111\u1eb7t GrabCar \u0111\u1ec3 c\u00f3 c\u01a1 h\u1ed9i gi\u1eadt v\u00e9 \u0111i qu\u1ea9y EDM n\u00e8! &nbsp; \u2705 Nh\u1eadp m\u00e3 \ud835\udde5\ud835\uddd4\ud835\udde9\ud835\udde2\ud835\udddf\ud835\udde8\ud835\udde7\ud835\udddc\ud835\udde2\ud835\udde1 \u0111\u1ec3 nh\u1eadn ngay 500 \u0111i\u1ec3m GrabRewards v\u00e0 m\u1edf kho\u00e1 \u01b0u \u0111\u00e3i \u0111\u1ed5i v\u00e9 khi ho\u00e0n th\u00e0nh chuy\u1ebfn xe GrabCar. Sau \u0111\u00f3 v\u00e0o GrabRewards, t\u00ecm v\u00e9 Ravolution v\u00e0 \u0111\u1ed5i \u0111i\u1ec3m \u0111\u1ec3 s\u1edf h\u1eefu ngay! [&hellip;]","protected":false},"author":1336,"featured_media":0,"parent":0,"menu_order":0,"comment_status":"closed","ping_status":"closed","template":"","meta":{"_acf_changed":false,"footnotes":""},"acf":[],"_links":{"self":[{"href":"https:\/\/www.grab.com\/vn\/wp-json\/wp\/v2\/pages\/117760"}],"collection":[{"href":"https:\/\/www.grab.com\/vn\/wp-json\/wp\/v2\/pages"}],"about":[{"href":"https:\/\/www.grab.com\/vn\/wp-json\/wp\/v2\/types\/page"}],"author":[{"embeddable":true,"href":"https:\/\/www.grab.com\/vn\/wp-json\/wp\/v2\/users\/1336"}],"replies":[{"embeddable":true,"href":"https:\/\/www.grab.com\/vn\/wp-json\/wp\/v2\/comments?post=117760"}],"version-history":[{"count":1,"href":"https:\/\/www.grab.com\/vn\/wp-json\/wp\/v2\/pages\/117760\/revisions"}],"predecessor-version":[{"id":117763,"href":"https:\/\/www.grab.com\/vn\/wp-json\/wp\/v2\/pages\/117760\/revisions\/117763"}],"wp:attachment":[{"href":"https:\/\/www.grab.com\/vn\/wp-json\/wp\/v2\/media?parent=117760"}],"curies":[{"name":"wp","href":"https:\/\/api.w.org\/{rel}","templated":true}]}}