{"id":115483,"date":"2022-04-08T15:17:36","date_gmt":"2022-04-08T07:17:36","guid":{"rendered":"https:\/\/www.grab.com\/vn\/?page_id=115483"},"modified":"2022-04-08T18:10:52","modified_gmt":"2022-04-08T10:10:52","slug":"uu-dai-suot-tuan-dat-xe-la-nhan","status":"publish","type":"page","link":"https:\/\/www.grab.com\/vn\/uu-dai-suot-tuan-dat-xe-la-nhan\/","title":{"rendered":"\u01afu \u0111\u00e3i su\u1ed1t tu\u1ea7n, \u0111\u1eb7t xe l\u00e0 nh\u1eadn"},"content":{"rendered":"<p><img loading=\"lazy\" decoding=\"async\" width=\"1200\" height=\"600\" class=\"aligncenter size-full wp-image-115524\" src=\"https:\/\/assets.grab.com\/wp-content\/uploads\/sites\/11\/2022\/04\/08180923\/1200x600-3.jpg\" alt=\"\" srcset=\"https:\/\/assets.grab.com\/wp-content\/uploads\/sites\/11\/2022\/04\/08180923\/1200x600-3.jpg 1200w, https:\/\/assets.grab.com\/wp-content\/uploads\/sites\/11\/2022\/04\/08180923\/1200x600-3-250x125.jpg 250w, https:\/\/assets.grab.com\/wp-content\/uploads\/sites\/11\/2022\/04\/08180923\/1200x600-3-700x350.jpg 700w, https:\/\/assets.grab.com\/wp-content\/uploads\/sites\/11\/2022\/04\/08180923\/1200x600-3-768x384.jpg 768w, https:\/\/assets.grab.com\/wp-content\/uploads\/sites\/11\/2022\/04\/08180923\/1200x600-3-120x60.jpg 120w\" sizes=\"(max-width: 1200px) 100vw, 1200px\" \/><\/p>\n<p>\ud83c\udf1f \u0110\u1eb7t xe l\u00e0 c\u00f3 qu\u00e0, su\u1ed1t tu\u1ea7n t\u1eeb th\u1ee9 Hai \u0111\u1ebfn Ch\u1ee7 Nh\u1eadt \ud83c\udf1f<\/p>\n<p>\ud83d\ude98 \u01afu \u0111\u00e3i kh\u00f4ng s\u00f3t ng\u00e0y n\u00e0o trong tu\u1ea7n lu\u00f4n n\u00e8 c\u1ea3 nh\u00e0 iu \u01a1i!<\/p>\n<p>\ud83d\udef5 Ai kh\u00f4ng \u01b0a g\u1eedi xe, ai ng\u1ea1i ph\u1ea3i t\u1ef1 l\u00e1i, ai th\u00e8m \u0111i ch\u01a1i khuya m\u00e0 s\u1ee3 \u0111\u01b0\u1eddng v\u1eafng m\u1ed9t m\u00ecnh&#8230;mau mau \u0111\u1eb7t GrabBike, GrabCar di chuy\u1ec3n v\u1eeba an to\u00e0n, tho\u1ea3i m\u00e1i l\u1ea1i c\u00f2n \u0111\u01b0\u1ee3c t\u1eb7ng \u01b0u \u0111\u00e3i t\u1eeb GrabFood, GrabMart, GrabExpress v\u00e0 V\u00ed Moca su\u1ed1t tu\u1ea7n lu\u00f4n n\u00e8:<\/p>\n<p>\ud83c\udf8a Th\u1ee9 Hai, th\u1ee9 N\u0103m v\u00e0 Ch\u1ee7 Nh\u1eadt: \u01b0u \u0111\u00e3i m\u00f3n ngon GrabFood \ud83c\udf5c<br \/>\n\ud83c\udf8a Th\u1ee9 Ba \u01b0u \u0111\u00e3i giao h\u00e0ng GrabExpress \ud83d\udce6<br \/>\n\ud83c\udf8a Th\u1ee9 T\u01b0, th\u1ee9 B\u1ea3y \u01b0u \u0111\u00e3i \u0111i ch\u1ee3 t\u1eeb GrabMart \ud83e\udd90<br \/>\n\ud83c\udf8a Th\u1ee9 S\u00e1u thanh to\u00e1n b\u1eb1ng th\u1ebb\/ v\u00ed Moca nh\u1eadn th\u00eam \u0111i\u1ec3m GrabRewards \ud83d\udcf2<\/p>\n<p>\ud83d\udcf2 T\u00e0i \u0111\u00f4ng x\u1ebf nhi\u1ec1u, \u0111\u01b0a \u0111\u00f3n t\u1eadn n\u01a1i, l\u1ea1i c\u00f2n t\u1eb7ng \u01b0u \u0111\u00e3i m\u1ed7i ng\u00e0y n\u1eefa, l\u00ean xe ngay th\u00f4i!<\/p>\n<p>L\u01b0u \u00fd:<br \/>\n\u2705(*) Ch\u01b0\u01a1ng tr\u00ecnh \u00e1p d\u1ee5ng t\u1ea1i Th\u00e0nh ph\u1ed1 H\u1ed3 Ch\u00ed Minh v\u00e0 H\u00e0 N\u1ed9i.<br \/>\n\u2705(*) Ng\u01b0\u1eddi d\u00f9ng l\u01b0u \u00fd ki\u1ec3m tra th\u00f4ng b\u00e1o khi k\u1ebft th\u00fac chuy\u1ebfn xe \u0111\u1ec3 nh\u1eadn \u01b0u \u0111\u00e3i.<br \/>\n\u2705(*) S\u1ed1 l\u01b0\u1ee3ng \u01b0u \u0111\u00e3i m\u1ed7i ng\u00e0y c\u00f3 gi\u1edbi h\u1ea1n. Xem chi ti\u1ebft ch\u01b0\u01a1ng tr\u00ecnh t\u1ea1i \u0111\u00e2y:<\/p>\n<p>\u0110\u1eb7t Grab, nh\u1edb tr\u1ea3 th\u1ebb\/ v\u00ed Moca \u0111\u1ec3 lu\u00f4n an to\u00e0n v\u00e0 h\u01b0\u1edfng \u01b0u \u0111\u00e3i t\u1ed1t h\u01a1n nha.<br \/>\nK\u00edch ho\u1ea1t V\u00ed Moca: https:\/\/grb.to\/KichHoatViMoca<br \/>\nho\u1eb7c li\u00ean k\u1ebft th\u1ebb v\u00e0o Grab ngay:https:\/\/grb.to\/GanTheThanhToanTT<\/p>\n<p>#GrabBike #GrabCar #\u01afu\u0111\u00e3isaum\u1ed7ichuy\u1ebfnxe<\/p>\n<p>&nbsp;<\/p>\n<p><!--more--><\/p>\n<p><strong>Xem chi ti\u1ebft ch\u01b0\u01a1ng tr\u00ecnh \u01b0u \u0111\u00e3i c\u1ee7a GrabFood t\u1ea1i \u0111\u00e2y<\/strong><\/p>\n<p><strong>1\/ \u01afu \u0111\u00e3i 35.000\u0111 cho \u0111\u01a1n h\u00e0ng t\u1eeb 150.000\u0111.<\/strong><\/p>\n<p>&#8211; \u01afu \u0111\u00e3i 35.000\u0111 cho \u0111\u01a1n h\u00e0ng t\u1eeb 150.000\u0111.<br \/>\n&#8211; \u00c1p d\u1ee5ng cho t\u1ea5t c\u1ea3 h\u00ecnh th\u1ee9c thanh to\u00e1n.<br \/>\n&#8211; \u00c1p d\u1ee5ng cho c\u00e1c c\u1eeda h\u00e0ng c\u00f3 hi\u1ec3n th\u1ecb \u01b0u \u0111\u00e3i tr\u00ean GrabFood.<br \/>\n&#8211; \u00c1p d\u1ee5ng tr\u00ean gi\u00e1 tr\u1ecb \u0111\u01a1n h\u00e0ng, kh\u00f4ng \u00e1p d\u1ee5ng tr\u00ean ph\u00ed giao h\u00e0ng.<br \/>\n&#8211; S\u1ed1 l\u01b0\u1ee3ng \u01b0u \u0111\u00e3i gi\u1edbi h\u1ea1n m\u1ed7i ng\u00e0y.<br \/>\n&#8211; Kh\u00f4ng \u00e1p d\u1ee5ng \u0111\u1ed3ng th\u1eddi c\u00e1c ch\u01b0\u01a1ng tr\u00ecnh \u01b0u \u0111\u00e3i kh\u00e1c.<\/p>\n<p><strong>2\/\u01afu \u0111\u00e3i 50% cho \u0111\u01a1n h\u00e0ng b\u1ea5t k\u00ec, gi\u1ea3m t\u1ed1i \u0111a 100,000\u0111 cho \u0111\u01a1n h\u00e0ng GrabFood \u0111\u1ea7u ti\u00ean<\/strong><\/p>\n<p>&#8211; \u00c1p d\u1ee5ng cho t\u1ea5t c\u1ea3 h\u00ecnh th\u1ee9c thanh to\u00e1n.<br \/>\n&#8211; \u00c1p d\u1ee5ng t\u1ea5t c\u1ea3 \u0111\u1ed1i t\u00e1c nh\u00e0 h\u00e0ng tr\u00ean GrabFood<br \/>\n&#8211; \u00c1p d\u1ee5ng tr\u00ean gi\u00e1 tr\u1ecb \u0111\u01a1n h\u00e0ng, kh\u00f4ng \u00e1p d\u1ee5ng tr\u00ean ph\u00ed v\u1eadn chuy\u1ec3n.<br \/>\n&#8211; M\u1ed7i kh\u00e1ch h\u00e0ng c\u00f3 th\u1ec3 s\u1eed d\u1ee5ng \u01b0u \u0111\u00e3i t\u1ed1i \u0111a 01 l\u1ea7n trong su\u1ed1t th\u1eddi gian di\u1ec5n ra ch\u01b0\u01a1ng tr\u00ecnh.<br \/>\n&#8211; Kh\u00f4ng \u00e1p d\u1ee5ng \u0111\u1ed3ng th\u1eddi c\u00e1c ch\u01b0\u01a1ng tr\u00ecnh \u01b0u \u0111\u00e3i kh\u00e1c.<\/p>\n<p><strong>3\/ \u01afu \u0111\u00e3i 20.000\u0111 cho \u0111\u01a1n h\u00e0ng t\u1eeb 60.000\u0111.<\/strong><br \/>\n&#8211; \u00c1p d\u1ee5ng cho t\u1ea5t c\u1ea3 h\u00ecnh th\u1ee9c thanh to\u00e1n.<br \/>\n&#8211; \u00c1p d\u1ee5ng t\u1ea5t c\u1ea3 \u0111\u1ed1i t\u00e1c nh\u00e0 h\u00e0ng tr\u00ean GrabFood<br \/>\n&#8211; \u00c1p d\u1ee5ng tr\u00ean gi\u00e1 tr\u1ecb \u0111\u01a1n h\u00e0ng, kh\u00f4ng \u00e1p d\u1ee5ng tr\u00ean ph\u00ed v\u1eadn chuy\u1ec3n.<br \/>\n&#8211; M\u1ed7i kh\u00e1ch h\u00e0ng c\u00f3 th\u1ec3 s\u1eed d\u1ee5ng \u01b0u \u0111\u00e3i t\u1ed1i \u0111a 01 l\u1ea7n trong su\u1ed1t th\u1eddi gian di\u1ec5n ra ch\u01b0\u01a1ng tr\u00ecnh.<br \/>\n&#8211; Kh\u00f4ng \u00e1p d\u1ee5ng \u0111\u1ed3ng th\u1eddi c\u00e1c ch\u01b0\u01a1ng tr\u00ecnh \u01b0u \u0111\u00e3i kh\u00e1c.<\/p>\n<p>&nbsp;<\/p>\n<p><strong>Xem chi ti\u1ebft ch\u01b0\u01a1ng tr\u00ecnh \u01b0u \u0111\u00e3i c\u1ee7a GrabExpress t\u1ea1i \u0111\u00e2y<\/strong><\/p>\n<p><strong>1\/\u01afu \u0111\u00e3i 44% t\u1ed1i \u0111a 20.000\u0111<\/strong><\/p>\n<p>&#8211; \u00c1p d\u1ee5ng cho t\u1ea5t c\u1ea3 h\u00ecnh th\u1ee9c thanh to\u00e1n.<br \/>\n&#8211; \u01afu \u0111\u00e3i 44% (t\u1ed1i \u0111a 20.000\u0111) cho c\u00e1c chuy\u1ebfn xe GrabExpress Si\u00eau T\u1ed1c\/GrabExpress Si\u00eau T\u1ed1c COD\/ GrabExpress Si\u00eau T\u1ed1c Premium.<br \/>\n&#8211; \u01afu \u0111\u00e3i kh\u00f4ng bao g\u1ed3m ph\u1ee5 ph\u00ed, h\u00e0nh kh\u00e1ch vui l\u00f2ng thanh to\u00e1n ph\u1ee5 ph\u00ed (n\u1ebfu c\u00f3) v\u1edbi t\u00e0i x\u1ebf.<br \/>\n&#8211; M\u1ed7i ng\u01b0\u1eddi d\u00f9ng c\u00f3 th\u1ec3 s\u1eed d\u1ee5ng \u01b0u \u0111\u00e3i t\u1ed1i \u0111a 1 l\u1ea7n trong su\u1ed1t th\u1eddi gian di\u1ec5n ra ch\u01b0\u01a1ng tr\u00ecnh.<\/p>\n<p><strong>2\/ \u0110\u1ed3ng gi\u00e1 1.000\u0111\u00a0<\/strong><\/p>\n<p>&#8211; \u01afu \u0111\u00e3i \u0111\u1ed3ng gi\u00e1 1K cho chuy\u1ebfn giao h\u00e0ng d\u01b0\u1edbi 28K. \u0110\u1ed1i v\u1edbi chuy\u1ebfn giao h\u00e0ng t\u1eeb 29K gi\u1ea3m t\u1ed1i \u0111a 27K<br \/>\n&#8211; \u0110\u1ed3ng gi\u00e1 1.000\u0111 cho ng\u01b0\u1eddi d\u00f9ng m\u1edbi \u00e1p d\u1ee5ng cho c\u00e1c chuy\u1ebfn xe GrabExpress Si\u00eau T\u1ed1c\/GrabExpress Si\u00eau T\u1ed1c COD\/ GrabExpress Si\u00eau T\u1ed1c Premium\/ GrabExpress Si\u00eau T\u1ed1c (Giao t\u1eadn tay)\/ GrabExpress Si\u00eau T\u1ed1c (Th\u1ef1c Ph\u1ea9m)\/ GrabExpress (Th\u1ebb\/v\u00ed)\/ GrabExpress Si\u00eau T\u1ed1c (Si\u00eau th\u1ecb)\/ GrabExpress 4H Si\u00eau R\u1ebb\/ GrabExpress 2H Si\u00eau R\u1ebb\/ GrabExpress Ti\u1ebft ki\u1ec7m 2H\/ GrabExpress Mua H\u1ed9\/ GrabExpress Nhi\u1ec1u \u0111i\u1ec3m c\u00f3 c\u01b0\u1edbc ph\u00ed d\u01b0\u1edbi ho\u1eb7c b\u1eb1ng 28.000\u0111.<br \/>\n&#8211; V\u1edbi c\u00e1c chuy\u1ebfn xe c\u00f3 c\u01b0\u1edbc ph\u00ed t\u1eeb 29.000\u0111 tr\u1edf l\u00ean, \u01b0u \u0111\u00e3i t\u1ed1i \u0111a 27.000\u0111.<\/p>\n<p><strong>3\/ \u01afu \u0111\u00e3i 44%<\/strong><\/p>\n<p>&#8211; \u00c1p d\u1ee5ng cho t\u1ea5t c\u1ea3 h\u00ecnh th\u1ee9c thanh to\u00e1n.<br \/>\n&#8211; \u01afu \u0111\u00e3i 44% (t\u1ed1i \u0111a 20.000\u0111) cho c\u00e1c chuy\u1ebfn xe GrabExpress Si\u00eau T\u1ed1c\/GrabExpress Si\u00eau T\u1ed1c COD\/ GrabExpress Si\u00eau T\u1ed1c Premium. &lt;br&gt;<br \/>\n&#8211; \u01afu \u0111\u00e3i kh\u00f4ng bao g\u1ed3m ph\u1ee5 ph\u00ed, h\u00e0nh kh\u00e1ch vui l\u00f2ng thanh to\u00e1n ph\u1ee5 ph\u00ed (n\u1ebfu c\u00f3) v\u1edbi t\u00e0i x\u1ebf.<br \/>\n&#8211; M\u1ed7i ng\u01b0\u1eddi d\u00f9ng c\u00f3 th\u1ec3 s\u1eed d\u1ee5ng \u01b0u \u0111\u00e3i t\u1ed1i \u0111a 1 l\u1ea7n trong su\u1ed1t th\u1eddi gian di\u1ec5n ra ch\u01b0\u01a1ng tr\u00ecnh.<\/p>\n<p>&nbsp;<\/p>\n<p><strong>Xem chi ti\u1ebft ch\u01b0\u01a1ng tr\u00ecnh \u01b0u \u0111\u00e3i c\u1ee7a GrabMart t\u1ea1i \u0111\u00e2y<\/strong><\/p>\n<p><strong>1\/ \u01afu \u0111\u00e3i 50,000\u0111 cho \u0111\u01a1n h\u00e0ng t\u1eeb 300,000\u0111.<\/strong><br \/>\n&#8211; M\u1ed7i ng\u01b0\u1eddi d\u00f9ng \u0111\u01b0\u1ee3c s\u1eed d\u1ee5ng \u01b0u \u0111\u00e3i t\u1ed1i \u0111a 1 l\u1ea7n xuy\u00ean su\u1ed1t ch\u01b0\u01a1ng tr\u00ecnh.<br \/>\n&#8211; \u00c1p d\u1ee5ng cho c\u00e1c c\u1eeda h\u00e0ng hi\u1ec3n th\u1ecb \u01b0u \u0111\u00e3i tr\u00ean GrabMart.<br \/>\n&#8211; Ch\u1ec9 \u00e1p d\u1ee5ng tr\u00ean tr\u00ean gi\u00e1 tr\u1ecb \u0111\u01a1n h\u00e0ng, kh\u00f4ng \u00e1p d\u1ee5ng tr\u00ean ph\u00ed giao h\u00e0ng.<br \/>\n&#8211; S\u1ed1 l\u01b0\u1ee3ng \u01b0u \u0111\u00e3i gi\u1edbi h\u1ea1n xuy\u00ean su\u1ed1t ch\u01b0\u01a1ng tr\u00ecnh.<br \/>\n&#8211; Ch\u01b0\u01a1ng tr\u00ecnh khuy\u1ebfn m\u00e3i c\u00f3 th\u1ec3 k\u1ebft th\u00fac s\u1edbm h\u01a1n d\u1ef1 ki\u1ebfn.<br \/>\n&#8211; Kh\u00f4ng \u00e1p d\u1ee5ng \u0111\u1ed3ng th\u1eddi c\u00e1c ch\u01b0\u01a1ng tr\u00ecnh \u01b0u \u0111\u00e3i kh\u00e1c.<\/p>\n<p><strong>2\/ \u01afu \u0111\u00e3i 25%, t\u1ed1i \u0111a 70,000\u0111 cho \u0111\u01a1n h\u00e0ng b\u1ea5t k\u00ec<\/strong><br \/>\n&#8211; M\u1ed7i ng\u01b0\u1eddi d\u00f9ng \u0111\u01b0\u1ee3c s\u1eed d\u1ee5ng \u01b0u \u0111\u00e3i t\u1ed1i \u0111a 1 l\u1ea7n xuy\u00ean su\u1ed1t ch\u01b0\u01a1ng tr\u00ecnh.<br \/>\n&#8211; \u00c1p d\u1ee5ng cho c\u00e1c c\u1eeda h\u00e0ng hi\u1ec3n th\u1ecb \u01b0u \u0111\u00e3i tr\u00ean GrabMart.<br \/>\n&#8211; Ch\u1ec9 \u00e1p d\u1ee5ng tr\u00ean tr\u00ean gi\u00e1 tr\u1ecb \u0111\u01a1n h\u00e0ng, kh\u00f4ng \u00e1p d\u1ee5ng tr\u00ean ph\u00ed giao h\u00e0ng.<br \/>\n&#8211; S\u1ed1 l\u01b0\u1ee3ng \u01b0u \u0111\u00e3i gi\u1edbi h\u1ea1n xuy\u00ean su\u1ed1t ch\u01b0\u01a1ng tr\u00ecnh.<br \/>\n&#8211; Ch\u01b0\u01a1ng tr\u00ecnh khuy\u1ebfn m\u00e3i c\u00f3 th\u1ec3 k\u1ebft th\u00fac s\u1edbm h\u01a1n d\u1ef1 ki\u1ebfn.<br \/>\n&#8211; Kh\u00f4ng \u00e1p d\u1ee5ng \u0111\u1ed3ng th\u1eddi c\u00e1c ch\u01b0\u01a1ng tr\u00ecnh \u01b0u \u0111\u00e3i kh\u00e1c.<\/p>\n<p><strong>3\/ \u01afu \u0111\u00e3i 15%, t\u1ed1i \u0111a 50,000\u0111 cho \u0111\u01a1n h\u00e0ng b\u1ea5t k\u00ec.<\/strong><br \/>\n&#8211; \u01afu \u0111\u00e3i 15%, t\u1ed1i \u0111a 50,000\u0111 cho \u0111\u01a1n h\u00e0ng b\u1ea5t k\u00ec.<br \/>\n&#8211; M\u1ed7i ng\u01b0\u1eddi d\u00f9ng \u0111\u01b0\u1ee3c s\u1eed d\u1ee5ng \u01b0u \u0111\u00e3i t\u1ed1i \u0111a 1 l\u1ea7n xuy\u00ean su\u1ed1t ch\u01b0\u01a1ng tr\u00ecnh.<br \/>\n&#8211; \u00c1p d\u1ee5ng cho c\u00e1c c\u1eeda h\u00e0ng hi\u1ec3n th\u1ecb \u01b0u \u0111\u00e3i tr\u00ean GrabMart.<br \/>\n&#8211; Ch\u1ec9 \u00e1p d\u1ee5ng tr\u00ean tr\u00ean gi\u00e1 tr\u1ecb \u0111\u01a1n h\u00e0ng, kh\u00f4ng \u00e1p d\u1ee5ng tr\u00ean ph\u00ed giao h\u00e0ng.<br \/>\n&#8211; S\u1ed1 l\u01b0\u1ee3ng \u01b0u \u0111\u00e3i gi\u1edbi h\u1ea1n xuy\u00ean su\u1ed1t ch\u01b0\u01a1ng tr\u00ecnh.<br \/>\n&#8211; Ch\u01b0\u01a1ng tr\u00ecnh khuy\u1ebfn m\u00e3i c\u00f3 th\u1ec3 k\u1ebft th\u00fac s\u1edbm h\u01a1n d\u1ef1 ki\u1ebfn.<br \/>\n&#8211; Kh\u00f4ng \u00e1p d\u1ee5ng \u0111\u1ed3ng th\u1eddi c\u00e1c ch\u01b0\u01a1ng tr\u00ecnh \u01b0u \u0111\u00e3i kh\u00e1c.<\/p>\n<p>&nbsp;<\/p>\n<p><strong>Xem chi ti\u1ebft ch\u01b0\u01a1ng tr\u00ecnh \u01b0u \u0111\u00e3i c\u1ee7a Moca t\u1ea1i \u0111\u00e2y<\/strong><\/p>\n<p><strong>1\/ T\u1eb7ng 30 \u0111i\u1ec3m Rewards cho c\u00e1c chuy\u1ebfn xe t\u1eeb 30,000\u0111<\/strong><br \/>\n&#8211; \u00c1p d\u1ee5ng cho thanh to\u00e1n kh\u00f4ng ti\u1ec1n m\u1eb7t (tr\u1ea3 qua th\u1ebb\/ v\u00ed Moca)<br \/>\n&#8211; \u00c1p d\u1ee5ng tr\u00ean to\u00e0n qu\u1ed1c<br \/>\n&#8211; \u00c1p d\u1ee5ng cho c\u00e1c d\u1ecbch v\u1ee5 GrabBike, GrabCar<br \/>\n&#8211; M\u1ed7i kh\u00e1ch h\u00e0ng c\u00f3 th\u1ec3 nh\u1eadn \u01b0u \u0111\u00e3i t\u1ed1i \u0111a 03 l\u1ea7n trong su\u1ed1t th\u1eddi gian di\u1ec5n ra ch\u01b0\u01a1ng tr\u00ecnh.<br \/>\n&#8211; S\u1ed1 l\u01b0\u1ee3ng \u01b0u \u0111\u00e3i c\u00f3 h\u1ea1n trong ng\u00e0y<br \/>\n&#8211; Th\u1eddi gian \u00e1p d\u1ee5ng: <strong>th\u1ee9 6 h\u00e0ng tu\u1ea7n t\u1eeb 15\/4 &#8211; 30\/4\/2022<\/strong><\/p>\n<p>&nbsp;<\/p>\n<p><!--more--><\/p>\n<p><a href=\"https:\/\/grab.onelink.me\/2695613898\/datxengay\"><img loading=\"lazy\" decoding=\"async\" class=\"aligncenter wp-image-109009\" src=\"https:\/\/assets.grab.com\/wp-content\/uploads\/sites\/11\/2022\/01\/20122452\/CTA-012.png\" alt=\"\" width=\"204\" height=\"50\" \/><\/a><\/p>\n","protected":false},"excerpt":{"rendered":"\ud83c\udf1f \u0110\u1eb7t xe l\u00e0 c\u00f3 qu\u00e0, su\u1ed1t tu\u1ea7n t\u1eeb th\u1ee9 Hai \u0111\u1ebfn Ch\u1ee7 Nh\u1eadt \ud83c\udf1f \ud83d\ude98 \u01afu \u0111\u00e3i kh\u00f4ng s\u00f3t ng\u00e0y n\u00e0o trong tu\u1ea7n lu\u00f4n n\u00e8 c\u1ea3 nh\u00e0 iu \u01a1i! \ud83d\udef5 Ai kh\u00f4ng \u01b0a g\u1eedi xe, ai ng\u1ea1i ph\u1ea3i t\u1ef1 l\u00e1i, ai th\u00e8m \u0111i ch\u01a1i khuya m\u00e0 s\u1ee3 \u0111\u01b0\u1eddng v\u1eafng m\u1ed9t m\u00ecnh&#8230;mau mau \u0111\u1eb7t GrabBike, [&hellip;]","protected":false},"author":1250,"featured_media":0,"parent":0,"menu_order":0,"comment_status":"closed","ping_status":"closed","template":"","meta":{"_acf_changed":false,"footnotes":""},"acf":[],"_links":{"self":[{"href":"https:\/\/www.grab.com\/vn\/wp-json\/wp\/v2\/pages\/115483"}],"collection":[{"href":"https:\/\/www.grab.com\/vn\/wp-json\/wp\/v2\/pages"}],"about":[{"href":"https:\/\/www.grab.com\/vn\/wp-json\/wp\/v2\/types\/page"}],"author":[{"embeddable":true,"href":"https:\/\/www.grab.com\/vn\/wp-json\/wp\/v2\/users\/1250"}],"replies":[{"embeddable":true,"href":"https:\/\/www.grab.com\/vn\/wp-json\/wp\/v2\/comments?post=115483"}],"version-history":[{"count":3,"href":"https:\/\/www.grab.com\/vn\/wp-json\/wp\/v2\/pages\/115483\/revisions"}],"predecessor-version":[{"id":115525,"href":"https:\/\/www.grab.com\/vn\/wp-json\/wp\/v2\/pages\/115483\/revisions\/115525"}],"wp:attachment":[{"href":"https:\/\/www.grab.com\/vn\/wp-json\/wp\/v2\/media?parent=115483"}],"curies":[{"name":"wp","href":"https:\/\/api.w.org\/{rel}","templated":true}]}}