{"id":11543,"date":"2017-07-06T15:08:21","date_gmt":"2017-07-06T07:08:21","guid":{"rendered":"https:\/\/www.grab.com\/vn\/?page_id=11543"},"modified":"2017-07-07T12:10:07","modified_gmt":"2017-07-07T04:10:07","slug":"grab-tang-phi-vao-grabpay-credits-cho-ban","status":"publish","type":"page","link":"https:\/\/www.grab.com\/vn\/grab-tang-phi-vao-grabpay-credits-cho-ban\/","title":{"rendered":"Grab t\u1eb7ng ph\u00ed v\u00e0o GrabPay Credits cho b\u1ea1n!"},"content":{"rendered":"<p><strong><span style=\"color: #009d3b\">Nh\u1eefng r\u1eafc r\u1ed1i hay g\u1eb7p v\u1edbi ti\u1ec1n l\u1ebb:<\/span><\/strong><br \/>\n<strong><span style=\"color: #009d3b\">&#8211; \u0110\u1ec3 nhi\u1ec1u th\u00ec d\u00e0y v\u00ed<\/span><\/strong><br \/>\n<strong><span style=\"color: #009d3b\">&#8211; \u0110\u1ec3 ti\u1ec1n ch\u1eb5n th\u00ec l\u1ea1i nghe: &#8220;Kh\u00f4ng c\u00f3 ti\u1ec1n th\u1ed1i em \u01a1i&#8221;<\/span><\/strong><br \/>\n<strong><span style=\"color: #009d3b\">&#8211; \u0110ang g\u1ea5p m\u00e0 ph\u1ea3i \u0111i \u0111\u1ed5i ti\u1ec1n<\/span><\/strong><\/p>\n<p>B\u1edfi v\u1eady, Grab \u0111\u00e3 ra m\u1eaft GrabPay v\u00e0 GrabPay Credits \u0111\u1ec3 gi\u00fap b\u1ea1n \u0111i l\u1ea1i m\u1ed9t c\u00e1ch nhanh ch\u00f3ng, thu\u1eadn ti\u1ec7n m\u00e0 kh\u00f4ng c\u1ea7n ti\u1ec1n m\u1eb7t.<br \/>\nV\u00e0 \u0111\u1ec3 gi\u00fap b\u1ea1n th\u1eed tr\u1ea3i nghi\u1ec7m GrabPay Credits, <strong><span style=\"color: #009d3b\">Grab t\u1eb7ng ph\u00ed v\u00e0o t\u00e0i kho\u1ea3n GrabPay Credits*\u00a0<\/span><\/strong>cho b\u1ea1n.<\/p>\n<p><strong>D\u01b0\u1edbi \u0111\u00e2y l\u00e0 c\u00e1ch th\u1ee9c nh\u1eadn \u01b0u \u0111\u00e3i:<\/strong><\/p>\n<p><img loading=\"lazy\" decoding=\"async\" class=\"alignnone wp-image-11576 size-full\" src=\"https:\/\/www.grab.com\/vn\/wp-content\/uploads\/sites\/11\/2017\/07\/info.jpg\" alt=\"\" width=\"2400\" height=\"1256\" srcset=\"https:\/\/www.grab.com\/vn\/wp-content\/uploads\/sites\/11\/2017\/07\/info.jpg 2400w, https:\/\/www.grab.com\/vn\/wp-content\/uploads\/sites\/11\/2017\/07\/info-250x131.jpg 250w, https:\/\/www.grab.com\/vn\/wp-content\/uploads\/sites\/11\/2017\/07\/info-768x402.jpg 768w, https:\/\/www.grab.com\/vn\/wp-content\/uploads\/sites\/11\/2017\/07\/info-700x366.jpg 700w, https:\/\/www.grab.com\/vn\/wp-content\/uploads\/sites\/11\/2017\/07\/info-120x63.jpg 120w\" sizes=\"(max-width: 2400px) 100vw, 2400px\" \/><\/p>\n<p>(*) M\u1ed7i kh\u00e1ch h\u00e0ng ch\u1ec9 nh\u1eadn \u0111\u01b0\u1ee3c \u01b0u \u0111\u00e3i m\u1ed9t l\u1ea7n duy nh\u1ea5t<\/p>\n<h3><span style=\"color: #009d3b\">M\u1ed8T V\u00c0I L\u01afU \u00dd:<\/span><\/h3>\n<p><strong>1. T\u00f4i c\u00f3 ph\u1ea3i n\u1ea1p th\u00eam ph\u00ed \u0111\u1ec3 ti\u1ebfp t\u1ee5c s\u1eed d\u1ee5ng GrabPay Credits kh\u00f4ng?<\/strong><br \/>\n\u01afu \u0111\u00e3i n\u00e0y c\u0169ng l\u00e0 m\u1ed9t h\u00ecnh th\u1ee9c m\u00e0 Grab gi\u00fap b\u1ea1n k\u00edch ho\u1ea1t GrabPay Credits. Sau khi d\u00f9ng h\u1ebft 50.000\u0111, Grab khuy\u1ebfn kh\u00edch b\u1ea1n n\u1ea1p th\u00eam ph\u00ed v\u00e0o GrabPay Credits n\u1ebfu mu\u1ed1n ti\u1ebfp t\u1ee5c di chuy\u1ec3n m\u00e0 kh\u00f4ng c\u1ea7n thanh to\u00e1n b\u1eb1ng ti\u1ec1n m\u1eb7t.<\/p>\n<p><strong>2. V\u00ec sao t\u00f4i kh\u00f4ng nh\u1eadn \u0111\u01b0\u1ee3c m\u00e3 khuy\u1ebfn m\u00e3i cho \u01b0u \u0111\u00e3i n\u00e0y?<\/strong><br \/>\n\u0110\u00e2y l\u00e0 \u01b0u \u0111\u00e3i \u0111\u1eb7c bi\u1ec7t Grab d\u00e0nh cho m\u1ed9t v\u00e0i kh\u00e1ch h\u00e0ng ri\u00eang bi\u1ec7t.\u00a0V\u00ec th\u1ebf, Grab\u00a0kh\u00f4ng g\u1eedi th\u00f4ng b\u00e1o r\u1ed9ng r\u00e3i, c\u0169ng nh\u01b0 b\u1ea1n kh\u00f4ng c\u1ea7n nh\u1eadp m\u00e3 khuy\u1ebfn m\u00e3i \u0111\u1ec3 nh\u1eadn \u01b0u \u0111\u00e3i.<\/p>\n<p><strong>3. T\u1ea1i sao ph\u01b0\u01a1ng th\u1ee9c thanh to\u00e1n c\u1ee7a t\u00f4i \u0111\u01b0\u1ee3c m\u1eb7c \u0111\u1ecbnh l\u00e0 GrabPay Credits?<\/strong><br \/>\nKhi nh\u1eadn \u01b0u \u0111\u00e3i v\u00e0 ch\u1ea5p nh\u1eadn s\u1eed d\u1ee5ng GrabPay Credits, h\u1ec7 th\u1ed1ng Grab s\u1ebd t\u1ef1 \u0111\u1ed9ng l\u1ef1a ch\u1ecdn GrabPay Credits l\u00e0 ph\u01b0\u01a1ng th\u1ee9c thanh to\u00e1n m\u1eb7c \u0111\u1ecbnh.<br \/>\nTuy nhi\u00ean, b\u1ea1n c\u00f3 th\u1ec3 chuy\u1ec3n sang thanh to\u00e1n b\u1eb1ng ti\u1ec1n m\u1eb7t trong khi \u0111\u1eb7t xe. C\u0169ng l\u01b0u \u00fd r\u1eb1ng: Sau khi k\u1ebft th\u00fac chuy\u1ebfn \u0111i, ph\u01b0\u01a1ng th\u1ee9c thanh to\u00e1n s\u1ebd t\u1ef1 \u0111\u1ed9ng chuy\u1ec3n v\u1ec1 GrabPay Credits.<\/p>\n<p><strong>4. T\u00f4i ph\u1ea3i s\u1eed d\u1ee5ng phi\u00ean b\u1ea3n n\u00e0o c\u1ee7a \u1ee9ng d\u1ee5ng \u0111\u1ec3 c\u00f3 th\u1ec3 nh\u1eadn \u0111\u01b0\u1ee3c \u01b0u \u0111\u00e3i GrabPay Credits?<\/strong><br \/>\nB\u1ea1n c\u00f3 th\u1ec3 s\u1eed d\u1ee5ng phi\u00ean b\u1ea3n 4.29 c\u1ee7a Grab, ch\u1ea1y tr\u00ean c\u1ea3 hai h\u1ec7 \u0111i\u1ec1u h\u00e0nh l\u00e0 iOS v\u00e0 Android.<\/p>\n<hr \/>\n<h3><span style=\"color: #009d3b\">GrabPay Credits l\u00e0 g\u00ec?<\/span><\/h3>\n<p>T\u00ecm hi\u1ec3u th\u00eam v\u1ec1 GrabPay Credits t\u1ea1i <a href=\"https:\/\/www.grab.com\/vn\/blog\/ra-mat-grabpay-credits-tinh-nang-thanh-toan-truoc-chuyen-di-khong-can-tien-mat\/\">\u0110\u00c2Y<\/a><\/p>\n<hr \/>\n<h3><span style=\"color: #009d3b\">\u0110i\u1ec1u kho\u1ea3n v\u00e0 \u0111i\u1ec1u ki\u1ec7n \u00e1p d\u1ee5ng:<\/span><\/h3>\n<ul>\n<li>T\u00e0i kho\u1ea3n GrabPay Credits s\u1ebd <strong>h\u1ebft h\u1ea1n trong v\u00f2ng 1 n\u0103m t\u1eeb ng\u00e0y cu\u1ed1i c\u00f9ng b\u1ea1n s\u1eed d\u1ee5ng t\u00e0i kho\u1ea3n GrabPay Credits<\/strong>.<\/li>\n<li>S\u1ed1 d\u01b0 c\u00f3 trong t\u00e0i kho\u1ea3n GrabPay Credits kh\u00f4ng \u0111\u01b0\u1ee3c quy \u0111\u1ed5i tr\u1edf l\u1ea1i th\u00e0nh ti\u1ec1n m\u1eb7t<\/li>\n<li>GrabPay Credits c\u00f3 th\u1ec3 \u0111\u01b0\u1ee3c n\u1ea1p v\u1edbi c\u00e1c m\u1ee9c gi\u00e1 c\u1ed1 \u0111\u1ecbnh g\u1ed3m 100.000\u0111, 200.000\u0111 v\u00e0 300.000\u0111, ho\u1eb7c \u1edf m\u1ee9c gi\u00e1 kh\u00e1c dao \u0111\u1ed9ng trong kho\u1ea3ng t\u1eeb 80.000\u0111 cho \u0111\u1ebfn 999.999\u0111.<\/li>\n<li>T\u00e0i kho\u1ea3n GrabPay Credits\u00a0kh\u00f4ng th\u1ec3 v\u01b0\u1ee3t qu\u00e1 999.999\u0111 bao g\u1ed3m s\u1ed1 d\u01b0 hi\u1ec7n t\u1ea1i, ph\u1ea7n n\u1ea1p th\u00eam v\u00e0 khuy\u1ebfn m\u00e3i<\/li>\n<li>B\u1ea1n s\u1ebd kh\u00f4ng b\u1ecb tr\u1eeb b\u1ea5t k\u1ef3 kho\u1ea3n ph\u00ed n\u00e0o khi n\u1ea1p v\u00e0o t\u00e0i kho\u1ea3n \u0111\u1ec3 s\u1eed d\u1ee5ng GrabPay Credits.<\/li>\n<li>B\u1ea1n c\u00f3 th\u1ec3 d\u00f9ng \u0111\u1ed3ng th\u1eddi c\u00e1c ch\u01b0\u01a1ng tr\u00ecnh khuy\u1ebfn m\u00e3i kh\u00e1c khi thanh to\u00e1n chuy\u1ebfn xe b\u1eb1ng GrabPay Credits<\/li>\n<li>V\u00ec s\u1ef1 an to\u00e0n v\u00e0 c\u00e1c quy \u0111\u1ecbnh b\u1eaft bu\u1ed9c kh\u00e1c, GrabPay Credits c\u00f3 th\u1ec3 ch\u1ec9 \u0111\u01b0\u1ee3c s\u1eed d\u1ee5ng \u0111\u1ec3 thanh to\u00e1n cho c\u00e1c chuy\u1ebfn xe Grab \u1edf c\u00f9ng m\u1ed9t qu\u1ed1c gia m\u00e0 ng\u01b0\u1eddi d\u00f9ng th\u1ef1c hi\u1ec7n vi\u1ec7c n\u1ea1p t\u00e0i kho\u1ea3n.<\/li>\n<\/ul>\n<hr \/>\n<h3><span style=\"color: #009d3b\">N\u1ebfu b\u1ea1n ch\u01b0a c\u00f3 \u1ee9ng d\u1ee5ng c\u1ee7a Grab, h\u00e3y t\u1ea3i ngay t\u1ea1i \u0111\u00e2y:<\/span><\/h3>\n<p><a href=\"https:\/\/app.appsflyer.com\/id647268330?pid=VN_Blog_IOS-Download-Button&amp;c=Blog_Download\"><img loading=\"lazy\" decoding=\"async\" class=\"alignnone wp-image-4743 size-medium\" src=\"https:\/\/www.grab.com\/vn\/wp-content\/uploads\/sites\/11\/2016\/08\/Call-To-Action-iOS-300x89-250x74.png\" alt=\"Call-To-Action-iOS-300x89\" width=\"250\" height=\"74\" srcset=\"https:\/\/www.grab.com\/vn\/wp-content\/uploads\/sites\/11\/2016\/08\/Call-To-Action-iOS-300x89-250x74.png 250w, https:\/\/www.grab.com\/vn\/wp-content\/uploads\/sites\/11\/2016\/08\/Call-To-Action-iOS-300x89-120x36.png 120w, https:\/\/www.grab.com\/vn\/wp-content\/uploads\/sites\/11\/2016\/08\/Call-To-Action-iOS-300x89.png 300w\" sizes=\"(max-width: 250px) 100vw, 250px\" \/><\/a><\/p>\n<p><a href=\"https:\/\/app.appsflyer.com\/com.grabtaxi.passenger?pid=VN_Blog_ADR-Download-Button&amp;c=Blog_Download\"><img loading=\"lazy\" decoding=\"async\" class=\"alignnone wp-image-4744 size-medium\" src=\"https:\/\/www.grab.com\/vn\/wp-content\/uploads\/sites\/11\/2016\/08\/Call-To-Action-Android-300x89-250x74.png\" alt=\"Call-To-Action-Android-300x89\" width=\"250\" height=\"74\" srcset=\"https:\/\/www.grab.com\/vn\/wp-content\/uploads\/sites\/11\/2016\/08\/Call-To-Action-Android-300x89-250x74.png 250w, https:\/\/www.grab.com\/vn\/wp-content\/uploads\/sites\/11\/2016\/08\/Call-To-Action-Android-300x89-120x36.png 120w, https:\/\/www.grab.com\/vn\/wp-content\/uploads\/sites\/11\/2016\/08\/Call-To-Action-Android-300x89.png 300w\" sizes=\"(max-width: 250px) 100vw, 250px\" \/><\/a><\/p>\n","protected":false},"excerpt":{"rendered":"Nh\u1eefng r\u1eafc r\u1ed1i hay g\u1eb7p v\u1edbi ti\u1ec1n l\u1ebb: &#8211; \u0110\u1ec3 nhi\u1ec1u th\u00ec d\u00e0y v\u00ed &#8211; \u0110\u1ec3 ti\u1ec1n ch\u1eb5n th\u00ec l\u1ea1i nghe: &#8220;Kh\u00f4ng c\u00f3 ti\u1ec1n th\u1ed1i em \u01a1i&#8221; &#8211; \u0110ang g\u1ea5p m\u00e0 ph\u1ea3i \u0111i \u0111\u1ed5i ti\u1ec1n B\u1edfi v\u1eady, Grab \u0111\u00e3 ra m\u1eaft GrabPay v\u00e0 GrabPay Credits \u0111\u1ec3 gi\u00fap b\u1ea1n \u0111i l\u1ea1i m\u1ed9t c\u00e1ch nhanh ch\u00f3ng, thu\u1eadn [&hellip;]","protected":false},"author":592,"featured_media":0,"parent":0,"menu_order":4,"comment_status":"closed","ping_status":"closed","template":"tpl\/tpl-page-elements.php","meta":{"_acf_changed":false,"footnotes":""},"acf":[],"_links":{"self":[{"href":"https:\/\/www.grab.com\/vn\/wp-json\/wp\/v2\/pages\/11543"}],"collection":[{"href":"https:\/\/www.grab.com\/vn\/wp-json\/wp\/v2\/pages"}],"about":[{"href":"https:\/\/www.grab.com\/vn\/wp-json\/wp\/v2\/types\/page"}],"author":[{"embeddable":true,"href":"https:\/\/www.grab.com\/vn\/wp-json\/wp\/v2\/users\/592"}],"replies":[{"embeddable":true,"href":"https:\/\/www.grab.com\/vn\/wp-json\/wp\/v2\/comments?post=11543"}],"version-history":[{"count":3,"href":"https:\/\/www.grab.com\/vn\/wp-json\/wp\/v2\/pages\/11543\/revisions"}],"predecessor-version":[{"id":11981,"href":"https:\/\/www.grab.com\/vn\/wp-json\/wp\/v2\/pages\/11543\/revisions\/11981"}],"wp:attachment":[{"href":"https:\/\/www.grab.com\/vn\/wp-json\/wp\/v2\/media?parent=11543"}],"curies":[{"name":"wp","href":"https:\/\/api.w.org\/{rel}","templated":true}]}}