{"id":113536,"date":"2022-03-28T18:17:37","date_gmt":"2022-03-28T10:17:37","guid":{"rendered":"https:\/\/www.grab.com\/vn\/?page_id=113536"},"modified":"2022-03-28T20:06:04","modified_gmt":"2022-03-28T12:06:04","slug":"ca-thang-tu-dong-gia-1-000d-cho-goi-uu-dai-di-grab-1-thang-khong-gioi-han-chuyen-xe","status":"publish","type":"page","link":"https:\/\/www.grab.com\/vn\/ca-thang-tu-dong-gia-1-000d-cho-goi-uu-dai-di-grab-1-thang-khong-gioi-han-chuyen-xe\/","title":{"rendered":"C\u00e1 th\u00e1ng T\u01b0 \u0111\u1ed3ng gi\u00e1 1.000\u0111 cho G\u00f3i H\u1ed9i vi\u00ean \u0111i Grab 1 th\u00e1ng kh\u00f4ng gi\u1edbi h\u1ea1n chuy\u1ebfn xe"},"content":{"rendered":"<p><img loading=\"lazy\" decoding=\"async\" width=\"1200\" height=\"600\" class=\"aligncenter size-full wp-image-113605\" src=\"https:\/\/assets.grab.com\/wp-content\/uploads\/sites\/11\/2022\/03\/28200528\/WhatsApp-Image-2022-03-28-at-7.00.52-PM.jpeg\" alt=\"\" srcset=\"https:\/\/assets.grab.com\/wp-content\/uploads\/sites\/11\/2022\/03\/28200528\/WhatsApp-Image-2022-03-28-at-7.00.52-PM.jpeg 1200w, https:\/\/assets.grab.com\/wp-content\/uploads\/sites\/11\/2022\/03\/28200528\/WhatsApp-Image-2022-03-28-at-7.00.52-PM-250x125.jpeg 250w, https:\/\/assets.grab.com\/wp-content\/uploads\/sites\/11\/2022\/03\/28200528\/WhatsApp-Image-2022-03-28-at-7.00.52-PM-700x350.jpeg 700w, https:\/\/assets.grab.com\/wp-content\/uploads\/sites\/11\/2022\/03\/28200528\/WhatsApp-Image-2022-03-28-at-7.00.52-PM-768x384.jpeg 768w, https:\/\/assets.grab.com\/wp-content\/uploads\/sites\/11\/2022\/03\/28200528\/WhatsApp-Image-2022-03-28-at-7.00.52-PM-120x60.jpeg 120w\" sizes=\"(max-width: 1200px) 100vw, 1200px\" \/><\/p>\n<p>\ud83d\udd25 C\u00e1 th\u00e1ng T\u01b0 \u0111\u1ed3ng gi\u00e1 1.000\u0111 cho G\u00f3i H\u1ed9i vi\u00ean \u0111i Grab 1 th\u00e1ng kh\u00f4ng gi\u1edbi h\u1ea1n chuy\u1ebfn xe (*)<\/p>\n<p>\ud83d\ude0d C\u00e1 th\u00e1ng T\u01b0 nh\u01b0ng Grab tung deal x\u1ecbn l\u00e0 th\u1eadt nha c\u1ea3 nh\u00e0 \u01a1i!!! C\u00f2n g\u00ec tuy\u1ec7t h\u01a1n khi nh\u1eefng th\u00e1ng ng\u00e0y t\u1edbi ch\u1ec9 c\u1ea7n mu\u1ed1n di chuy\u1ec3n t\u1edbi \u0111\u00e2u, Grab c\u0169ng chi\u1ec1u \u0111\u00f3n \u0111\u01b0a v\u1eeba an to\u00e0n l\u1ea1i c\u00f2n si\u00eau ti\u1ebft ki\u1ec7m n\u1eefa.<\/p>\n<p>\ud83d\udef5 G\u00f3i H\u1ed9i vi\u00ean GrabBike:<br \/>\n\ud83d\udd38 \u01afu \u0111\u00e3i 20% t\u1ed1i \u0111a 40.000\u0111<br \/>\n\ud83d\udd38 Gi\u00e1: <del>90.000\u0111\/g\u00f3i<\/del> \ud83d\udc49 1.000\u0111\/g\u00f3i<br \/>\n\ud83d\udd38 S\u1ed1 l\u01b0\u1ee3ng cu\u1ed1c xe \u0111\u01b0\u1ee3c \u01b0u \u0111\u00e3i: Kh\u00f4ng gi\u1edbi h\u1ea1n<br \/>\n\ud83d\udd38 H\u1ea1n s\u1eed d\u1ee5ng: 1 th\u00e1ng<\/p>\n<p>\ud83d\ude98 G\u00f3i H\u1ed9i vi\u00ean GrabCar:<br \/>\n\ud83d\udd38 \u01afu \u0111\u00e3i 20% t\u1ed1i \u0111a 70.000\u0111<br \/>\n\ud83d\udd38 Gi\u00e1: <del>180.000\u0111\/g\u00f3i<\/del> \ud83d\udc49 1.000\u0111\/g\u00f3i<br \/>\n\ud83d\udd38 S\u1ed1 l\u01b0\u1ee3ng cu\u1ed1c xe \u0111\u01b0\u1ee3c \u01b0u \u0111\u00e3i: Kh\u00f4ng gi\u1edbi h\u1ea1n<br \/>\n\ud83d\udd38 H\u1ea1n s\u1eed d\u1ee5ng: 1 th\u00e1ng<\/p>\n<p>\ud83d\uded2Ch\u1ec9 1.000\u0111 cho 01 th\u00e1ng di chuy\u1ec3n ti\u1ebft ki\u1ec7m kh\u00f4ng gi\u1edbi h\u1ea1n, qu\u00e1 \u0111\u00e3 m\u1edf app mua ngay!<\/p>\n<p>L\u01b0u \u00fd:<br \/>\n\u2705 Ch\u1ec9 \u00e1p d\u1ee5ng thanh to\u00e1n b\u1eb1ng Th\u1ebb ng\u00e2n h\u00e0ng\/ V\u00ed Moca \u0111\u1ec3 mua ngay G\u00f3i \u01b0u \u0111\u00e3i GrabBike, GrabCar<br \/>\n\u2705 Ch\u01b0\u01a1ng tr\u00ecnh ch\u1ec9 \u00e1p d\u1ee5ng t\u1eeb ng\u00e0y 1\/4 \u0111\u1ebfn h\u1ebft 3\/4\/2022<br \/>\n\u2705 S\u1ed1 l\u01b0\u1ee3ng g\u00f3i \u01b0u \u0111\u00e3i c\u00f3 gi\u1edbi h\u1ea1n.<\/p>\n<p>\u0110\u1eb7t Grab, nh\u1edb tr\u1ea3 th\u1ebb\/ v\u00ed Moca \u0111\u1ec3 lu\u00f4n an to\u00e0n v\u00e0 h\u01b0\u1edfng \u01b0u \u0111\u00e3i t\u1ed1t h\u01a1n nha.<br \/>\nK\u00edch ho\u1ea1t V\u00ed Moca: <a href=\"https:\/\/grb.to\/KichHoatViMoca\">https:\/\/grb.to\/KichHoatViMoca<\/a><br \/>\nho\u1eb7c li\u00ean k\u1ebft th\u1ebb v\u00e0o Grab ngay: <a href=\"https:\/\/grb.to\/GanTheThanhToanTT\">https:\/\/grb.to\/GanTheThanhToanTT<\/a><\/p>\n<p>&nbsp;<\/p>\n<p><!--more--><\/p>\n<p><strong>Xem chi ti\u1ebft G\u00f3i H\u1ed9i vi\u00ean GrabBike<\/strong><\/p>\n<p>&#8211; \u01afu \u0111\u00e3i 20% t\u1ed1i \u0111a 40.000\u0111 \u0111\u01b0\u1ee3c \u00e1p d\u1ee5ng cho t\u1ea5t c\u1ea3 c\u00e1c chuy\u1ebfn xe GrabBike t\u1ea1i th\u00e0nh ph\u1ed1 H\u1ed3 Ch\u00ed Minh v\u00e0 H\u00e0 N\u1ed9i.<\/p>\n<p>&#8211; \u01afu \u0111\u00e3i \u00e1p d\u1ee5ng cho c\u00e1c chuy\u1ebfn xe \u0111\u01b0\u1ee3c thanh to\u00e1n b\u1eb1ng m\u1ecdi ph\u01b0\u01a1ng th\u1ee9c thanh to\u00e1n.<\/p>\n<p>&#8211; C\u00e1c \u01b0u \u0111\u00e3i kh\u00f4ng bao g\u1ed3m ph\u1ee5 ph\u00ed, ng\u01b0\u1eddi d\u00f9ng vui l\u00f2ng thanh to\u00e1n Ph\u00ed c\u1ea7u \u0111\u01b0\u1eddng v\u00e0 ph\u1ee5 ph\u00ed kh\u00e1c (n\u1ebfu c\u00f3) v\u1edbi \u0110\u1ed1i t\u00e1c t\u00e0i x\u1ebf.<\/p>\n<p>&#8211; \u01afu \u0111\u00e3i kh\u00f4ng \u00e1p d\u1ee5ng c\u00f9ng l\u00fac v\u1edbi c\u00e1c ch\u01b0\u01a1ng tr\u00ecnh khuy\u1ebfn m\u00e3i v\u00e0\/ ho\u1eb7c \u01b0u \u0111\u00e3i kh\u00e1c c\u1ee7a Grab.<\/p>\n<p>&nbsp;<\/p>\n<p><strong>Xem chi ti\u1ebft G\u00f3i H\u1ed9i vi\u00ean GrabCar<\/strong><\/p>\n<p>&#8211; \u01afu \u0111\u00e3i 20% t\u1ed1i \u0111a 70.000\u0111 \u0111\u01b0\u1ee3c \u00e1p d\u1ee5ng cho t\u1ea5t c\u1ea3 c\u00e1c chuy\u1ebfn xe GrabCar t\u1ea1i th\u00e0nh ph\u1ed1 H\u1ed3 Ch\u00ed Minh v\u00e0 H\u00e0 N\u1ed9i.<\/p>\n<p>&#8211; \u01afu \u0111\u00e3i \u00e1p d\u1ee5ng cho c\u00e1c chuy\u1ebfn xe \u0111\u01b0\u1ee3c thanh to\u00e1n b\u1eb1ng m\u1ecdi ph\u01b0\u01a1ng th\u1ee9c thanh to\u00e1n.<\/p>\n<p>&#8211; C\u00e1c \u01b0u \u0111\u00e3i kh\u00f4ng bao g\u1ed3m ph\u1ee5 ph\u00ed, ng\u01b0\u1eddi d\u00f9ng vui l\u00f2ng thanh to\u00e1n Ph\u00ed c\u1ea7u \u0111\u01b0\u1eddng v\u00e0 ph\u1ee5 ph\u00ed kh\u00e1c (n\u1ebfu c\u00f3) v\u1edbi \u0110\u1ed1i t\u00e1c t\u00e0i x\u1ebf.<\/p>\n<p>&#8211; \u01afu \u0111\u00e3i kh\u00f4ng \u00e1p d\u1ee5ng c\u00f9ng l\u00fac v\u1edbi c\u00e1c ch\u01b0\u01a1ng tr\u00ecnh khuy\u1ebfn m\u00e3i v\u00e0\/ ho\u1eb7c \u01b0u \u0111\u00e3i kh\u00e1c c\u1ee7a Grab.<\/p>\n<p>&nbsp;<\/p>\n","protected":false},"excerpt":{"rendered":"\ud83d\udd25 C\u00e1 th\u00e1ng T\u01b0 \u0111\u1ed3ng gi\u00e1 1.000\u0111 cho G\u00f3i H\u1ed9i vi\u00ean \u0111i Grab 1 th\u00e1ng kh\u00f4ng gi\u1edbi h\u1ea1n chuy\u1ebfn xe (*) \ud83d\ude0d C\u00e1 th\u00e1ng T\u01b0 nh\u01b0ng Grab tung deal x\u1ecbn l\u00e0 th\u1eadt nha c\u1ea3 nh\u00e0 \u01a1i!!! C\u00f2n g\u00ec tuy\u1ec7t h\u01a1n khi nh\u1eefng th\u00e1ng ng\u00e0y t\u1edbi ch\u1ec9 c\u1ea7n mu\u1ed1n di chuy\u1ec3n t\u1edbi \u0111\u00e2u, Grab c\u0169ng chi\u1ec1u [&hellip;]","protected":false},"author":1250,"featured_media":0,"parent":0,"menu_order":0,"comment_status":"closed","ping_status":"closed","template":"","meta":{"_acf_changed":false,"footnotes":""},"acf":[],"_links":{"self":[{"href":"https:\/\/www.grab.com\/vn\/wp-json\/wp\/v2\/pages\/113536"}],"collection":[{"href":"https:\/\/www.grab.com\/vn\/wp-json\/wp\/v2\/pages"}],"about":[{"href":"https:\/\/www.grab.com\/vn\/wp-json\/wp\/v2\/types\/page"}],"author":[{"embeddable":true,"href":"https:\/\/www.grab.com\/vn\/wp-json\/wp\/v2\/users\/1250"}],"replies":[{"embeddable":true,"href":"https:\/\/www.grab.com\/vn\/wp-json\/wp\/v2\/comments?post=113536"}],"version-history":[{"count":6,"href":"https:\/\/www.grab.com\/vn\/wp-json\/wp\/v2\/pages\/113536\/revisions"}],"predecessor-version":[{"id":113606,"href":"https:\/\/www.grab.com\/vn\/wp-json\/wp\/v2\/pages\/113536\/revisions\/113606"}],"wp:attachment":[{"href":"https:\/\/www.grab.com\/vn\/wp-json\/wp\/v2\/media?parent=113536"}],"curies":[{"name":"wp","href":"https:\/\/api.w.org\/{rel}","templated":true}]}}