{"id":113502,"date":"2022-03-26T18:26:05","date_gmt":"2022-03-26T10:26:05","guid":{"rendered":"https:\/\/www.grab.com\/vn\/?page_id=113502"},"modified":"2022-03-26T18:26:43","modified_gmt":"2022-03-26T10:26:43","slug":"sieu-uu-dai-di-chuyen-4-4","status":"publish","type":"page","link":"https:\/\/www.grab.com\/vn\/sieu-uu-dai-di-chuyen-4-4\/","title":{"rendered":"SI\u00caU \u01afU \u0110\u00c3I DI CHUY\u1ec2N 4.4"},"content":{"rendered":"<p><img loading=\"lazy\" decoding=\"async\" width=\"1200\" height=\"600\" class=\"aligncenter size-full wp-image-113504\" src=\"https:\/\/assets.grab.com\/wp-content\/uploads\/sites\/11\/2022\/03\/26182633\/1200x600_Grab_DD44_TPT.jpg\" alt=\"\" srcset=\"https:\/\/assets.grab.com\/wp-content\/uploads\/sites\/11\/2022\/03\/26182633\/1200x600_Grab_DD44_TPT.jpg 1200w, https:\/\/assets.grab.com\/wp-content\/uploads\/sites\/11\/2022\/03\/26182633\/1200x600_Grab_DD44_TPT-250x125.jpg 250w, https:\/\/assets.grab.com\/wp-content\/uploads\/sites\/11\/2022\/03\/26182633\/1200x600_Grab_DD44_TPT-700x350.jpg 700w, https:\/\/assets.grab.com\/wp-content\/uploads\/sites\/11\/2022\/03\/26182633\/1200x600_Grab_DD44_TPT-768x384.jpg 768w, https:\/\/assets.grab.com\/wp-content\/uploads\/sites\/11\/2022\/03\/26182633\/1200x600_Grab_DD44_TPT-120x60.jpg 120w\" sizes=\"(max-width: 1200px) 100vw, 1200px\" \/><\/p>\n<p><span style=\"font-weight: 400\">\ud83d\udd25 \u01afu \u0111\u00e3i di chuy\u1ec3n 4.4 si\u00eau h\u1ea5p d\u1eabn t\u1eeb Grab kh\u00f4ng th\u1ec3 b\u1ecf qua<\/span><\/p>\n<p><span style=\"font-weight: 400\">\ud83d\ude98 \ud83d\udef5 \u0110i l\u00e0m, \u0111i h\u1ecdc, \u0111i ch\u01a1i,&#8230;\u0111i \u0111\u00e2u Grab c\u0169ng chi\u1ec1u v\u1eeba an to\u00e0n l\u1ea1i v\u1eeba ti\u1ebft ki\u1ec7m khi nh\u1eadp m\u00e3 GB44, GC44 \u01b0u \u0111\u00e3i t\u1edbi 44% nh\u00e2n ng\u00e0y si\u00eau sale 4.4 (*)<\/span><\/p>\n<p><span style=\"font-weight: 400\">\ud83d\udcf1 C\u00f2n ch\u1ea7n ch\u1edd g\u00ec m\u1edf app \u0111\u1eb7t chuy\u1ebfn th\u00f4i n\u00e0o, \u0111i \u0111\u00e2u Grab \u0111\u00f3n!<\/span><\/p>\n<p>&nbsp;<\/p>\n<p><!--more--><\/p>\n<p><strong>Xem chi ti\u1ebft ch\u01b0\u01a1ng tr\u00ecnh \u01b0u \u0111\u00e3i c\u1ee7a GrabBike<\/strong><\/p>\n<p>&#8211; \u01afu \u0111\u00e3i 44% (t\u1ed1i \u0111a 20.000\u0111) \u00e1p d\u1ee5ng cho d\u1ecbch v\u1ee5 GrabBike\/GrabBike Premium\/ GrabBike Plus c\u00f3 c\u01b0\u1edbc ph\u00ed t\u1ed1i thi\u1ec3u t\u1eeb 30.000\u0111.<\/p>\n<p>&#8211; \u00c1p d\u1ee5ng t\u1ea1i th\u00e0nh ph\u1ed1 H\u1ed3 Ch\u00ed Minh v\u00e0 H\u00e0 N\u1ed9i.<\/p>\n<p>&#8211; \u00c1p d\u1ee5ng trong khung gi\u1edd 09:00-17:00 m\u1ed7i ng\u00e0y.<\/p>\n<p>&#8211; \u00c1p d\u1ee5ng cho m\u1ecdi ph\u01b0\u01a1ng th\u1ee9c thanh to\u00e1n.<\/p>\n<p>&#8211; \u01afu \u0111\u00e3i kh\u00f4ng bao g\u1ed3m ph\u1ee5 ph\u00ed, ng\u01b0\u1eddi d\u00f9ng vui l\u00f2ng thanh to\u00e1n ph\u1ee5 ph\u00ed (n\u1ebfu c\u00f3) v\u1edbi \u0110\u1ed1i t\u00e1c t\u00e0i x\u1ebf.<\/p>\n<p>&#8211; M\u1ed7i ng\u01b0\u1eddi d\u00f9ng c\u00f3 th\u1ec3 s\u1eed d\u1ee5ng \u01b0u \u0111\u00e3i t\u1ed1i \u0111a 01 l\u1ea7n\/ng\u00e0y v\u00e0 08 l\u1ea7n trong su\u1ed1t th\u1eddi gian di\u1ec5n ra ch\u01b0\u01a1ng tr\u00ecnh.<\/p>\n<p>&#8211; S\u1ed1 l\u01b0\u1ee3ng \u01b0u \u0111\u00e3i c\u00f3 gi\u1edbi h\u1ea1n m\u1ed7i ng\u00e0y.<\/p>\n<p>&#8211; Ch\u1ec9 \u00e1p d\u1ee5ng cho ng\u01b0\u1eddi d\u00f9ng nh\u1eadn \u0111\u01b0\u1ee3c th\u00f4ng b\u00e1o.<\/p>\n<p>&#8211; Ch\u1ec9 \u00e1p d\u1ee5ng v\u1edbi phi\u00ean b\u1ea3n app m\u1edbi nh\u1ea5t.<\/p>\n<p>&nbsp;<\/p>\n<p><strong>Xem chi ti\u1ebft ch\u01b0\u01a1ng tr\u00ecnh \u01b0u \u0111\u00e3i c\u1ee7a GrabCar<\/strong><\/p>\n<p>&#8211; \u01afu \u0111\u00e3i 44% (t\u1ed1i \u0111a 25.000\u0111) \u00e1p d\u1ee5ng cho d\u1ecbch v\u1ee5 GrabCar\/ GrabCar Protect\/ GrabCar Economy\/ GrabCar Plus c\u00f3 c\u01b0\u1edbc ph\u00ed t\u1ed1i thi\u1ec3u 35.000\u0111.<\/p>\n<p>&#8211; \u00c1p d\u1ee5ng t\u1ea1i th\u00e0nh ph\u1ed1 H\u1ed3 Ch\u00ed Minh v\u00e0 H\u00e0 N\u1ed9i<\/p>\n<p>&#8211; \u00c1p d\u1ee5ng trong khung gi\u1edd 09:00-17:00 m\u1ed7i ng\u00e0y.<\/p>\n<p>&#8211; \u00c1p d\u1ee5ng cho m\u1ecdi ph\u01b0\u01a1ng th\u1ee9c thanh to\u00e1n.<\/p>\n<p>&#8211; \u01afu \u0111\u00e3i kh\u00f4ng bao g\u1ed3m ph\u1ee5 ph\u00ed, ng\u01b0\u1eddi d\u00f9ng vui l\u00f2ng thanh to\u00e1n ph\u1ee5 ph\u00ed (n\u1ebfu c\u00f3) v\u1edbi \u0110\u1ed1i t\u00e1c t\u00e0i x\u1ebf.<\/p>\n<p>&#8211; M\u1ed7i ng\u01b0\u1eddi d\u00f9ng c\u00f3 th\u1ec3 s\u1eed d\u1ee5ng \u01b0u \u0111\u00e3i t\u1ed1i \u0111a 01 l\u1ea7n\/ng\u00e0y v\u00e0 08 l\u1ea7n trong su\u1ed1t th\u1eddi gian di\u1ec5n ra ch\u01b0\u01a1ng tr\u00ecnh.<\/p>\n<p>&#8211; S\u1ed1 l\u01b0\u1ee3ng \u01b0u \u0111\u00e3i c\u00f3 gi\u1edbi h\u1ea1n m\u1ed7i ng\u00e0y.<\/p>\n<p>&#8211; Ch\u1ec9 \u00e1p d\u1ee5ng cho ng\u01b0\u1eddi d\u00f9ng nh\u1eadn \u0111\u01b0\u1ee3c th\u00f4ng b\u00e1o.<\/p>\n<p>&#8211; Ch\u1ec9 \u00e1p d\u1ee5ng v\u1edbi phi\u00ean b\u1ea3n app m\u1edbi nh\u1ea5t.<\/p>\n<p><!--more--><\/p>\n<p><a href=\"https:\/\/grab.onelink.me\/2695613898\/datxengay\"><img loading=\"lazy\" decoding=\"async\" class=\"aligncenter wp-image-109009\" src=\"https:\/\/assets.grab.com\/wp-content\/uploads\/sites\/11\/2022\/01\/20122452\/CTA-012.png\" alt=\"\" width=\"204\" height=\"50\" \/><\/a><\/p>\n","protected":false},"excerpt":{"rendered":"\ud83d\udd25 \u01afu \u0111\u00e3i di chuy\u1ec3n 4.4 si\u00eau h\u1ea5p d\u1eabn t\u1eeb Grab kh\u00f4ng th\u1ec3 b\u1ecf qua \ud83d\ude98 \ud83d\udef5 \u0110i l\u00e0m, \u0111i h\u1ecdc, \u0111i ch\u01a1i,&#8230;\u0111i \u0111\u00e2u Grab c\u0169ng chi\u1ec1u v\u1eeba an to\u00e0n l\u1ea1i v\u1eeba ti\u1ebft ki\u1ec7m khi nh\u1eadp m\u00e3 GB44, GC44 \u01b0u \u0111\u00e3i t\u1edbi 44% nh\u00e2n ng\u00e0y si\u00eau sale 4.4 (*) \ud83d\udcf1 C\u00f2n ch\u1ea7n ch\u1edd g\u00ec m\u1edf [&hellip;]","protected":false},"author":1250,"featured_media":0,"parent":0,"menu_order":0,"comment_status":"closed","ping_status":"closed","template":"","meta":{"_acf_changed":false,"footnotes":""},"acf":[],"_links":{"self":[{"href":"https:\/\/www.grab.com\/vn\/wp-json\/wp\/v2\/pages\/113502"}],"collection":[{"href":"https:\/\/www.grab.com\/vn\/wp-json\/wp\/v2\/pages"}],"about":[{"href":"https:\/\/www.grab.com\/vn\/wp-json\/wp\/v2\/types\/page"}],"author":[{"embeddable":true,"href":"https:\/\/www.grab.com\/vn\/wp-json\/wp\/v2\/users\/1250"}],"replies":[{"embeddable":true,"href":"https:\/\/www.grab.com\/vn\/wp-json\/wp\/v2\/comments?post=113502"}],"version-history":[{"count":2,"href":"https:\/\/www.grab.com\/vn\/wp-json\/wp\/v2\/pages\/113502\/revisions"}],"predecessor-version":[{"id":113505,"href":"https:\/\/www.grab.com\/vn\/wp-json\/wp\/v2\/pages\/113502\/revisions\/113505"}],"wp:attachment":[{"href":"https:\/\/www.grab.com\/vn\/wp-json\/wp\/v2\/media?parent=113502"}],"curies":[{"name":"wp","href":"https:\/\/api.w.org\/{rel}","templated":true}]}}