{"id":113434,"date":"2022-03-25T13:56:22","date_gmt":"2022-03-25T05:56:22","guid":{"rendered":"https:\/\/www.grab.com\/vn\/?page_id=113434"},"modified":"2026-04-13T15:47:30","modified_gmt":"2026-04-13T07:47:30","slug":"about","status":"publish","type":"page","link":"https:\/\/www.grab.com\/vn\/about\/","title":{"rendered":"About us"},"content":{"rendered":"\t\t<div data-elementor-type=\"wp-page\" data-elementor-id=\"113434\" class=\"elementor elementor-113434\" data-elementor-post-type=\"page\">\n\t\t\t\t\t\t<section class=\"elementor-section elementor-top-section elementor-element elementor-element-6b45bb3 elementor-section-boxed elementor-section-height-default elementor-section-height-default\" data-id=\"6b45bb3\" data-element_type=\"section\">\n\t\t\t\t\t\t<div class=\"elementor-container elementor-column-gap-default\">\n\t\t\t\t\t<div class=\"elementor-column elementor-col-100 elementor-top-column elementor-element elementor-element-5bc3ea0\" data-id=\"5bc3ea0\" data-element_type=\"column\">\n\t\t\t<div class=\"elementor-widget-wrap\">\n\t\t\t\t\t\t\t<\/div>\n\t\t<\/div>\n\t\t\t\t\t<\/div>\n\t\t<\/section>\n\t\t\t\t<\/div>\n\t\t","protected":false},"excerpt":{"rendered":"C\u00f9ng nhau ti\u1ebfn v\u1ec1 ph\u00eda tr\u01b0\u1edbc S\u1ee9 m\u1ec7nh c\u1ee7a ch\u00fang t\u00f4i l\u00e0 \u0111\u01b0a \u0110\u00f4ng Nam \u00c1 ti\u1ebfn v\u1ec1 ph\u00eda tr\u01b0\u1edbc b\u1eb1ng c\u00e1ch t\u1ea1o ra th\u00eam nhi\u1ec1u c\u01a1 h\u1ed9i kinh t\u1ebf cho t\u1ea5t c\u1ea3 m\u1ecdi ng\u01b0\u1eddi L\u00e1 th\u01b0 t\u1eeb nh\u00e0 s\u00e1ng l\u1eadp L\u00e1 th\u01b0 t\u1eeb nh\u00e0 s\u00e1ng l\u1eadp T\u1ea1o ra m\u1ed9t si\u00eau \u1ee9ng d\u1ee5ng T\u1ea1o ra [&hellip;]","protected":false},"author":996,"featured_media":0,"parent":0,"menu_order":0,"comment_status":"closed","ping_status":"closed","template":"grab21-default","meta":{"_acf_changed":false,"footnotes":""},"acf":[],"_links":{"self":[{"href":"https:\/\/www.grab.com\/vn\/wp-json\/wp\/v2\/pages\/113434"}],"collection":[{"href":"https:\/\/www.grab.com\/vn\/wp-json\/wp\/v2\/pages"}],"about":[{"href":"https:\/\/www.grab.com\/vn\/wp-json\/wp\/v2\/types\/page"}],"author":[{"embeddable":true,"href":"https:\/\/www.grab.com\/vn\/wp-json\/wp\/v2\/users\/996"}],"replies":[{"embeddable":true,"href":"https:\/\/www.grab.com\/vn\/wp-json\/wp\/v2\/comments?post=113434"}],"version-history":[{"count":29,"href":"https:\/\/www.grab.com\/vn\/wp-json\/wp\/v2\/pages\/113434\/revisions"}],"predecessor-version":[{"id":203737,"href":"https:\/\/www.grab.com\/vn\/wp-json\/wp\/v2\/pages\/113434\/revisions\/203737"}],"wp:attachment":[{"href":"https:\/\/www.grab.com\/vn\/wp-json\/wp\/v2\/media?parent=113434"}],"curies":[{"name":"wp","href":"https:\/\/api.w.org\/{rel}","templated":true}]}}