{"id":113232,"date":"2022-03-22T12:09:43","date_gmt":"2022-03-22T04:09:43","guid":{"rendered":"https:\/\/www.grab.com\/vn\/?page_id=113232"},"modified":"2022-03-23T11:01:03","modified_gmt":"2022-03-23T03:01:03","slug":"goi-uu-dai-di-grab-2-tuan-khong-gioi-han","status":"publish","type":"page","link":"https:\/\/www.grab.com\/vn\/goi-uu-dai-di-grab-2-tuan-khong-gioi-han\/","title":{"rendered":"G\u00f3i \u01b0u \u0111\u00e3i \u0111i Grab 2 tu\u1ea7n kh\u00f4ng gi\u1edbi h\u1ea1n"},"content":{"rendered":"<p><img loading=\"lazy\" decoding=\"async\" width=\"1200\" height=\"600\" class=\"aligncenter size-full wp-image-113246\" src=\"https:\/\/assets.grab.com\/wp-content\/uploads\/sites\/11\/2022\/03\/22131630\/1200x60013.jpg\" alt=\"\" srcset=\"https:\/\/assets.grab.com\/wp-content\/uploads\/sites\/11\/2022\/03\/22131630\/1200x60013.jpg 1200w, https:\/\/assets.grab.com\/wp-content\/uploads\/sites\/11\/2022\/03\/22131630\/1200x60013-250x125.jpg 250w, https:\/\/assets.grab.com\/wp-content\/uploads\/sites\/11\/2022\/03\/22131630\/1200x60013-700x350.jpg 700w, https:\/\/assets.grab.com\/wp-content\/uploads\/sites\/11\/2022\/03\/22131630\/1200x60013-768x384.jpg 768w, https:\/\/assets.grab.com\/wp-content\/uploads\/sites\/11\/2022\/03\/22131630\/1200x60013-120x60.jpg 120w\" sizes=\"(max-width: 1200px) 100vw, 1200px\" \/><\/p>\n<p>\ud83c\udf89 Mua m\u1ed9t l\u1ea7n l\u00e0 di chuy\u1ec3n ti\u1ebft ki\u1ec7m su\u1ed1t 2 tu\u1ea7n!<\/p>\n<p>\ud83d\udcb8 G\u00f3i h\u1ed9i vi\u00ean kh\u00f4ng gi\u1edbi h\u1ea1n s\u1ed1 l\u01b0\u1ee3ng voucher GrabBike v\u00e0 GrabCar \u0111\u00e3 &#8220;l\u00ean k\u1ec7&#8221; r\u1ed3i n\u00e8 anh ch\u1ecb m\u00ecnh \u01a1i. C\u1ea7n \u0111i h\u1ecdc, \u0111i l\u00e0m, shopping hay \u0111i qu\u1ea9y nhanh ch\u00f3ng, an to\u00e0n c\u00f2n si\u00eau ti\u1ebft ki\u1ec7m n\u1eefa th\u00ec nhanh ch\u00f3ng ch\u1edbp ngay 2 g\u00f3i \u01b0u \u0111\u00e3i d\u01b0\u1edbi \u0111\u00e2y nha.<\/p>\n<p>\ud83d\udef5 G\u00f3i GrabBike 2 tu\u1ea7n \u01b0u \u0111\u00e3i 20% s\u1ed1 l\u01b0\u1ee3ng kh\u00f4ng gi\u1edbi h\u1ea1n tr\u1ecb gi\u00e1 50.000\u0111\/g\u00f3i, gi\u1ea3m c\u00f2n 45.000\u0111\/g\u00f3i<br \/>\n\ud83d\ude98 G\u00f3i GrabCar 2 tu\u1ea7n \u01b0u \u0111\u00e3i 20% s\u1ed1 l\u01b0\u1ee3ng kh\u00f4ng gi\u1edbi h\u1ea1n tr\u1ecb gi\u00e1 100.000\u0111\/g\u00f3i, gi\u1ea3m c\u00f2n 90.000\u0111\/g\u00f3i<\/p>\n<p>\ud83d\udcf2 Nay c\u00f3 th\u1ec3 thanh to\u00e1n b\u1eb1ng V\u00ed Moca\/ Th\u1ebb r\u1ed3i nhen. Nhanh tay nhanh tay m\u1edf \u1ee9ng d\u1ee5ng mua ngay th\u00f4i c\u1ea3 nh\u00e0 \u01a1i!<\/p>\n<p><!--more--><br \/>\n<strong>Xem chi ti\u1ebft ch\u01b0\u01a1ng tr\u00ecnh g\u00f3i \u01b0u \u0111\u00e3i GrabBike t\u1ea1i \u0111\u00e2y:<\/strong><\/p>\n<p>&#8211; \u01afu \u0111\u00e3i 20% t\u1ed1i \u0111a 10.000\u0111 \u0111\u01b0\u1ee3c \u00e1p d\u1ee5ng cho t\u1ea5t c\u1ea3 c\u00e1c chuy\u1ebfn xe GrabBike t\u1ea1i th\u00e0nh ph\u1ed1 H\u1ed3 Ch\u00ed Minh v\u00e0 H\u00e0 N\u1ed9i.<br \/>\n&#8211; \u01afu \u0111\u00e3i \u00e1p d\u1ee5ng cho c\u00e1c chuy\u1ebfn xe \u0111\u01b0\u1ee3c thanh to\u00e1n b\u1eb1ng m\u1ecdi ph\u01b0\u01a1ng th\u1ee9c thanh to\u00e1n.<br \/>\n&#8211; C\u00e1c \u01b0u \u0111\u00e3i kh\u00f4ng bao g\u1ed3m ph\u1ee5 ph\u00ed, ng\u01b0\u1eddi d\u00f9ng vui l\u00f2ng thanh to\u00e1n Ph\u00ed c\u1ea7u \u0111\u01b0\u1eddng v\u00e0 ph\u1ee5 ph\u00ed kh\u00e1c (n\u1ebfu c\u00f3) v\u1edbi \u0110\u1ed1i t\u00e1c t\u00e0i x\u1ebf.<br \/>\n&#8211; \u01afu \u0111\u00e3i kh\u00f4ng \u00e1p d\u1ee5ng c\u00f9ng l\u00fac v\u1edbi c\u00e1c ch\u01b0\u01a1ng tr\u00ecnh khuy\u1ebfn m\u00e3i v\u00e0\/ ho\u1eb7c \u01b0u \u0111\u00e3i kh\u00e1c c\u1ee7a Grab.<\/p>\n<p>&nbsp;<\/p>\n<p><strong>Xem chi ti\u1ebft ch\u01b0\u01a1ng tr\u00ecnh g\u00f3i \u01b0u \u0111\u00e3i GrabCar t\u1ea1i \u0111\u00e2y:<\/strong><\/p>\n<p>&#8211; \u01afu \u0111\u00e3i 20% t\u1ed1i \u0111a 20.000\u0111 \u0111\u01b0\u1ee3c \u00e1p d\u1ee5ng cho t\u1ea5t c\u1ea3 c\u00e1c chuy\u1ebfn xe GrabCar\/ GrabCar Protect\/ GrabCar Plus t\u1ea1i th\u00e0nh ph\u1ed1 H\u1ed3 Ch\u00ed Minh v\u00e0 H\u00e0 N\u1ed9i.<br \/>\n&#8211; \u01afu \u0111\u00e3i \u00e1p d\u1ee5ng cho c\u00e1c chuy\u1ebfn xe \u0111\u01b0\u1ee3c thanh to\u00e1n b\u1eb1ng m\u1ecdi ph\u01b0\u01a1ng th\u1ee9c thanh to\u00e1n.<br \/>\n&#8211; C\u00e1c \u01b0u \u0111\u00e3i kh\u00f4ng bao g\u1ed3m ph\u1ee5 ph\u00ed, ng\u01b0\u1eddi d\u00f9ng vui l\u00f2ng thanh to\u00e1n Ph\u00ed c\u1ea7u \u0111\u01b0\u1eddng v\u00e0 ph\u1ee5 ph\u00ed kh\u00e1c (n\u1ebfu c\u00f3) v\u1edbi \u0110\u1ed1i t\u00e1c t\u00e0i x\u1ebf.<br \/>\n&#8211; \u01afu \u0111\u00e3i kh\u00f4ng \u00e1p d\u1ee5ng c\u00f9ng l\u00fac v\u1edbi c\u00e1c ch\u01b0\u01a1ng tr\u00ecnh khuy\u1ebfn m\u00e3i v\u00e0\/ ho\u1eb7c \u01b0u \u0111\u00e3i kh\u00e1c c\u1ee7a Grab.<\/p>\n<p>&nbsp;<\/p>\n<p>&nbsp;<\/p>\n","protected":false},"excerpt":{"rendered":"\ud83c\udf89 Mua m\u1ed9t l\u1ea7n l\u00e0 di chuy\u1ec3n ti\u1ebft ki\u1ec7m su\u1ed1t 2 tu\u1ea7n! \ud83d\udcb8 G\u00f3i h\u1ed9i vi\u00ean kh\u00f4ng gi\u1edbi h\u1ea1n s\u1ed1 l\u01b0\u1ee3ng voucher GrabBike v\u00e0 GrabCar \u0111\u00e3 &#8220;l\u00ean k\u1ec7&#8221; r\u1ed3i n\u00e8 anh ch\u1ecb m\u00ecnh \u01a1i. C\u1ea7n \u0111i h\u1ecdc, \u0111i l\u00e0m, shopping hay \u0111i qu\u1ea9y nhanh ch\u00f3ng, an to\u00e0n c\u00f2n si\u00eau ti\u1ebft ki\u1ec7m n\u1eefa th\u00ec nhanh ch\u00f3ng [&hellip;]","protected":false},"author":1250,"featured_media":0,"parent":0,"menu_order":0,"comment_status":"closed","ping_status":"closed","template":"","meta":{"_acf_changed":false,"footnotes":""},"acf":[],"_links":{"self":[{"href":"https:\/\/www.grab.com\/vn\/wp-json\/wp\/v2\/pages\/113232"}],"collection":[{"href":"https:\/\/www.grab.com\/vn\/wp-json\/wp\/v2\/pages"}],"about":[{"href":"https:\/\/www.grab.com\/vn\/wp-json\/wp\/v2\/types\/page"}],"author":[{"embeddable":true,"href":"https:\/\/www.grab.com\/vn\/wp-json\/wp\/v2\/users\/1250"}],"replies":[{"embeddable":true,"href":"https:\/\/www.grab.com\/vn\/wp-json\/wp\/v2\/comments?post=113232"}],"version-history":[{"count":5,"href":"https:\/\/www.grab.com\/vn\/wp-json\/wp\/v2\/pages\/113232\/revisions"}],"predecessor-version":[{"id":113329,"href":"https:\/\/www.grab.com\/vn\/wp-json\/wp\/v2\/pages\/113232\/revisions\/113329"}],"wp:attachment":[{"href":"https:\/\/www.grab.com\/vn\/wp-json\/wp\/v2\/media?parent=113232"}],"curies":[{"name":"wp","href":"https:\/\/api.w.org\/{rel}","templated":true}]}}