{"id":111835,"date":"2022-03-09T10:30:14","date_gmt":"2022-03-09T02:30:14","guid":{"rendered":"https:\/\/www.grab.com\/vn\/?page_id=111835"},"modified":"2024-01-24T17:56:22","modified_gmt":"2024-01-24T09:56:22","slug":"dat-xe-3-sieu-an-toan-di-chuyen","status":"publish","type":"page","link":"https:\/\/www.grab.com\/vn\/dat-xe-3-sieu-an-toan-di-chuyen\/","title":{"rendered":"\u0110\u1eb6T XE 3 SI\u00caU, AN TO\u00c0N DI CHUY\u1ec2N"},"content":{"rendered":"<p><img loading=\"lazy\" decoding=\"async\" width=\"1200\" height=\"600\" class=\"aligncenter size-full wp-image-111841\" src=\"https:\/\/assets.grab.com\/wp-content\/uploads\/sites\/11\/2022\/03\/09102918\/1200x600-101.jpg\" alt=\"\" srcset=\"https:\/\/assets.grab.com\/wp-content\/uploads\/sites\/11\/2022\/03\/09102918\/1200x600-101.jpg 1200w, https:\/\/assets.grab.com\/wp-content\/uploads\/sites\/11\/2022\/03\/09102918\/1200x600-101-250x125.jpg 250w, https:\/\/assets.grab.com\/wp-content\/uploads\/sites\/11\/2022\/03\/09102918\/1200x600-101-768x384.jpg 768w, https:\/\/assets.grab.com\/wp-content\/uploads\/sites\/11\/2022\/03\/09102918\/1200x600-101-700x350.jpg 700w, https:\/\/assets.grab.com\/wp-content\/uploads\/sites\/11\/2022\/03\/09102918\/1200x600-101-120x60.jpg 120w\" sizes=\"(max-width: 1200px) 100vw, 1200px\" \/><\/p>\n<p>&nbsp;<\/p>\n<p><span style=\"font-weight: 400\">\ud83d\udef5 \u0110i l\u00e0m n\u00e0y l\u00e0m kia kh\u1eafp n\u01a1i m\u00e0 v\u1eabn mu\u1ed1n &#8220;enjoy c\u00e1i moment&#8221; th\u00ec ph\u1ea3i l\u00e0m sao?<\/span><\/p>\n<p><span style=\"font-weight: 400\">\ud83d\ude98 Th\u00ec \u0111\u1eb7t Grab 3 Si\u00eau t\u1edbi \u0111\u00f3n ch\u1ee9 sao n\u00e8!<\/span><\/p>\n<p><span style=\"font-weight: 400\">\ud83c\udf1f \u0110i h\u1ecdc \u0111i l\u00e0m s\u1ee3 nh\u1ea5t l\u00e0 gi\u1edd cao \u0111i\u1ec3m kh\u00f3 <a href=\"https:\/\/www.grab.com\/vn\/transport\/\">\u0111\u1eb7t xe<\/a> th\u00ec Grab 3 Si\u00eau c\u00f3 si\u00eau nhi\u1ec1u xe, nhanh ch\u00f3ng di chuy\u1ec3n.<\/span><\/p>\n<p><span style=\"font-weight: 400\">\ud83c\udf1f \u0110i c\u00f4ng vi\u1ec7c hay ph\u1ea3i g\u1eb7p nhi\u1ec1u \u0111\u1ed1i t\u00e1c th\u00ec Grab 3 Si\u00eau c\u00f3 \u0111\u1ed9i ng\u0169 t\u00e0i x\u1ebf chu\u1ea9n th\u1ebb xanh, si\u00eau an to\u00e0n lu\u00f4n.<\/span><\/p>\n<p><span style=\"font-weight: 400\">\ud83c\udf1f Ch\u1ecb em xu\u1ed1ng ph\u1ed1 s\u0103n sale shopping \u0111\u1eb7t lu\u00f4n m\u1ed9t chi\u1ebfc Grab 3 Si\u00eau l\u00e0 c\u00f3 b\u00e1c t\u00e0i si\u00eau chi\u1ec1u kh\u00e1ch t\u01b0\u01a1i c\u01b0\u1eddi ph\u1ee5 x\u1ebfp \u0111\u1ed3 v\u00e0o c\u1ed1p, h\u1ea1n ch\u1ebf h\u1ee7y chuy\u1ebfn nha.<\/span><\/p>\n<p><span style=\"font-weight: 400\">\ud83c\udf1f Ai c\u00f3 \u0111i ch\u01a1i, \u0111i u\u1ed1ng v\u1ec1 khuya c\u0169ng y\u00ean t\u00e2m \u0111\u01b0\u1ee3c \u0111\u01b0a v\u1ec1 t\u1eadn c\u1eeda!<\/span><\/p>\n<p><span style=\"font-weight: 400\">\ud83c\udf8a Nh\u1eadp m\u00e3 GB3SIEU hay GC3SIEU gi\u1ea3m t\u1edbi 30% tha h\u1ed3 ti\u1ebft ki\u1ec7m.<\/span><\/p>\n<p><span style=\"font-weight: 400\">\ud83d\udcf1 \u0110i \u0111\u00e2u c\u0169ng ch\u1edf v\u1ec1 \u0111\u00e2u c\u0169ng chi\u1ec1u ch\u00ednh l\u00e0 Grab 3 Si\u00eau \u0111\u00f3! \u0110\u1eb7t xe ngay th\u00f4i!<\/span><\/p>\n<p>&nbsp;<\/p>\n<p><!--more--><\/p>\n<p><strong>Xem chi ti\u1ebft ch\u01b0\u01a1ng tr\u00ecnh GB3SIEU t\u1ea1i \u0111\u00e2y:<\/strong><\/p>\n<p>&#8211; \u01afu \u0111\u00e3i 30% (t\u1ed1i \u0111a 15.000\u0111) \u00e1p d\u1ee5ng cho d\u1ecbch v\u1ee5 GrabBike<\/p>\n<p>&#8211; \u00c1p d\u1ee5ng t\u1ea1i Tp.H\u00e0 N\u1ed9i v\u00e0 Th\u00e0nh ph\u1ed1 H\u1ed3 Ch\u00ed Minh<\/p>\n<p>&#8211; \u00c1p d\u1ee5ng trong khung gi\u1edd 9:00-17:00 m\u1ed7i ng\u00e0y.<\/p>\n<p>&#8211; \u00c1p d\u1ee5ng cho m\u1ecdi ph\u01b0\u01a1ng th\u1ee9c thanh to\u00e1n.<\/p>\n<p>&#8211; T\u1eb7ng voucher \u01b0u \u0111\u00e3i t\u1edbi 30% t\u1ed1i \u0111a 20.000\u0111 \u00e1p d\u1ee5ng cho chuy\u1ebfn GrabBike ti\u1ebfp theo khi thanh to\u00e1n b\u1eb1ng Th\u1ebb\/V\u00ed Moca.<\/p>\n<p>&#8211; \u01afu \u0111\u00e3i kh\u00f4ng bao g\u1ed3m ph\u1ee5 ph\u00ed, ng\u01b0\u1eddi d\u00f9ng vui l\u00f2ng thanh to\u00e1n ph\u1ee5 ph\u00ed (n\u1ebfu c\u00f3) v\u1edbi \u0110\u1ed1i t\u00e1c t\u00e0i x\u1ebf.<\/p>\n<p>&#8211; M\u1ed7i ng\u01b0\u1eddi d\u00f9ng c\u00f3 th\u1ec3 s\u1eed d\u1ee5ng \u01b0u \u0111\u00e3i t\u1ed1i \u0111a 01 l\u1ea7n\/ng\u00e0y v\u00e0 10 l\u1ea7n trong su\u1ed1t th\u1eddi gian di\u1ec5n ra ch\u01b0\u01a1ng tr\u00ecnh.<\/p>\n<p>&#8211; S\u1ed1 l\u01b0\u1ee3ng \u01b0u \u0111\u00e3i c\u00f3 gi\u1edbi h\u1ea1n m\u1ed7i ng\u00e0y.<\/p>\n<p>&#8211; Ch\u1ec9 \u00e1p d\u1ee5ng cho ng\u01b0\u1eddi d\u00f9ng nh\u1eadn \u0111\u01b0\u1ee3c th\u00f4ng b\u00e1o.<\/p>\n<p>&#8211; Ch\u1ec9 \u00e1p d\u1ee5ng v\u1edbi phi\u00ean b\u1ea3n app m\u1edbi nh\u1ea5t.<\/p>\n<p>&nbsp;<\/p>\n<p><strong>Xem chi ti\u1ebft ch\u01b0\u01a1ng tr\u00ecnh GC3SIEU t\u1ea1i \u0111\u00e2y:<\/strong><\/p>\n<p>&#8211; \u01afu \u0111\u00e3i 30% (t\u1ed1i \u0111a 25.000\u0111) \u00e1p d\u1ee5ng cho d\u1ecbch v\u1ee5 GrabCar\/ GrabCar Plus\/ GrabCar Protect.<\/p>\n<p>&#8211; \u00c1p d\u1ee5ng t\u1ea1i Tp.H\u00e0 N\u1ed9i v\u00e0 Th\u00e0nh ph\u1ed1 H\u1ed3 Ch\u00ed Minh<\/p>\n<p>&#8211; \u00c1p d\u1ee5ng trong khung gi\u1edd 09:00-17:00 m\u1ed7i ng\u00e0y.<\/p>\n<p>&#8211; \u00c1p d\u1ee5ng cho m\u1ecdi ph\u01b0\u01a1ng th\u1ee9c thanh to\u00e1n.<\/p>\n<p>-T\u1eb7ng voucher \u01b0u \u0111\u00e3i t\u1edbi 50% t\u1ed1i \u0111a 30.000\u0111 \u00e1p d\u1ee5ng cho chuy\u1ebfn GrabCar ti\u1ebfp theo khi thanh to\u00e1n b\u1eb1ng Th\u1ebb\/ V\u00ed Moca.<\/p>\n<p>&#8211; \u01afu \u0111\u00e3i kh\u00f4ng bao g\u1ed3m ph\u1ee5 ph\u00ed, ng\u01b0\u1eddi d\u00f9ng vui l\u00f2ng thanh to\u00e1n ph\u1ee5 ph\u00ed (n\u1ebfu c\u00f3) v\u1edbi \u0110\u1ed1i t\u00e1c t\u00e0i x\u1ebf.<\/p>\n<p>&#8211; M\u1ed7i ng\u01b0\u1eddi d\u00f9ng c\u00f3 th\u1ec3 s\u1eed d\u1ee5ng \u01b0u \u0111\u00e3i t\u1ed1i \u0111a 01 l\u1ea7n\/ng\u00e0y v\u00e0 10 l\u1ea7n trong su\u1ed1t th\u1eddi gian di\u1ec5n ra ch\u01b0\u01a1ng tr\u00ecnh.<\/p>\n<p>&#8211; S\u1ed1 l\u01b0\u1ee3ng \u01b0u \u0111\u00e3i c\u00f3 gi\u1edbi h\u1ea1n m\u1ed7i ng\u00e0y.<\/p>\n<p>&#8211; Ch\u1ec9 \u00e1p d\u1ee5ng cho ng\u01b0\u1eddi d\u00f9ng nh\u1eadn \u0111\u01b0\u1ee3c th\u00f4ng b\u00e1o.<\/p>\n<p>&#8211; Ch\u1ec9 \u00e1p d\u1ee5ng v\u1edbi phi\u00ean b\u1ea3n app m\u1edbi nh\u1ea5t.<\/p>\n<p><!--more--><\/p>\n<p>&nbsp;<\/p>\n<p><a href=\"https:\/\/grab.onelink.me\/2695613898\/datxengay\"><img loading=\"lazy\" decoding=\"async\" class=\"aligncenter wp-image-109009\" src=\"https:\/\/assets.grab.com\/wp-content\/uploads\/sites\/11\/2022\/01\/20122452\/CTA-012.png\" alt=\"\" width=\"204\" height=\"50\" \/><\/a><\/p>\n","protected":false},"excerpt":{"rendered":"&nbsp; \ud83d\udef5 \u0110i l\u00e0m n\u00e0y l\u00e0m kia kh\u1eafp n\u01a1i m\u00e0 v\u1eabn mu\u1ed1n &#8220;enjoy c\u00e1i moment&#8221; th\u00ec ph\u1ea3i l\u00e0m sao? \ud83d\ude98 Th\u00ec \u0111\u1eb7t Grab 3 Si\u00eau t\u1edbi \u0111\u00f3n ch\u1ee9 sao n\u00e8! \ud83c\udf1f \u0110i h\u1ecdc \u0111i l\u00e0m s\u1ee3 nh\u1ea5t l\u00e0 gi\u1edd cao \u0111i\u1ec3m kh\u00f3 \u0111\u1eb7t xe th\u00ec Grab 3 Si\u00eau c\u00f3 si\u00eau nhi\u1ec1u xe, nhanh ch\u00f3ng di [&hellip;]","protected":false},"author":1250,"featured_media":0,"parent":0,"menu_order":0,"comment_status":"closed","ping_status":"closed","template":"","meta":{"_acf_changed":false,"footnotes":""},"acf":[],"_links":{"self":[{"href":"https:\/\/www.grab.com\/vn\/wp-json\/wp\/v2\/pages\/111835"}],"collection":[{"href":"https:\/\/www.grab.com\/vn\/wp-json\/wp\/v2\/pages"}],"about":[{"href":"https:\/\/www.grab.com\/vn\/wp-json\/wp\/v2\/types\/page"}],"author":[{"embeddable":true,"href":"https:\/\/www.grab.com\/vn\/wp-json\/wp\/v2\/users\/1250"}],"replies":[{"embeddable":true,"href":"https:\/\/www.grab.com\/vn\/wp-json\/wp\/v2\/comments?post=111835"}],"version-history":[{"count":5,"href":"https:\/\/www.grab.com\/vn\/wp-json\/wp\/v2\/pages\/111835\/revisions"}],"predecessor-version":[{"id":161460,"href":"https:\/\/www.grab.com\/vn\/wp-json\/wp\/v2\/pages\/111835\/revisions\/161460"}],"wp:attachment":[{"href":"https:\/\/www.grab.com\/vn\/wp-json\/wp\/v2\/media?parent=111835"}],"curies":[{"name":"wp","href":"https:\/\/api.w.org\/{rel}","templated":true}]}}