{"id":111697,"date":"2022-03-08T11:26:40","date_gmt":"2022-03-08T03:26:40","guid":{"rendered":"https:\/\/www.grab.com\/vn\/?page_id=111697"},"modified":"2022-04-26T17:25:18","modified_gmt":"2022-04-26T09:25:18","slug":"dat-xe-tay-ga-di-chuyen-tuom-tat","status":"publish","type":"page","link":"https:\/\/www.grab.com\/vn\/dat-xe-tay-ga-di-chuyen-tuom-tat\/","title":{"rendered":"\u0110\u1eb6T XE TAY GA, DI CHUY\u1ec2N T\u01af\u01a0M T\u1ea4T"},"content":{"rendered":"<p><img loading=\"lazy\" decoding=\"async\" width=\"2501\" height=\"1250\" class=\"aligncenter size-full wp-image-113432\" src=\"https:\/\/assets.grab.com\/wp-content\/uploads\/sites\/11\/2022\/03\/25121635\/GBPlus_2_25032022-03.jpg\" alt=\"\" srcset=\"https:\/\/assets.grab.com\/wp-content\/uploads\/sites\/11\/2022\/03\/25121635\/GBPlus_2_25032022-03.jpg 2501w, https:\/\/assets.grab.com\/wp-content\/uploads\/sites\/11\/2022\/03\/25121635\/GBPlus_2_25032022-03-250x125.jpg 250w, https:\/\/assets.grab.com\/wp-content\/uploads\/sites\/11\/2022\/03\/25121635\/GBPlus_2_25032022-03-700x350.jpg 700w, https:\/\/assets.grab.com\/wp-content\/uploads\/sites\/11\/2022\/03\/25121635\/GBPlus_2_25032022-03-768x384.jpg 768w, https:\/\/assets.grab.com\/wp-content\/uploads\/sites\/11\/2022\/03\/25121635\/GBPlus_2_25032022-03-1536x768.jpg 1536w, https:\/\/assets.grab.com\/wp-content\/uploads\/sites\/11\/2022\/03\/25121635\/GBPlus_2_25032022-03-2048x1024.jpg 2048w, https:\/\/assets.grab.com\/wp-content\/uploads\/sites\/11\/2022\/03\/25121635\/GBPlus_2_25032022-03-120x60.jpg 120w\" sizes=\"(max-width: 2501px) 100vw, 2501px\" \/><\/p>\n<p>&nbsp;<\/p>\n<div class=\"kvgmc6g5 cxmmr5t8 oygrvhab hcukyx3x c1et5uql ii04i59q\">\n<div dir=\"auto\"><span class=\"pq6dq46d tbxw36s4 knj5qynh kvgmc6g5 ditlmg2l oygrvhab nvdbi5me sf5mxxl7 gl3lb2sf hhz5lgdu\"><img loading=\"lazy\" decoding=\"async\" src=\"https:\/\/static.xx.fbcdn.net\/images\/emoji.php\/v9\/t39\/1.5\/16\/1f31f.png\" alt=\"\ud83c\udf1f\" width=\"16\" height=\"16\" \/><\/span> GrabBike Plus \u201cx\u1ecbn x\u00f2\u201d xu\u1ea5t hi\u1ec7n t\u1ea1i TP.HCM, b\u1ea1n \u0111\u00e3 \u0111i ch\u01b0a?<\/div>\n<div dir=\"auto\"><span class=\"pq6dq46d tbxw36s4 knj5qynh kvgmc6g5 ditlmg2l oygrvhab nvdbi5me sf5mxxl7 gl3lb2sf hhz5lgdu\"><img loading=\"lazy\" decoding=\"async\" src=\"https:\/\/static.xx.fbcdn.net\/images\/emoji.php\/v9\/t36\/1.5\/16\/1f6f5.png\" alt=\"\ud83d\udef5\" width=\"16\" height=\"16\" \/><\/span> C\u0169ng l\u00e0 GrabBike, nh\u01b0ng m\u00e0 kh\u00e1c l\u1eafm nha c\u1ea3 nh\u00e0!<\/div>\n<\/div>\n<div class=\"cxmmr5t8 oygrvhab hcukyx3x c1et5uql o9v6fnle ii04i59q\">\n<div dir=\"auto\"><span class=\"pq6dq46d tbxw36s4 knj5qynh kvgmc6g5 ditlmg2l oygrvhab nvdbi5me sf5mxxl7 gl3lb2sf hhz5lgdu\"><img loading=\"lazy\" decoding=\"async\" src=\"https:\/\/static.xx.fbcdn.net\/images\/emoji.php\/v9\/te5\/1.5\/16\/1f389.png\" alt=\"\ud83c\udf89\" width=\"16\" height=\"16\" \/><\/span> 100% xe tay ga hi\u1ec7n \u0111\u1ea1i, \u00eam \u00e1i kh\u1ecfi ch\u00ea<\/div>\n<div dir=\"auto\"><span class=\"pq6dq46d tbxw36s4 knj5qynh kvgmc6g5 ditlmg2l oygrvhab nvdbi5me sf5mxxl7 gl3lb2sf hhz5lgdu\"><img loading=\"lazy\" decoding=\"async\" src=\"https:\/\/static.xx.fbcdn.net\/images\/emoji.php\/v9\/te5\/1.5\/16\/1f389.png\" alt=\"\ud83c\udf89\" width=\"16\" height=\"16\" \/><\/span> 100% lu\u00f4n c\u00f3 l\u00f3t n\u00f3n b\u1ea3o hi\u1ec3m v\u00e0 \u0111\u1ed3ng ph\u1ee5c t\u00e0i x\u1ebf tinh t\u01b0\u01a1m<\/div>\n<div dir=\"auto\"><span class=\"pq6dq46d tbxw36s4 knj5qynh kvgmc6g5 ditlmg2l oygrvhab nvdbi5me sf5mxxl7 gl3lb2sf hhz5lgdu\"><img loading=\"lazy\" decoding=\"async\" src=\"https:\/\/static.xx.fbcdn.net\/images\/emoji.php\/v9\/te5\/1.5\/16\/1f389.png\" alt=\"\ud83c\udf89\" width=\"16\" height=\"16\" \/><\/span> 100% trang b\u1ecb dung d\u1ecbch kh\u1eed khu\u1ea9n, an t\u00e2m di chuy\u1ec3n kh\u1eafp n\u01a1i lu\u00f4n nha<\/div>\n<div dir=\"auto\"><span class=\"pq6dq46d tbxw36s4 knj5qynh kvgmc6g5 ditlmg2l oygrvhab nvdbi5me sf5mxxl7 gl3lb2sf hhz5lgdu\"><img loading=\"lazy\" decoding=\"async\" src=\"https:\/\/static.xx.fbcdn.net\/images\/emoji.php\/v9\/te5\/1.5\/16\/1f389.png\" alt=\"\ud83c\udf89\" width=\"16\" height=\"16\" \/><\/span> 100% \u0110\u1ed1i t\u00e1c T\u00e0i x\u1ebf c\u00f3 k\u1ebft qu\u1ea3 \u0111\u00e1nh gi\u00e1 ch\u1ea5t l\u01b0\u1ee3ng d\u1ecbch v\u1ee5 t\u1eeb 4.9 sao tr\u1edf l\u00ean<\/div>\n<\/div>\n<div class=\"cxmmr5t8 oygrvhab hcukyx3x c1et5uql o9v6fnle ii04i59q\">\n<div dir=\"auto\"><span class=\"pq6dq46d tbxw36s4 knj5qynh kvgmc6g5 ditlmg2l oygrvhab nvdbi5me sf5mxxl7 gl3lb2sf hhz5lgdu\"><img loading=\"lazy\" decoding=\"async\" src=\"https:\/\/static.xx.fbcdn.net\/images\/emoji.php\/v9\/td\/1.5\/16\/1f38a.png\" alt=\"\ud83c\udf8a\" width=\"16\" height=\"16\" \/><\/span> Nh\u1eadp m\u00e3 <strong>GBPLUS<\/strong> \u0111\u1ec3 nh\u1eadn <strong>\u01b0u \u0111\u00e3i tr\u1ecb gi\u00e1 50.000\u0111<\/strong> cho chuy\u1ebfn GrabBike Plus \u0111\u1ea7u ti\u00ean lu\u00f4n n\u00e8! (*)<\/div>\n<\/div>\n<div class=\"cxmmr5t8 oygrvhab hcukyx3x c1et5uql o9v6fnle ii04i59q\">\n<div dir=\"auto\"><span class=\"pq6dq46d tbxw36s4 knj5qynh kvgmc6g5 ditlmg2l oygrvhab nvdbi5me sf5mxxl7 gl3lb2sf hhz5lgdu\"><img loading=\"lazy\" decoding=\"async\" src=\"https:\/\/static.xx.fbcdn.net\/images\/emoji.php\/v9\/tb0\/1.5\/16\/1f4f1.png\" alt=\"\ud83d\udcf1\" width=\"16\" height=\"16\" \/><\/span>Anh ch\u1ecb n\u00e0o \u0111i l\u00e0m, \u0111i g\u1eb7p \u0111\u1ed1i t\u00e1c, \u0111i h\u1ecdc th\u00edch ng\u1ed3i xe \u00eam c\u00f3 th\u00eam l\u00f3t n\u00f3n tinh t\u01b0\u01a1m \u0111\u1eebng ng\u1ea1i ng\u1ea7n \u0111\u1eb7t li\u1ec1n m\u1ed9t chi\u1ebfc GrabBike Plus nha!<\/div>\n<\/div>\n<p>&nbsp;<\/p>\n<p><!--more--><\/p>\n<p><strong>Xem chi ti\u1ebft ch\u01b0\u01a1ng tr\u00ecnh t\u1ea1i \u0111\u00e2y<\/strong><\/p>\n<p>&#8211; Mi\u1ec5n ph\u00ed cho c\u00e1c chuy\u1ebfn xe d\u01b0\u1edbi ho\u1eb7c b\u1eb1ng 50.000\u0111.<br \/>\n&#8211; V\u1edbi c\u00e1c chuy\u1ebfn xe c\u00f3 c\u01b0\u1edbc ph\u00ed t\u1eeb 51.000\u0111 tr\u1edf l\u00ean, \u01b0u \u0111\u00e3i t\u1ed1i \u0111a 50.000\u0111.<br \/>\n&#8211; \u00c1p d\u1ee5ng cho d\u1ecbch v\u1ee5 GrabBike Plus.<br \/>\n&#8211; \u00c1p d\u1ee5ng m\u1ed9t s\u1ed1 qu\u1eadn t\u1ea1i TP. H\u1ed3 Ch\u00ed Minh c\u00f3 \u0111i\u1ec3m \u0111\u00f3n t\u1eeb Qu\u1eadn 1, 3, 4, 5, 10, B\u00ecnh Th\u1ea1nh, Ph\u00fa Nhu\u1eadn, T\u00e2n B\u00ecnh v\u00e0 m\u1ed9t s\u1ed1 khu v\u1ef1c t\u1ea1i qu\u1eadn 7.<br \/>\n&#8211; \u00c1p d\u1ee5ng cho m\u1ecdi ph\u01b0\u01a1ng th\u1ee9c thanh to\u00e1n.<br \/>\n&#8211; \u01afu \u0111\u00e3i kh\u00f4ng bao g\u1ed3m ph\u1ee5 ph\u00ed, ng\u01b0\u1eddi d\u00f9ng vui l\u00f2ng thanh to\u00e1n ph\u1ee5 ph\u00ed (n\u1ebfu c\u00f3) v\u1edbi \u0110\u1ed1i t\u00e1c t\u00e0i x\u1ebf.<br \/>\n&#8211; M\u1ed7i ng\u01b0\u1eddi d\u00f9ng c\u00f3 th\u1ec3 s\u1eed d\u1ee5ng \u01b0u \u0111\u00e3i t\u1ed1i \u0111a 01 l\u1ea7n trong su\u1ed1t th\u1eddi gian di\u1ec5n ra ch\u01b0\u01a1ng tr\u00ecnh.<br \/>\n&#8211; S\u1ed1 l\u01b0\u1ee3ng khuy\u1ebfn m\u00e3i c\u00f3 h\u1ea1n, ch\u01b0\u01a1ng tr\u00ecnh c\u00f3 th\u1ec3 k\u1ebft th\u00fac s\u1edbm h\u01a1n d\u1ef1 ki\u1ebfn.<br \/>\n&#8211; Ch\u1ec9 \u00e1p d\u1ee5ng cho ng\u01b0\u1eddi d\u00f9ng nh\u1eadn \u0111\u01b0\u1ee3c th\u00f4ng b\u00e1o.<br \/>\n&#8211; Ch\u1ec9 \u00e1p d\u1ee5ng v\u1edbi phi\u00ean b\u1ea3n app m\u1edbi nh\u1ea5t.<\/p>\n<p>&nbsp;<\/p>\n<p><!--more--><\/p>\n<p>&nbsp;<\/p>\n<p><a href=\"https:\/\/grab.onelink.me\/2695613898\/bookxengay\"><img loading=\"lazy\" decoding=\"async\" class=\"aligncenter wp-image-109009\" src=\"https:\/\/assets.grab.com\/wp-content\/uploads\/sites\/11\/2022\/01\/20122452\/CTA-012.png\" alt=\"\" width=\"204\" height=\"50\" \/><\/a><\/p>\n","protected":false},"excerpt":{"rendered":"&nbsp; GrabBike Plus \u201cx\u1ecbn x\u00f2\u201d xu\u1ea5t hi\u1ec7n t\u1ea1i TP.HCM, b\u1ea1n \u0111\u00e3 \u0111i ch\u01b0a? C\u0169ng l\u00e0 GrabBike, nh\u01b0ng m\u00e0 kh\u00e1c l\u1eafm nha c\u1ea3 nh\u00e0! 100% xe tay ga hi\u1ec7n \u0111\u1ea1i, \u00eam \u00e1i kh\u1ecfi ch\u00ea 100% lu\u00f4n c\u00f3 l\u00f3t n\u00f3n b\u1ea3o hi\u1ec3m v\u00e0 \u0111\u1ed3ng ph\u1ee5c t\u00e0i x\u1ebf tinh t\u01b0\u01a1m 100% trang b\u1ecb dung d\u1ecbch kh\u1eed khu\u1ea9n, an [&hellip;]","protected":false},"author":1250,"featured_media":0,"parent":0,"menu_order":0,"comment_status":"closed","ping_status":"closed","template":"","meta":{"_acf_changed":false,"footnotes":""},"acf":[],"_links":{"self":[{"href":"https:\/\/www.grab.com\/vn\/wp-json\/wp\/v2\/pages\/111697"}],"collection":[{"href":"https:\/\/www.grab.com\/vn\/wp-json\/wp\/v2\/pages"}],"about":[{"href":"https:\/\/www.grab.com\/vn\/wp-json\/wp\/v2\/types\/page"}],"author":[{"embeddable":true,"href":"https:\/\/www.grab.com\/vn\/wp-json\/wp\/v2\/users\/1250"}],"replies":[{"embeddable":true,"href":"https:\/\/www.grab.com\/vn\/wp-json\/wp\/v2\/comments?post=111697"}],"version-history":[{"count":12,"href":"https:\/\/www.grab.com\/vn\/wp-json\/wp\/v2\/pages\/111697\/revisions"}],"predecessor-version":[{"id":116759,"href":"https:\/\/www.grab.com\/vn\/wp-json\/wp\/v2\/pages\/111697\/revisions\/116759"}],"wp:attachment":[{"href":"https:\/\/www.grab.com\/vn\/wp-json\/wp\/v2\/media?parent=111697"}],"curies":[{"name":"wp","href":"https:\/\/api.w.org\/{rel}","templated":true}]}}