{"id":111656,"date":"2022-03-07T13:13:23","date_gmt":"2022-03-07T05:13:23","guid":{"rendered":"https:\/\/www.grab.com\/vn\/?page_id=111656"},"modified":"2022-03-09T10:28:35","modified_gmt":"2022-03-09T02:28:35","slug":"dat-grab-3-sieu-an-tam-di-chuyen","status":"publish","type":"page","link":"https:\/\/www.grab.com\/vn\/dat-grab-3-sieu-an-tam-di-chuyen\/","title":{"rendered":"\u0110\u1eb7t Grab 3 si\u00eau, an t\u00e2m di chuy\u1ec3n"},"content":{"rendered":"<p><img loading=\"lazy\" decoding=\"async\" width=\"1200\" height=\"600\" class=\"aligncenter size-full wp-image-111837\" src=\"https:\/\/assets.grab.com\/wp-content\/uploads\/sites\/11\/2022\/03\/09102730\/1200x600-10.jpg\" alt=\"\" srcset=\"https:\/\/assets.grab.com\/wp-content\/uploads\/sites\/11\/2022\/03\/09102730\/1200x600-10.jpg 1200w, https:\/\/assets.grab.com\/wp-content\/uploads\/sites\/11\/2022\/03\/09102730\/1200x600-10-250x125.jpg 250w, https:\/\/assets.grab.com\/wp-content\/uploads\/sites\/11\/2022\/03\/09102730\/1200x600-10-768x384.jpg 768w, https:\/\/assets.grab.com\/wp-content\/uploads\/sites\/11\/2022\/03\/09102730\/1200x600-10-700x350.jpg 700w, https:\/\/assets.grab.com\/wp-content\/uploads\/sites\/11\/2022\/03\/09102730\/1200x600-10-120x60.jpg 120w\" sizes=\"(max-width: 1200px) 100vw, 1200px\" \/><\/p>\n<p>&nbsp;<\/p>\n<p><span style=\"font-weight: 400\">\ud83c\udf1f Grab 3 Si\u00eau c\u00f3 g\u00ec si\u00eau n\u00e8? \ud83c\udf1f<\/span><\/p>\n<p><span style=\"font-weight: 400\">\ud83c\udf89 Si\u00eau nhi\u1ec1u t\u00e0i, si\u00eau an to\u00e0n v\u1edbi t\u00e0i x\u1ebf chu\u1ea9n th\u1ebb xanh, l\u1ea1i c\u00f2n si\u00eau chi\u1ec1u kh\u00e1ch n\u1eefa ch\u1ee9 sao!<\/span><\/p>\n<p><span style=\"font-weight: 400\">\ud83d\udef5 Di chuy\u1ec3n \u00edt nhi\u1ec1u g\u00ec Grab 3 Si\u00eau c\u0169ng chi\u1ec1u nha, \u0111i g\u1ea7n \u0111i xa ch\u1ec9 c\u1ea7n \u0111\u1eb7t chuy\u1ebfn l\u00e0 b\u00e1c t\u00e0i t\u1edbi li\u1ec1n, vui v\u1ebb v\u00e0 h\u1ea1n ch\u1ebf h\u1ee7y chuy\u1ebfn lu\u00f4n n\u00e8.<\/span><\/p>\n<p><span style=\"font-weight: 400\">\ud83d\ude98 \u0110i h\u1ecdc m\u00e0 ng\u1ea1i t\u00ecm b\u00e3i gi\u1eef xe th\u00ec \u0111\u1eb7t GrabBike, \u0111i l\u00e0m \u0111i c\u00f4ng vi\u1ec7c xa s\u1ee3 n\u1eafng ch\u00e1y da th\u00ec c\u00f3 GrabCar che h\u1ebft, t\u1ed1i khuya c\u00f3 1 2 3 d\u00f4 d\u00f4 c\u0169ng c\u00f3 th\u1ec3 y\u00ean t\u00e2m an to\u00e0n v\u1ec1 t\u1edbi c\u1eeda nh\u00e0.<\/span><\/p>\n<p><span style=\"font-weight: 400\">\ud83c\udf8a Nh\u1eadp m\u00e3 GB3SIEU hay GC3SIEU gi\u1ea3m t\u1edbi 30% tha h\u1ed3 ti\u1ebft ki\u1ec7m<\/span><\/p>\n<p><span style=\"font-weight: 400\">\ud83d\udcf1 Tha h\u1ed3 \u0111\u1eb7t xe \u0111i l\u00e0m, \u0111i h\u1ecdc, \u0111i ch\u01a1i si\u00eau ti\u1ebft ki\u1ec7m n\u00e8. L\u00ean xe ngay th\u00f4i!<\/span><\/p>\n<p>&nbsp;<\/p>\n<p><!--more--><\/p>\n<p><strong>Xem chi ti\u1ebft ch\u01b0\u01a1ng tr\u00ecnh GB3SIEU t\u1ea1i \u0111\u00e2y:<\/strong><\/p>\n<p>&#8211; \u01afu \u0111\u00e3i 30% (t\u1ed1i \u0111a 15.000\u0111) \u00e1p d\u1ee5ng cho d\u1ecbch v\u1ee5 GrabBike<\/p>\n<p>&#8211; \u00c1p d\u1ee5ng t\u1ea1i Tp.H\u00e0 N\u1ed9i v\u00e0 Th\u00e0nh ph\u1ed1 H\u1ed3 Ch\u00ed Minh<\/p>\n<p>&#8211; \u00c1p d\u1ee5ng trong khung gi\u1edd 9:00-17:00 m\u1ed7i ng\u00e0y.<\/p>\n<p>&#8211; \u00c1p d\u1ee5ng cho m\u1ecdi ph\u01b0\u01a1ng th\u1ee9c thanh to\u00e1n.<\/p>\n<p>&#8211; \u01afu \u0111\u00e3i kh\u00f4ng bao g\u1ed3m ph\u1ee5 ph\u00ed, ng\u01b0\u1eddi d\u00f9ng vui l\u00f2ng thanh to\u00e1n ph\u1ee5 ph\u00ed (n\u1ebfu c\u00f3) v\u1edbi \u0110\u1ed1i t\u00e1c t\u00e0i x\u1ebf.<\/p>\n<p>&#8211; M\u1ed7i ng\u01b0\u1eddi d\u00f9ng c\u00f3 th\u1ec3 s\u1eed d\u1ee5ng \u01b0u \u0111\u00e3i t\u1ed1i \u0111a 01 l\u1ea7n\/ng\u00e0y v\u00e0 10 l\u1ea7n trong su\u1ed1t th\u1eddi gian di\u1ec5n ra ch\u01b0\u01a1ng tr\u00ecnh.<\/p>\n<p>&#8211; S\u1ed1 l\u01b0\u1ee3ng \u01b0u \u0111\u00e3i c\u00f3 gi\u1edbi h\u1ea1n m\u1ed7i ng\u00e0y.<\/p>\n<p>&#8211; Ch\u1ec9 \u00e1p d\u1ee5ng cho ng\u01b0\u1eddi d\u00f9ng nh\u1eadn \u0111\u01b0\u1ee3c th\u00f4ng b\u00e1o.<\/p>\n<p>&#8211; Ch\u1ec9 \u00e1p d\u1ee5ng v\u1edbi phi\u00ean b\u1ea3n app m\u1edbi nh\u1ea5t.<\/p>\n<p>&nbsp;<\/p>\n<p><strong>Xem chi ti\u1ebft ch\u01b0\u01a1ng tr\u00ecnh GC3SIEU t\u1ea1i \u0111\u00e2y:<\/strong><\/p>\n<p>&#8211; \u01afu \u0111\u00e3i 30% (t\u1ed1i \u0111a 25.000\u0111) \u00e1p d\u1ee5ng cho d\u1ecbch v\u1ee5 GrabCar\/ GrabCar Plus\/ GrabCar Protect.<\/p>\n<p>&#8211; \u00c1p d\u1ee5ng t\u1ea1i Tp.H\u00e0 N\u1ed9i v\u00e0 Th\u00e0nh ph\u1ed1 H\u1ed3 Ch\u00ed Minh<\/p>\n<p>&#8211; \u00c1p d\u1ee5ng trong khung gi\u1edd 09:00-17:00 m\u1ed7i ng\u00e0y.<\/p>\n<p>&#8211; \u00c1p d\u1ee5ng cho m\u1ecdi ph\u01b0\u01a1ng th\u1ee9c thanh to\u00e1n.<\/p>\n<p>&#8211; \u01afu \u0111\u00e3i kh\u00f4ng bao g\u1ed3m ph\u1ee5 ph\u00ed, ng\u01b0\u1eddi d\u00f9ng vui l\u00f2ng thanh to\u00e1n ph\u1ee5 ph\u00ed (n\u1ebfu c\u00f3) v\u1edbi \u0110\u1ed1i t\u00e1c t\u00e0i x\u1ebf.<\/p>\n<p>&#8211; M\u1ed7i ng\u01b0\u1eddi d\u00f9ng c\u00f3 th\u1ec3 s\u1eed d\u1ee5ng \u01b0u \u0111\u00e3i t\u1ed1i \u0111a 01 l\u1ea7n\/ng\u00e0y v\u00e0 10 l\u1ea7n trong su\u1ed1t th\u1eddi gian di\u1ec5n ra ch\u01b0\u01a1ng tr\u00ecnh.<\/p>\n<p>&#8211; S\u1ed1 l\u01b0\u1ee3ng \u01b0u \u0111\u00e3i c\u00f3 gi\u1edbi h\u1ea1n m\u1ed7i ng\u00e0y.<\/p>\n<p>&#8211; Ch\u1ec9 \u00e1p d\u1ee5ng cho ng\u01b0\u1eddi d\u00f9ng nh\u1eadn \u0111\u01b0\u1ee3c th\u00f4ng b\u00e1o.<\/p>\n<p>&#8211; Ch\u1ec9 \u00e1p d\u1ee5ng v\u1edbi phi\u00ean b\u1ea3n app m\u1edbi nh\u1ea5t.<\/p>\n<p><!--more--><\/p>\n<p>&nbsp;<\/p>\n<p><a href=\"https:\/\/grab.onelink.me\/2695613898\/datxengay\"><img loading=\"lazy\" decoding=\"async\" class=\"aligncenter wp-image-109009\" src=\"https:\/\/assets.grab.com\/wp-content\/uploads\/sites\/11\/2022\/01\/20122452\/CTA-012.png\" alt=\"\" width=\"204\" height=\"50\" \/><\/a><\/p>\n","protected":false},"excerpt":{"rendered":"&nbsp; \ud83c\udf1f Grab 3 Si\u00eau c\u00f3 g\u00ec si\u00eau n\u00e8? \ud83c\udf1f \ud83c\udf89 Si\u00eau nhi\u1ec1u t\u00e0i, si\u00eau an to\u00e0n v\u1edbi t\u00e0i x\u1ebf chu\u1ea9n th\u1ebb xanh, l\u1ea1i c\u00f2n si\u00eau chi\u1ec1u kh\u00e1ch n\u1eefa ch\u1ee9 sao! \ud83d\udef5 Di chuy\u1ec3n \u00edt nhi\u1ec1u g\u00ec Grab 3 Si\u00eau c\u0169ng chi\u1ec1u nha, \u0111i g\u1ea7n \u0111i xa ch\u1ec9 c\u1ea7n \u0111\u1eb7t chuy\u1ebfn l\u00e0 b\u00e1c t\u00e0i t\u1edbi [&hellip;]","protected":false},"author":1250,"featured_media":0,"parent":0,"menu_order":0,"comment_status":"closed","ping_status":"closed","template":"","meta":{"_acf_changed":false,"footnotes":""},"acf":[],"_links":{"self":[{"href":"https:\/\/www.grab.com\/vn\/wp-json\/wp\/v2\/pages\/111656"}],"collection":[{"href":"https:\/\/www.grab.com\/vn\/wp-json\/wp\/v2\/pages"}],"about":[{"href":"https:\/\/www.grab.com\/vn\/wp-json\/wp\/v2\/types\/page"}],"author":[{"embeddable":true,"href":"https:\/\/www.grab.com\/vn\/wp-json\/wp\/v2\/users\/1250"}],"replies":[{"embeddable":true,"href":"https:\/\/www.grab.com\/vn\/wp-json\/wp\/v2\/comments?post=111656"}],"version-history":[{"count":5,"href":"https:\/\/www.grab.com\/vn\/wp-json\/wp\/v2\/pages\/111656\/revisions"}],"predecessor-version":[{"id":111836,"href":"https:\/\/www.grab.com\/vn\/wp-json\/wp\/v2\/pages\/111656\/revisions\/111836"}],"wp:attachment":[{"href":"https:\/\/www.grab.com\/vn\/wp-json\/wp\/v2\/media?parent=111656"}],"curies":[{"name":"wp","href":"https:\/\/api.w.org\/{rel}","templated":true}]}}