{"id":110970,"date":"2022-02-24T12:31:52","date_gmt":"2022-02-24T04:31:52","guid":{"rendered":"https:\/\/www.grab.com\/vn\/?page_id=110970"},"modified":"2022-02-24T12:32:45","modified_gmt":"2022-02-24T04:32:45","slug":"trai-nghiem-dich-vu-moi-di-chuyen-4-banh-gia-re-voi-grabcar-economy","status":"publish","type":"page","link":"https:\/\/www.grab.com\/vn\/trai-nghiem-dich-vu-moi-di-chuyen-4-banh-gia-re-voi-grabcar-economy\/","title":{"rendered":"Di chuy\u1ec3n 4 b\u00e1nh gi\u00e1 r\u1ebb v\u1edbi GrabCar Economy"},"content":{"rendered":"<p><b>Ch\u01b0\u01a1ng tr\u00ecnh gi\u1edbi thi\u1ec7u tr\u1ef1c ti\u1ebfp: Ra m\u1eaft d\u1ecbch v\u1ee5 di chuy\u1ec3n 4 b\u00e1nh gi\u00e1 r\u1ebb GrabCar Economy\u00a0<\/b><\/p>\n<p>\ud83d\ude99 V\u1eabn c\u00f3 b\u0103ng gh\u1ebf sau \u00eam \u00e1i, m\u00e1y l\u1ea1nh ph\u00e0 ph\u00e0, di chuy\u1ec3n an to\u00e0n kh\u1ecfi lo n\u1eafng m\u01b0a kh\u00f3i b\u1ee5i m\u00e0 c\u00f2n si\u00eau ti\u1ebft ki\u1ec7m ch\u00ednh l\u00e0\u00a0<b>GrabCar Economy<\/b>\u00a0ch\u1ee9 ai n\u1eefa n\u00e8.<\/p>\n<p>\ud83d\udc4c T\u1eeb h\u00f4m nay anh ch\u1ecb em n\u00e0o \u0111\u1eb7t chuy\u1ebfn t\u1eeb Nh\u00e0 B\u00e8, Th\u1ee7 \u0110\u1ee9c v\u00e0 Qu\u1eadn 12 \u0111\u1ec3 \u0111i h\u1ecdc, \u0111i l\u00e0m, g\u1eb7p g\u1ee1 \u0111\u1ed1i t\u00e1c hay \u0111\u1eb7t cho ph\u1ee5 huynh\u2026\u0111i ch\u1ee3 \u0111\u1ec1u c\u00f3 th\u1ec3 s\u1eed d\u1ee5ng d\u1ecbch v\u1ee5 GrabCar Economy v\u1eeba ti\u1ec7n l\u1ee3i an to\u00e0n l\u1ea1i c\u00f2n c\u00f3 m\u1ee9c gi\u00e1 ti\u1ebft ki\u1ec7m n\u1eefa n\u00e8.<\/p>\n<p><span class=\"pq6dq46d tbxw36s4 knj5qynh kvgmc6g5 ditlmg2l oygrvhab nvdbi5me sf5mxxl7 gl3lb2sf hhz5lgdu\"><img loading=\"lazy\" decoding=\"async\" src=\"https:\/\/static.xx.fbcdn.net\/images\/emoji.php\/v9\/tdd\/1.5\/16\/1f381.png\" alt=\"\ud83c\udf81\" width=\"16\" height=\"16\" \/>Ch\u01b0\u01a1ng tr\u00ecnh \u01b0u \u0111\u00e3i t\u1ea1i \u0111i\u1ec3m t\u1ed5 ch\u1ee9c: <\/span><\/p>\n<p><span class=\"pq6dq46d tbxw36s4 knj5qynh kvgmc6g5 ditlmg2l oygrvhab nvdbi5me sf5mxxl7 gl3lb2sf hhz5lgdu\">\ud83d\udc49Qu\u00e9t m\u00e3 QR \u0111\u1ec3 nh\u1eadn voucher \u01b0u \u0111\u00e3i 50% (t\u1ed1i \u0111a 20.000\u0111)<\/span><\/p>\n<p>\ud83d\udc49Tham gia v\u00f2ng quay may m\u1eafn 100% c\u00f3 qu\u00e0 t\u1eb7ng<\/p>\n<p>\ud83d\udcf2 Ch\u1edd g\u00ec n\u1eefa anh ch\u1ecb m\u00ecnh \u01a1i, l\u00ean xe ngay th\u00f4i!<\/p>\n<p>L\u01b0u \u00fd:<\/p>\n<p>\u2705D\u1ecbch v\u1ee5 GrabCar Economy hi\u1ec7n nay ch\u1ec9 \u00e1p d\u1ee5ng cho c\u00e1c cu\u1ed1c xe c\u00f3 \u0111i\u1ec3m \u0111\u00f3n t\u1ea1i Nh\u00e0 B\u00e8, Th\u1ee7 \u0110\u1ee9c v\u00e0 Qu\u1eadn 12 cho \u0111\u1ebfn khi c\u00f3 th\u00f4ng b\u00e1o m\u1edbi<\/p>\n<p>\u2705M\u00e3 \u01b0u \u0111\u00e3i nh\u00e2n d\u1ecbp ra m\u1eaft d\u1ecbch v\u1ee5 m\u1edbi l\u00e0 \u0111\u01b0\u1ee3c \u00e1p d\u1ee5ng cho c\u00e1c cu\u1ed1c xe c\u00f3 \u0111i\u1ec3m \u0111\u00f3n t\u1ea1i Nh\u00e0 B\u00e8, Th\u1ee7 \u0110\u1ee9c v\u00e0 Qu\u1eadn 12.<\/p>\n<p>\u2705M\u00e3 \u01b0u \u0111\u00e3i c\u1ee7a ch\u01b0\u01a1ng tr\u00ecnh c\u00f3 gi\u1edbi h\u1ea1n n\u00ean kh\u00e1ch h\u00e0ng nhanh tay tr\u1ea3i nghi\u1ec7m ngay d\u1ecbch v\u1ee5 m\u1edbi nh\u00e9<\/p>\n<p>&nbsp;<\/p>\n<p><!--more--><\/p>\n<p><strong>Xem chi ti\u1ebft ch\u01b0\u01a1ng tr\u00ecnh \u01b0u \u0111\u00e3i m\u00e3 scan QR code t\u1ea1i \u0111\u00e2y:<\/strong><\/p>\n<p>&#8211; \u01afu \u0111\u00e3i 50% (t\u1ed1i \u0111a 20.000\u0111) \u00e1p d\u1ee5ng cho d\u1ecbch v\u1ee5 GrabCar Economy.<\/p>\n<p>&#8211; \u01afu \u0111\u00e3i kh\u00f4ng bao g\u1ed3m ph\u1ee5 ph\u00ed, ng\u01b0\u1eddi d\u00f9ng vui l\u00f2ng thanh to\u00e1n ph\u1ee5 ph\u00ed (n\u1ebfu c\u00f3) v\u1edbi \u0110\u1ed1i t\u00e1c t\u00e0i x\u1ebf.<\/p>\n<p>&#8211; \u00c1p d\u1ee5ng cho c\u00e1c chuy\u1ebfn xe c\u00f3 \u0111i\u1ec3m \u0111\u00f3n t\u1ea1i Huy\u1ec7n Nh\u00e0 B\u00e8, Th\u1ee7 \u0110\u1ee9c v\u00e0 Qu\u1eadn 12 Tp.H\u1ed3 Ch\u00ed Minh.<\/p>\n<p>&#8211; S\u1ed1 l\u01b0\u1ee3ng khuy\u1ebfn m\u00e3i c\u00f3 h\u1ea1n, ch\u01b0\u01a1ng tr\u00ecnh c\u00f3 th\u1ec3 k\u1ebft th\u00fac s\u1edbm h\u01a1n d\u1ef1 ki\u1ebfn.<\/p>\n<p>&#8211; M\u1ed7i ng\u01b0\u1eddi d\u00f9ng \u0111\u01b0\u1ee3c s\u1eed d\u1ee5ng t\u1ed1i \u0111a 1 l\u1ea7n\/trong su\u1ed1t th\u1eddi gian di\u1ec5n ra ch\u01b0\u01a1ng tr\u00ecnh.<\/p>\n<p>&#8211; Th\u1eddi gian s\u1eed d\u1ee5ng \u01b0u \u0111\u00e3i t\u1eeb l\u00fac nh\u1eadn \u0111\u01b0\u1ee3c \u01b0u \u0111\u00e3i trong m\u1ee5c &#8220;\u01afu \u0111\u00e3i c\u1ee7a t\u00f4i\/ My rewards&#8221; \u0111\u1ebfn h\u1ebft ng\u00e0y 31\/3\/2022<\/p>\n<p>&#8211; Ch\u1ec9 \u00e1p d\u1ee5ng cho ng\u01b0\u1eddi d\u00f9ng scan QR code \u0111\u1ec3 nh\u1eadn \u01b0u \u0111\u00e3i t\u1ea1i ch\u01b0\u01a1ng tr\u00ecnh activation.<\/p>\n<p>&#8211; Ch\u1ec9 \u00e1p d\u1ee5ng v\u1edbi phi\u00ean b\u1ea3n app m\u1edbi nh\u1ea5t.<\/p>\n<p>&nbsp;<\/p>\n<div dir=\"auto\"><\/div>\n<p>&nbsp;<\/p>\n","protected":false},"excerpt":{"rendered":"Ch\u01b0\u01a1ng tr\u00ecnh gi\u1edbi thi\u1ec7u tr\u1ef1c ti\u1ebfp: Ra m\u1eaft d\u1ecbch v\u1ee5 di chuy\u1ec3n 4 b\u00e1nh gi\u00e1 r\u1ebb GrabCar Economy\u00a0 \ud83d\ude99 V\u1eabn c\u00f3 b\u0103ng gh\u1ebf sau \u00eam \u00e1i, m\u00e1y l\u1ea1nh ph\u00e0 ph\u00e0, di chuy\u1ec3n an to\u00e0n kh\u1ecfi lo n\u1eafng m\u01b0a kh\u00f3i b\u1ee5i m\u00e0 c\u00f2n si\u00eau ti\u1ebft ki\u1ec7m ch\u00ednh l\u00e0\u00a0GrabCar Economy\u00a0ch\u1ee9 ai n\u1eefa n\u00e8. \ud83d\udc4c T\u1eeb h\u00f4m nay [&hellip;]","protected":false},"author":1250,"featured_media":0,"parent":0,"menu_order":0,"comment_status":"closed","ping_status":"closed","template":"","meta":{"_acf_changed":false,"footnotes":""},"acf":[],"_links":{"self":[{"href":"https:\/\/www.grab.com\/vn\/wp-json\/wp\/v2\/pages\/110970"}],"collection":[{"href":"https:\/\/www.grab.com\/vn\/wp-json\/wp\/v2\/pages"}],"about":[{"href":"https:\/\/www.grab.com\/vn\/wp-json\/wp\/v2\/types\/page"}],"author":[{"embeddable":true,"href":"https:\/\/www.grab.com\/vn\/wp-json\/wp\/v2\/users\/1250"}],"replies":[{"embeddable":true,"href":"https:\/\/www.grab.com\/vn\/wp-json\/wp\/v2\/comments?post=110970"}],"version-history":[{"count":3,"href":"https:\/\/www.grab.com\/vn\/wp-json\/wp\/v2\/pages\/110970\/revisions"}],"predecessor-version":[{"id":110976,"href":"https:\/\/www.grab.com\/vn\/wp-json\/wp\/v2\/pages\/110970\/revisions\/110976"}],"wp:attachment":[{"href":"https:\/\/www.grab.com\/vn\/wp-json\/wp\/v2\/media?parent=110970"}],"curies":[{"name":"wp","href":"https:\/\/api.w.org\/{rel}","templated":true}]}}