{"id":110932,"date":"2022-02-23T20:38:02","date_gmt":"2022-02-23T12:38:02","guid":{"rendered":"https:\/\/www.grab.com\/vn\/?page_id=110932"},"modified":"2022-02-24T17:06:54","modified_gmt":"2022-02-24T09:06:54","slug":"chuong-trinh-an-ngon-mua-sam-tien-loi-nhan-ngay-qua-dieu-ky","status":"publish","type":"page","link":"https:\/\/www.grab.com\/vn\/chuong-trinh-an-ngon-mua-sam-tien-loi-nhan-ngay-qua-dieu-ky\/","title":{"rendered":"Ch\u01b0\u01a1ng tr\u00ecnh \u201c\u0102n ngon mua s\u1eafm ti\u1ec7n l\u1ee3i &#8211; Nh\u1eadn ngay qu\u00e0 di\u1ec7u k\u1ef3\u201d"},"content":{"rendered":"<p><img loading=\"lazy\" decoding=\"async\" class=\"alignnone wp-image-111000\" src=\"https:\/\/assets.grab.com\/wp-content\/uploads\/sites\/11\/2022\/02\/24170349\/PUSH_DISNEY_2402-250x125.jpg\" alt=\"\" width=\"1060\" height=\"530\" srcset=\"https:\/\/assets.grab.com\/wp-content\/uploads\/sites\/11\/2022\/02\/24170349\/PUSH_DISNEY_2402-250x125.jpg 250w, https:\/\/assets.grab.com\/wp-content\/uploads\/sites\/11\/2022\/02\/24170349\/PUSH_DISNEY_2402-768x384.jpg 768w, https:\/\/assets.grab.com\/wp-content\/uploads\/sites\/11\/2022\/02\/24170349\/PUSH_DISNEY_2402-700x350.jpg 700w, https:\/\/assets.grab.com\/wp-content\/uploads\/sites\/11\/2022\/02\/24170349\/PUSH_DISNEY_2402-120x60.jpg 120w, https:\/\/assets.grab.com\/wp-content\/uploads\/sites\/11\/2022\/02\/24170349\/PUSH_DISNEY_2402.jpg 1200w\" sizes=\"(max-width: 1060px) 100vw, 1060px\" \/><\/p>\n<p><b>C\u00e1c \u0110i\u1ec1u kho\u1ea3n &amp; \u0110i\u1ec1u ki\u1ec7n chung v\u00e0 Gi\u1edbi h\u1ea1n Tr\u00e1ch nhi\u1ec7m:<\/b><\/p>\n<ul>\n<li style=\"font-weight: 400\"><span style=\"font-weight: 400\">Walt Disney Company (Southeast Asia) Pte. Limited v\u00e0 c\u00f4ng ty m\u1eb9, c\u00e1c chi nh\u00e1nh, c\u00e1c c\u00f4ng ty con t\u01b0\u01a1ng \u1ee9ng kh\u00f4ng ch\u1ecbu tr\u00e1ch nhi\u1ec7m v\u1ec1 vi\u1ec7c qu\u1ea3ng b\u00e1, qu\u1ea3n l\u00fd ho\u1eb7c th\u1ef1c hi\u1ec7n Ch\u01b0\u01a1ng Tr\u00ecnh\u00a0 v\u00e0 ho\u1ea1t \u0111\u1ed9ng \u0111\u1ed5i th\u01b0\u1edfng n\u00e0y.\u00a0<\/span><\/li>\n<li style=\"font-weight: 400\"><span style=\"font-weight: 400\">Trong ph\u1ea1m vi t\u1ed1i \u0111a \u0111\u01b0\u1ee3c ph\u00e1p lu\u1eadt cho ph\u00e9p, b\u1eb1ng c\u00e1ch tham gia Ch\u01b0\u01a1ng Tr\u00ecnh n\u00e0y, b\u1ea1n th\u1eeba nh\u1eadn v\u00e0 \u0111\u1ed3ng \u00fd r\u1eb1ng Walt Disney Company (Southeast Asia) Pte. Limited v\u00e0 c\u00e1c c\u00f4ng ty v\u00e0 \u0111\u1ea1i l\u00fd li\u00ean k\u1ebft (g\u1ecdi chung l\u00e0 &#8220;<\/span><b>Disney<\/b><span style=\"font-weight: 400\">&#8220;) lo\u1ea1i tr\u1eeb tr\u00e1ch nhi\u1ec7m v\u00e0 m\u1ecdi ngh\u0129a v\u1ee5 ph\u00e1p l\u00fd ph\u00e1t sinh t\u1eeb b\u1ea5t k\u1ef3 s\u1ef1 tr\u00ec ho\u00e3n, h\u1ee7y b\u1ecf ho\u1eb7c thay \u0111\u1ed5i chi ti\u1ebft gi\u1ea3i th\u01b0\u1edfng n\u00e0o n\u1eb1m ngo\u00e0i t\u1ea7m ki\u1ec3m so\u00e1t h\u1ee3p l\u00fd c\u1ee7a Disney v\u00e0 \u0111\u1ed1i v\u1edbi b\u1ea5t k\u1ef3 h\u00e0nh \u0111\u1ed9ng ho\u1eb7c h\u00e0nh vi vi ph\u1ea1m ph\u00e1p lu\u1eadt c\u1ee7a b\u1ea5t k\u1ef3 nh\u00e0 cung c\u1ea5p b\u00ean th\u1ee9 ba n\u00e0o.<\/span><\/li>\n<li style=\"font-weight: 400\"><span style=\"font-weight: 400\">Ch\u01b0\u01a1ng Tr\u00ecnh s\u1ebd b\u1eaft \u0111\u1ea7u t\u1eeb ng\u00e0y 25 th\u00e1ng 02 n\u0103m 2022 \u0111\u1ebfn h\u1ebft ng\u00e0y 13 th\u00e1ng 03 n\u0103m 2022 ho\u1eb7c cho \u0111\u1ebfn khi h\u1ebft s\u1ed1 l\u01b0\u1ee3ng ph\u1ea7n th\u01b0\u1edfng, t\u00f9y th\u1eddi \u0111i\u1ec3m n\u00e0o \u0111\u1ebfn tr\u01b0\u1edbc<\/span><\/li>\n<li style=\"font-weight: 400\"><span style=\"font-weight: 400\">T\u00ednh n\u0103ng th\u1ef1c t\u1ebf \u1ea3o n\u00e0y s\u1ebd ng\u1eebng ho\u1ea1t \u0111\u1ed9ng sau ng\u00e0y 30 th\u00e1ng 4 n\u0103m 2022.<\/span><\/li>\n<li style=\"font-weight: 400\"><span style=\"font-weight: 400\">\u0110\u1ec3 nh\u1eadn \u0111\u01b0\u1ee3c G\u1ea5u b\u00f4ng Disney (\u201c<\/span><b>Ph<\/b><span style=\"font-weight: 400\">\u1ea7n<\/span><b> th\u01b0\u1edfng<\/b><span style=\"font-weight: 400\">\u201d), b\u1ea1n ph\u1ea3i \u0111\u1eb7t m\u1ed9t \u0111\u01a1n h\u00e0ng qua GrabSupermarket ho\u1eb7c GrabFoodcourt v\u1edbi gi\u00e1 tr\u1ecb \u0111\u01a1n h\u00e0ng t\u1ed1i thi\u1ec3u t\u1eeb 250.000\u0111 trong th\u1eddi gian di\u1ec5n ra Ch\u01b0\u01a1ng Tr\u00ecnh. Ph\u1ea7n th\u01b0\u1edfng s\u1ebd \u0111\u01b0\u1ee3c giao c\u00f9ng v\u1edbi \u0111\u01a1n h\u00e0ng \u0111\u1ebfn \u0111\u1ecba ch\u1ec9 \u0111\u1eb7t h\u00e0ng c\u1ee7a b\u1ea1n. Ph\u1ea7n th\u01b0\u1edfng \u0111\u01b0\u1ee3c l\u1ef1a ch\u1ecdn ng\u1eabu nhi\u00ean. Grab s\u1ebd kh\u00f4ng ch\u1ecbu tr\u00e1ch nhi\u1ec7m \u0111\u1ed1i v\u1edbi b\u1ea5t k\u1ef3 Ph\u1ea7n th\u01b0\u1edfng n\u00e0o b\u1ecb m\u1ea5t ho\u1eb7c h\u01b0 h\u1ecfng trong qu\u00e1 tr\u00ecnh v\u1eadn chuy\u1ec3n v\u00e0 s\u1ebd kh\u00f4ng gi\u1ea3i quy\u1ebft vi\u1ec7c thay th\u1ebf, thanh to\u00e1n ho\u1eb7c b\u1ed3i ho\u00e0n.<\/span><\/li>\n<li style=\"font-weight: 400\"><span style=\"font-weight: 400\">T\u1ea5t c\u1ea3 c\u00e1c Ph\u1ea7n th\u01b0\u1edfng \u0111\u1ec1u kh\u00f4ng \u0111\u01b0\u1ee3c chuy\u1ec3n nh\u01b0\u1ee3ng v\u00e0 kh\u00f4ng \u0111\u01b0\u1ee3c quy \u0111\u1ed5i th\u00e0nh ti\u1ec1n m\u1eb7t.<\/span><\/li>\n<li style=\"font-weight: 400\"><span style=\"font-weight: 400\">Grab b\u1ea3o l\u01b0u quy\u1ec1n duy nh\u1ea5t v\u00e0 tuy\u1ec7t \u0111\u1ed1i \u0111\u1ec3 r\u00fat l\u1ea1i, s\u1eeda \u0111\u1ed5i v\u00e0\/ ho\u1eb7c thay \u0111\u1ed5i b\u1ea5t k\u1ef3 ph\u1ea7n n\u00e0o c\u1ee7a to\u00e0n b\u1ed9 c\u00e1c \u0111i\u1ec1u kho\u1ea3n v\u00e0 \u0111i\u1ec1u ki\u1ec7n li\u00ean quan \u0111\u1ebfn Ch\u01b0\u01a1ng Tr\u00ecnh n\u00e0y v\u00e0o b\u1ea5t k\u1ef3 l\u00fac n\u00e0o m\u00e0 kh\u00f4ng c\u1ea7n th\u00f4ng b\u00e1o tr\u01b0\u1edbc cho b\u1ea1n v\u00e0 b\u1ea1n \u0111\u1ed3ng \u00fd b\u1ecb r\u00e0ng bu\u1ed9c b\u1edfi nh\u1eefng thay \u0111\u1ed5i \u0111\u00f3.<\/span><\/li>\n<li style=\"font-weight: 400\"><span style=\"font-weight: 400\">C\u00e1c quy\u1ebft \u0111\u1ecbnh c\u1ee7a Grab trong b\u1ea5t k\u1ef3 v\u1ea5n \u0111\u1ec1 n\u00e0o li\u00ean quan \u0111\u1ebfn Ch\u01b0\u01a1ng Tr\u00ecnh s\u1ebd l\u00e0 quy\u1ebft \u0111\u1ecbnh cu\u1ed1i c\u00f9ng v\u00e0 mang t\u00ednh k\u1ebft lu\u1eadn.<\/span><\/li>\n<li style=\"font-weight: 400\"><span style=\"font-weight: 400\">Grab kh\u00f4ng ch\u1ecbu tr\u00e1ch nhi\u1ec7m \u0111\u1ed1i v\u1edbi b\u1ea5t k\u1ef3 khi\u1ebfu n\u1ea1i n\u00e0o c\u1ee7a kh\u00e1ch h\u00e0ng ho\u1eb7c b\u00ean th\u1ee9 ba ho\u1eb7c b\u1ea5t k\u1ef3 t\u1ed5n th\u1ea5t n\u00e0o, bao g\u1ed3m nh\u01b0ng kh\u00f4ng gi\u1edbi h\u1ea1n \u1edf, m\u1ea5t l\u1ee3i nhu\u1eadn, c\u00e1c thi\u1ec7t h\u1ea1i do tr\u1eebng ph\u1ea1t, mang t\u00ednh gi\u00e1n ti\u1ebfp, \u0111\u1eb7c bi\u1ec7t, ng\u1eabu nhi\u00ean ho\u1eb7c h\u1ec7 qu\u1ea3 ho\u1eb7c cho c\u00e1c thi\u1ec7t h\u1ea1i kh\u00e1c v\u00e0 b\u1ea5t k\u1ef3 khi\u1ebfu n\u1ea1i n\u00e0o li\u00ean quan \u0111\u1ebfn y\u00eau c\u1ea7u b\u1ed3i th\u01b0\u1eddng d\u01b0\u1edbi b\u1ea5t k\u1ef3 h\u00ecnh th\u1ee9c n\u00e0o, bao g\u1ed3m tr\u1ef1c ti\u1ebfp, gi\u00e1n ti\u1ebfp, b\u00ean th\u1ee9 ba, mang t\u00ednh h\u1ec7 qu\u1ea3 ho\u1eb7c c\u00e1c thi\u1ec7t h\u1ea1i kh\u00e1c ph\u00e1t sinh t\u1eeb ho\u1eb7c li\u00ean quan \u0111\u1ebfn Ch\u01b0\u01a1ng Tr\u00ecnh n\u00e0y.<\/span><\/li>\n<li style=\"font-weight: 400\"><span style=\"font-weight: 400\">B\u1eb1ng c\u00e1ch tham gia v\u00e0o Ch\u01b0\u01a1ng Tr\u00ecnh n\u00e0y, b\u1ea1n x\u00e1c nh\u1eadn r\u1eb1ng b\u1ea1n \u0111\u00e3 \u0111\u1ecdc, hi\u1ec3u v\u00e0 \u0111\u1ed3ng \u00fd b\u1ecb r\u00e0ng bu\u1ed9c b\u1edfi c\u00e1c \u0111i\u1ec1u kho\u1ea3n v\u00e0 \u0111i\u1ec1u ki\u1ec7n n\u00e0y. Ngo\u00e0i ra, b\u1ea1n x\u00e1c nh\u1eadn th\u00eam r\u1eb1ng b\u1ea1n \u0111\u00e3 \u0111\u1ecdc v\u00e0 hi\u1ec3u nh\u1eefng \u0111i\u1ec1u \u0111\u00e3 n\u00f3i \u1edf tr\u00ean v\u00e0 \u0111\u1ed3ng \u00fd cho ph\u00e9p Grab s\u1eed d\u1ee5ng d\u1eef li\u1ec7u c\u00e1 nh\u00e2n c\u1ee7a b\u1ea1n cho c\u00e1c m\u1ee5c \u0111\u00edch li\u00ean quan \u0111\u1ebfn Ch\u01b0\u01a1ng Tr\u00ecnh v\u00e0 ph\u00f9 h\u1ee3p v\u1edbi Th\u00f4ng b\u00e1o B\u1ea3o m\u1eadt c\u1ee7a Grab. B\u1ea1n c\u0169ng th\u1eeba nh\u1eadn v\u00e0 \u0111\u1ed3ng \u00fd b\u1ecb r\u00e0ng bu\u1ed9c v\u1ec1 m\u1eb7t ph\u00e1p l\u00fd b\u1edfi c\u00e1c \u0111i\u1ec1u kho\u1ea3n v\u00e0 \u0111i\u1ec1u ki\u1ec7n c\u1ee7a Grab \u0111\u01b0\u1ee3c c\u00f4ng b\u1ed1 tr\u00ean https:\/\/www.grab.com\/terms-policies\/ v\u00e0 c\u00e1c quy\u1ebft \u0111\u1ecbnh c\u1ee7a Grab m\u00e0 kh\u00f4ng c\u00f3 gi\u1edbi h\u1ea1n ho\u1eb7c \u0111i\u1ec1u ki\u1ec7n.\u00a0<\/span><\/li>\n<\/ul>\n<p>&nbsp;<\/p>\n<p><b>GRAB \u2018THE GIFT OF MAGIC\u2019 WITH DISNEY CAMPAIGN\u00a0<\/b><\/p>\n<p><b>General Terms &amp; Limitation of Liability:<\/b><\/p>\n<ul>\n<li style=\"font-weight: 400\"><span style=\"font-weight: 400\">The Walt Disney Company (Southeast Asia) Pte. Limited and each of their respective parent, affiliates, and subsidiaries (collectively, \u201c<\/span><b>Disney<\/b><span style=\"font-weight: 400\">\u201d) are not responsible for the promotion, administration or execution of this reward redemption campaign (\u201c<\/span><b>Campaign<\/b><span style=\"font-weight: 400\">\u201d) and\/or the delivery of the Prizes, and exclude responsibility and all liabilities arising from the Contest and\/or the Prizes.<\/span><\/li>\n<li style=\"font-weight: 400\"><span style=\"font-weight: 400\">To the fullest extent permitted by law, you acknowledge and agree that by entering this Campaign, The Walt Disney Company (Southeast Asia) Pte. Limited. and its associated companies and agents (collectively, \u201cDisney\u201d) exclude responsibility and all liabilities arising from any postponement, cancellation, delay or changes to the prize details beyond Disney\u2019s reasonable control and for any act or default of any third party supplier.<\/span><\/li>\n<li style=\"font-weight: 400\"><span style=\"font-weight: 400\">The <\/span><span style=\"font-weight: 400\">Campaign period is <\/span><span style=\"font-weight: 400\">from 25 Feb 2022 to 13 Mar 2022 (\u201c<\/span><b>Campaign Period<\/b><span style=\"font-weight: 400\">\u201d).\u00a0<\/span><\/li>\n<li style=\"font-weight: 400\"><span style=\"font-weight: 400\">The Campaign\u2019s AR (Augmented Reality) Experience is inclusive of AR scan code which will be valid within the first 3 months from Campaign start date. This AR Experience function will discontinue after 26 April 2022 onwards.<\/span><\/li>\n<li style=\"font-weight: 400\"><span style=\"font-weight: 400\">In order to redeem a Disney Plushie (\u201cPrize\u201d), you must place one GrabSupermarket or GrabFoodcourt order of at least 250.000\u0111 during the Campaign Period. Prizes are available on a first come first served basis and will be given out randomly.\u00a0 The Prizes will be sent to the delivery address used in the latest qualifying transaction. Grab will not be liable for any Prizes which are lost or damaged during delivery and no claims for replacement, payment or compensation will be entertained.\u00a0<\/span><\/li>\n<li style=\"font-weight: 400\"><span style=\"font-weight: 400\">All Prizes are non-transferable and cannot be converted into cash. In the unlikely event that a prize should become unavailable for any reason whatsoever Grab reserves the right to substitute a prize which it determines, in its sole discretion, as being of equal value.<\/span><\/li>\n<li style=\"font-weight: 400\"><span style=\"font-weight: 400\">Grab reserves the sole and absolute right to withdraw, amend and\/or alter any part of the whole terms and conditions in relation to this Campaign at any time without giving any prior notice to the Customers and the Customers agree to be bound by those changes.<\/span><\/li>\n<li style=\"font-weight: 400\"><span style=\"font-weight: 400\">Grab\u2019s decisions in any matter in relation to the Campaign shall be final and conclusive.<\/span><\/li>\n<li style=\"font-weight: 400\"><span style=\"font-weight: 400\">Grab shall not be liable for any claims by the Customers or third-party claims or losses of any nature, including but not limited to, loss of profits, punitive, indirect, special, incidental, or consequential damages or for other damages and any related claims of any nature, including direct, indirect, third-part, consequential or other damages resulting from or in connection with this Campaign.<\/span><\/li>\n<li style=\"font-weight: 400\"><span style=\"font-weight: 400\">By taking part in this Campaign, you have indicated that you have read, understood and agreed to be bound by these terms and conditions. Further, you acknowledge that you have read and understood the foregoing and consent to the use of your personal data as set out above and in accordance with Grab\u2019s Privacy Notice. You also acknowledge and agree to be legally bound by Grab\u2019s terms and conditions published on https:\/\/www.grab.com\/terms-policies\/ and decisions of Grab without limitation or qualification. You further agree that all decisions from Grab shall be final and conclusive.<\/span><\/li>\n<\/ul>\n","protected":false},"excerpt":{"rendered":"C\u00e1c \u0110i\u1ec1u kho\u1ea3n &amp; \u0110i\u1ec1u ki\u1ec7n chung v\u00e0 Gi\u1edbi h\u1ea1n Tr\u00e1ch nhi\u1ec7m: Walt Disney Company (Southeast Asia) Pte. Limited v\u00e0 c\u00f4ng ty m\u1eb9, c\u00e1c chi nh\u00e1nh, c\u00e1c c\u00f4ng ty con t\u01b0\u01a1ng \u1ee9ng kh\u00f4ng ch\u1ecbu tr\u00e1ch nhi\u1ec7m v\u1ec1 vi\u1ec7c qu\u1ea3ng b\u00e1, qu\u1ea3n l\u00fd ho\u1eb7c th\u1ef1c hi\u1ec7n Ch\u01b0\u01a1ng Tr\u00ecnh\u00a0 v\u00e0 ho\u1ea1t \u0111\u1ed9ng \u0111\u1ed5i th\u01b0\u1edfng n\u00e0y.\u00a0 Trong ph\u1ea1m [&hellip;]","protected":false},"author":1078,"featured_media":111000,"parent":0,"menu_order":0,"comment_status":"closed","ping_status":"closed","template":"","meta":{"_acf_changed":false,"footnotes":""},"acf":[],"_links":{"self":[{"href":"https:\/\/www.grab.com\/vn\/wp-json\/wp\/v2\/pages\/110932"}],"collection":[{"href":"https:\/\/www.grab.com\/vn\/wp-json\/wp\/v2\/pages"}],"about":[{"href":"https:\/\/www.grab.com\/vn\/wp-json\/wp\/v2\/types\/page"}],"author":[{"embeddable":true,"href":"https:\/\/www.grab.com\/vn\/wp-json\/wp\/v2\/users\/1078"}],"replies":[{"embeddable":true,"href":"https:\/\/www.grab.com\/vn\/wp-json\/wp\/v2\/comments?post=110932"}],"version-history":[{"count":8,"href":"https:\/\/www.grab.com\/vn\/wp-json\/wp\/v2\/pages\/110932\/revisions"}],"predecessor-version":[{"id":111001,"href":"https:\/\/www.grab.com\/vn\/wp-json\/wp\/v2\/pages\/110932\/revisions\/111001"}],"wp:featuredmedia":[{"embeddable":true,"href":"https:\/\/www.grab.com\/vn\/wp-json\/wp\/v2\/media\/111000"}],"wp:attachment":[{"href":"https:\/\/www.grab.com\/vn\/wp-json\/wp\/v2\/media?parent=110932"}],"curies":[{"name":"wp","href":"https:\/\/api.w.org\/{rel}","templated":true}]}}