{"id":110195,"date":"2022-02-10T13:50:09","date_gmt":"2022-02-10T05:50:09","guid":{"rendered":"https:\/\/www.grab.com\/vn\/?page_id=110195"},"modified":"2022-02-10T14:19:55","modified_gmt":"2022-02-10T06:19:55","slug":"di-hoc-roi-minh-grabbike-thoi","status":"publish","type":"page","link":"https:\/\/www.grab.com\/vn\/di-hoc-roi-minh-grabbike-thoi\/","title":{"rendered":"\u0110I H\u1eccC R\u1ed2I, M\u00ccNH GRABBIKE TH\u00d4I"},"content":{"rendered":"<p><img loading=\"lazy\" decoding=\"async\" width=\"1200\" height=\"600\" class=\"aligncenter size-full wp-image-110196\" src=\"https:\/\/assets.grab.com\/wp-content\/uploads\/sites\/11\/2022\/02\/10133958\/1200x600-2.jpg\" alt=\"\" \/><\/p>\n<p>&nbsp;<\/p>\n<p><span style=\"font-weight: 400\">\ud83c\udf92Tr\u1edf l\u1ea1i tr\u01b0\u1eddng th\u1eadt r\u1ed3i c\u1ea3 nh\u00e0 \u01a1i! \ud83c\udfeb<\/span><\/p>\n<p><span style=\"font-weight: 400\">\ud83d\udef5 Nh\u1edb \u0111\u1eb7t m\u1ed9t chi\u1ebfc GrabBike \u0111\u1ec3 ng\u00e0y \u0111\u1ea7u \u0111\u1ebfn tr\u01b0\u1eddng th\u1eadt l\u00e0 &#8220;tr\u1ecdn ni\u1ec1m vui&#8221; lu\u00f4n nha c\u1ea3 nh\u00e0 iu. V\u1eeba kh\u1ecfi d\u1eaft xe \u0111\u1ec1 m\u00e1y, c\u0169ng kh\u00f4ng c\u1ea7n chen nhau trong b\u00e3i xe ch\u1eadt ch\u1ed9i, ch\u1ec9 c\u1ea7n b\u01b0\u1edbc xu\u1ed1ng xe v\u00e0 \u0111i th\u1eb3ng v\u00e0o s\u00e2n tr\u01b0\u1eddng m\u00e1t r\u01b0\u1ee3i, tuy\u1ec7t v\u1eddi \ud83c\udf1e!<\/span><\/p>\n<p><span style=\"font-weight: 400\">\ud83d\udee1 \u0110\u00e3 si\u00eau an to\u00e0n v\u1edbi b\u00e1c t\u00e0i chu\u1ea9n th\u1ebb xanh r\u1ed3i c\u00f2n si\u00eau ti\u1ebft ki\u1ec7m n\u1eefa.<\/span><\/p>\n<p><span style=\"font-weight: 400\">\ud83c\udf89 Nh\u1eadp m\u00e3 DIHOCLAI \u0111\u1ed3ng gi\u00e1 15.000\u0111 cho c\u00e1c chuy\u1ebfn GrabBike c\u00f3 c\u01b0\u1edbc ph\u00ed d\u01b0\u1edbi ho\u1eb7c b\u1eb1ng 30.000\u0111. Khi k\u1ebft th\u00fac chuy\u1ebfn nh\u1eadn th\u00eam voucher GrabBike 20% (gi\u1ea3m t\u1ed1i \u0111a 10.000\u0111) cho chuy\u1ebfn ti\u1ebfp theo.<\/span><\/p>\n<p><span style=\"font-weight: 400\">\ud83d\ude0e Ng\u00e0y \u0111\u1ea7u tr\u1edf l\u1ea1i tr\u01b0\u1eddng m\u00e0 \u0111\u1eb7t xe c\u00f3 li\u1ec1n, \u0111i th\u1eb3ng m\u1ed9t m\u1ea1ch t\u1eeb nh\u00e0 v\u00f4 c\u1ed5ng tr\u01b0\u1eddng th\u00ec s\u1ef1 h\u1ecdc trong n\u0103m m\u1edbi hanh th\u00f4ng, \u0111\u1ea7u xu\u00f4i \u0111u\u00f4i l\u1ecdt ph\u1ea3i kh\u00f4ng n\u00e0o?\u00a0<\/span><\/p>\n<p><span style=\"font-weight: 400\">\ud83d\udcf2\u00a0 L\u00ean xe \u0111\u1ebfn tr\u01b0\u1eddng ngay th\u00f4i!<\/span><\/p>\n<p>&nbsp;<\/p>\n<p><strong>Xem chi ti\u1ebft ch\u01b0\u01a1ng tr\u00ecnh t\u1ea1i \u0111\u00e2y:<\/strong><\/p>\n<p>&#8211; \u0110\u1ed3ng gi\u00e1 15.000\u0111 cho c\u00e1c chuy\u1ebfn xe c\u00f3 c\u01b0\u1edbc ph\u00ed d\u01b0\u1edbi ho\u1eb7c b\u1eb1ng 30.000\u0111.<\/p>\n<p>&#8211; V\u1edbi c\u00e1c chuy\u1ebfn xe c\u00f3 c\u01b0\u1edbc ph\u00ed t\u1eeb 31.000\u0111 tr\u1edf l\u00ean, \u01b0u \u0111\u00e3i t\u1ed1i \u0111a 15.000\u0111.<\/p>\n<p>&#8211; \u00c1p d\u1ee5ng cho c\u00e1c chuy\u1ebfn xe GrabBike\/ GrabBike Plus\/ GrabBike Premium t\u1ea1i TP.HCM v\u00e0 H\u00e0 N\u1ed9i.<\/p>\n<p>&#8211; Nh\u1eadn ngay \u01b0u \u0111\u00e3i 20% (t\u1ed1i \u0111a 10.000\u0111) x 01 chuy\u1ebfn GrabBike ti\u1ebfp theo c\u00f3 gi\u00e1 tr\u1ecb s\u1eed d\u1ee5ng trong v\u00f2ng 01 ng\u00e0y k\u1ec3 t\u1eeb ng\u00e0y nh\u1eadn.<\/p>\n<p>&#8211; \u01afu \u0111\u00e3i kh\u00f4ng bao g\u1ed3m ph\u1ee5 ph\u00ed, ng\u01b0\u1eddi d\u00f9ng vui l\u00f2ng thanh to\u00e1n ph\u1ee5 ph\u00ed (n\u1ebfu c\u00f3) v\u1edbi \u0110\u1ed1i t\u00e1c t\u00e0i x\u1ebf.<\/p>\n<p>&#8211; M\u1ed7i ng\u01b0\u1eddi d\u00f9ng c\u00f3 th\u1ec3 s\u1eed d\u1ee5ng \u01b0u \u0111\u00e3i t\u1ed1i \u0111a 01 l\u1ea7n\/ ng\u00e0y v\u00e0 20 l\u1ea7n trong su\u1ed1t th\u1eddi gian di\u1ec5n ra ch\u01b0\u01a1ng tr\u00ecnh.<\/p>\n<p>&#8211; S\u1ed1 l\u01b0\u1ee3ng \u01b0u \u0111\u00e3i c\u00f3 gi\u1edbi h\u1ea1n m\u1ed7i ng\u00e0y.<\/p>\n<p>&#8211; Ch\u1ec9 \u00e1p d\u1ee5ng cho ng\u01b0\u1eddi d\u00f9ng nh\u1eadn \u0111\u01b0\u1ee3c th\u00f4ng b\u00e1o.<\/p>\n<p>&#8211; Ch\u1ec9 \u00e1p d\u1ee5ng v\u1edbi phi\u00ean b\u1ea3n app m\u1edbi nh\u1ea5t.<\/p>\n<p>&nbsp;<\/p>\n<p><!--more--><\/p>\n<p><a href=\"https:\/\/grab.onelink.me\/2695613898\/bookxengay\"><img loading=\"lazy\" decoding=\"async\" class=\"aligncenter wp-image-109009\" src=\"https:\/\/assets.grab.com\/wp-content\/uploads\/sites\/11\/2022\/01\/20122452\/CTA-012.png\" alt=\"\" width=\"204\" height=\"50\" \/><\/a><\/p>\n","protected":false},"excerpt":{"rendered":"&nbsp; \ud83c\udf92Tr\u1edf l\u1ea1i tr\u01b0\u1eddng th\u1eadt r\u1ed3i c\u1ea3 nh\u00e0 \u01a1i! \ud83c\udfeb \ud83d\udef5 Nh\u1edb \u0111\u1eb7t m\u1ed9t chi\u1ebfc GrabBike \u0111\u1ec3 ng\u00e0y \u0111\u1ea7u \u0111\u1ebfn tr\u01b0\u1eddng th\u1eadt l\u00e0 &#8220;tr\u1ecdn ni\u1ec1m vui&#8221; lu\u00f4n nha c\u1ea3 nh\u00e0 iu. V\u1eeba kh\u1ecfi d\u1eaft xe \u0111\u1ec1 m\u00e1y, c\u0169ng kh\u00f4ng c\u1ea7n chen nhau trong b\u00e3i xe ch\u1eadt ch\u1ed9i, ch\u1ec9 c\u1ea7n b\u01b0\u1edbc xu\u1ed1ng xe v\u00e0 \u0111i th\u1eb3ng [&hellip;]","protected":false},"author":1250,"featured_media":0,"parent":0,"menu_order":0,"comment_status":"closed","ping_status":"closed","template":"","meta":{"_acf_changed":false,"footnotes":""},"acf":[],"_links":{"self":[{"href":"https:\/\/www.grab.com\/vn\/wp-json\/wp\/v2\/pages\/110195"}],"collection":[{"href":"https:\/\/www.grab.com\/vn\/wp-json\/wp\/v2\/pages"}],"about":[{"href":"https:\/\/www.grab.com\/vn\/wp-json\/wp\/v2\/types\/page"}],"author":[{"embeddable":true,"href":"https:\/\/www.grab.com\/vn\/wp-json\/wp\/v2\/users\/1250"}],"replies":[{"embeddable":true,"href":"https:\/\/www.grab.com\/vn\/wp-json\/wp\/v2\/comments?post=110195"}],"version-history":[{"count":3,"href":"https:\/\/www.grab.com\/vn\/wp-json\/wp\/v2\/pages\/110195\/revisions"}],"predecessor-version":[{"id":110200,"href":"https:\/\/www.grab.com\/vn\/wp-json\/wp\/v2\/pages\/110195\/revisions\/110200"}],"wp:attachment":[{"href":"https:\/\/www.grab.com\/vn\/wp-json\/wp\/v2\/media?parent=110195"}],"curies":[{"name":"wp","href":"https:\/\/api.w.org\/{rel}","templated":true}]}}