{"id":108486,"date":"2022-01-12T14:17:39","date_gmt":"2022-01-12T06:17:39","guid":{"rendered":"https:\/\/www.grab.com\/vn\/?page_id=108486"},"modified":"2022-01-13T17:50:02","modified_gmt":"2022-01-13T09:50:02","slug":"ve-nha-don-tet-grab-1-tang-1-2","status":"publish","type":"page","link":"https:\/\/www.grab.com\/vn\/ve-nha-don-tet-grab-1-tang-1-2\/","title":{"rendered":"V\u1ec0 NH\u00c0 \u0110\u00d3N T\u1ebeT, GRAB 1 T\u1eb6NG 1"},"content":{"rendered":"<p><img loading=\"lazy\" decoding=\"async\" width=\"1200\" height=\"600\" class=\"alignnone size-full wp-image-108488\" src=\"https:\/\/assets.grab.com\/wp-content\/uploads\/sites\/11\/2022\/01\/12141731\/1200x600-18.jpg\" alt=\"\" \/><\/p>\n<p>&nbsp;<\/p>\n<p><span style=\"font-weight: 400\">\ud83c\udf89\ufe0f Anh ch\u1ecb n\u00e0o s\u1eafp ra s\u00e2n bay, t\u00e0u xe v\u1ec1 qu\u00ea \u0103n T\u1ebft kh\u00f4ng th\u1ec3 b\u1ecf qua th\u00f4ng tin n\u00e0y \u0111\u00e2u nha!<\/span><\/p>\n<p><span style=\"font-weight: 400\">\ud83c\udf38\ud83c\udf3c T\u1ebft \u0111ang v\u1ec1 thong th\u1ea3 tr\u00ean c\u00e1c con ph\u1ed1, trong l\u00f2ng ng\u01b0\u1eddi c\u0169ng n\u00f4n nao h\u01a1n, anh ch\u1ecb em n\u00e0o \u0111i h\u1ecdc, \u0111i l\u00e0m xa nh\u00e0 h\u1eb3n c\u0169ng \u0111\u00e3 b\u1eaft \u0111\u1ea7u ngh\u0129 v\u1ec1 ph\u00fat gi\u00e2y \u0111o\u00e0n t\u1ee5 v\u1edbi gia \u0111\u00ecnh sau m\u1ed9t n\u0103m xa c\u00e1ch ph\u1ea3i kh\u00f4ng n\u00e8?<\/span><\/p>\n<p><span style=\"font-weight: 400\">\ud83d\udef5\ud83d\ude98\u00a0 Grab xin &#8220;t\u00e0i tr\u1ee3&#8221; \u01b0u \u0111\u00e3i \u0111i <em><strong>1 t\u1eb7ng 1<\/strong> <\/em>cho c\u00e1c kh\u00e1ch iu \u0111\u1ec3 chuy\u1ebfn v\u1ec1 qu\u00ea th\u00eam ph\u1ea7n tr\u1ecdn v\u1eb9n nha:<\/span><\/p>\n<p><span style=\"font-weight: 400\">\ud83c\udf8a\ufe0f Nh\u1eadp m\u00e3 <strong>VENHA<\/strong> \u01b0u \u0111\u00e3i \u0111\u1ebfn 50.000\u0111 khi \u0111\u1eb7t <strong>Grab<\/strong> \u0111\u1ebfn c\u00e1c nh\u00e0 xe, s\u00e2n bay, nh\u00e0 ga kh\u1edfi h\u00e0nh*.<\/span><\/p>\n<p><span style=\"font-weight: 400\">\ud83c\udf8a\ufe0f H\u00e0nh kh\u00e1ch sau khi \u0111\u1ebfn \u0111\u1ecba ph\u01b0\u01a1ng s\u1ebd nh\u1eadn ti\u1ebfp \u01b0u \u0111\u00e3i chuy\u1ebfn <strong>Grab<\/strong> \u01b0u \u0111\u00e3i \u0111\u1ebfn 50% \u0111\u1ec3 di chuy\u1ec3n t\u1eeb s\u00e2n bay, nh\u00e0 xe v\u1ec1 nh\u00e0.<\/span><\/p>\n<p><span style=\"font-weight: 400\">\ud83d\udcf1 S\u1eafp \u0111\u01b0\u1ee3c tr\u1edf v\u1ec1 ng\u00f4i nh\u00e0 th\u00e2n quen, g\u1eb7p ba m\u00e1 \u00f4ng b\u00e0 ng\u01b0\u1eddi th\u00e2n r\u1ed3i c\u1ea3 nh\u00e0 \u01a1i. Ch\u1edd g\u00ec n\u1eefa nhanh tay mua v\u00e9, so\u1ea1n \u0111\u1ed3, \u0111\u1eb7t <strong>Grab<\/strong> ngay th\u00f4i!<\/span><\/p>\n<p><a href=\"https:\/\/grab.onelink.me\/2695613898?pid=Facebook&amp;c=VN__KCT-KCTALL_PAX_GM_ALL_3122021_AW-MARA-REACH_3PL__VN21GMPBM2DDAY1212_GrabMartDoubleDay12.12&amp;is_retargeting=true&amp;af_dp=grab%3A%2F%2Fopen%3FscreenType%3DBOOKING&amp;af_force_deeplink=true&amp;af_sub5=social-paid&amp;af_ad=VN__KCT-KCTALL_PAX_GM_ALL_3122021_AW-MARA-REACH_3PL__VN21GMPBM2DDAY1212_appusers_ImageAd_ImageAd-_VN21GMPBM2DDAY1212&amp;af_adset=VN__KCT-KCTALL_PAX_GM_ALL_3122021_AW-MARA-REACH_3PL__VN21GMPBM2DDAY1212_appusers&amp;af_siteID=&amp;af_web_dp=https%3A%2F%2Fwww.grab.com%2Fvn%2Fdownload&amp;af_ios_url=https%3A%2F%2Fwww.grab.com%2Fvn%2Fdownload\"><img loading=\"lazy\" decoding=\"async\" width=\"230\" height=\"52\" class=\"size-full wp-image-108589 aligncenter\" src=\"https:\/\/assets.grab.com\/wp-content\/uploads\/sites\/11\/2022\/01\/13174751\/Screen-Shot-2022-01-13-at-16.47.33.png\" alt=\"\" \/><\/a><\/p>\n<p><span style=\"font-weight: 400\">\u0110\u1eb7t <strong>Grab<\/strong>, nh\u1edb tr\u1ea3 <strong>th\u1ebb\/ v\u00ed Moca<\/strong> \u0111\u1ec3 lu\u00f4n an to\u00e0n v\u00e0 h\u01b0\u1edfng \u01b0u \u0111\u00e3i t\u1ed1t h\u01a1n nha.<\/span><\/p>\n<p><span style=\"font-weight: 400\"><strong>K\u00edch ho\u1ea1t V\u00ed Moca<\/strong>: <\/span><a href=\"https:\/\/grb.to\/KichHoatViMoca\"><span style=\"font-weight: 400\">https:\/\/grb.to\/KichHoatViMoca<\/span><\/a><\/p>\n<p><span style=\"font-weight: 400\">ho\u1eb7c<strong> li\u00ean k\u1ebft th\u1ebb v\u00e0o Grab<\/strong> ngay:<\/span><a href=\"https:\/\/grb.to\/GanTheThanhToanTT\"><span style=\"font-weight: 400\">https:\/\/grb.to\/GanTheThanhToanTT<\/span><\/a><\/p>\n<p style=\"text-align: center\"><strong>*C\u00e1c \u0111\u1ecba \u0111i\u1ec3m nh\u00e0 xe, s\u00e2n bay, nh\u00e0 ga \u00e1p d\u1ee5ng ch\u01b0\u01a1ng tr\u00ecnh:\u00a0<\/strong><br \/>\n<em><strong>&#8211; T\u1ea1i H\u00e0 N\u1ed9i:<\/strong><\/em> B\u1ebfn xe M\u1ef9 \u0110\u00ecnh; B\u1ebfn xe B\u00e1t Gi\u00e1p; B\u1ebfn xe L\u01b0\u01a1ng Y\u00ean; B\u1ebfn xe N\u01b0\u1edbc Ng\u1ea7m; B\u1ebfn xe Gia L\u00e2m ; B\u1ebfn xe S\u01a1n T\u00e2y; B\u1ebfn xe kh\u00e1ch Th\u01b0\u1ee3ng L\u00fd; B\u1ebfn Xe \u0110an Ph\u01b0\u1ee3ng; B\u1ebfn xe Y\u00ean Ngh\u0129a; S\u00e2n bay Qu\u1ed1c t\u1ebf N\u1ed9i B\u00e0i &#8211; Ga Qu\u1ed1c T\u1ebf; Nh\u00e0 Ga H\u00e0 N\u1ed9i; Nh\u00e0 Ga C\u00e1t Linh.<\/p>\n<p style=\"text-align: center\"><em><strong>&#8211; T\u1ea1i TP. H\u1ed3 Ch\u00ed Minh:<\/strong><\/em> B\u1ebfn Xe Mi\u1ec1n \u0110\u00f4ng; B\u1ebfn Xe An S\u01b0\u01a1ng; B\u1ebfn Xe Mi\u1ec1n T\u00e2y; B\u1ebfn Xe Qu\u1eadn 8; B\u1ebfn Xe Ch\u1ee3 L\u1edbn; B\u1ebfn Xe Ng\u00e3 T\u01b0 Ga; B\u1ebfn Xe C\u1ee7 Chi; Ga Qu\u1ed1c N\u1ed9i &#8211; S\u00e2n bay T\u00e2n S\u01a1n Nh\u1ea5t; Nh\u00e0 Ga S\u00e0i G\u00f2n<\/p>\n","protected":false},"excerpt":{"rendered":"&nbsp; \ud83c\udf89\ufe0f Anh ch\u1ecb n\u00e0o s\u1eafp ra s\u00e2n bay, t\u00e0u xe v\u1ec1 qu\u00ea \u0103n T\u1ebft kh\u00f4ng th\u1ec3 b\u1ecf qua th\u00f4ng tin n\u00e0y \u0111\u00e2u nha! \ud83c\udf38\ud83c\udf3c T\u1ebft \u0111ang v\u1ec1 thong th\u1ea3 tr\u00ean c\u00e1c con ph\u1ed1, trong l\u00f2ng ng\u01b0\u1eddi c\u0169ng n\u00f4n nao h\u01a1n, anh ch\u1ecb em n\u00e0o \u0111i h\u1ecdc, \u0111i l\u00e0m xa nh\u00e0 h\u1eb3n c\u0169ng \u0111\u00e3 b\u1eaft [&hellip;]","protected":false},"author":1250,"featured_media":0,"parent":0,"menu_order":0,"comment_status":"closed","ping_status":"closed","template":"","meta":{"_acf_changed":false,"footnotes":""},"acf":[],"_links":{"self":[{"href":"https:\/\/www.grab.com\/vn\/wp-json\/wp\/v2\/pages\/108486"}],"collection":[{"href":"https:\/\/www.grab.com\/vn\/wp-json\/wp\/v2\/pages"}],"about":[{"href":"https:\/\/www.grab.com\/vn\/wp-json\/wp\/v2\/types\/page"}],"author":[{"embeddable":true,"href":"https:\/\/www.grab.com\/vn\/wp-json\/wp\/v2\/users\/1250"}],"replies":[{"embeddable":true,"href":"https:\/\/www.grab.com\/vn\/wp-json\/wp\/v2\/comments?post=108486"}],"version-history":[{"count":7,"href":"https:\/\/www.grab.com\/vn\/wp-json\/wp\/v2\/pages\/108486\/revisions"}],"predecessor-version":[{"id":108591,"href":"https:\/\/www.grab.com\/vn\/wp-json\/wp\/v2\/pages\/108486\/revisions\/108591"}],"wp:attachment":[{"href":"https:\/\/www.grab.com\/vn\/wp-json\/wp\/v2\/media?parent=108486"}],"curies":[{"name":"wp","href":"https:\/\/api.w.org\/{rel}","templated":true}]}}