{"id":108307,"date":"2022-01-10T16:15:49","date_gmt":"2022-01-10T08:15:49","guid":{"rendered":"https:\/\/www.grab.com\/vn\/?page_id=108307"},"modified":"2022-01-13T14:20:34","modified_gmt":"2022-01-13T06:20:34","slug":"thu-thach-dat-xe-3-sieu-trung-sieu-voucher","status":"publish","type":"page","link":"https:\/\/www.grab.com\/vn\/thu-thach-dat-xe-3-sieu-trung-sieu-voucher\/","title":{"rendered":"TH\u1eec TH\u00c1CH \u0110\u1eb6T XE 3 SI\u00caU, TR\u00daNG SI\u00caU VOUCHER"},"content":{"rendered":"<p><img loading=\"lazy\" decoding=\"async\" width=\"1242\" height=\"464\" class=\"alignnone size-full wp-image-108522\" src=\"https:\/\/assets.grab.com\/wp-content\/uploads\/sites\/11\/2022\/01\/12181135\/1242x464-1.jpg\" alt=\"\" \/><\/p>\n<p><span style=\"font-weight: 400\">\ud83c\udf89 H\u00e0ng ng\u00e0n g\u00f3i voucher di chuy\u1ec3n t\u1eeb GrabBike &amp; GrabCar \u0111ang t\u00ecm ch\u1ee7 nh\u00e2n n\u00e8 anh ch\u1ecb m\u00ecnh \u01a1i!<\/span><\/p>\n<p><span style=\"font-weight: 400\">\ud83d\udef5 Th\u1eed th\u00e1ch g\u00ec m\u00e0 d\u1ec5 qu\u00e1 tr\u1eddi, ch\u1ec9 c\u1ea7n \u0111\u1eb7t Grab khi c\u1ea7n \u0111i l\u00e0m ch\u1ea1y deadline cu\u1ed1i n\u0103m, hay \u0111i ch\u01a1i, \u0111i vi vu s\u1eafm T\u1ebft l\u00e0 \u0111\u00e3 c\u00f3 c\u01a1 h\u1ed9i th\u1eafng \u0111\u01b0\u1ee3c c\u1ea3 &#8220;g\u00f3i&#8221; \u01b0u \u0111\u00e3i di chuy\u1ec3n, tha h\u1ed3 s\u1eed d\u1ee5ng lu\u00f4n.<\/span><\/p>\n<p><span style=\"font-weight: 400\">\ud83d\ude98 C\u1ea3 nh\u00e0 m\u00ecnh ch\u1ec9 c\u1ea7n \u0111\u1ea1t 3 m\u1ee9c \u0111\u1ed9 di chuy\u1ec3n t\u01b0\u01a1ng \u1ee9ng v\u1edbi 3 c\u1ea5p \u0111\u1ed9 c\u1ee7a th\u1eed th\u00e1ch \u0111\u1ec3 nh\u1eadn ph\u1ea7n th\u01b0\u1edfng m\u1ed7i c\u1ea5p \u0111\u1ed9 nha.<\/span><\/p>\n<p>&nbsp;<\/p>\n<p><span style=\"font-weight: 400\">\ud83c\udf8a H\u1ea1ng B\u1ea1c &#8211; 2.000 ng\u01b0\u1eddi d\u00f9ng \u0111\u1ea7u ti\u00ean ho\u00e0n th\u00e0nh c\u1ea5p \u0111\u1ed9 1 s\u1ebd nh\u1eadn \u0111\u01b0\u1ee3c c\u00e1c m\u00e3 \u01b0u \u0111\u00e3i t\u1eeb Grab, bao g\u1ed3m<\/span><\/p>\n<p><span style=\"font-weight: 400\">&#8211; 03 m\u00e3 \u01b0u \u0111\u00e3i \u0111i GrabBike gi\u1ea3m 50% t\u1ed1i \u0111a 10.000\u0111<\/span><\/p>\n<p><span style=\"font-weight: 400\">&#8211; 02 m\u00e3 \u01b0u \u0111\u00e3i \u0111i GrabCar gi\u1ea3m 50% t\u1ed1i \u0111a 25.000\u0111<\/span><\/p>\n<p>&nbsp;<\/p>\n<p><span style=\"font-weight: 400\">\ud83c\udf8a H\u1ea1ng V\u00e0ng &#8211; 2.000 ng\u01b0\u1eddi d\u00f9ng \u0111\u1ea7u ti\u00ean ho\u00e0n th\u00e0nh c\u1ea5p \u0111\u1ed9 2 s\u1ebd nh\u1eadn \u0111\u01b0\u1ee3c c\u00e1c m\u00e3 \u01b0u \u0111\u00e3i t\u1eeb Grab, bao g\u1ed3m<\/span><\/p>\n<p><span style=\"font-weight: 400\">&#8211; 05 m\u00e3 \u01b0u \u0111\u00e3i \u0111i GrabBike gi\u1ea3m 50% t\u1ed1i \u0111a 15.000\u0111<\/span><\/p>\n<p><span style=\"font-weight: 400\">&#8211; 05 m\u00e3 \u01b0u \u0111\u00e3i \u0111i GrabCar gi\u1ea3m 50% t\u1ed1i \u0111a 25.000\u0111<\/span><\/p>\n<p><span style=\"font-weight: 400\">&#8211; Th\u1ebb n\u1ea1p \u0111i\u1ec7n tho\u1ea1i 50.000\u0111<\/span><\/p>\n<p>&nbsp;<\/p>\n<p><span style=\"font-weight: 400\">\ud83c\udf8a H\u1ea1ng B\u1ea1ch Kim &#8211; 1.000 ng\u01b0\u1eddi d\u00f9ng \u0111\u1ea7u ti\u00ean ho\u00e0n th\u00e0nh c\u1ea5p \u0111\u1ed9 3 s\u1ebd nh\u1eadn \u0111\u01b0\u1ee3c c\u00e1c m\u00e3 \u01b0u \u0111\u00e3i t\u1eeb Grab, bao g\u1ed3m:<\/span><\/p>\n<p><span style=\"font-weight: 400\">&#8211; 1 Th\u1ebb n\u1ea1p \u0111i\u1ec7n tho\u1ea1i 100.000\u0111<\/span><\/p>\n<p><span style=\"font-weight: 400\">&#8211; 10 m\u00e3 \u01b0u \u0111\u00e3i \u0111i GrabBike gi\u1ea3m\u00a0 50% t\u1ed1i \u0111a 15.000\u0111<\/span><\/p>\n<p><span style=\"font-weight: 400\">&#8211; 10 m\u00e3 \u01b0u \u0111\u00e3i \u0111i GrabCar gi\u1ea3m 50% t\u1ed1i \u0111a 25.000\u0111<\/span><\/p>\n<p>&nbsp;<\/p>\n<p><span style=\"font-weight: 400\">\u23f0Th\u1eed th\u00e1ch s\u1ebd k\u00e9o d\u00e0i t\u1eeb ng\u00e0y 14\/1\/2022 \u0111\u1ebfn h\u1ebft 31\/1\/2022, nhanh ch\u00e2n tham gia n\u00e8 c\u1ea3 nh\u00e0 m\u00ecnh \u01a1i.<\/span><\/p>\n<p><span style=\"font-weight: 400\">\ud83d\udcf1 Gi\u1ea3i th\u01b0\u1edfng h\u1ea5p d\u1eabn c\u00f2n d\u1ec5 tham gia, ch\u1edd g\u00ec n\u1eefa anh ch\u1ecb m\u00ecnh \u01a1i nhanh tay \u0111\u1eb7t Grab di chuy\u1ec3n th\u00f4i!<\/span><\/p>\n<p>&nbsp;<\/p>\n<p><span style=\"font-weight: 400\">\u0110\u1eb7t Grab, nh\u1edb tr\u1ea3 th\u1ebb\/ v\u00ed Moca \u0111\u1ec3 lu\u00f4n an to\u00e0n v\u00e0 h\u01b0\u1edfng \u01b0u \u0111\u00e3i t\u1ed1t h\u01a1n nha.<\/span><\/p>\n<p><span style=\"font-weight: 400\">K\u00edch ho\u1ea1t V\u00ed Moca: <\/span><a href=\"https:\/\/grb.to\/KichHoatViMoca\"><span style=\"font-weight: 400\">https:\/\/grb.to\/KichHoatViMoca<\/span><\/a><\/p>\n<p><span style=\"font-weight: 400\">ho\u1eb7c li\u00ean k\u1ebft th\u1ebb v\u00e0o Grab ngay:<\/span><a href=\"https:\/\/grb.to\/GanTheThanhToanTT\"><span style=\"font-weight: 400\">https:\/\/grb.to\/GanTheThanhToanTT<\/span><\/a><\/p>\n<p>&nbsp;<\/p>\n<p><!--more--><\/p>\n<h4><b>1. TH\u1ec2 L\u1ec6 CH\u01af\u01a0NG TR\u00ccNH:<\/b><\/h4>\n<ul>\n<li style=\"font-weight: 400\"><b>Th\u1eed th\u00e1ch \u0111\u1eb7t xe 3 si\u00eau tr\u00fang si\u00eau voucher <\/b><span style=\"font-weight: 400\">\u0111\u01b0\u1ee3c \u00e1p d\u1ee5ng cho ng\u01b0\u1eddi d\u00f9ng \u0111\u01b0\u1ee3c hi\u1ec3n th\u1ecb \u201cTh\u1eed th\u00e1ch \u0111\u1eb7t xe 3 si\u00eau tr\u00fang si\u00eau voucher\u201d trong m\u1ee5c \u201cTh\u1eed Th\u00e1ch\u201d tr\u00ean \u1ee9ng d\u1ee5ng Grab k\u1ec3 t\u1eeb 0h00\u2019 ng\u00e0y <\/span><b>14\/01\/2022. <\/b><span style=\"font-weight: 400\">Theo \u0111\u00f3,<\/span> <span style=\"font-weight: 400\">\u00a0ng\u01b0\u1eddi d\u00f9ng c\u1ea7n ch\u1ecdn \u201cCh\u1ea5p nh\u1eadn th\u1eed th\u00e1ch\u201d \u0111\u1ec3 tham gia ch\u01b0\u01a1ng tr\u00ecnh.<\/span><\/li>\n<li style=\"font-weight: 400\"><span style=\"font-weight: 400\">Trong th\u1eddi gian di\u1ec5n ra ch\u01b0\u01a1ng tr\u00ecnh <\/span><b>(t\u1eeb 00h00\u2019 ng\u00e0y 14\/01\/2022 \u0111\u1ebfn 23h59\u2019 31\/01\/2022)<\/b><span style=\"font-weight: 400\">,\u00a0 ng\u01b0\u1eddi d\u00f9ng c\u1ea7n ho\u00e0n th\u00e0nh cu\u1ed1c xe b\u1ea5t k\u1ef3 thu\u1ed9c c\u00e1c d\u1ecbch v\u1ee5 di chuy\u1ec3n c\u1ee7a Grab (bao g\u1ed3m GrabBike\/GrabCar) v\u1edbi gi\u00e1 tr\u1ecb cu\u1ed1c xe ch\u01b0a \u00e1p d\u1ee5ng khuy\u1ebfn m\u1ea1i t\u1ed1i thi\u1ec3u 40.000\u0111 (\u201cCu\u1ed1c Xe H\u1ee3p L\u1ec7\u201d).<\/span><\/li>\n<li style=\"font-weight: 400\"><span style=\"font-weight: 400\">Ch\u01b0\u01a1ng tr\u00ecnh ch\u1ec9 \u00e1p d\u1ee5ng t\u1ea1i khu v\u1ef1c <\/span><b>Th\u00e0nh ph\u1ed1<\/b> <b>H\u1ed3 Ch\u00ed Minh v\u00e0 H\u00e0 N\u1ed9i.<\/b><\/li>\n<li style=\"font-weight: 400\"><span style=\"font-weight: 400\">Th\u1eed th\u00e1ch \u0111\u1eb7t xe 3 si\u00eau nh\u1eadn tr\u00fang si\u00eau voucher c\u00f3 3 c\u1ea5p \u0111\u1ed9:<\/span>\n<ul>\n<li style=\"font-weight: 400\"><b>C\u1ea5p \u0111\u1ed9 1: <\/b><span style=\"font-weight: 400\">Ho\u00e0n th\u00e0nh <\/span><b>t\u1ed5ng 09 Cu\u1ed1c Xe H\u1ee3p L\u1ec7<\/b><span style=\"font-weight: 400\">, ng\u01b0\u1eddi d\u00f9ng s\u1ebd nh\u1eadn \u0111\u01b0\u1ee3c c\u00e1c m\u00e3 \u01b0u \u0111\u00e3i GrabBike\/GrabCar (*)<\/span><\/li>\n<li style=\"font-weight: 400\"><b>C\u1ea5p \u0111\u1ed9 2: <\/b><span style=\"font-weight: 400\">Ho\u00e0n th\u00e0nh <\/span><b>t\u1ed5ng 15 Cu\u1ed1c Xe H\u1ee3p L\u1ec7<\/b><span style=\"font-weight: 400\">, ng\u01b0\u1eddi d\u00f9ng s\u1ebd nh\u1eadn \u0111\u01b0\u1ee3c c\u00e1c m\u00e3 \u01b0u \u0111\u00e3i GrabBike\/GrabCar v\u00e0 th\u1ebb n\u1ea1p \u0111i\u1ec7n tho\u1ea1i (**)<\/span><\/li>\n<li style=\"font-weight: 400\"><b>C\u1ea5p \u0111\u1ed9 3<\/b><span style=\"font-weight: 400\">: Ho\u00e0n th\u00e0nh <\/span><b>t\u1ed5ng 25 Cu\u1ed1c Xe H\u1ee3p L\u1ec7<\/b><span style=\"font-weight: 400\">, ng\u01b0\u1eddi d\u00f9ng s\u1ebd nh\u1eadn \u0111\u01b0\u1ee3c c\u00e1c m\u00e3 \u01b0u \u0111\u00e3i GrabBike\/GrabCar v\u00e0 th\u1ebb n\u1ea1p \u0111i\u1ec7n tho\u1ea1i (***)<\/span><\/li>\n<\/ul>\n<\/li>\n<\/ul>\n<h4><b>2. CHI TI\u1ebeT GI\u1ea2I TH\u01af\u1edeNG:<\/b><\/h4>\n<p><b>(*) C\u00e1c m\u00e3 \u01b0u \u0111\u00e3i GrabBike\/GrabCar d\u00e0nh cho 2.000 ng\u01b0\u1eddi d\u00f9ng \u0111\u1ea7u ti\u00ean ho\u00e0n th\u00e0nh c\u1ea5p \u0111\u1ed9 1, bao g\u1ed3m:<\/b><\/p>\n<ul>\n<li style=\"font-weight: 400\"><span style=\"font-weight: 400\">03 m\u00e3 \u01b0u \u0111\u00e3i d\u1ecbch v\u1ee5 GrabBike, gi\u1ea3m 50% t\u1ed1i \u0111a 10.000\u0111<\/span><\/li>\n<li style=\"font-weight: 400\"><span style=\"font-weight: 400\">02 m\u00e3 \u01b0u \u0111\u00e3i d\u1ecbch v\u1ee5 GrabCar, gi\u1ea3m 50% t\u1ed1i \u0111a 25.000\u0111<\/span><\/li>\n<\/ul>\n<p><b>(**) C\u00e1c m\u00e3 \u01b0u \u0111\u00e3i GrabBike\/GrabCar v\u00e0 th\u1ebb n\u1ea1p \u0111i\u1ec7n tho\u1ea1i d\u00e0nh cho 2.000 ng\u01b0\u1eddi d\u00f9ng \u0111\u1ea7u ti\u00ean ho\u00e0n th\u00e0nh c\u1ea5p \u0111\u1ed9 2, bao g\u1ed3m:<\/b><\/p>\n<ul>\n<li style=\"font-weight: 400\"><span style=\"font-weight: 400\">05 m\u00e3 \u01b0u \u0111\u00e3i GrabBike gi\u1ea3m 50% t\u1ed1i \u0111a 15.000\u0111<\/span><\/li>\n<li style=\"font-weight: 400\"><span style=\"font-weight: 400\">05 m\u00e3 \u01b0u \u0111\u00e3i GrabCar gi\u1ea3m 50% t\u1ed1i \u0111a 25.000\u0111<\/span><\/li>\n<li style=\"font-weight: 400\"><span style=\"font-weight: 400\">01 th\u1ebb n\u1ea1p \u0111i\u1ec7n tho\u1ea1i tr\u1ecb gi\u00e1 50.000\u0111<\/span><\/li>\n<\/ul>\n<p><b>(***) C\u00e1c m\u00e3 \u01b0u \u0111\u00e3i GrabBike\/GrabCar v\u00e0 th\u1ebb n\u1ea1p \u0111i\u1ec7n tho\u1ea1i d\u00e0nh cho 1.000 ng\u01b0\u1eddi d\u00f9ng \u0111\u1ea7u ti\u00ean ho\u00e0n th\u00e0nh c\u1ea5p \u0111\u1ed9 3, bao g\u1ed3m.<\/b><\/p>\n<ul>\n<li style=\"font-weight: 400\"><span style=\"font-weight: 400\">10 m\u00e3 \u01b0u \u0111\u00e3i GrabBike gi\u1ea3m 50% t\u1ed1i \u0111a 15.000\u0111<\/span><\/li>\n<li style=\"font-weight: 400\"><span style=\"font-weight: 400\">10 m\u00e3 \u01b0u \u0111\u00e3i GrabCar gi\u1ea3m 50% t\u1ed1i \u0111a 25.000\u0111<\/span><\/li>\n<li style=\"font-weight: 400\"><span style=\"font-weight: 400\">01 th\u1ebb n\u1ea1p \u0111i\u1ec7n tho\u1ea1i tr\u1ecb gi\u00e1 100.000\u0111<\/span><\/li>\n<\/ul>\n<h4><b>3. C\u00c1CH TH\u1ee8C X\u00c1C \u0110\u1ecaNH ng\u01b0\u1eddi d\u00f9ng th\u1eafng gi\u1ea3i c\u1ee7a t\u1eebng c\u1ea5p \u0111\u1ed9 th\u1eed th\u00e1ch<\/b><\/h4>\n<ul>\n<li style=\"font-weight: 400\"><span style=\"font-weight: 400\">Gi\u1ea3i th\u01b0\u1edfng s\u1ebd \u0111\u01b0\u1ee3c \u01b0u ti\u00ean trao cho ng\u01b0\u1eddi d\u00f9ng ho\u00e0n th\u00e0nh th\u1eed th\u00e1ch s\u1edbm nh\u1ea5t v\u00e0 \u0111\u00e1p \u1ee9ng th\u1ec3 l\u1ec7 c\u1ee7a ch\u01b0\u01a1ng tr\u00ecnh.\u00a0\u00a0<\/span><\/li>\n<li style=\"font-weight: 400\"><span style=\"font-weight: 400\">Gi\u1ea3i th\u01b0\u1edfng s\u1ebd \u0111\u01b0\u1ee3c g\u1eedi tr\u1ef1c ti\u1ebfp v\u00e0o m\u1ee5c \u201c\u01afu \u0111\u00e3i c\u1ee7a t\u00f4i\/ My Rewards\u201d tr\u00ean \u1ee9ng d\u1ee5ng Grab c\u1ee7a ng\u01b0\u1eddi d\u00f9ng ngay khi ng\u01b0\u1eddi d\u00f9ng ho\u00e0n th\u00e0nh h\u1ea1n m\u1ee9c quy \u0111\u1ecbnh c\u1ee7a t\u1eebng c\u1ea5p \u0111\u1ed9.<\/span><\/li>\n<li style=\"font-weight: 400\"><span style=\"font-weight: 400\">Grab c\u00f3 quy\u1ec1n t\u1eeb ch\u1ed1i trao th\u01b0\u1edfng cho ng\u01b0\u1eddi d\u00f9ng n\u1ebfu c\u00f3 nghi ng\u1edd v\u1ec1 t\u00ednh trung th\u1ef1c v\u00e0 \u0111\u1ed9 ch\u00ednh x\u00e1c c\u1ee7a th\u00f4ng tin ng\u01b0\u1eddi d\u00f9ng tham gia th\u1eed th\u00e1ch.<\/span><\/li>\n<\/ul>\n<h4><b>4. C\u00c1C \u0110I\u1ec0U KI\u1ec6N KH\u00c1C:<\/b><\/h4>\n<ul>\n<li style=\"font-weight: 400\"><span style=\"font-weight: 400\">M\u00e3 \u01b0u \u0111\u00e3i d\u1ecbch v\u1ee5 GrabBike\/ GrabCar, th\u1ebb n\u1ea1p \u0111i\u1ec7n tho\u1ea1i c\u00f3 h\u1ea1n s\u1eed d\u1ee5ng trong v\u00f2ng 180 ng\u00e0y t\u00ednh t\u1eeb th\u1eddi \u0111i\u1ec3m ho\u00e0n th\u00e0nh th\u1eed th\u00e1ch t\u1eebng c\u1ea5p \u0111\u1ed9 v\u00e0 ng\u01b0\u1eddi d\u00f9ng nh\u1eadn \u0111\u01b0\u1ee3c th\u00f4ng b\u00e1o nh\u1eadn gi\u1ea3i th\u01b0\u1edfng trong m\u1ee5c \u201c\u01afu \u0111\u00e3i c\u1ee7a t\u00f4i\/My Rewards\u201d.\u00a0<\/span><\/li>\n<li style=\"font-weight: 400\"><span style=\"font-weight: 400\">M\u00e3 \u01b0u \u0111\u00e3i d\u1ecbch v\u1ee5 GrabBike\/ GrabCar \u0111\u1ec1u \u0111\u01b0\u1ee3c s\u1eed d\u1ee5ng t\u1ea1i Th\u00e0nh ph\u1ed1 H\u1ed3 Ch\u00ed Minh v\u00e0 H\u00e0 N\u1ed9i.<\/span><\/li>\n<li style=\"font-weight: 400\"><span style=\"font-weight: 400\">Khi gi\u1ea3i th\u01b0\u1edfng l\u00e0 m\u00e3 \u01b0u \u0111\u00e3i c\u1ee7a GrabBike h\u1ebft h\u1ea1n m\u00e0 d\u1ecbch v\u1ee5 GrabBike t\u1ea1i H\u00e0 N\u1ed9i ch\u01b0a \u0111\u01b0\u1ee3c ho\u1ea1t \u0111\u1ed9ng tr\u1edf l\u1ea1i th\u00ec Grab s\u1ebd gia h\u1ea1n ti\u1ebfp t\u1ee5c 180 ng\u00e0y k\u1ec3 t\u1eeb ng\u00e0y h\u1ebft h\u1ea1n m\u00e3 \u01b0u \u0111\u00e3i.<\/span><\/li>\n<li style=\"font-weight: 400\"><span style=\"font-weight: 400\">M\u00e3 \u01b0u \u0111\u00e3i kh\u00f4ng \u0111\u01b0\u1ee3c quy \u0111\u1ed5i th\u00e0nh ti\u1ec1n m\u1eb7t ho\u1eb7c s\u1ed1 d\u01b0 trong t\u00e0i kho\u1ea3n V\u00ed \u0111i\u1ec7n t\u1eed Moca tr\u00ean \u1ee9ng d\u1ee5ng Grab ho\u1eb7c b\u1ea5t k\u1ef3 s\u1ef1 chuy\u1ec3n \u0111\u1ed5i t\u01b0\u01a1ng \u0111\u01b0\u01a1ng n\u00e0o kh\u00e1c.<\/span><\/li>\n<li style=\"font-weight: 400\"><span style=\"font-weight: 400\">M\u00e3 \u01b0u \u0111\u00e3i c\u00f3 gi\u00e1 tr\u1ecb s\u1eed d\u1ee5ng \u1edf c\u00e1c t\u1ec9nh, th\u00e0nh ph\u1ed1: Th\u00e0nh ph\u1ed1 H\u1ed3 Ch\u00ed Minh, H\u00e0 N\u1ed9i.<\/span><\/li>\n<li style=\"font-weight: 400\"><span style=\"font-weight: 400\">M\u1ed7i t\u00e0i kho\u1ea3n Grab ch\u1ec9 \u0111\u01b0\u1ee3c ph\u00e9p tham gia Th\u1eed Th\u00e1ch m\u1ed9t l\u1ea7n duy nh\u1ea5t trong su\u1ed1t th\u1eddi gian di\u1ec5n ra ch\u01b0\u01a1ng tr\u00ecnh. Grab c\u00f3 to\u00e0n quy\u1ec1n h\u1ea1n ch\u1ebf quy\u1ec1n truy c\u1eadp c\u1ee7a ng\u01b0\u1eddi d\u00f9ng v\u00e0o t\u00ednh n\u0103ng Th\u1eed Th\u00e1ch tr\u00ean \u1ee9ng d\u1ee5ng Grab n\u1ebfu ph\u00e1t hi\u1ec7n b\u1ea5t c\u1ee9 h\u00e0nh vi gian l\u1eadn n\u00e0o c\u1ee7a ng\u01b0\u1eddi d\u00f9ng.<\/span><\/li>\n<li style=\"font-weight: 400\"><span style=\"font-weight: 400\">Ng\u01b0\u1eddi th\u1eafng gi\u1ea3i c\u00f3 tr\u00e1ch nhi\u1ec7m k\u00ea khai v\u00e0 \u0111\u00f3ng c\u00e1c kho\u1ea3n thu\u1ebf thu nh\u1eadp c\u00e1 nh\u00e2n (n\u1ebfu c\u00f3) theo quy \u0111\u1ecbnh c\u1ee7a ph\u00e1p lu\u1eadt li\u00ean quan \u0111\u1ebfn gi\u1ea3i th\u01b0\u1edfng.<\/span><\/li>\n<li style=\"font-weight: 400\"><span style=\"font-weight: 400\">Ch\u01b0\u01a1ng tr\u00ecnh kh\u00f4ng \u00e1p d\u1ee5ng cho nh\u00e2n vi\u00ean, nh\u00e2n s\u1ef1, \u0111\u1ed1i t\u00e1c c\u00f3 li\u00ean quan th\u1ef1c hi\u1ec7n ch\u01b0\u01a1ng tr\u00ecnh c\u1ee7a C\u00f4ng ty TNHH Grab.<\/span><\/li>\n<li style=\"font-weight: 400\"><span style=\"font-weight: 400\">Grab c\u00f3 quy\u1ec1n \u0111i\u1ec1u ch\u1ec9nh th\u1ec3 l\u1ec7 v\u00e0 \u0111i\u1ec1u kho\u1ea3n trong su\u1ed1t th\u1eddi gian di\u1ec5n ra ch\u01b0\u01a1ng tr\u00ecnh (n\u1ebfu c\u1ea7n).\u00a0<\/span><\/li>\n<li style=\"font-weight: 400\"><span style=\"font-weight: 400\">Trong tr\u01b0\u1eddng h\u1ee3p ng\u01b0\u1eddi d\u00f9ng c\u00f3 c\u00e1c c\u00e2u h\u1ecfi li\u00ean quan v\u1ec1 k\u1ebft qu\u1ea3 c\u1ee7a ch\u01b0\u01a1ng tr\u00ecnh, ng\u01b0\u1eddi d\u00f9ng vui l\u00f2ng li\u00ean h\u1ec7 Grab tr\u01b0\u1edbc ng\u00e0y 31\/01\/2022. Sau th\u1eddi gian tr\u00ean, Grab s\u1ebd kh\u00f4ng gi\u1ea3i quy\u1ebft c\u00e1c khi\u1ebfu n\u1ea1i, th\u1eafc m\u1eafc c\u1ee7a ng\u01b0\u1eddi d\u00f9ng.<\/span><\/li>\n<li style=\"font-weight: 400\"><span style=\"font-weight: 400\">M\u1ecdi quy\u1ebft \u0111\u1ecbnh c\u1ee7a Grab li\u00ean quan \u0111\u1ebfn ch\u01b0\u01a1ng tr\u00ecnh n\u00e0y, bao g\u1ed3m k\u1ebft qu\u1ea3 ng\u01b0\u1eddi d\u00f9ng nh\u1eadn \u01b0u \u0111\u00e3i c\u1ee7a ch\u01b0\u01a1ng tr\u00ecnh, l\u00e0 cu\u1ed1i c\u00f9ng v\u00e0 ch\u00ednh th\u1ee9c. Grab s\u1ebd kh\u00f4ng ch\u1ecbu tr\u00e1ch nhi\u1ec7m tr\u01b0\u1edbc b\u1ea5t k\u1ef3 khi\u1ebfu n\u1ea1i n\u00e0o t\u1eeb ng\u01b0\u1eddi d\u00f9ng, t\u1eeb b\u00ean th\u1ee9 ba ho\u1eb7c t\u1eeb b\u1ea5t k\u1ef3 t\u1ed5n th\u1ea5t n\u00e0o, bao g\u1ed3m ho\u1eb7c kh\u00f4ng gi\u1edbi h\u1ea1n, m\u1ea5t l\u1ee3i nhu\u1eadn, m\u1ea5t k\u1ef3 v\u1ecdng, thi\u1ec7t h\u1ea1i do b\u1ecb tr\u1eebng ph\u1ea1t, c\u00e1c t\u1ed5n th\u1ea5t gi\u00e1n ti\u1ebfp, \u0111\u1eb7c bi\u1ec7t, v\u00f4 t\u00ecnh ho\u1eb7c c\u00e1c khi\u1ebfu n\u1ea1i li\u00ean quan tr\u1ef1c ti\u1ebfp, gi\u00e1n ti\u1ebfp, qua b\u00ean th\u1ee9 3, l\u00e0 h\u1ec7 qu\u1ea3 ho\u1eb7c li\u00ean quan \u0111\u1ebfn Th\u1eed Th\u00e1ch n\u00e0y.<\/span><\/li>\n<li style=\"font-weight: 400\"><span style=\"font-weight: 400\">Grab c\u00f3 th\u1ec3, theo quy\u1ebft \u0111\u1ecbnh ri\u00eang v\u00e0 tuy\u1ec7t \u0111\u1ed1i c\u1ee7a m\u00ecnh, thay th\u1ebf ph\u1ea7n th\u01b0\u1edfng n\u00e0y b\u1eb1ng ph\u1ea7n th\u01b0\u1edfng kh\u00e1c c\u00f3 gi\u00e1 tr\u1ecb t\u01b0\u01a1ng \u0111\u01b0\u01a1ng, trong tr\u01b0\u1eddng h\u1ee3p kh\u00f4ng c\u00f3 ph\u1ea7n th\u01b0\u1edfng ban \u0111\u1ea7u, b\u1ea5t h\u1ee3p ph\u00e1p ho\u1eb7c kh\u00f4ng kh\u1ea3 thi.<\/span><\/li>\n<li style=\"font-weight: 400\"><span style=\"font-weight: 400\">Ng\u01b0\u1eddi th\u1eafng gi\u1ea3i ph\u1ea3i \u0111\u1ed5i\/nh\u1eadn t\u1ea5t c\u1ea3 \u01b0u \u0111\u00e3i\/ gi\u1ea3i th\u01b0\u1edfng trong th\u1eddi gian quy \u0111\u1ecbnh. M\u1ecdi \u01b0u \u0111\u00e3i\/ gi\u1ea3i th\u01b0\u1edfng kh\u00f4ng \u0111\u01b0\u1ee3c \u0111\u1ed5i\/ nh\u1eadn trong th\u1eddi gian quy \u0111\u1ecbnh s\u1ebd \u0111\u01b0\u1ee3c x\u1eed l\u00fd theo quy \u0111\u1ecbnh hi\u1ec7n h\u00e0nh. Grab s\u1ebd kh\u00f4ng gi\u1ea3i quy\u1ebft b\u1ea5t k\u00ec khi\u1ebfu n\u1ea1i ho\u1eb7c y\u00eau c\u1ea7u b\u1ed3i th\u01b0\u1eddng n\u00e0o li\u00ean quan \u0111\u1ebfn tr\u01b0\u1eddng h\u1ee3p n\u00e0y.<\/span><\/li>\n<li style=\"font-weight: 400\"><span style=\"font-weight: 400\">Trong tr\u01b0\u1eddng h\u1ee3p c\u00f3 tranh ch\u1ea5p khi\u1ebfu n\u1ea1i, C\u00f4ng ty s\u1ebd th\u1ef1c hi\u1ec7n gi\u1ea3i quy\u1ebft th\u1ecfa \u0111\u00e1ng theo quy \u0111\u1ecbnh ph\u00e1p lu\u1eadt, To\u00e0 \u00e1n l\u00e0 c\u01a1 quan ph\u00e1n quy\u1ebft cu\u1ed1i c\u00f9ng n\u1ebfu c\u1ea3 hai b\u00ean kh\u00f4ng \u0111\u1ea1t \u0111\u01b0\u1ee3c th\u1ecfa thu\u1eadn.<\/span><\/li>\n<li style=\"font-weight: 400\"><span style=\"font-weight: 400\">Ng\u01b0\u1eddi th\u1eafng gi\u1ea3i v\u00e0 nh\u1eadn gi\u1ea3i th\u01b0\u1edfng \u0111\u1ed3ng \u00fd cho C\u00f4ng ty TNHH Grab v\u00e0\/ ho\u1eb7c c\u00e1c c\u00f4ng ty li\u00ean k\u1ebft s\u1eed d\u1ee5ng th\u00f4ng tin c\u00e1 nh\u00e2n v\u00e0 h\u00ecnh \u1ea3nh c\u1ee7a ng\u01b0\u1eddi th\u1eafng gi\u1ea3i cho m\u1ee5c \u0111\u00edch qu\u1ea3ng c\u00e1o, ti\u1ebfp th\u1ecb m\u00e0 kh\u00f4ng ph\u1ea3i tr\u1ea3 b\u1ea5t k\u1ef3 chi ph\u00ed n\u00e0o.<\/span><\/li>\n<li style=\"font-weight: 400\"><span style=\"font-weight: 400\">Ch\u01b0\u01a1ng tr\u00ecnh c\u00f3 th\u1ec3 k\u1ebft th\u00fac s\u1edbm h\u01a1n d\u1ef1 ki\u1ebfn khi s\u1ed1 l\u01b0\u1ee3ng gi\u1ea3i th\u01b0\u1edfng \u0111\u00e3 \u0111\u01b0\u1ee3c trao h\u1ebft.<\/span><\/li>\n<li style=\"font-weight: 400\"><span style=\"font-weight: 400\">Nh\u1eefng \u0111i\u1ec1u kho\u1ea3n n\u00e0y \u0111\u01b0\u1ee3c \u0111i\u1ec1u ch\u1ec9nh b\u1edfi ph\u00e1p lu\u1eadt c\u1ee7a Vi\u1ec7t Nam v\u00e0 quy\u1ec1n t\u00e0i ph\u00e1n kh\u00f4ng \u0111\u1ed9c quy\u1ec1n c\u1ee7a t\u00f2a \u00e1n Vi\u1ec7t Nam.<\/span><\/li>\n<\/ul>\n","protected":false},"excerpt":{"rendered":"\ud83c\udf89 H\u00e0ng ng\u00e0n g\u00f3i voucher di chuy\u1ec3n t\u1eeb GrabBike &amp; GrabCar \u0111ang t\u00ecm ch\u1ee7 nh\u00e2n n\u00e8 anh ch\u1ecb m\u00ecnh \u01a1i! \ud83d\udef5 Th\u1eed th\u00e1ch g\u00ec m\u00e0 d\u1ec5 qu\u00e1 tr\u1eddi, ch\u1ec9 c\u1ea7n \u0111\u1eb7t Grab khi c\u1ea7n \u0111i l\u00e0m ch\u1ea1y deadline cu\u1ed1i n\u0103m, hay \u0111i ch\u01a1i, \u0111i vi vu s\u1eafm T\u1ebft l\u00e0 \u0111\u00e3 c\u00f3 c\u01a1 h\u1ed9i th\u1eafng \u0111\u01b0\u1ee3c [&hellip;]","protected":false},"author":1250,"featured_media":0,"parent":0,"menu_order":0,"comment_status":"closed","ping_status":"closed","template":"","meta":{"_acf_changed":false,"footnotes":""},"acf":[],"_links":{"self":[{"href":"https:\/\/www.grab.com\/vn\/wp-json\/wp\/v2\/pages\/108307"}],"collection":[{"href":"https:\/\/www.grab.com\/vn\/wp-json\/wp\/v2\/pages"}],"about":[{"href":"https:\/\/www.grab.com\/vn\/wp-json\/wp\/v2\/types\/page"}],"author":[{"embeddable":true,"href":"https:\/\/www.grab.com\/vn\/wp-json\/wp\/v2\/users\/1250"}],"replies":[{"embeddable":true,"href":"https:\/\/www.grab.com\/vn\/wp-json\/wp\/v2\/comments?post=108307"}],"version-history":[{"count":14,"href":"https:\/\/www.grab.com\/vn\/wp-json\/wp\/v2\/pages\/108307\/revisions"}],"predecessor-version":[{"id":108547,"href":"https:\/\/www.grab.com\/vn\/wp-json\/wp\/v2\/pages\/108307\/revisions\/108547"}],"wp:attachment":[{"href":"https:\/\/www.grab.com\/vn\/wp-json\/wp\/v2\/media?parent=108307"}],"curies":[{"name":"wp","href":"https:\/\/api.w.org\/{rel}","templated":true}]}}