{"id":108270,"date":"2022-01-10T12:42:43","date_gmt":"2022-01-10T04:42:43","guid":{"rendered":"https:\/\/www.grab.com\/vn\/?page_id=108270"},"modified":"2022-01-10T12:42:43","modified_gmt":"2022-01-10T04:42:43","slug":"ve-nha-don-tet-grab-1-tang-1","status":"publish","type":"page","link":"https:\/\/www.grab.com\/vn\/ve-nha-don-tet-grab-1-tang-1\/","title":{"rendered":"V\u1ec0 NH\u00c0 \u0110\u00d3N T\u1ebeT, GRAB 1 T\u1eb6NG 1"},"content":{"rendered":"<p>&nbsp;<\/p>\n<p><span style=\"font-weight: 400\">\ud83c\udf1f Tr\u1edf l\u1ea1i r\u1ed9n r\u00e0ng, Grab 1 t\u1eb7ng 1 \ud83c\udf1f<\/span><\/p>\n<p>&nbsp;<\/p>\n<p><span style=\"font-weight: 400\">\ud83c\udf89\ufe0f Anh ch\u1ecb n\u00e0o s\u1eafp tr\u1edf l\u1ea1i h\u1ecdc t\u1eadp l\u00e0m vi\u1ec7c v\u00e0o nh\u1eadn \u01b0u \u0111\u00e3i nha!<\/span><\/p>\n<p>&nbsp;<\/p>\n<p><span style=\"font-weight: 400\">\ud83c\udf38 \ud83c\udf3c V\u1eady l\u00e0 T\u1ebft \u0111\u00e3 s\u1eafp qua, anh ch\u1ecb m\u00ecnh \u0111\u00e3 s\u1eb5n s\u00e0ng t\u1ea1m xa \u00f4ng b\u00e0 cha m\u1eb9, h\u00e0nh m\u1ee1 b\u00e1nh ch\u01b0ng \u0111\u1ec3 tr\u1edf l\u1ea1i l\u00e0m vi\u1ec7c, h\u1ecdc t\u1eadp th\u1eadt h\u0103ng h\u00e1i ch\u01b0a n\u00e8?<\/span><\/p>\n<p>&nbsp;<\/p>\n<p><span style=\"font-weight: 400\">\ud83d\udef5\ud83d\ude98 G\u1eedi c\u1ea3 nh\u00e0 m\u00ecnh \u01b0u \u0111\u00e3i di chuy\u1ec3n \u0111i 1 t\u1eb7ng 1 \u0111\u1ec3 chuy\u1ebfn tr\u1edf l\u1ea1i th\u1eadt h\u00e0o h\u1ee9ng nha!<\/span><\/p>\n<p>&nbsp;<\/p>\n<p><span style=\"font-weight: 400\">\ud83c\udf8a\ufe0f Nh\u1eadp m\u00e3 NAMMOI \u01b0u \u0111\u00e3i \u0111\u1ebfn 50K c\u00e1c chuy\u1ebfn Grab \u0111\u1ebfn nh\u00e0 xe, s\u00e2n bay, nh\u00e0 ga kh\u1edfi h\u00e0nh. (kh\u00f4ng \u00e1p d\u1ee5ng cho H\u1ed3 Ch\u00ed Minh v\u00e0 H\u00e0 N\u1ed9i)<\/span><\/p>\n<p>&nbsp;<\/p>\n<p><span style=\"font-weight: 400\">\ud83c\udf8a\ufe0f H\u00e0nh kh\u00e1ch sau khi \u0111\u1ebfn Tp. H\u1ed3 Ch\u00ednh Minh, H\u00e0 N\u1ed9i s\u1ebd nh\u1eadn \u01b0u \u0111\u00e3i 50% \u0111\u1ec3 \u0111\u1eb7t xe di chuy\u1ec3n v\u1ec1 nh\u00e0.<\/span><\/p>\n<p>&nbsp;<\/p>\n<p><span style=\"font-weight: 400\">\ud83d\udcf1 Chu\u1ea9n b\u1ecb g\u1eb7p l\u1ea1i b\u1ea1n b\u00e8, \u0111\u1ed3ng nghi\u1ec7p v\u00e0 nh\u1eefng ni\u1ec1m vui \u0111\u00f4 th\u1ecb nh\u1ed9n nh\u1ecbp r\u1ed3i, \u0111\u1eb7t Grab ngay th\u00f4i!<\/span><\/p>\n<p>&nbsp;<\/p>\n<p><span style=\"font-weight: 400\">\u0110\u1eb7t Grab, nh\u1edb tr\u1ea3 th\u1ebb\/ v\u00ed Moca \u0111\u1ec3 lu\u00f4n an to\u00e0n v\u00e0 h\u01b0\u1edfng \u01b0u \u0111\u00e3i t\u1ed1t h\u01a1n nha.<\/span><\/p>\n<p><span style=\"font-weight: 400\">K\u00edch ho\u1ea1t V\u00ed Moca: <\/span><a href=\"https:\/\/grb.to\/KichHoatViMoca\"><span style=\"font-weight: 400\">https:\/\/grb.to\/KichHoatViMoca<\/span><\/a><\/p>\n<p><span style=\"font-weight: 400\">ho\u1eb7c li\u00ean k\u1ebft th\u1ebb v\u00e0o Grab ngay:<\/span><a href=\"https:\/\/grb.to\/GanTheThanhToanTT\"><span style=\"font-weight: 400\">https:\/\/grb.to\/GanTheThanhToanTT<\/span><\/a><\/p>\n<p>&nbsp;<\/p>\n<p><strong>Xem chi ti\u1ebft ch\u01b0\u01a1ng tr\u00ecnh t\u1ea1i \u0111\u00e2y<\/strong><\/p>\n","protected":false},"excerpt":{"rendered":"&nbsp; \ud83c\udf1f Tr\u1edf l\u1ea1i r\u1ed9n r\u00e0ng, Grab 1 t\u1eb7ng 1 \ud83c\udf1f &nbsp; \ud83c\udf89\ufe0f Anh ch\u1ecb n\u00e0o s\u1eafp tr\u1edf l\u1ea1i h\u1ecdc t\u1eadp l\u00e0m vi\u1ec7c v\u00e0o nh\u1eadn \u01b0u \u0111\u00e3i nha! &nbsp; \ud83c\udf38 \ud83c\udf3c V\u1eady l\u00e0 T\u1ebft \u0111\u00e3 s\u1eafp qua, anh ch\u1ecb m\u00ecnh \u0111\u00e3 s\u1eb5n s\u00e0ng t\u1ea1m xa \u00f4ng b\u00e0 cha m\u1eb9, h\u00e0nh m\u1ee1 b\u00e1nh ch\u01b0ng \u0111\u1ec3 tr\u1edf [&hellip;]","protected":false},"author":1250,"featured_media":0,"parent":0,"menu_order":0,"comment_status":"closed","ping_status":"closed","template":"","meta":{"_acf_changed":false,"footnotes":""},"acf":[],"_links":{"self":[{"href":"https:\/\/www.grab.com\/vn\/wp-json\/wp\/v2\/pages\/108270"}],"collection":[{"href":"https:\/\/www.grab.com\/vn\/wp-json\/wp\/v2\/pages"}],"about":[{"href":"https:\/\/www.grab.com\/vn\/wp-json\/wp\/v2\/types\/page"}],"author":[{"embeddable":true,"href":"https:\/\/www.grab.com\/vn\/wp-json\/wp\/v2\/users\/1250"}],"replies":[{"embeddable":true,"href":"https:\/\/www.grab.com\/vn\/wp-json\/wp\/v2\/comments?post=108270"}],"version-history":[{"count":1,"href":"https:\/\/www.grab.com\/vn\/wp-json\/wp\/v2\/pages\/108270\/revisions"}],"predecessor-version":[{"id":108271,"href":"https:\/\/www.grab.com\/vn\/wp-json\/wp\/v2\/pages\/108270\/revisions\/108271"}],"wp:attachment":[{"href":"https:\/\/www.grab.com\/vn\/wp-json\/wp\/v2\/media?parent=108270"}],"curies":[{"name":"wp","href":"https:\/\/api.w.org\/{rel}","templated":true}]}}