{"id":107855,"date":"2022-01-04T16:38:32","date_gmt":"2022-01-04T08:38:32","guid":{"rendered":"https:\/\/www.grab.com\/vn\/?page_id=107855"},"modified":"2022-01-05T10:56:44","modified_gmt":"2022-01-05T02:56:44","slug":"dat-xe-3-sieu","status":"publish","type":"page","link":"https:\/\/www.grab.com\/vn\/dat-xe-3-sieu\/","title":{"rendered":"\u0110\u1eb6T XE 3 SI\u00caU, \u0110I &#8220;CHILL&#8221; M\u00d9A T\u1ebeT"},"content":{"rendered":"<p><img loading=\"lazy\" decoding=\"async\" width=\"1200\" height=\"600\" class=\"alignnone size-full wp-image-107957\" src=\"https:\/\/assets.grab.com\/wp-content\/uploads\/sites\/11\/2022\/01\/05105608\/GRAB-3SIEU-1200x600.jpg\" alt=\"\" \/><\/p>\n<p><span style=\"font-weight: 400\">\ud83c\udf1f \u0110\u1eb7t xe 3 Si\u00eau, \u0111i \u201cchill\u201d m\u00f9a T\u1ebft \ud83c\udf1f<\/span><\/p>\n<p>&nbsp;<\/p>\n<p><span style=\"font-weight: 400\">\ud83d\udef5\u00a0 M\u00f9a T\u1ebft b\u1eadn r\u1ed9n, di chuy\u1ec3n thu\u1eadn l\u1ee3i l\u00e0 \u01b0u ti\u00ean h\u00e0ng \u0111\u1ea7u ph\u1ea3i kh\u00f4ng anh ch\u1ecb m\u00ecnh?\u00a0<\/span><\/p>\n<p><span style=\"font-weight: 400\">\ud83d\ude98\u00a0 Y\u00ean t\u00e2m di chuy\u1ec3n T\u1ebft n\u00e0y v\u1edbi Grab 3 Si\u00eau, t\u1eeb \u0111i t\u1eb7ng qu\u00e0, ti\u1ec7c t\u00f9ng cu\u1ed1i n\u0103m \u0111\u1ebfn \u0111i ch\u00f9a, ch\u00fac T\u1ebft, du xu\u00e2n&#8230;ch\u1ec9 c\u1ea7n nh\u1ea5c \u0111i\u1ec7n tho\u1ea1i \u0111\u1eb7t m\u1ed9t chuy\u1ebfn th\u00f4i anh ch\u1ecb m\u00ecnh \u01a1i!<\/span><\/p>\n<p>&nbsp;<\/p>\n<p><span style=\"font-weight: 400\">\ud83c\udf89\ufe0f\u00a0 3 Si\u00eau \u0111\u1ea3m b\u1ea3o \u0111\u1ed9 &#8220;m\u01b0\u1ee3t m\u00e0&#8221; di chuy\u1ec3n:<\/span><\/p>\n<p><span style=\"font-weight: 400\">\ud83c\udf8a\ufe0f Si\u00eau nhi\u1ec1u xe, nhanh ch\u00f3ng \u0111\u1eb7t \u0111\u01b0\u1ee3c xe m\u1ecdi l\u00fac m\u1ecdi n\u01a1i, b\u00e1c t\u00e0i lu\u00f4n s\u1eb5n s\u00e0ng \u0111\u01b0a \u0111\u00f3n. T\u1eb7ng ngay voucher 10.000\u0111 cho anh ch\u1ecb n\u00e0o ch\u01b0a c\u00f3 xe ho\u1eb7c b\u00e1c t\u00e0i hu\u1ef7 chuy\u1ebfn.<\/span><\/p>\n<p><span style=\"font-weight: 400\">\ud83c\udf8a\ufe0f Si\u00eau an to\u00e0n, xe chu\u1ea9n v\u1ec7 sinh c\u00f9ng \u0111\u1ed9i ng\u0169 t\u00e0i x\u1ebf chu\u1ea9n th\u1ebb xanh.<\/span><\/p>\n<p><span style=\"font-weight: 400\">\ud83c\udf8a\ufe0f Si\u00eau chi\u1ec1u kh\u00e1ch, nh\u1eadn chuy\u1ebfn l\u00e0 nhanh ch\u00f3ng c\u00f3 m\u1eb7t, h\u1ea1n ch\u1ebf t\u1ed1i \u0111a h\u1ee7y chuy\u1ebfn.<\/span><\/p>\n<p>&nbsp;<\/p>\n<p><span style=\"font-weight: 400\">\ud83e\udde7Nh\u1eadp m\u00e3 GB3SIEU ho\u1eb7c GC3SIEU nh\u1eadn \u01b0u \u0111\u00e3i 30% c\u01b0\u1edbc ph\u00ed. Anh ch\u1ecb n\u00e0o thanh to\u00e1n b\u1eb1ng Th\u1ebb\/V\u00ed Moca c\u00f2n nh\u1eadn \u0111\u01b0\u1ee3c th\u00eam voucher 50% \u00e1p d\u1ee5ng cho chuy\u1ebfn ti\u1ebfp theo n\u1eefa, tha h\u1ed3 di chuy\u1ec3n ti\u1ebft ki\u1ec7m lu\u00f4n nha.<\/span><\/p>\n<p><span style=\"font-weight: 400\">\ud83d\udcf1\u0110i \u0111\u00e2u c\u0169ng nhanh ch\u00f3ng, an to\u00e0n, c\u00f2n ch\u1edd g\u00ec m\u00e0 kh\u00f4ng \u0111\u1eb7t li\u1ec1n m\u1ed9t chuy\u1ebfn Grab \u0111\u1ec3 \u0111\u1ea7u n\u0103m m\u01b0\u1ee3t m\u00e0, c\u1ea3 n\u0103m thu\u1eadn l\u1ee3i n\u00e8 c\u1ea3 nh\u00e0 y\u00eau \u01a1i!<\/span><\/p>\n<p>&nbsp;<\/p>\n<p><span style=\"font-weight: 400\">#Grab3Sieu #GrabBike #GrabCar<\/span><\/p>\n<p>&nbsp;<\/p>\n<p><strong>Xem chi ti\u1ebft ch\u01b0\u01a1ng tr\u00ecnh GB3SIEU<\/strong><\/p>\n<p>&#8211; \u01afu \u0111\u00e3i 30% (t\u1ed1i \u0111a 15.000\u0111) \u00e1p d\u1ee5ng cho d\u1ecbch v\u1ee5 GrabBike\/GrabBike Premium.<\/p>\n<p>&#8211; \u00c1p d\u1ee5ng t\u1ea1i Tp.H\u1ed3 Ch\u00ed Minh.<\/p>\n<p>-\u00c1p d\u1ee5ng t\u1eeb 9:00 \u0111\u1ebfn 17:00<\/p>\n<p>&#8211; \u00c1p d\u1ee5ng cho m\u1ecdi ph\u01b0\u01a1ng th\u1ee9c thanh to\u00e1n.<\/p>\n<p>&#8211; Khi thanh to\u00e1n kh\u00f4ng ti\u1ec1n m\u1eb7t (qua V\u00ed Moca ho\u1eb7c Th\u1ebb ng\u00e2n h\u00e0ng) nh\u1eadn ngay 01 \u01b0u \u0111\u00e3i 50% (t\u1ed1i \u0111a 20.000\u0111) \u00e1p d\u1ee5ng cho chuy\u1ebfn xe ti\u1ebfp theo v\u00e0 c\u00f3 gi\u00e1 tr\u1ecb s\u1eed d\u1ee5ng trong v\u00f2ng 01 ng\u00e0y k\u1ec3 t\u1eeb ng\u00e0y nh\u1eadn.<\/p>\n<p>&#8211; \u01afu \u0111\u00e3i kh\u00f4ng bao g\u1ed3m ph\u1ee5 ph\u00ed, ng\u01b0\u1eddi d\u00f9ng vui l\u00f2ng thanh to\u00e1n ph\u1ee5 ph\u00ed (n\u1ebfu c\u00f3) v\u1edbi \u0110\u1ed1i t\u00e1c t\u00e0i x\u1ebf.<\/p>\n<p>&#8211; M\u1ed7i ng\u01b0\u1eddi d\u00f9ng c\u00f3 th\u1ec3 s\u1eed d\u1ee5ng \u01b0u \u0111\u00e3i t\u1ed1i \u0111a 01 l\u1ea7n\/ng\u00e0y.<\/p>\n<p>&#8211; S\u1ed1 l\u01b0\u1ee3ng \u01b0u \u0111\u00e3i c\u00f3 gi\u1edbi h\u1ea1n m\u1ed7i ng\u00e0y.<\/p>\n<p>&#8211; Ch\u1ec9 \u00e1p d\u1ee5ng cho ng\u01b0\u1eddi d\u00f9ng nh\u1eadn \u0111\u01b0\u1ee3c th\u00f4ng b\u00e1o.<\/p>\n<p>&#8211; Ch\u1ec9 \u00e1p d\u1ee5ng v\u1edbi phi\u00ean b\u1ea3n app m\u1edbi nh\u1ea5t.<\/p>\n<p><strong>Xem chi ti\u1ebft ch\u01b0\u01a1ng tr\u00ecnh GC3SIEU<\/strong><\/p>\n<p>&#8211; \u01afu \u0111\u00e3i 30% (t\u1ed1i \u0111a 25.000\u0111) \u00e1p d\u1ee5ng cho d\u1ecbch v\u1ee5 GrabCar\/ GrabCar Plus\/ GrabCar Protect.<\/p>\n<p>&#8211; \u00c1p d\u1ee5ng t\u1ea1i Tp.H\u1ed3 Ch\u00ed Minh v\u00e0 H\u00e0 N\u1ed9i.<\/p>\n<p>-\u00c1p d\u1ee5ng t\u1eeb 9:00 \u0111\u1ebfn 17:00<\/p>\n<p>&#8211; \u00c1p d\u1ee5ng cho m\u1ecdi ph\u01b0\u01a1ng th\u1ee9c thanh to\u00e1n.<\/p>\n<p>&#8211; Khi thanh to\u00e1n kh\u00f4ng ti\u1ec1n m\u1eb7t (qua V\u00ed Moca ho\u1eb7c Th\u1ebb ng\u00e2n h\u00e0ng) nh\u1eadn ngay 01 \u01b0u \u0111\u00e3i 50% (t\u1ed1i \u0111a 30.000\u0111) \u00e1p d\u1ee5ng cho chuy\u1ebfn xe ti\u1ebfp theo v\u00e0 c\u00f3 gi\u00e1 tr\u1ecb s\u1eed d\u1ee5ng trong v\u00f2ng 01 ng\u00e0y k\u1ec3 t\u1eeb ng\u00e0y nh\u1eadn.<\/p>\n<p>&#8211; \u01afu \u0111\u00e3i kh\u00f4ng bao g\u1ed3m ph\u1ee5 ph\u00ed, ng\u01b0\u1eddi d\u00f9ng vui l\u00f2ng thanh to\u00e1n ph\u1ee5 ph\u00ed (n\u1ebfu c\u00f3) v\u1edbi \u0110\u1ed1i t\u00e1c t\u00e0i x\u1ebf.<\/p>\n<p>&#8211; M\u1ed7i ng\u01b0\u1eddi d\u00f9ng c\u00f3 th\u1ec3 s\u1eed d\u1ee5ng \u01b0u \u0111\u00e3i t\u1ed1i \u0111a 01 l\u1ea7n\/ng\u00e0y.<\/p>\n<p>&#8211; S\u1ed1 l\u01b0\u1ee3ng \u01b0u \u0111\u00e3i c\u00f3 gi\u1edbi h\u1ea1n m\u1ed7i ng\u00e0y.<\/p>\n<p>&#8211; Ch\u1ec9 \u00e1p d\u1ee5ng cho ng\u01b0\u1eddi d\u00f9ng nh\u1eadn \u0111\u01b0\u1ee3c th\u00f4ng b\u00e1o.<\/p>\n<p>&#8211; Ch\u1ec9 \u00e1p d\u1ee5ng v\u1edbi phi\u00ean b\u1ea3n app m\u1edbi nh\u1ea5t.<\/p>\n<p>&nbsp;<\/p>\n<p><a href=\"https:\/\/grab.onelink.me\/2695613898\/datxengay\"><img loading=\"lazy\" decoding=\"async\" class=\"aligncenter wp-image-107856\" src=\"https:\/\/assets.grab.com\/wp-content\/uploads\/sites\/11\/2022\/01\/04162458\/CTA-01.png\" alt=\"\" width=\"204\" height=\"50\" \/><\/a><\/p>\n<p>&nbsp;<\/p>\n<p>&nbsp;<\/p>\n","protected":false},"excerpt":{"rendered":"\ud83c\udf1f \u0110\u1eb7t xe 3 Si\u00eau, \u0111i \u201cchill\u201d m\u00f9a T\u1ebft \ud83c\udf1f &nbsp; \ud83d\udef5\u00a0 M\u00f9a T\u1ebft b\u1eadn r\u1ed9n, di chuy\u1ec3n thu\u1eadn l\u1ee3i l\u00e0 \u01b0u ti\u00ean h\u00e0ng \u0111\u1ea7u ph\u1ea3i kh\u00f4ng anh ch\u1ecb m\u00ecnh?\u00a0 \ud83d\ude98\u00a0 Y\u00ean t\u00e2m di chuy\u1ec3n T\u1ebft n\u00e0y v\u1edbi Grab 3 Si\u00eau, t\u1eeb \u0111i t\u1eb7ng qu\u00e0, ti\u1ec7c t\u00f9ng cu\u1ed1i n\u0103m \u0111\u1ebfn \u0111i ch\u00f9a, ch\u00fac T\u1ebft, du [&hellip;]","protected":false},"author":1250,"featured_media":0,"parent":0,"menu_order":0,"comment_status":"closed","ping_status":"closed","template":"","meta":{"_acf_changed":false,"footnotes":""},"acf":[],"_links":{"self":[{"href":"https:\/\/www.grab.com\/vn\/wp-json\/wp\/v2\/pages\/107855"}],"collection":[{"href":"https:\/\/www.grab.com\/vn\/wp-json\/wp\/v2\/pages"}],"about":[{"href":"https:\/\/www.grab.com\/vn\/wp-json\/wp\/v2\/types\/page"}],"author":[{"embeddable":true,"href":"https:\/\/www.grab.com\/vn\/wp-json\/wp\/v2\/users\/1250"}],"replies":[{"embeddable":true,"href":"https:\/\/www.grab.com\/vn\/wp-json\/wp\/v2\/comments?post=107855"}],"version-history":[{"count":7,"href":"https:\/\/www.grab.com\/vn\/wp-json\/wp\/v2\/pages\/107855\/revisions"}],"predecessor-version":[{"id":107958,"href":"https:\/\/www.grab.com\/vn\/wp-json\/wp\/v2\/pages\/107855\/revisions\/107958"}],"wp:attachment":[{"href":"https:\/\/www.grab.com\/vn\/wp-json\/wp\/v2\/media?parent=107855"}],"curies":[{"name":"wp","href":"https:\/\/api.w.org\/{rel}","templated":true}]}}