{"id":106219,"date":"2021-12-15T16:09:02","date_gmt":"2021-12-15T08:09:02","guid":{"rendered":"https:\/\/www.grab.com\/vn\/?page_id=106219"},"modified":"2021-12-15T16:13:26","modified_gmt":"2021-12-15T08:13:26","slug":"grab-lai-gan-nhau-mua-dong-them-am","status":"publish","type":"page","link":"https:\/\/www.grab.com\/vn\/grab-lai-gan-nhau-mua-dong-them-am\/","title":{"rendered":"GRAB L\u1ea0I G\u1ea6N NHAU, M\u00d9A \u0110\u00d4NG TH\u00caM \u1ea4M"},"content":{"rendered":"<p><img loading=\"lazy\" decoding=\"async\" width=\"1200\" height=\"600\" class=\"alignnone size-full wp-image-106220\" src=\"https:\/\/assets.grab.com\/wp-content\/uploads\/sites\/11\/2021\/12\/15160719\/1200x600-15.jpg\" alt=\"\" \/><\/p>\n<p><span style=\"font-weight: 400\">\ud83c\udf1f Cu\u1ed1i n\u0103m r\u1ed3i, m\u00ecnh x\u00edch l\u1ea1i g\u1ea7n nhau th\u00f4i \ud83c\udf1f<\/span><\/p>\n<p><span style=\"font-weight: 400\">\ud83c\udf89 Tr\u1eddi cu\u1ed1i n\u0103m \u0111\u1ed5i gi\u00f3 m\u00e1t l\u1ea1nh, th\u1eddi ti\u1ebft tuy\u1ec7t v\u1eddi nh\u01b0 th\u1ebf n\u00e0y nhanh nhanh tranh th\u1ee7 &#8220;x\u00edch l\u1ea1i g\u1ea7n&#8221; nhau sau bao ng\u00e0y xa c\u00e1ch th\u00f4i anh ch\u1ecb m\u00ecnh \u01a1i!<\/span><\/p>\n<p><span style=\"font-weight: 400\">\ud83d\udef5 \ud83d\ude98 S\u00e1ng \u0111\u1eb9p tr\u1eddi \u0111\u1eb7t m\u1ed9t chuy\u1ebfn Grab \u0111\u1ebfn qu\u00e1n quen thu\u1ed9c u\u1ed1ng ly tr\u00e0 \u0111\u00e0o, \u0111\u1ecdc m\u1ed9t cu\u1ed1n s\u00e1ch r\u1ed3i d\u1ea1o m\u1ed9t v\u00f2ng shopping l\u1ef1a \u0111\u1ed3 \u0111\u1eb9p, gh\u00e9 ti\u1ec7m l\u00e0m b\u1ed9 nails sang ch\u1ea3nh r\u1ed3i t\u1ed1i nh\u1eafn tin h\u1eb9n v\u00e0i ng\u01b0\u1eddi b\u1ea1n \u0111i u\u1ed1ng m\u1ea5y ly th\u00e2n m\u1eadt &#8220;c\u1eadp nh\u1eadt&#8221; t\u00ecnh h\u00ecnh cu\u1ed9c s\u1ed1ng, khuya \u0111\u1eb7t m\u1ed9t chuy\u1ebfn an to\u00e0n v\u1ec1 t\u1eadn c\u1eeda nh\u00e0, k\u1ebft th\u00fac m\u1ed9t ng\u00e0y vui v\u1ebb.<\/span><\/p>\n<p><span style=\"font-weight: 400\">\ud83c\udf8a X\u1ecbn x\u00f2 h\u01a1n, nh\u1eadp m\u00e3 GCAMAP v\u00e0 GBAMAP \u0111\u1ec3 \u0111\u01b0\u1ee3c \u01b0u \u0111\u00e3i di chuy\u1ec3n v\u00e0 nh\u1eadn lu\u00f4n voucher \u0111\u1ecba \u0111i\u1ec3m m\u00ecnh \u0111\u1ebfn ho\u1eb7c voucher \u01b0u \u0111\u00e3i cho chuy\u1ebfn GrabCar k\u1ebf ti\u1ebfp nha.<\/span><\/p>\n<p><span style=\"font-weight: 400\">\ud83d\udcf1 Ch\u1edd g\u00ec m\u00e0 kh\u00f4ng ch\u1ed1t k\u00e8o, l\u00ean \u0111\u1ed3 r\u1ed3i \u0111\u1eb7t Grab \u0111\u1ec3 c\u00f9ng x\u00edch l\u1ea1i g\u1ea7n nhau n\u00e8 c\u1ea3 nh\u00e0 \u01a1i!<\/span><\/p>\n<p><span style=\"font-weight: 400\">#GrabBike #GrabCar #Grablaigannhau<\/span><\/p>\n<p>&nbsp;<\/p>\n<p><strong>Xem chi ti\u1ebft ch\u01b0\u01a1ng tr\u00ecnh GBAMAP:<\/strong><\/p>\n<p>&#8211; \u01afu \u0111\u00e3i 50% (t\u1ed1i \u0111a 15.000\u0111) cho c\u00e1c d\u1ecbch v\u1ee5 GrabBike, GrabBike Premium t\u1ea1i Tp H\u1ed3 Ch\u00ed Minh.<\/p>\n<p>&#8211; \u00c1p d\u1ee5ng cho t\u1ea5t c\u1ea3 ph\u01b0\u01a1ng th\u1ee9c thanh to\u00e1n.<\/p>\n<p>&#8211; \u01afu \u0111\u00e3i kh\u00f4ng bao g\u1ed3m ph\u1ee5 ph\u00ed, h\u00e0nh kh\u00e1ch vui l\u00f2ng thanh to\u00e1n ph\u1ee5 ph\u00ed (n\u1ebfu c\u00f3) v\u1edbi t\u00e0i x\u1ebf<\/p>\n<p>&#8211; S\u1ed1 l\u01b0\u1ee3ng khuy\u1ebfn m\u00e3i c\u00f3 h\u1ea1n, ch\u01b0\u01a1ng tr\u00ecnh c\u00f3 th\u1ec3 k\u1ebft th\u00fac s\u1edbm h\u01a1n d\u1ef1 ki\u1ebfn.<\/p>\n<p>&#8211; Ch\u1ec9 \u00e1p d\u1ee5ng cho ng\u01b0\u1eddi d\u00f9ng nh\u1eadn \u0111\u01b0\u1ee3c th\u00f4ng b\u00e1o.<\/p>\n<p>&#8211; Ch\u1ec9 \u00e1p d\u1ee5ng v\u1edbi phi\u00ean b\u1ea3n app m\u1edbi nh\u1ea5t<\/p>\n<p>&nbsp;<\/p>\n<p><strong>Xem chi ti\u1ebft ch\u01b0\u01a1ng tr\u00ecnh GCAMAP:<\/strong><\/p>\n<p>&#8211; \u01afu \u0111\u00e3i 50% (t\u1ed1i \u0111a 30.000\u0111) cho c\u00e1c d\u1ecbch v\u1ee5 GrabCar, GrabCar Plus, GrabCar Protect t\u1ea1i Tp H\u1ed3 Ch\u00ed Minh v\u00e0 H\u00e0 N\u1ed9i.<\/p>\n<p>&#8211; \u00c1p d\u1ee5ng cho t\u1ea5t c\u1ea3 ph\u01b0\u01a1ng th\u1ee9c thanh to\u00e1n.<\/p>\n<p>&#8211; \u01afu \u0111\u00e3i kh\u00f4ng bao g\u1ed3m ph\u1ee5 ph\u00ed, h\u00e0nh kh\u00e1ch vui l\u00f2ng thanh to\u00e1n ph\u1ee5 ph\u00ed (n\u1ebfu c\u00f3) v\u1edbi t\u00e0i x\u1ebf.<\/p>\n<p>&#8211; S\u1ed1 l\u01b0\u1ee3ng khuy\u1ebfn m\u00e3i c\u00f3 h\u1ea1n, ch\u01b0\u01a1ng tr\u00ecnh c\u00f3 th\u1ec3 k\u1ebft th\u00fac s\u1edbm h\u01a1n d\u1ef1 ki\u1ebfn.<\/p>\n<p>&#8211; Ch\u1ec9 \u00e1p d\u1ee5ng cho ng\u01b0\u1eddi d\u00f9ng nh\u1eadn \u0111\u01b0\u1ee3c th\u00f4ng b\u00e1o.<\/p>\n<p>&#8211; Ch\u1ec9 \u00e1p d\u1ee5ng v\u1edbi phi\u00ean b\u1ea3n app m\u1edbi nh\u1ea5t.<\/p>\n<p>&nbsp;<\/p>\n<p><a href=\"https:\/\/grab.onelink.me\/2695613898\/datxengay\"><img loading=\"lazy\" decoding=\"async\" class=\"aligncenter wp-image-106085\" src=\"https:\/\/assets.grab.com\/wp-content\/uploads\/sites\/11\/2021\/12\/14175028\/CTA-013.png\" alt=\"\" width=\"204\" height=\"50\" \/><\/a><\/p>\n","protected":false},"excerpt":{"rendered":"\ud83c\udf1f Cu\u1ed1i n\u0103m r\u1ed3i, m\u00ecnh x\u00edch l\u1ea1i g\u1ea7n nhau th\u00f4i \ud83c\udf1f \ud83c\udf89 Tr\u1eddi cu\u1ed1i n\u0103m \u0111\u1ed5i gi\u00f3 m\u00e1t l\u1ea1nh, th\u1eddi ti\u1ebft tuy\u1ec7t v\u1eddi nh\u01b0 th\u1ebf n\u00e0y nhanh nhanh tranh th\u1ee7 &#8220;x\u00edch l\u1ea1i g\u1ea7n&#8221; nhau sau bao ng\u00e0y xa c\u00e1ch th\u00f4i anh ch\u1ecb m\u00ecnh \u01a1i! \ud83d\udef5 \ud83d\ude98 S\u00e1ng \u0111\u1eb9p tr\u1eddi \u0111\u1eb7t m\u1ed9t chuy\u1ebfn Grab \u0111\u1ebfn qu\u00e1n [&hellip;]","protected":false},"author":1250,"featured_media":0,"parent":0,"menu_order":0,"comment_status":"closed","ping_status":"closed","template":"","meta":{"_acf_changed":false,"footnotes":""},"acf":[],"_links":{"self":[{"href":"https:\/\/www.grab.com\/vn\/wp-json\/wp\/v2\/pages\/106219"}],"collection":[{"href":"https:\/\/www.grab.com\/vn\/wp-json\/wp\/v2\/pages"}],"about":[{"href":"https:\/\/www.grab.com\/vn\/wp-json\/wp\/v2\/types\/page"}],"author":[{"embeddable":true,"href":"https:\/\/www.grab.com\/vn\/wp-json\/wp\/v2\/users\/1250"}],"replies":[{"embeddable":true,"href":"https:\/\/www.grab.com\/vn\/wp-json\/wp\/v2\/comments?post=106219"}],"version-history":[{"count":5,"href":"https:\/\/www.grab.com\/vn\/wp-json\/wp\/v2\/pages\/106219\/revisions"}],"predecessor-version":[{"id":106225,"href":"https:\/\/www.grab.com\/vn\/wp-json\/wp\/v2\/pages\/106219\/revisions\/106225"}],"wp:attachment":[{"href":"https:\/\/www.grab.com\/vn\/wp-json\/wp\/v2\/media?parent=106219"}],"curies":[{"name":"wp","href":"https:\/\/api.w.org\/{rel}","templated":true}]}}