{"id":105409,"date":"2021-12-08T10:18:56","date_gmt":"2021-12-08T02:18:56","guid":{"rendered":"https:\/\/www.grab.com\/vn\/?page_id=105409"},"modified":"2021-12-09T12:29:34","modified_gmt":"2021-12-09T04:29:34","slug":"di-chuyen-an-toan-cung-grab-tien-toi","status":"publish","type":"page","link":"https:\/\/www.grab.com\/vn\/di-chuyen-an-toan-cung-grab-tien-toi\/","title":{"rendered":"DI CHUY\u1ec2N AN TO\u00c0N, C\u00d9NG GRAB TI\u1ebeN T\u1edaI"},"content":{"rendered":"<p><img loading=\"lazy\" decoding=\"async\" width=\"1200\" height=\"600\" class=\"alignnone size-full wp-image-105410\" src=\"https:\/\/assets.grab.com\/wp-content\/uploads\/sites\/11\/2021\/12\/08101440\/1200x600_GrabTienToi_TP.jpg\" alt=\"\" \/><\/p>\n<p><b>\ud83c\udf1f Di chuy\u1ec3n kh\u1eafp n\u01a1i an to\u00e0n c\u00f2n \u0111\u01b0\u1ee3c \u01b0u \u0111\u00e3i \u0111\u1ebfn 70%? \ud83c\udf1f<\/b><\/p>\n<p><span style=\"font-weight: 400\">\ud83c\udf89\ufe0f C\u00f2n l\u1ef1a ch\u1ecdn n\u00e0o tuy\u1ec7t v\u1eddi h\u01a1n &#8220;c\u1eb7p b\u00e0i tr\u00f9ng&#8221; GrabBike v\u00e0 GrabCar n\u1eefa ph\u1ea3i kh\u00f4ng c\u1ea3 nh\u00e0 iu?<\/span><\/p>\n<p><span style=\"font-weight: 400\">\ud83d\udc49 Cu\u1ed1i n\u0103m bi\u1ebft bao nhi\u00eau ch\u1ed7 c\u1ea7n \u0111i, bao nhi\u00eau n\u01a1i c\u1ea7n gh\u00e9, t\u1eeb s\u00e1ng s\u1edbm \u0111\u1ebfn t\u1ed1i khuya, d\u00f9 \u0111\u1eb9p tr\u1eddi hay m\u01b0a n\u1eafng, c\u00e1c b\u00e1c t\u00e0i Grab lu\u00f4n s\u1eb5n s\u00e0ng \u0111\u01b0a \u0111\u00f3n n\u00e8.<\/span><\/p>\n<p><span style=\"font-weight: 400\">\ud83c\udf89\ufe0f Xin g\u1eedi \u0111\u1ebfn anh ch\u1ecb em m\u00ecnh 2 m\u00e3 si\u00eau \u01b0u \u0111\u00e3i 70%:<\/span><\/p>\n<p><span style=\"font-weight: 400\">\ud83d\udef5 GBTIENTOI gi\u1ea3m 70% cho c\u00e1c chuy\u1ebfn GrabBike<\/span><\/p>\n<p><span style=\"font-weight: 400\">\ud83d\ude98 GCTIENTOI gi\u1ea3m 70% cho c\u00e1c chuy\u1ebfn GrabCar<\/span><\/p>\n<p>**L\u01b0u \u00fd: GrabBike hi\u1ec7n t\u1ea1i ch\u1ec9 ho\u1ea1t \u0111\u1ed9ng t\u1ea1i Th\u00e0nh ph\u1ed1 H\u1ed3 Ch\u00ed Minh<\/p>\n<p><span style=\"font-weight: 400\">\ud83d\udcf1 \u0110\u1eebng gi\u1eadt m\u00ecnh khi nh\u00ecn th\u1ea5y s\u1ed1 ti\u1ec1n \u0111\u01b0\u1ee3c gi\u1ea3m sau khi nh\u1eadp 2 chi\u1ebfc m\u00e3 \u01b0u \u0111\u00e3i &#8220;si\u00eau to kh\u1ed5ng l\u1ed3&#8221; n\u00e0y nha c\u1ea3 nh\u00e0, \u0111\u1eb7t Grab \u0111i h\u1ecdc, \u0111i ch\u01a1i, \u0111i l\u00e0m, \u0111i kh\u1eafp mu\u00f4n n\u01a1i ngay th\u00f4i!<\/span><\/p>\n<p>&nbsp;<\/p>\n<p><strong>Xem chi ti\u1ebft ch\u01b0\u01a1ng tr\u00ecnh m\u00e3 GBTIENTOI:<\/strong><\/p>\n<p>&#8211; \u01afu \u0111\u00e3i 70% (t\u1ed1i \u0111a 70.000\u0111) x 12 chuy\u1ebfn xe cho c\u00e1c d\u1ecbch v\u1ee5 GrabBike, GrabBike Premium tr\u00ean to\u00e0n qu\u1ed1c.<\/p>\n<p>&#8211; \u00c1p d\u1ee5ng cho t\u1ea5t c\u1ea3 ph\u01b0\u01a1ng th\u1ee9c thanh to\u00e1n.<\/p>\n<p>&#8211; \u01afu \u0111\u00e3i kh\u00f4ng bao g\u1ed3m ph\u1ee5 ph\u00ed, h\u00e0nh kh\u00e1ch vui l\u00f2ng thanh to\u00e1n ph\u1ee5 ph\u00ed (n\u1ebfu c\u00f3) v\u1edbi t\u00e0i x\u1ebf.<\/p>\n<p>&#8211; M\u1ed7i ng\u01b0\u1eddi d\u00f9ng c\u00f3 th\u1ec3 s\u1eed d\u1ee5ng \u01b0u \u0111\u00e3i t\u1ed1i \u0111a 4 l\u1ea7n\/ng\u00e0y v\u00e0 12 l\u1ea7n trong su\u1ed1t th\u1eddi gian di\u1ec5n ra ch\u01b0\u01a1ng tr\u00ecnh.<\/p>\n<p>&#8211; S\u1ed1 l\u01b0\u1ee3ng khuy\u1ebfn m\u00e3i c\u00f3 h\u1ea1n, ch\u01b0\u01a1ng tr\u00ecnh c\u00f3 th\u1ec3 k\u1ebft th\u00fac s\u1edbm h\u01a1n d\u1ef1 ki\u1ebfn.<\/p>\n<p>&#8211; Ch\u1ec9 \u00e1p d\u1ee5ng cho ng\u01b0\u1eddi d\u00f9ng nh\u1eadn \u0111\u01b0\u1ee3c th\u00f4ng b\u00e1o.<\/p>\n<p>&#8211; Ch\u1ec9 \u00e1p d\u1ee5ng v\u1edbi phi\u00ean b\u1ea3n app m\u1edbi nh\u1ea5t.<\/p>\n<p>&nbsp;<\/p>\n<p><strong>Xem chi ti\u1ebft ch\u01b0\u01a1ng tr\u00ecnh m\u00e3 GCTIENTOI:<\/strong><\/p>\n<p>&#8211; \u01afu \u0111\u00e3i 70% (t\u1ed1i \u0111a 70.000\u0111) x 12 chuy\u1ebfn xe cho c\u00e1c d\u1ecbch v\u1ee5 GrabCar, GrabCar Plus, GrabCar Protect tr\u00ean to\u00e0n qu\u1ed1c.<\/p>\n<p>&#8211; \u00c1p d\u1ee5ng cho t\u1ea5t c\u1ea3 ph\u01b0\u01a1ng th\u1ee9c thanh to\u00e1n.<\/p>\n<p>&#8211; \u01afu \u0111\u00e3i kh\u00f4ng bao g\u1ed3m ph\u1ee5 ph\u00ed, h\u00e0nh kh\u00e1ch vui l\u00f2ng thanh to\u00e1n ph\u1ee5 ph\u00ed (n\u1ebfu c\u00f3) v\u1edbi t\u00e0i x\u1ebf.<\/p>\n<p>&#8211; M\u1ed7i ng\u01b0\u1eddi d\u00f9ng c\u00f3 th\u1ec3 s\u1eed d\u1ee5ng \u01b0u \u0111\u00e3i t\u1ed1i \u0111a 4 l\u1ea7n\/ng\u00e0y v\u00e0 12 l\u1ea7n trong su\u1ed1t th\u1eddi gian di\u1ec5n ra ch\u01b0\u01a1ng tr\u00ecnh.<\/p>\n<p>&#8211; S\u1ed1 l\u01b0\u1ee3ng khuy\u1ebfn m\u00e3i c\u00f3 h\u1ea1n, ch\u01b0\u01a1ng tr\u00ecnh c\u00f3 th\u1ec3 k\u1ebft th\u00fac s\u1edbm h\u01a1n d\u1ef1 ki\u1ebfn.<\/p>\n<p>&#8211; Ch\u1ec9 \u00e1p d\u1ee5ng cho ng\u01b0\u1eddi d\u00f9ng nh\u1eadn \u0111\u01b0\u1ee3c th\u00f4ng b\u00e1o.<\/p>\n<p>&#8211; Ch\u1ec9 \u00e1p d\u1ee5ng v\u1edbi phi\u00ean b\u1ea3n app m\u1edbi nh\u1ea5t.<\/p>\n<p><a href=\"https:\/\/grab.onelink.me\/2695613898?pid=Social_facebook&amp;af_web_dp=https%3A%2F%2Fwww.grab.com%2Fvn%2Fdi-chuyen-an-toan-cung-grab-tien-toi%2F&amp;c=VN21GTPBT2TPREACTIVE_DATXENGAY&amp;is_retargeting=true&amp;af_dp=grab%3A%2F%2Fopen%3FscreenType%3DBOOKING\"><img loading=\"lazy\" decoding=\"async\" class=\"aligncenter wp-image-105428\" src=\"https:\/\/assets.grab.com\/wp-content\/uploads\/sites\/11\/2021\/12\/08111400\/CTA-01.png\" alt=\"\" width=\"204\" height=\"50\" \/><\/a><\/p>\n","protected":false},"excerpt":{"rendered":"\ud83c\udf1f Di chuy\u1ec3n kh\u1eafp n\u01a1i an to\u00e0n c\u00f2n \u0111\u01b0\u1ee3c \u01b0u \u0111\u00e3i \u0111\u1ebfn 70%? \ud83c\udf1f \ud83c\udf89\ufe0f C\u00f2n l\u1ef1a ch\u1ecdn n\u00e0o tuy\u1ec7t v\u1eddi h\u01a1n &#8220;c\u1eb7p b\u00e0i tr\u00f9ng&#8221; GrabBike v\u00e0 GrabCar n\u1eefa ph\u1ea3i kh\u00f4ng c\u1ea3 nh\u00e0 iu? \ud83d\udc49 Cu\u1ed1i n\u0103m bi\u1ebft bao nhi\u00eau ch\u1ed7 c\u1ea7n \u0111i, bao nhi\u00eau n\u01a1i c\u1ea7n gh\u00e9, t\u1eeb s\u00e1ng s\u1edbm \u0111\u1ebfn t\u1ed1i khuya, d\u00f9 [&hellip;]","protected":false},"author":1250,"featured_media":0,"parent":0,"menu_order":0,"comment_status":"closed","ping_status":"closed","template":"","meta":{"_acf_changed":false,"footnotes":""},"acf":[],"_links":{"self":[{"href":"https:\/\/www.grab.com\/vn\/wp-json\/wp\/v2\/pages\/105409"}],"collection":[{"href":"https:\/\/www.grab.com\/vn\/wp-json\/wp\/v2\/pages"}],"about":[{"href":"https:\/\/www.grab.com\/vn\/wp-json\/wp\/v2\/types\/page"}],"author":[{"embeddable":true,"href":"https:\/\/www.grab.com\/vn\/wp-json\/wp\/v2\/users\/1250"}],"replies":[{"embeddable":true,"href":"https:\/\/www.grab.com\/vn\/wp-json\/wp\/v2\/comments?post=105409"}],"version-history":[{"count":16,"href":"https:\/\/www.grab.com\/vn\/wp-json\/wp\/v2\/pages\/105409\/revisions"}],"predecessor-version":[{"id":105560,"href":"https:\/\/www.grab.com\/vn\/wp-json\/wp\/v2\/pages\/105409\/revisions\/105560"}],"wp:attachment":[{"href":"https:\/\/www.grab.com\/vn\/wp-json\/wp\/v2\/media?parent=105409"}],"curies":[{"name":"wp","href":"https:\/\/api.w.org\/{rel}","templated":true}]}}