{"id":104702,"date":"2021-12-01T19:26:31","date_gmt":"2021-12-01T11:26:31","guid":{"rendered":"https:\/\/www.grab.com\/vn\/?page_id=104702"},"modified":"2021-12-03T10:51:19","modified_gmt":"2021-12-03T02:51:19","slug":"di-chill-thu-sau-dat-grab-giam-66","status":"publish","type":"page","link":"https:\/\/www.grab.com\/vn\/di-chill-thu-sau-dat-grab-giam-66\/","title":{"rendered":"\u0110i &#8220;chill&#8221; th\u1ee9 s\u00e1u, \u0111\u1eb7t Grab gi\u1ea3m 66%"},"content":{"rendered":"<p><img loading=\"lazy\" decoding=\"async\" width=\"1200\" height=\"600\" class=\"alignnone size-full wp-image-104705\" src=\"https:\/\/assets.grab.com\/wp-content\/uploads\/sites\/11\/2021\/12\/01192532\/1200x600-7.jpg\" alt=\"\" \/><\/p>\n<p><b>\ud83c\udf1f Th\u1ee9 s\u00e1u c\u1ea5t xe, \u0111i \u201cchill\u201d Grab ch\u1edf \ud83c\udf1f<\/b><\/p>\n<p>&nbsp;<\/p>\n<p><span style=\"font-weight: 400\">\ud83d\ude98 V\u1eeba nh\u1eb9 nh\u00e0ng an to\u00e0n v\u1eeba \u0111\u01b0\u1ee3c \u01b0u \u0111\u00e3i 66% lu\u00f4n nha anh ch\u1ecb m\u00ecnh! \ud83d\udef5<\/span><\/p>\n<p><span style=\"font-weight: 400\">\ud83c\udf89\ufe0f T\u1ed1i th\u1ee9 6 \u0111i l\u00e0m v\u1ec1 t\u1eafm r\u1eeda th\u01a1m tho, l\u00e0m t\u00f3c make up thay b\u1ed9 \u0111\u1ed3 th\u1eadt &#8220;hot hit&#8221; \u0111\u1ec3 r\u1ed3i c\u00f2ng l\u01b0ng d\u1eaft xe, \u0111\u1ea1p m\u00e1y, t\u1edbi n\u01a1i l\u1ea1i c\u00f2n ph\u1ea3i \u0111\u1ecf m\u1eaft t\u00ecm ch\u1ed7 gi\u1eef xe.<\/span><\/p>\n<p><span style=\"font-weight: 400\">\ud83c\udf8a\ufe0f \u0110\u1eebng nh\u01b0 th\u1ebf anh ch\u1ecb m\u00ecnh \u01a1i, nh\u1eb9 nh\u00e0ng \u0111\u1eb7t m\u1ed9t chuy\u1ebfn Grab, nh\u1eb9 nh\u00e0ng ng\u1ed3i l\u00ean xe \u0111\u1ebfn ngay c\u1eeda qu\u00e1n \u0103n, r\u1ea1p phim hay n\u01a1i h\u1eb9n h\u00f2 r\u1ed3i m\u00ecnh b\u01b0\u1edbc th\u1eb3ng v\u00f4 trong kh\u00f4ng c\u1ea7n ngh\u0129 ng\u1ee3i g\u00ec, t\u1ed1i v\u1ec1 m\u00ecnh l\u1ea1i \u0111\u1eb7t m\u1ed9t chi\u1ebfc Grab, v\u1eady l\u00e0 nh\u1eb9 nh\u00e0ng v\u1ec1 \u0111\u1ebfn nh\u00e0 an to\u00e0n.<\/span><\/p>\n<p><span style=\"font-weight: 400\">\u00a0\ud83d\udcb8\u00a0 \u0110\u1eb7c bi\u1ec7t \u01b0u \u0111\u00e3i c\u1ef1c m\u1ea1nh cho Th\u1ee9 S\u00e1u gi\u1ea3m \u0111\u1ebfn 66% \u00e1p d\u1ee5ng cho c\u1ea3 GrabBike v\u00e0 GrabCar khi nh\u1eadp m\u00e3 GB66 v\u00e0 GC66, tha h\u1ed3 vui ch\u01a1i an to\u00e0n ti\u1ebft ki\u1ec7m t\u1ed1i Th\u1ee9 s\u00e1u lu\u00f4n nha c\u1ea3 nh\u00e0. \ud83d\udcb8\u00a0<\/span><\/p>\n<p>L\u01b0u \u00fd: D\u1ecbch v\u1ee5 GrabBike ch\u1ec9 ho\u1ea1t \u0111\u1ed9ng \u1edf TP. H\u1ed3 Ch\u00ed Minh<\/p>\n<p><span style=\"font-weight: 400\">\ud83d\udcf1 C\u1ea5t xe \u1edf nh\u00e0, \u0111\u1eb7t Grab \u0111i ch\u01a1i ngay th\u00f4i!<\/span><\/p>\n<p>&nbsp;<\/p>\n<p><strong>\u0110i\u1ec1u kho\u1ea3n \u0111i\u1ec1u ki\u1ec7n ch\u01b0\u01a1ng tr\u00ecnh m\u00e3 GB66:<\/strong><\/p>\n<p>&#8211; \u01afu \u0111\u00e3i 66% (t\u1ed1i \u0111a 66.000\u0111) cho c\u00e1c d\u1ecbch v\u1ee5 GrabBike tr\u00ean to\u00e0n qu\u1ed1c.<\/p>\n<p>&#8211; \u01afu \u0111\u00e3i kh\u00f4ng bao g\u1ed3m ph\u1ee5 ph\u00ed, h\u00e0nh kh\u00e1ch vui l\u00f2ng thanh to\u00e1n ph\u1ee5 ph\u00ed (n\u1ebfu c\u00f3) v\u1edbi t\u00e0i x\u1ebf.<\/p>\n<p>&#8211; S\u1ed1 l\u01b0\u1ee3ng khuy\u1ebfn m\u00e3i c\u00f3 h\u1ea1n, ch\u01b0\u01a1ng tr\u00ecnh c\u00f3 th\u1ec3 k\u1ebft th\u00fac s\u1edbm h\u01a1n d\u1ef1 ki\u1ebfn.<\/p>\n<p>&#8211; M\u1ed7i h\u00e0nh kh\u00e1ch \u0111\u01b0\u1ee3c s\u1eed d\u1ee5ng t\u1ed1i \u0111a 1 l\u1ea7n\/ng\u00e0y.<\/p>\n<p>&#8211; Ch\u1ec9 \u00e1p d\u1ee5ng cho ng\u01b0\u1eddi d\u00f9ng nh\u1eadn \u0111\u01b0\u1ee3c th\u00f4ng b\u00e1o.<\/p>\n<p>&#8211; Ch\u1ec9 \u00e1p d\u1ee5ng v\u1edbi phi\u00ean b\u1ea3n app m\u1edbi nh\u1ea5t.<\/p>\n<p><strong>\u0110i\u1ec1u kho\u1ea3n \u0111i\u1ec1u ki\u1ec7n ch\u01b0\u01a1ng tr\u00ecnh m\u00e3 GC66:<\/strong><\/p>\n<p>&#8211; \u01afu \u0111\u00e3i 66% (t\u1ed1i \u0111a 66.000\u0111) cho c\u00e1c d\u1ecbch v\u1ee5 GrabCar, GrabCar Plus, GrabCar Economy v\u00e0 GrabCar Protect tr\u00ean to\u00e0n qu\u1ed1c.<\/p>\n<p>&#8211; \u01afu \u0111\u00e3i kh\u00f4ng bao g\u1ed3m ph\u1ee5 ph\u00ed, h\u00e0nh kh\u00e1ch vui l\u00f2ng thanh to\u00e1n ph\u1ee5 ph\u00ed (n\u1ebfu c\u00f3) v\u1edbi t\u00e0i x\u1ebf.<\/p>\n<p>&#8211; S\u1ed1 l\u01b0\u1ee3ng khuy\u1ebfn m\u00e3i c\u00f3 h\u1ea1n, ch\u01b0\u01a1ng tr\u00ecnh c\u00f3 th\u1ec3 k\u1ebft th\u00fac s\u1edbm h\u01a1n d\u1ef1 ki\u1ebfn.<\/p>\n<p>&#8211; M\u1ed7i h\u00e0nh kh\u00e1ch \u0111\u01b0\u1ee3c s\u1eed d\u1ee5ng t\u1ed1i \u0111a 1 l\u1ea7n\/ng\u00e0y.<\/p>\n<p>&#8211; Ch\u1ec9 \u00e1p d\u1ee5ng cho ng\u01b0\u1eddi d\u00f9ng nh\u1eadn \u0111\u01b0\u1ee3c th\u00f4ng b\u00e1o.<\/p>\n<p>&#8211; Ch\u1ec9 \u00e1p d\u1ee5ng v\u1edbi phi\u00ean b\u1ea3n app m\u1edbi nh\u1ea5t.<\/p>\n","protected":false},"excerpt":{"rendered":"\ud83c\udf1f Th\u1ee9 s\u00e1u c\u1ea5t xe, \u0111i \u201cchill\u201d Grab ch\u1edf \ud83c\udf1f &nbsp; \ud83d\ude98 V\u1eeba nh\u1eb9 nh\u00e0ng an to\u00e0n v\u1eeba \u0111\u01b0\u1ee3c \u01b0u \u0111\u00e3i 66% lu\u00f4n nha anh ch\u1ecb m\u00ecnh! \ud83d\udef5 \ud83c\udf89\ufe0f T\u1ed1i th\u1ee9 6 \u0111i l\u00e0m v\u1ec1 t\u1eafm r\u1eeda th\u01a1m tho, l\u00e0m t\u00f3c make up thay b\u1ed9 \u0111\u1ed3 th\u1eadt &#8220;hot hit&#8221; \u0111\u1ec3 r\u1ed3i c\u00f2ng l\u01b0ng d\u1eaft xe, [&hellip;]","protected":false},"author":1250,"featured_media":0,"parent":0,"menu_order":0,"comment_status":"closed","ping_status":"closed","template":"","meta":{"_acf_changed":false,"footnotes":""},"acf":[],"_links":{"self":[{"href":"https:\/\/www.grab.com\/vn\/wp-json\/wp\/v2\/pages\/104702"}],"collection":[{"href":"https:\/\/www.grab.com\/vn\/wp-json\/wp\/v2\/pages"}],"about":[{"href":"https:\/\/www.grab.com\/vn\/wp-json\/wp\/v2\/types\/page"}],"author":[{"embeddable":true,"href":"https:\/\/www.grab.com\/vn\/wp-json\/wp\/v2\/users\/1250"}],"replies":[{"embeddable":true,"href":"https:\/\/www.grab.com\/vn\/wp-json\/wp\/v2\/comments?post=104702"}],"version-history":[{"count":7,"href":"https:\/\/www.grab.com\/vn\/wp-json\/wp\/v2\/pages\/104702\/revisions"}],"predecessor-version":[{"id":104959,"href":"https:\/\/www.grab.com\/vn\/wp-json\/wp\/v2\/pages\/104702\/revisions\/104959"}],"wp:attachment":[{"href":"https:\/\/www.grab.com\/vn\/wp-json\/wp\/v2\/media?parent=104702"}],"curies":[{"name":"wp","href":"https:\/\/api.w.org\/{rel}","templated":true}]}}