{"id":104471,"date":"2021-12-01T10:16:55","date_gmt":"2021-12-01T02:16:55","guid":{"rendered":"https:\/\/www.grab.com\/vn\/?page_id=104471"},"modified":"2024-01-24T17:58:16","modified_gmt":"2024-01-24T09:58:16","slug":"dat-xe-de-dang-an-toan-dao-pho","status":"publish","type":"page","link":"https:\/\/www.grab.com\/vn\/dat-xe-de-dang-an-toan-dao-pho\/","title":{"rendered":"\u0110\u1eb6T XE D\u1ec4 D\u00c0NG, AN TO\u00c0N D\u1ea0O PH\u1ed0"},"content":{"rendered":"<p><img loading=\"lazy\" decoding=\"async\" width=\"1200\" height=\"600\" class=\"alignnone size-full wp-image-104505\" src=\"https:\/\/assets.grab.com\/wp-content\/uploads\/sites\/11\/2021\/12\/01120726\/1200x600-6.jpg\" alt=\"\" \/><\/p>\n<p><span style=\"font-weight: 400\">\ud83c\udf1f Ch\u00fac m\u1eebng, ch\u00fang t\u00f4i \u0111\u00e3 t\u00ecm \u0111\u01b0\u1ee3c t\u00e0i x\u1ebf cho b\u1ea1n \ud83c\udf1f<\/span><\/p>\n<p><span style=\"font-weight: 400\">\ud83c\udf89\ufe0f M\u00f9a cu\u1ed1i n\u0103m r\u1ed9n r\u00e0ng s\u1eafp \u0111\u1ebfn r\u1ed3i c\u1ea3 nh\u00e0 iu \u01a1i, c\u1ea7n \u0111i h\u1ecdc \u0111i l\u00e0m m\u00e0 gh\u00e9t c\u1ea7m l\u00e1i, ng\u1ea1i g\u1eedi xe th\u00ec <a href=\"https:\/\/www.grab.com\/vn\/transport\/bike\/\">\u0111\u1eb7t GrabBike<\/a>, mu\u1ed1n \u0111i qu\u1ea9y h\u1ebft m\u00ecnh cu\u1ed1i tu\u1ea7n hay c\u1ee5ng ly v\u1edbi b\u1ea1n b\u00e8 th\u00ec <a href=\"https:\/\/www.grab.com\/vn\/transport\/car\/\">\u0111\u1eb7t GrabCar<\/a> v\u00e0 d\u00f9 l\u00e0 \u0111i \u0111\u00e2u c\u0169ng d\u1ec5 d\u00e0ng b\u1eaft \u0111\u01b0\u1ee3c xe nh\u00e9 \ud83d\udef5\ud83d\ude98<\/span><\/p>\n<p><span style=\"font-weight: 400\">\ud83c\udf8a Trao tay anh ch\u1ecb em m\u00ecnh 2 m\u00e3 \u01b0u \u0111\u00e3i GBANTOAN \u01b0u \u0111\u00e3i t\u1edbi 20k v\u00e0 GCANTOAN \u01b0u \u0111\u00e3i t\u1edbi 50k \u0111\u1ec3 di chuy\u1ec3n th\u00eam ti\u1ebft ki\u1ec7m n\u00e8<\/span><\/p>\n<p><span style=\"font-weight: 400\">\ud83c\udf8a\ufe0f Ngo\u00e0i ra, Grab c\u0169ng t\u1eb7ng ngay 10k v\u00e0o V\u00ed Moca cho anh ch\u1ecb n\u00e0o ch\u01b0a \u0111\u1eb7t \u0111\u01b0\u1ee3c xe (ch\u1ec9 \u00e1p d\u1ee5ng cho c\u00e1c chuy\u1ebfn xe thanh to\u00e1n b\u1eb1ng v\u00ed \u0111i\u1ec7n t\u1eed Moca).<\/span><\/p>\n<p>L\u01b0u \u00fd: D\u1ecbch v\u1ee5 GrabBike ch\u1ec9 ho\u1ea1t \u0111\u1ed9ng \u1edf TP. H\u1ed3 Ch\u00ed Minh.<\/p>\n<p><span style=\"font-weight: 400\">\ud83d\udcf1 \u0110\u1eb7t Grab di chuy\u1ec3n an to\u00e0n ngay!<\/span><\/p>\n<p>&nbsp;<\/p>\n<p><strong>\u0110i\u1ec1u ki\u1ec7n ch\u01b0\u01a1ng tr\u00ecnh m\u00e3 GBANTOAN:<\/strong><\/p>\n<p>&#8211; Nh\u1eadn ngay \u01b0u \u0111\u00e3i 50% t\u1ed1i \u0111a 20K x 01 chuy\u1ebfn GrabBike ti\u1ebfp theo khi s\u1eed d\u1ee5ng m\u00e3 GBANTOAN v\u00e0 thanh to\u00e1n kh\u00f4ng ti\u1ec1n m\u1eb7t (qua V\u00ed Moca ho\u1eb7c Th\u1ebb ng\u00e2n h\u00e0ng).<\/p>\n<p>&#8211; \u01afu \u0111\u00e3i 20% (t\u1ed1i \u0111a 20.000\u0111) x 10 chuy\u1ebfn GrabBike\/ GrabBike Premium.<\/p>\n<p>&#8211; \u00c1p d\u1ee5ng t\u1ea1i Tp.H\u1ed3 Ch\u00ed Minh.<\/p>\n<p>&#8211; \u01afu \u0111\u00e3i kh\u00f4ng bao g\u1ed3m ph\u1ee5 ph\u00ed, h\u00e0ng kh\u00e1ch vui l\u00f2ng thanh to\u00e1n ph\u1ee5 ph\u00ed (n\u1ebfu c\u00f3) v\u1edbi t\u00e0i x\u1ebf.<\/p>\n<p>&#8211; M\u1ed7i h\u00e0ng kh\u00e1ch c\u00f3 th\u1ec3 s\u1eed d\u1ee5ng \u01b0u \u0111\u00e3i t\u1ed1i \u0111a 02 l\u1ea7n\/ ng\u00e0y.<\/p>\n<p>&#8211; S\u1ed1 l\u01b0\u1ee3ng \u01b0u \u0111\u00e3i c\u00f3 gi\u1edbi h\u1ea1n m\u1ed7i ng\u00e0y.<\/p>\n<p>&#8211; \u01afu \u0111\u00e3i c\u00f3 h\u1ea1n s\u1eed d\u1ee5ng \u0111\u1ebfn h\u1ebft ng\u00e0y 14\/12\/2021.<\/p>\n<p><strong>\u0110i\u1ec1u ki\u1ec7n ch\u01b0\u01a1ng tr\u00ecnh m\u00e3 GCANTOAN<\/strong><\/p>\n<p>&#8211; Nh\u1eadn ngay \u01b0u \u0111\u00e3i 50% t\u1ed1i \u0111a 50K x 01 chuy\u1ebfn GrabCar ti\u1ebfp theo khi s\u1eed d\u1ee5ng m\u00e3 GCANTOAN v\u00e0 thanh to\u00e1n kh\u00f4ng ti\u1ec1n m\u1eb7t (qua V\u00ed Moca ho\u1eb7c Th\u1ebb ng\u00e2n h\u00e0ng).<\/p>\n<p>&#8211; \u01afu \u0111\u00e3i 30% (t\u1ed1i \u0111a 50.000\u0111) x 10 chuy\u1ebfn GrabCar, GrabCar Plus, GrabCar Economy v\u00e0 GrabCar Protect.<\/p>\n<p>&#8211; \u00c1p d\u1ee5ng t\u1ea1i Tp.H\u1ed3 Ch\u00ed Minh v\u00e0 H\u00e0 N\u1ed9i.<\/p>\n<p>&#8211; \u01afu \u0111\u00e3i kh\u00f4ng bao g\u1ed3m ph\u1ee5 ph\u00ed, h\u00e0ng kh\u00e1ch vui l\u00f2ng thanh to\u00e1n ph\u1ee5 ph\u00ed (n\u1ebfu c\u00f3) v\u1edbi t\u00e0i x\u1ebf.<\/p>\n<p>&#8211; M\u1ed7i h\u00e0ng kh\u00e1ch c\u00f3 th\u1ec3 s\u1eed d\u1ee5ng \u01b0u \u0111\u00e3i t\u1ed1i \u0111a 02 l\u1ea7n\/ ng\u00e0y.<\/p>\n<p>&#8211; S\u1ed1 l\u01b0\u1ee3ng \u01b0u \u0111\u00e3i c\u00f3 gi\u1edbi h\u1ea1n m\u1ed7i ng\u00e0y.<\/p>\n<p>&#8211; \u01afu \u0111\u00e3i c\u00f3 h\u1ea1n s\u1eed d\u1ee5ng \u0111\u1ebfn h\u1ebft ng\u00e0y 14\/12\/2021.<\/p>\n","protected":false},"excerpt":{"rendered":"\ud83c\udf1f Ch\u00fac m\u1eebng, ch\u00fang t\u00f4i \u0111\u00e3 t\u00ecm \u0111\u01b0\u1ee3c t\u00e0i x\u1ebf cho b\u1ea1n \ud83c\udf1f \ud83c\udf89\ufe0f M\u00f9a cu\u1ed1i n\u0103m r\u1ed9n r\u00e0ng s\u1eafp \u0111\u1ebfn r\u1ed3i c\u1ea3 nh\u00e0 iu \u01a1i, c\u1ea7n \u0111i h\u1ecdc \u0111i l\u00e0m m\u00e0 gh\u00e9t c\u1ea7m l\u00e1i, ng\u1ea1i g\u1eedi xe th\u00ec \u0111\u1eb7t GrabBike, mu\u1ed1n \u0111i qu\u1ea9y h\u1ebft m\u00ecnh cu\u1ed1i tu\u1ea7n hay c\u1ee5ng ly v\u1edbi b\u1ea1n b\u00e8 th\u00ec [&hellip;]","protected":false},"author":1250,"featured_media":0,"parent":0,"menu_order":0,"comment_status":"closed","ping_status":"closed","template":"","meta":{"_acf_changed":false,"footnotes":""},"acf":[],"_links":{"self":[{"href":"https:\/\/www.grab.com\/vn\/wp-json\/wp\/v2\/pages\/104471"}],"collection":[{"href":"https:\/\/www.grab.com\/vn\/wp-json\/wp\/v2\/pages"}],"about":[{"href":"https:\/\/www.grab.com\/vn\/wp-json\/wp\/v2\/types\/page"}],"author":[{"embeddable":true,"href":"https:\/\/www.grab.com\/vn\/wp-json\/wp\/v2\/users\/1250"}],"replies":[{"embeddable":true,"href":"https:\/\/www.grab.com\/vn\/wp-json\/wp\/v2\/comments?post=104471"}],"version-history":[{"count":10,"href":"https:\/\/www.grab.com\/vn\/wp-json\/wp\/v2\/pages\/104471\/revisions"}],"predecessor-version":[{"id":161461,"href":"https:\/\/www.grab.com\/vn\/wp-json\/wp\/v2\/pages\/104471\/revisions\/161461"}],"wp:attachment":[{"href":"https:\/\/www.grab.com\/vn\/wp-json\/wp\/v2\/media?parent=104471"}],"curies":[{"name":"wp","href":"https:\/\/api.w.org\/{rel}","templated":true}]}}