{"id":103335,"date":"2021-11-23T17:11:42","date_gmt":"2021-11-23T09:11:42","guid":{"rendered":"https:\/\/www.grab.com\/vn\/?page_id=103335"},"modified":"2021-11-23T17:12:46","modified_gmt":"2021-11-23T09:12:46","slug":"datgrabfood-nhan100k","status":"publish","type":"page","link":"https:\/\/www.grab.com\/vn\/datgrabfood-nhan100k\/","title":{"rendered":"\ud83c\udf72 \u0110\u1eb7t GrabFood gi\u1ea3m h\u1eddi, gom \u01b0u \u0111\u00e3i 100K v\u1ec1 d\u00f9ng \ud83d\udef5\ud83d\ude99\ud83d\udcf1"},"content":{"rendered":"<p><img loading=\"lazy\" decoding=\"async\" width=\"1200\" height=\"600\" class=\"alignnone size-full wp-image-103336\" src=\"https:\/\/assets.grab.com\/wp-content\/uploads\/sites\/11\/2021\/11\/23170540\/1200x600-62.jpg\" alt=\"\" \/><\/p>\n<p>\ud83d\udcb0 M\u1ed9t v\u1ed1n m\u00e0 \u0111\u01b0\u1ee3c t\u1edbi 5 l\u1eddi lu\u00f4n n\u00e8 m\u1ecdi ng\u01b0\u1eddi.<\/p>\n<p>U l\u00e0 tr\u1eddi ch\u1ed1t \u0111\u01a1n ngay <strong>GrabFood<\/strong> b\u1ea5t k\u1ef3*, <strong>nh\u1eadn<\/strong> ngay m\u1ed9t &#8220;r\u1ed5&#8221; <strong>\u01b0u \u0111\u00e3i v\u1edbi t\u1ed5ng gi\u00e1 tr\u1ecb 100.000\u0111<\/strong> lu\u00f4n \u0111\u00e2y:<\/p>\n<p>\ud83d\udef5\ud83d\ude99\u00a0 02 m\u00e3<strong> \u01b0u \u0111\u00e3i di chuy\u1ec3n gi\u1ea3m 50% t\u1ed1i \u0111a 20.000\u0111.<\/strong><\/p>\n<p>\ud83d\ude99\ud83d\udef5\u00a0 02 m\u00e3<strong> \u01b0u \u0111\u00e3i di chuy\u1ec3n gi\u1ea3m 50% t\u1ed1i \u0111a 25.000\u0111<\/strong> khi thanh to\u00e1n qua <strong>th\u1ebb\/v\u00ed Moca. <\/strong><\/p>\n<p>\ud83d\udcf1 01 m\u00e3 <strong>\u01b0u \u0111\u00e3i n\u1ea1p ti\u1ec1n \u0111i\u1ec7n tho\u1ea1i<\/strong> 10.000\u0111.<\/p>\n<p>\ud83d\udc9a \u1ed0 l\u00e0 la c\u00f2n ch\u1edd chi n\u1eefa, \u0111\u1eb7t m\u00f3n m\u00ecnh th\u00edch, t\u00edch li\u1ec1n \u01b0u \u0111\u00e3i x\u1ecbn m\u1ecbn \u0111\u1ec3 d\u00e0nh d\u00f9ng \u0111i m\u1ecdi ng\u01b0\u1eddi \u01a1i!<\/p>\n<p><strong>\u0110i\u1ec1u ki\u1ec7n v\u00e0 \u0111i\u1ec1u kho\u1ea3n:<\/strong><\/p>\n<p>&#8211; M\u00e3 \u01b0u \u0111\u00e3i t\u1eb7ng th\u00eam s\u1ebd \u0111\u01b0\u1ee3c g\u1eedi t\u1edbi ng\u01b0\u1eddi d\u00f9ng t\u1ea1i m\u1ee5c <strong>&#8220;\u01afu \u0111\u00e3i c\u1ee7a t\u00f4i&#8221;<\/strong> khi ng\u01b0\u1eddi d\u00f9ng ho\u00e0n th\u00e0nh \u0111\u01a1n h\u00e0ng GrabFood.<br \/>\n&#8211; Ch\u01b0\u01a1ng tr\u00ecnh \u00e1p d\u1ee5ng t\u1eeb nay t\u1edbi h\u1ebft 30\/11\/2021.<br \/>\n&#8211; Ch\u1ec9 \u00e1p d\u1ee5ng cho ng\u01b0\u1eddi d\u00f9ng nh\u1eadn \u0111\u01b0\u1ee3c th\u00f4ng b\u00e1o n\u00e0y.<br \/>\n&#8211; S\u1ed1 l\u01b0\u1ee3ng \u01b0u \u0111\u00e3i m\u1ed7i ng\u00e0y c\u00f3 h\u1ea1n v\u00e0 ch\u01b0\u01a1ng tr\u00ecnh c\u00f3 th\u1ec3 k\u1ebft th\u00fac s\u1edbm h\u01a1n d\u1ef1 ki\u1ebfn.<\/p>\n","protected":false},"excerpt":{"rendered":"\ud83d\udcb0 M\u1ed9t v\u1ed1n m\u00e0 \u0111\u01b0\u1ee3c t\u1edbi 5 l\u1eddi lu\u00f4n n\u00e8 m\u1ecdi ng\u01b0\u1eddi. U l\u00e0 tr\u1eddi ch\u1ed1t \u0111\u01a1n ngay GrabFood b\u1ea5t k\u1ef3*, nh\u1eadn ngay m\u1ed9t &#8220;r\u1ed5&#8221; \u01b0u \u0111\u00e3i v\u1edbi t\u1ed5ng gi\u00e1 tr\u1ecb 100.000\u0111 lu\u00f4n \u0111\u00e2y: \ud83d\udef5\ud83d\ude99\u00a0 02 m\u00e3 \u01b0u \u0111\u00e3i di chuy\u1ec3n gi\u1ea3m 50% t\u1ed1i \u0111a 20.000\u0111. \ud83d\ude99\ud83d\udef5\u00a0 02 m\u00e3 \u01b0u \u0111\u00e3i di chuy\u1ec3n gi\u1ea3m 50% [&hellip;]","protected":false},"author":1123,"featured_media":0,"parent":0,"menu_order":0,"comment_status":"closed","ping_status":"closed","template":"","meta":{"_acf_changed":false,"footnotes":""},"acf":[],"_links":{"self":[{"href":"https:\/\/www.grab.com\/vn\/wp-json\/wp\/v2\/pages\/103335"}],"collection":[{"href":"https:\/\/www.grab.com\/vn\/wp-json\/wp\/v2\/pages"}],"about":[{"href":"https:\/\/www.grab.com\/vn\/wp-json\/wp\/v2\/types\/page"}],"author":[{"embeddable":true,"href":"https:\/\/www.grab.com\/vn\/wp-json\/wp\/v2\/users\/1123"}],"replies":[{"embeddable":true,"href":"https:\/\/www.grab.com\/vn\/wp-json\/wp\/v2\/comments?post=103335"}],"version-history":[{"count":1,"href":"https:\/\/www.grab.com\/vn\/wp-json\/wp\/v2\/pages\/103335\/revisions"}],"predecessor-version":[{"id":103337,"href":"https:\/\/www.grab.com\/vn\/wp-json\/wp\/v2\/pages\/103335\/revisions\/103337"}],"wp:attachment":[{"href":"https:\/\/www.grab.com\/vn\/wp-json\/wp\/v2\/media?parent=103335"}],"curies":[{"name":"wp","href":"https:\/\/api.w.org\/{rel}","templated":true}]}}