{"id":103229,"date":"2021-11-22T12:57:38","date_gmt":"2021-11-22T04:57:38","guid":{"rendered":"https:\/\/www.grab.com\/vn\/?page_id=103229"},"modified":"2021-11-24T11:32:55","modified_gmt":"2021-11-24T03:32:55","slug":"dat-grabcar-di-shopping-uu-dai-50-cuoc-phi","status":"publish","type":"page","link":"https:\/\/www.grab.com\/vn\/dat-grabcar-di-shopping-uu-dai-50-cuoc-phi\/","title":{"rendered":"\u0110\u1eb7t GrabCar \u0111i shopping \u01b0u \u0111\u00e3i 50% c\u01b0\u1edbc ph\u00ed"},"content":{"rendered":"<p><img loading=\"lazy\" decoding=\"async\" width=\"1200\" height=\"600\" class=\"alignnone size-full wp-image-103230\" src=\"https:\/\/assets.grab.com\/wp-content\/uploads\/sites\/11\/2021\/11\/22125504\/1200x600-31.jpg\" alt=\"\" \/><\/p>\n<p><b>\ud83c\udf1f\u0110\u1eb7t GrabCar \u0111i shopping \u01b0u \u0111\u00e3i 50% c\u01b0\u1edbc ph\u00ed \ud83c\udf1f<\/b><\/p>\n<p>&nbsp;<\/p>\n<p><span style=\"font-weight: 400\">\u2600\ufe0f\u26c8\ufe0f \u0110i shopping m\u00e0 h\u1ebft ph\u1ea3i ch\u1ea1y xe ngo\u00e0i \u0111\u01b0\u1eddng n\u1eafng m\u01b0a r\u1ed3i \u0111\u1ebfn shop chen nhau ch\u1ed7 g\u1eedi, v\u1eeba l\u1ef1a \u0111\u1ed3 v\u1eeba n\u01a1m n\u1edbp lo s\u1ee3 xe \u0111\u1ec3 \u1edf ngo\u00e0i kh\u00f4ng ai tr\u00f4ng, t\u00ednh ti\u1ec1n xong c\u1ea7m c\u1ea3 ch\u1ee5c chi\u1ebfc t\u00fai gi\u1ea5y treo treo m\u00f3c m\u00f3c, qu\u00e1 phi\u1ec1n ph\u1ea3i kh\u00f4ng c\u1ea3 nh\u00e0 iu?\u00a0<\/span><\/p>\n<p><span style=\"font-weight: 400\">\ud83d\ude98 C\u1ea5t xe \u1edf nh\u00e0 \u0111i anh ch\u1ecb m\u00ecnh \u01a1i, \u0111\u1eb7t m\u1ed9t chi\u1ebfc GrabCar nh\u1eb9 nh\u00e0ng \u0111\u1ebfn t\u1eadn c\u1eeda shop b\u01b0\u1edbc xu\u1ed1ng \u0111i th\u1eb3ng v\u00e0o trong nh\u1eb7t lu\u00f4n m\u1ea5y m\u00f3n &#8220;hot hit&#8221; \u0111em ra t\u00ednh ti\u1ec1n r\u1ed3i th\u1ea3 nh\u1eb9 chi\u1ebfn l\u1ee3i ph\u1ea9m l\u00ean gh\u1ebf b\u00ean c\u1ea1nh, c\u1ee9 v\u1eady th\u1eb3ng ti\u1ebfn \u0111\u1ebfn shop ti\u1ebfp theo, qu\u00e1 kho\u1ebb qu\u00e1 hi\u1ec7u qu\u1ea3 lu\u00f4n \u1ea1! \ud83d\udc84\ud83d\udc5b\ud83d\udc57\ud83d\udc60<\/span><\/p>\n<p><span style=\"font-weight: 400\">\ud83c\udf89\ufe0f Nh\u1eadp m\u00e3 XUONGPHO \u01b0u \u0111\u00e3i 50% cho nh\u00e0 m\u00ecnh shopping ti\u1ebft ki\u1ec7m<\/span><\/p>\n<p><span style=\"font-weight: 400\">\ud83d\udcf2 \u0110\u1eb7t GrabCar &#8220;c\u00e0n qu\u00e9t&#8221; Black Friday ngay!<\/span><\/p>\n<p>&nbsp;<\/p>\n<p><strong>Xem chi ti\u1ebft ch\u01b0\u01a1ng tr\u00ecnh t\u1ea1i \u0111\u00e2y:<\/strong><\/p>\n<p>&#8211; \u01afu \u0111\u00e3i 50% (t\u1ed1i \u0111a 20.000\u0111) cho c\u00e1c d\u1ecbch v\u1ee5 GrabCar v\u00e0 GrabCar Plus t\u1ea1i H\u00e0 N\u1ed9i v\u00e0 Tp. H\u1ed3 Ch\u00ed Minh.<\/p>\n<p>&#8211; \u00c1p d\u1ee5ng khi thanh to\u00e1n kh\u00f4ng ti\u1ec1n m\u1eb7t (qua V\u00ed Moca ho\u1eb7c Th\u1ebb ng\u00e2n h\u00e0ng).<\/p>\n<p>&#8211; \u01afu \u0111\u00e3i kh\u00f4ng bao g\u1ed3m ph\u1ee5 ph\u00ed, h\u00e0nh kh\u00e1ch vui l\u00f2ng thanh to\u00e1n ph\u1ee5 ph\u00ed (n\u1ebfu c\u00f3) v\u1edbi t\u00e0i x\u1ebf.<\/p>\n<p>&#8211; M\u1ed7i h\u00e0nh kh\u00e1ch c\u00f3 th\u1ec3 s\u1eed d\u1ee5ng \u01b0u \u0111\u00e3i 10 l\u1ea7n trong su\u1ed1t th\u1eddi gian khuy\u1ebfn m\u00e3i v\u00e0 t\u1ed1i \u0111a 02 l\u1ea7n m\u1ed7i ng\u00e0y.<\/p>\n<p>&#8211; S\u1ed1 l\u01b0\u1ee3ng \u01b0u \u0111\u00e3i c\u00f3 gi\u1edbi h\u1ea1n m\u1ed7i ng\u00e0y.<\/p>\n<p>&#8211; \u01afu \u0111\u00e3i c\u00f3 h\u1ea1n s\u1eed d\u1ee5ng \u0111\u1ebfn h\u1ebft ng\u00e0y 30\/11\/2021<\/p>\n","protected":false},"excerpt":{"rendered":"\ud83c\udf1f\u0110\u1eb7t GrabCar \u0111i shopping \u01b0u \u0111\u00e3i 50% c\u01b0\u1edbc ph\u00ed \ud83c\udf1f &nbsp; \u2600\ufe0f\u26c8\ufe0f \u0110i shopping m\u00e0 h\u1ebft ph\u1ea3i ch\u1ea1y xe ngo\u00e0i \u0111\u01b0\u1eddng n\u1eafng m\u01b0a r\u1ed3i \u0111\u1ebfn shop chen nhau ch\u1ed7 g\u1eedi, v\u1eeba l\u1ef1a \u0111\u1ed3 v\u1eeba n\u01a1m n\u1edbp lo s\u1ee3 xe \u0111\u1ec3 \u1edf ngo\u00e0i kh\u00f4ng ai tr\u00f4ng, t\u00ednh ti\u1ec1n xong c\u1ea7m c\u1ea3 ch\u1ee5c chi\u1ebfc t\u00fai gi\u1ea5y treo [&hellip;]","protected":false},"author":1250,"featured_media":0,"parent":0,"menu_order":0,"comment_status":"closed","ping_status":"closed","template":"","meta":{"_acf_changed":false,"footnotes":""},"acf":[],"_links":{"self":[{"href":"https:\/\/www.grab.com\/vn\/wp-json\/wp\/v2\/pages\/103229"}],"collection":[{"href":"https:\/\/www.grab.com\/vn\/wp-json\/wp\/v2\/pages"}],"about":[{"href":"https:\/\/www.grab.com\/vn\/wp-json\/wp\/v2\/types\/page"}],"author":[{"embeddable":true,"href":"https:\/\/www.grab.com\/vn\/wp-json\/wp\/v2\/users\/1250"}],"replies":[{"embeddable":true,"href":"https:\/\/www.grab.com\/vn\/wp-json\/wp\/v2\/comments?post=103229"}],"version-history":[{"count":4,"href":"https:\/\/www.grab.com\/vn\/wp-json\/wp\/v2\/pages\/103229\/revisions"}],"predecessor-version":[{"id":103402,"href":"https:\/\/www.grab.com\/vn\/wp-json\/wp\/v2\/pages\/103229\/revisions\/103402"}],"wp:attachment":[{"href":"https:\/\/www.grab.com\/vn\/wp-json\/wp\/v2\/media?parent=103229"}],"curies":[{"name":"wp","href":"https:\/\/api.w.org\/{rel}","templated":true}]}}