{"id":102960,"date":"2021-11-16T17:50:32","date_gmt":"2021-11-16T09:50:32","guid":{"rendered":"https:\/\/www.grab.com\/vn\/?page_id=102960"},"modified":"2021-11-16T17:52:15","modified_gmt":"2021-11-16T09:52:15","slug":"gui-ban-uu-dai-khi-cho-grabcar","status":"publish","type":"page","link":"https:\/\/www.grab.com\/vn\/gui-ban-uu-dai-khi-cho-grabcar\/","title":{"rendered":"G\u1eecI B\u1ea0N \u01afU \u0110\u00c3I KHI CH\u1edc GRABCAR"},"content":{"rendered":"<p><img loading=\"lazy\" decoding=\"async\" width=\"1200\" height=\"600\" class=\"alignnone size-full wp-image-102962\" src=\"https:\/\/assets.grab.com\/wp-content\/uploads\/sites\/11\/2021\/11\/16174205\/1200x600-6.jpg\" alt=\"\" \/><\/p>\n<p>\ud83c\udf1f<strong> C\u00e1m \u01a1n kh\u00e1ch iu \u0111\u00e3 ch\u1edd, xin g\u1eedi t\u1eb7ng kh\u00e1ch voucher 40k<\/strong> \ud83c\udf1f<\/p>\n<p><span style=\"font-weight: 400\">\ud83d\ude98 Nh\u1eefng ng\u00e0y cao \u0111i\u1ec3m ng\u01b0\u1eddi ng\u01b0\u1eddi \u0111\u1eb7t xe, nh\u00e0 nh\u00e0 di chuy\u1ec3n, c\u00e1c b\u00e1c t\u00e0i GrabCar v\u1eabn \u0111ang ph\u1ee5c v\u1ee5 h\u1ebft m\u00ecnh li\u00ean t\u1ee5c h\u1ebft cu\u1ed1c n\u00e0y \u0111\u1ebfn cu\u1ed1c kh\u00e1c, n\u00ean d\u1eabu kh\u00f3 \u0111\u1eb7t xe xin kh\u00e1ch iu h\u00e3y c\u1ea3m th\u00f4ng nh\u00e9.<\/span><\/p>\n<p><span style=\"font-weight: 400\">\ud83c\udf89\ufe0f G\u1eedi kh\u00e1ch chi\u1ebfc voucher <strong>GrabFood 40k<\/strong> thay cho l\u1eddi c\u1ea3m \u01a1n kh\u00e1ch iu \u0111\u00e3 ch\u1edd \u0111\u1ee3i nha.\u00a0<\/span><\/p>\n<p><span style=\"font-weight: 400\">\ud83d\udcf2 M\u1edf \u1ee9ng d\u1ee5ng v\u00e0o m\u1ee5c &#8220;\u01b0u \u0111\u00e3i c\u1ee7a t\u00f4i&#8221; \u0111\u1ec3 nh\u1eadn ngay nh\u00e9 kh\u00e1ch \u01a1i!<\/span><\/p>\n<p>&nbsp;<\/p>\n<p><strong>Xem chi ti\u1ebft ch\u01b0\u01a1ng tr\u00ecnh t\u1ea1i \u0111\u00e2y:<\/strong><\/p>\n<p>&#8211; \u01afu \u0111\u00e3i 40,000\u0111 cho \u0111\u01a1n h\u00e0ng t\u1eeb 100,000\u0111.<\/p>\n<p>&#8211; \u00c1p d\u1ee5ng cho c\u00e1c c\u1eeda h\u00e0ng ch\u1ecdn l\u1ecdc tr\u00ean GrabFood.<\/p>\n<p>&#8211; Ch\u1ec9 \u00e1p d\u1ee5ng tr\u00ean gi\u00e1 \u0111\u01a1n h\u00e0ng, kh\u00f4ng \u00e1p d\u1ee5ng tr\u00ean ph\u00ed v\u1eadn chuy\u1ec3n.<\/p>\n<p>&#8211; S\u1ed1 l\u01b0\u1ee3ng khuy\u1ebfn m\u00e3i gi\u1edbi h\u1ea1n m\u1ed7i ng\u00e0y.<\/p>\n<p>&#8211; \u00c1p d\u1ee5ng t\u1eeb 7am h\u1eb1ng ng\u00e0y.<\/p>\n<p>&nbsp;<\/p>\n","protected":false},"excerpt":{"rendered":"\ud83c\udf1f C\u00e1m \u01a1n kh\u00e1ch iu \u0111\u00e3 ch\u1edd, xin g\u1eedi t\u1eb7ng kh\u00e1ch voucher 40k \ud83c\udf1f \ud83d\ude98 Nh\u1eefng ng\u00e0y cao \u0111i\u1ec3m ng\u01b0\u1eddi ng\u01b0\u1eddi \u0111\u1eb7t xe, nh\u00e0 nh\u00e0 di chuy\u1ec3n, c\u00e1c b\u00e1c t\u00e0i GrabCar v\u1eabn \u0111ang ph\u1ee5c v\u1ee5 h\u1ebft m\u00ecnh li\u00ean t\u1ee5c h\u1ebft cu\u1ed1c n\u00e0y \u0111\u1ebfn cu\u1ed1c kh\u00e1c, n\u00ean d\u1eabu kh\u00f3 \u0111\u1eb7t xe xin kh\u00e1ch iu h\u00e3y c\u1ea3m [&hellip;]","protected":false},"author":1250,"featured_media":0,"parent":0,"menu_order":0,"comment_status":"closed","ping_status":"closed","template":"","meta":{"_acf_changed":false,"footnotes":""},"acf":[],"_links":{"self":[{"href":"https:\/\/www.grab.com\/vn\/wp-json\/wp\/v2\/pages\/102960"}],"collection":[{"href":"https:\/\/www.grab.com\/vn\/wp-json\/wp\/v2\/pages"}],"about":[{"href":"https:\/\/www.grab.com\/vn\/wp-json\/wp\/v2\/types\/page"}],"author":[{"embeddable":true,"href":"https:\/\/www.grab.com\/vn\/wp-json\/wp\/v2\/users\/1250"}],"replies":[{"embeddable":true,"href":"https:\/\/www.grab.com\/vn\/wp-json\/wp\/v2\/comments?post=102960"}],"version-history":[{"count":10,"href":"https:\/\/www.grab.com\/vn\/wp-json\/wp\/v2\/pages\/102960\/revisions"}],"predecessor-version":[{"id":102971,"href":"https:\/\/www.grab.com\/vn\/wp-json\/wp\/v2\/pages\/102960\/revisions\/102971"}],"wp:attachment":[{"href":"https:\/\/www.grab.com\/vn\/wp-json\/wp\/v2\/media?parent=102960"}],"curies":[{"name":"wp","href":"https:\/\/api.w.org\/{rel}","templated":true}]}}