{"id":102731,"date":"2021-11-12T18:40:34","date_gmt":"2021-11-12T10:40:34","guid":{"rendered":"https:\/\/www.grab.com\/vn\/?page_id=102731"},"modified":"2021-11-12T18:40:35","modified_gmt":"2021-11-12T10:40:35","slug":"uu-dai-khung-grabcar-tang-ban-cu","status":"publish","type":"page","link":"https:\/\/www.grab.com\/vn\/uu-dai-khung-grabcar-tang-ban-cu\/","title":{"rendered":"\u01afu \u0111\u00e3i kh\u1ee7ng GrabCar t\u1eb7ng b\u1ea1n c\u0169"},"content":{"rendered":"<p><img loading=\"lazy\" decoding=\"async\" width=\"1200\" height=\"600\" class=\"alignnone size-full wp-image-102732\" src=\"https:\/\/assets.grab.com\/wp-content\/uploads\/sites\/11\/2021\/11\/12183838\/1200x600-58.jpg\" alt=\"\" \/><\/p>\n<p><span data-sheets-value=\"{&quot;1&quot;:2,&quot;2&quot;:&quot;\ud83e\udd70 Qu\u00e0 g\u1eedi b\u1ea1n quen \u0111\u00e3 l\u00e2u ch\u01b0a g\u1eb7p\\n\\n\ud83d\ude99 Ch\u00e0o b\u1ea1n th\u00e2n quen, \u0111\u1ee9ng \u0111\u00e2y su\u1ed1t t\u1eeb chi\u1ec1u, GrabCar nh\u1edb b\u1ea1n r\u1ed3i n\u00e8. Mong ng\u00e0y g\u1eb7p l\u1ea1i t\u1eb7ng b\u1ea1n m\u00f3n qu\u00e0 mang 03 m\u00e3 \u01b0u \u0111\u00e3i gi\u1ea3m 50% cho m\u1ed7i chuy\u1ebfn \u0111i nha.\\n\\n\ud83d\udc9a B\u1ea1n \u0111\u1eebng ng\u1ea1i n\u1eafng m\u01b0a, v\u00ec \u0111\u00e3 c\u00f3 GrabCar s\u1eb5n s\u00e0ng \u0111\u01b0a \u0111\u00f3n. \\n \\n\ud83c\udf1f Nh\u1eadp m\u00e3 BANXUA \u0111\u1ec3 \u0111\u01b0\u1ee3c h\u01b0\u1edfng ngay \u01b0u \u0111\u00e3i gi\u1ea3m 50% t\u1ed1i \u0111a 40.000\u0111 cho chuy\u1ebfn GrabCar th\u1ee9 nh\u1ea5t v\u00e0 nh\u1eadn th\u00eam \u01b0u \u0111\u00e3i 50% cho hai chuy\u1ebfn Grab ti\u1ebfp theo nha!\\n\\n\ud83d\udcf2 \\b\u0110\u1eb7t GrabCar ngay!\\n\\n&quot;}\" data-sheets-userformat=\"{&quot;2&quot;:641,&quot;3&quot;:{&quot;1&quot;:0},&quot;10&quot;:0,&quot;12&quot;:0}\">\ud83e\udd70 Qu\u00e0 g\u1eedi b\u1ea1n quen \u0111\u00e3 l\u00e2u ch\u01b0a g\u1eb7p<\/p>\n<p>\ud83d\ude99 Ch\u00e0o b\u1ea1n th\u00e2n quen, \u0111\u1ee9ng \u0111\u00e2y su\u1ed1t t\u1eeb chi\u1ec1u, <strong>GrabCar<\/strong> nh\u1edb b\u1ea1n r\u1ed3i n\u00e8. Mong ng\u00e0y g\u1eb7p l\u1ea1i t\u1eb7ng b\u1ea1n m\u00f3n qu\u00e0 mang <strong>03 m\u00e3 \u01b0u \u0111\u00e3i gi\u1ea3m 50%<\/strong> cho m\u1ed7i chuy\u1ebfn \u0111i nha.<\/p>\n<p>\ud83d\udc9a B\u1ea1n \u0111\u1eebng ng\u1ea1i n\u1eafng m\u01b0a, v\u00ec \u0111\u00e3 c\u00f3 <strong>GrabCar<\/strong> s\u1eb5n s\u00e0ng \u0111\u01b0a \u0111\u00f3n.<\/p>\n<p>\ud83c\udf1f Nh\u1eadp m\u00e3 <strong>BANXUA<\/strong> \u0111\u1ec3 \u0111\u01b0\u1ee3c h\u01b0\u1edfng ngay \u01b0u \u0111\u00e3i<strong> gi\u1ea3m 50% t\u1ed1i \u0111a 40.000\u0111<\/strong> cho chuy\u1ebfn GrabCar th\u1ee9 nh\u1ea5t v\u00e0 nh\u1eadn th\u00eam \u01b0u \u0111\u00e3i 50% cho hai chuy\u1ebfn Grab ti\u1ebfp theo nha!<\/p>\n<p>\ud83d\udcf2 \u0110\u1eb7t <strong>GrabCar<\/strong> ngay!<\/p>\n<p><strong>\u0110i\u1ec1u ki\u1ec7n v\u00e0 \u0111i\u1ec1u kho\u1ea3n:<\/strong><br \/>\n&#8211; \u01afu \u0111\u00e3i 50% (t\u1ed1i \u0111a 40.000\u0111) \u00e1p d\u1ee5ng cho chuy\u1ebfn GrabCar\/ GrabCar Plus\/ GrabCar Protect<br \/>\n&#8211; Nh\u1eadn ngay \u01b0u \u0111\u00e3i 50% (t\u1ed1i \u0111a 20.000\u0111) x 02 chuy\u1ebfn GrabCar ti\u1ebfp theo sau khi ho\u00e0n th\u00e0nh chuy\u1ebfn \u0111\u1ea7u ti\u00ean t\u1ea1i m\u1ee5c &#8220;\u01afu \u0111\u00e3i c\u1ee7a t\u00f4i&#8221;.<br \/>\n&#8211; \u00c1p d\u1ee5ng t\u1ea1i Th\u00e0nh Ph\u1ed1 \u0110\u00e0 N\u1eb5ng, Qu\u1ea3ng Ninh, Kh\u00e1nh H\u00f2a, V\u0169ng T\u00e0u, \u0110\u1ed3ng Nai, L\u00e2m \u0110\u1ed3ng, B\u1eafc Ninh, C\u1ea7n Th\u01a1, V\u0129nh Ph\u00fac, B\u00ecnh \u0110\u1ecbnh, B\u00ecnh Thu\u1eadn, Ngh\u1ec7 An, Long An, Dak Lak, Gia Lai, Thanh H\u00f3a, Ninh B\u00ecnh, Ti\u1ec1n Giang, T\u00e2y Ninh, C\u00e0 Mau, L\u00e0o Cai, Th\u00e1i Nguy\u00ean.<br \/>\n&#8211; \u01afu \u0111\u00e3i kh\u00f4ng bao g\u1ed3m ph\u1ee5 ph\u00ed, ng\u01b0\u1eddi d\u00f9ng vui l\u00f2ng thanh to\u00e1n ph\u1ee5 ph\u00ed (n\u1ebfu c\u00f3) v\u1edbi t\u00e0i x\u1ebf.<br \/>\n&#8211; S\u1ed1 l\u01b0\u1ee3ng \u01b0u \u0111\u00e3i c\u00f3 gi\u1edbi h\u1ea1n m\u1ed7i ng\u00e0y.<br \/>\n&#8211; Ch\u1ec9 \u00e1p d\u1ee5ng cho ng\u01b0\u1eddi d\u00f9ng nh\u1eadn \u0111\u01b0\u1ee3c th\u00f4ng b\u00e1o.<br \/>\n&#8211; Ch\u1ec9 \u00e1p d\u1ee5ng v\u1edbi phi\u00ean b\u1ea3n app m\u1edbi nh\u1ea5t.<br \/>\n<\/span><\/p>\n","protected":false},"excerpt":{"rendered":"\ud83e\udd70 Qu\u00e0 g\u1eedi b\u1ea1n quen \u0111\u00e3 l\u00e2u ch\u01b0a g\u1eb7p \ud83d\ude99 Ch\u00e0o b\u1ea1n th\u00e2n quen, \u0111\u1ee9ng \u0111\u00e2y su\u1ed1t t\u1eeb chi\u1ec1u, GrabCar nh\u1edb b\u1ea1n r\u1ed3i n\u00e8. Mong ng\u00e0y g\u1eb7p l\u1ea1i t\u1eb7ng b\u1ea1n m\u00f3n qu\u00e0 mang 03 m\u00e3 \u01b0u \u0111\u00e3i gi\u1ea3m 50% cho m\u1ed7i chuy\u1ebfn \u0111i nha. \ud83d\udc9a B\u1ea1n \u0111\u1eebng ng\u1ea1i n\u1eafng m\u01b0a, v\u00ec \u0111\u00e3 c\u00f3 GrabCar s\u1eb5n [&hellip;]","protected":false},"author":1123,"featured_media":0,"parent":0,"menu_order":0,"comment_status":"closed","ping_status":"closed","template":"","meta":{"_acf_changed":false,"footnotes":""},"acf":[],"_links":{"self":[{"href":"https:\/\/www.grab.com\/vn\/wp-json\/wp\/v2\/pages\/102731"}],"collection":[{"href":"https:\/\/www.grab.com\/vn\/wp-json\/wp\/v2\/pages"}],"about":[{"href":"https:\/\/www.grab.com\/vn\/wp-json\/wp\/v2\/types\/page"}],"author":[{"embeddable":true,"href":"https:\/\/www.grab.com\/vn\/wp-json\/wp\/v2\/users\/1123"}],"replies":[{"embeddable":true,"href":"https:\/\/www.grab.com\/vn\/wp-json\/wp\/v2\/comments?post=102731"}],"version-history":[{"count":1,"href":"https:\/\/www.grab.com\/vn\/wp-json\/wp\/v2\/pages\/102731\/revisions"}],"predecessor-version":[{"id":102733,"href":"https:\/\/www.grab.com\/vn\/wp-json\/wp\/v2\/pages\/102731\/revisions\/102733"}],"wp:attachment":[{"href":"https:\/\/www.grab.com\/vn\/wp-json\/wp\/v2\/media?parent=102731"}],"curies":[{"name":"wp","href":"https:\/\/api.w.org\/{rel}","templated":true}]}}