{"id":102533,"date":"2021-11-10T18:43:59","date_gmt":"2021-11-10T10:43:59","guid":{"rendered":"https:\/\/www.grab.com\/vn\/?page_id=102533"},"modified":"2021-11-10T18:43:59","modified_gmt":"2021-11-10T10:43:59","slug":"trai-nghiem-tau-dien-khong-lo-gui-xe","status":"publish","type":"page","link":"https:\/\/www.grab.com\/vn\/trai-nghiem-tau-dien-khong-lo-gui-xe\/","title":{"rendered":"TR\u1ea2I NGHI\u1ec6M T\u00c0U \u0110I\u1ec6N KH\u00d4NG LO G\u1eecI XE"},"content":{"rendered":"<p><img loading=\"lazy\" decoding=\"async\" width=\"1200\" height=\"600\" class=\"alignnone size-full wp-image-102534\" src=\"https:\/\/assets.grab.com\/wp-content\/uploads\/sites\/11\/2021\/11\/10182650\/1200x600-17.jpg\" alt=\"\" \/><\/p>\n<p><b>\ud83c\udf1f \u0110\u1ec3 xe \u1edf nh\u00e0 b\u1eaft GrabCar tr\u1ea3i nghi\u1ec7m t\u00e0u \u0111i\u1ec7n \ud83c\udf1f<\/b><\/p>\n<p><span style=\"font-weight: 400\">\ud83d\ude0d Chuy\u1ebfn t\u00e0u m\u1edbi \u0111\u00e3 l\u0103n b\u00e1nh bao ng\u00e0y r\u1ed3i, anh ch\u1ecb m\u00ecnh c\u00f2n ai ch\u01b0a th\u1eed m\u1ed9t l\u1ea7n b\u01b0\u1edbc l\u00ean t\u00e0u, ng\u1ed3i trong toa v\u00e0 ng\u1eafm nh\u00ecn H\u00e0 N\u1ed9i t\u1eeb tr\u00ean cao ch\u01b0a \u1ea1?\u00a0<\/span><\/p>\n<p><span style=\"font-weight: 400\">\ud83d\ude99 Kh\u1ecfi c\u1ea7n t\u1ef1 ch\u1ea1y xe gi\u1eef th\u1eddi ti\u1ebft m\u01b0a n\u1eafng, c\u0169ng kh\u00f4ng lo loay hoay t\u00ecm ch\u1ed7 g\u1eedi xe, c\u1ea3 nh\u00e0 ch\u1ec9 c\u1ea7n \u0111\u1eb7t li\u1ec1n m\u1ed9t chi\u1ebfc GrabCar, nh\u1eadp m\u00e3 <strong>TAUDIEN \u01b0u \u0111\u00e3i 50%<\/strong> khi thanh to\u00e1n b\u1eb1ng V\u00ed Moca l\u00e0 c\u00f3 th\u1ec3 an to\u00e0n \u0111\u1ebfn ga tr\u1ea3i nghi\u1ec7m chuy\u1ebfn t\u00e0u \u0111ang hot r\u1ea7n r\u1ea7n n\u00e0y r\u1ed3i. \ud83c\udf89\ufe0f<\/span><\/p>\n<p><span style=\"font-weight: 400\">\ud83d\udcf1 Nhanh tay \u0111\u1eb7t GrabCar \u0111\u1ebfn &#8220;check-in&#8221; ngay th\u00f4i, nh\u1edb tu\u00e2n th\u1ee7 5K trong qu\u00e1 tr\u00ecnh di chuy\u1ec3n v\u00e0 tham quan c\u1ea3 nh\u00e0 nh\u00e9!<\/span><\/p>\n<p><strong>Xem chi ti\u1ebft ch\u01b0\u01a1ng tr\u00ecnh t\u1ea1i \u0111\u00e2y:<\/strong><br \/>\n\u2013 \u01afu \u0111\u00e3i 50% (t\u1ed1i \u0111a 25.000\u0111) chuy\u1ebfn GrabCar\/ GrabCar Plus\/ GrabCar Protect \u00e1p d\u1ee5ng cho c\u00e1c chuy\u1ebfn xe c\u00f3 \u0111i\u1ec3m \u0111\u1ebfn t\u1ea1i t\u00e0u \u0111i\u1ec7n C\u00e1t Linh, H\u00e0 N\u1ed9i.<br \/>\n\u2013 Nh\u1eadn ngay \u01b0u \u0111\u00e3i 50% (t\u1ed1i \u0111a 15.000\u0111) x 01 chuy\u1ebfn GrabCar ti\u1ebfp theo \u00e1p d\u1ee5ng cho thanh to\u00e1n kh\u00f4ng ti\u1ec1n m\u1eb7t (qua V\u00ed Moca ho\u1eb7c Th\u1ebb ng\u00e2n h\u00e0ng).<br \/>\n\u2013 \u01afu \u0111\u00e3i kh\u00f4ng bao g\u1ed3m ph\u1ee5 ph\u00ed, h\u00e0ng kh\u00e1ch vui l\u00f2ng thanh to\u00e1n ph\u1ee5 ph\u00ed (n\u1ebfu c\u00f3) v\u1edbi t\u00e0i x\u1ebf.<br \/>\n\u2013 M\u1ed7i h\u00e0ng kh\u00e1ch c\u00f3 th\u1ec3 s\u1eed d\u1ee5ng \u01b0u \u0111\u00e3i t\u1ed1i \u0111a 01 l\u1ea7n\/ ng\u00e0y.<br \/>\n\u2013 S\u1ed1 l\u01b0\u1ee3ng \u01b0u \u0111\u00e3i c\u00f3 gi\u1edbi h\u1ea1n m\u1ed7i ng\u00e0y.<br \/>\n\u2013 Ch\u1ec9 \u00e1p d\u1ee5ng cho ng\u01b0\u1eddi d\u00f9ng nh\u1eadn \u0111\u01b0\u1ee3c th\u00f4ng b\u00e1o.<br \/>\n\u2013 Ch\u1ec9 \u00e1p d\u1ee5ng v\u1edbi phi\u00ean b\u1ea3n app m\u1edbi nh\u1ea5t.<\/p>\n","protected":false},"excerpt":{"rendered":"\ud83c\udf1f \u0110\u1ec3 xe \u1edf nh\u00e0 b\u1eaft GrabCar tr\u1ea3i nghi\u1ec7m t\u00e0u \u0111i\u1ec7n \ud83c\udf1f \ud83d\ude0d Chuy\u1ebfn t\u00e0u m\u1edbi \u0111\u00e3 l\u0103n b\u00e1nh bao ng\u00e0y r\u1ed3i, anh ch\u1ecb m\u00ecnh c\u00f2n ai ch\u01b0a th\u1eed m\u1ed9t l\u1ea7n b\u01b0\u1edbc l\u00ean t\u00e0u, ng\u1ed3i trong toa v\u00e0 ng\u1eafm nh\u00ecn H\u00e0 N\u1ed9i t\u1eeb tr\u00ean cao ch\u01b0a \u1ea1?\u00a0 \ud83d\ude99 Kh\u1ecfi c\u1ea7n t\u1ef1 ch\u1ea1y xe gi\u1eef th\u1eddi [&hellip;]","protected":false},"author":1250,"featured_media":0,"parent":0,"menu_order":0,"comment_status":"closed","ping_status":"closed","template":"","meta":{"_acf_changed":false,"footnotes":""},"acf":[],"_links":{"self":[{"href":"https:\/\/www.grab.com\/vn\/wp-json\/wp\/v2\/pages\/102533"}],"collection":[{"href":"https:\/\/www.grab.com\/vn\/wp-json\/wp\/v2\/pages"}],"about":[{"href":"https:\/\/www.grab.com\/vn\/wp-json\/wp\/v2\/types\/page"}],"author":[{"embeddable":true,"href":"https:\/\/www.grab.com\/vn\/wp-json\/wp\/v2\/users\/1250"}],"replies":[{"embeddable":true,"href":"https:\/\/www.grab.com\/vn\/wp-json\/wp\/v2\/comments?post=102533"}],"version-history":[{"count":1,"href":"https:\/\/www.grab.com\/vn\/wp-json\/wp\/v2\/pages\/102533\/revisions"}],"predecessor-version":[{"id":102535,"href":"https:\/\/www.grab.com\/vn\/wp-json\/wp\/v2\/pages\/102533\/revisions\/102535"}],"wp:attachment":[{"href":"https:\/\/www.grab.com\/vn\/wp-json\/wp\/v2\/media?parent=102533"}],"curies":[{"name":"wp","href":"https:\/\/api.w.org\/{rel}","templated":true}]}}