{"id":102438,"date":"2021-11-10T13:44:01","date_gmt":"2021-11-10T05:44:01","guid":{"rendered":"https:\/\/www.grab.com\/vn\/?page_id=102438"},"modified":"2024-03-13T10:23:45","modified_gmt":"2024-03-13T02:23:45","slug":"dich-vu-grabexpress-sieu-toc-hang-gia-tri-cao","status":"publish","type":"page","link":"https:\/\/www.grab.com\/vn\/dich-vu-grabexpress-sieu-toc-hang-gia-tri-cao\/","title":{"rendered":"D\u1ecbch v\u1ee5 GrabExpress Si\u00eau T\u1ed1c H\u00e0ng Gi\u00e1 Tr\u1ecb Cao"},"content":{"rendered":"<p><img decoding=\"async\" src=\"https:\/\/assets.grab.com\/wp-content\/uploads\/sites\/11\/2022\/06\/13113937\/1200x600-472.jpg\" \/><\/p>\n<h2><strong>GrabExpress Si\u00eau T\u1ed1c H\u00e0ng Gi\u00e1 Tr\u1ecb Cao &#8211; Giao nhanh an to\u00e0n chu\u1ea9n Grab &#8211; b\u1ed3i ho\u00e0n l\u00ean \u0111\u1ebfn 30 tri\u1ec7u \u0111\u1ed3ng!<\/strong><\/h2>\n<p><span class=\"pq6dq46d tbxw36s4 knj5qynh kvgmc6g5 ditlmg2l oygrvhab nvdbi5me sf5mxxl7 gl3lb2sf hhz5lgdu\"><img loading=\"lazy\" decoding=\"async\" src=\"https:\/\/static.xx.fbcdn.net\/images\/emoji.php\/v9\/te4\/1.5\/16\/26a1.png\" alt=\"\u26a1\ufe0f\" width=\"16\" height=\"16\" \/><\/span> B\u1ea3o v\u1ec7 t\u1ed1i \u0111a h\u00e0ng ho\u00e1 c\u1ee7a b\u1ea1n khi <a href=\"https:\/\/www.grab.com\/vn\/express\/\">giao h\u00e0ng<\/a> v\u1edbi GrabExpress Si\u00eau T\u1ed1c H\u00e0ng Gi\u00e1 Tr\u1ecb Cao. Y\u00ean t\u00e2m giao h\u00e0ng \u0111\u1eaft ti\u1ec1n \u0111i mu\u00f4n n\u01a1i v\u1edbi m\u1ee9c b\u1ed3i th\u01b0\u1eddng theo gi\u00e1 tr\u1ecb th\u1ef1c l\u00ean \u0111\u1ebfn <strong>30 tri\u1ec7u \u0111\u1ed3ng<\/strong> b\u1ea1n nh\u00e9!<\/p>\n<p>\ud83d\ude0e \u0110\u1eb7c bi\u1ec7t, \u0111\u01a1n h\u00e0ng GrabExpress Si\u00eau T\u1ed1c H\u00e0ng Gi\u00e1 Tr\u1ecb Cao \u0111\u01b0\u1ee3c x\u1eed l\u00fd b\u1edfi c\u00e1c \u0110\u1ed1i t\u00e1c T\u00e0i x\u1ebf \u0111\u1ea1t ti\u00eau chu\u1ea9n cao, th\u1ecfa c\u00e1c \u0111i\u1ec1u ki\u1ec7n:<\/p>\n<ul>\n<li style=\"list-style-type: none\">\u2705 Ch\u01b0a t\u1eebng vi ph\u1ea1m Quy t\u1eafc \u1ee8ng x\u1eed Grab trong 1 n\u0103m g\u1ea7n nh\u1ea5t<\/li>\n<li style=\"list-style-type: none\">\u2705 \u0110i\u1ec3m \u0111\u00e1nh gi\u00e1 sao &gt;= 4.9\u2b50<\/li>\n<li style=\"list-style-type: none\">\u2705 Ho\u1ea1t \u0111\u1ed9ng GrabExpress t\u1ed1i thi\u1ec3u 3 th\u00e1ng<\/li>\n<li style=\"list-style-type: none\">\u2705Kh\u00f4ng nh\u1eadn ph\u1ea3n h\u1ed3i ti\u00eau c\u1ef1c t\u1eeb Kh\u00e1ch h\u00e0ng v\u1ec1 th\u00e1i \u0111\u1ed9 ph\u1ee5c v\u1ee5, an to\u00e0n trong cu\u1ed1c xe,\u2026<\/li>\n<li style=\"list-style-type: none\"><\/li>\n<\/ul>\n<h3><strong><span class=\"pq6dq46d tbxw36s4 knj5qynh kvgmc6g5 ditlmg2l oygrvhab nvdbi5me sf5mxxl7 gl3lb2sf hhz5lgdu\"><img loading=\"lazy\" decoding=\"async\" src=\"https:\/\/static.xx.fbcdn.net\/images\/emoji.php\/v9\/t8d\/1.5\/16\/1f914.png\" alt=\"\ud83e\udd14\" width=\"16\" height=\"16\" \/><\/span> V\u1eady l\u00e0m sao \u0111\u1ec3 s\u1eed d\u1ee5ng d\u1ecbch v\u1ee5 GrabExpress Si\u00eau T\u1ed1c H\u00e0ng Gi\u00e1 Tr\u1ecb Cao?<\/strong><\/h3>\n<p>R\u1ea5t \u0111\u01a1n gi\u1ea3n! Sau khi nh\u1eadp \u0111\u1ecba ch\u1ec9 ng\u01b0\u1eddi nh\u1eadn, b\u1ea1n ch\u1ecdn ngay GrabExpress Si\u00eau T\u1ed1c H\u00e0ng Gi\u00e1 Tr\u1ecb Cao nh\u00e9!<\/p>\n<p><img loading=\"lazy\" decoding=\"async\" width=\"720\" height=\"720\" class=\"size-full wp-image-109045 aligncenter\" src=\"https:\/\/assets.grab.com\/wp-content\/uploads\/sites\/11\/2022\/01\/20162806\/Premium.png\" alt=\"\" \/><\/p>\n<p><strong>L\u01b0u \u00fd:<\/strong><br \/>\n&#8211; H\u00e0ng h\u00f3a ch\u1ec9 \u0111\u01b0\u1ee3c b\u1ed3i th\u01b0\u1eddng khi KH\u00d4NG thu\u1ed9c danh m\u1ee5c h\u00e0ng h\u00f3a kh\u00f4ng b\u1ed3i th\u01b0\u1eddng<br \/>\n&#8211; H\u00e0ng h\u00f3a s\u1ebd \u0111\u01b0\u1ee3c b\u1ed3i th\u01b0\u1eddng d\u1ef1a tr\u00ean gi\u00e1 tr\u1ecb th\u1ef1c v\u00e0 kh\u00f4ng v\u01b0\u1ee3t qu\u00e1 30 tri\u1ec7u \u0111\u1ed3ng<\/p>\n<p><span class=\"pq6dq46d tbxw36s4 knj5qynh kvgmc6g5 ditlmg2l oygrvhab nvdbi5me sf5mxxl7 gl3lb2sf hhz5lgdu\"><img loading=\"lazy\" decoding=\"async\" src=\"https:\/\/static.xx.fbcdn.net\/images\/emoji.php\/v9\/taa\/1.5\/16\/1f449.png\" alt=\"\ud83d\udc49\" width=\"16\" height=\"16\" \/><\/span>\u00a0Tham kh\u1ea3o quy tr\u00ecnh y\u00eau c\u1ea7u b\u1ed3i th\u01b0\u1eddng v\u00e0 danh m\u1ee5c h\u00e0ng h\u00f3a kh\u00f4ng b\u1ed3i th\u01b0\u1eddng t\u1ea1i \u0111\u00e2y:\u00a0<a class=\"oajrlxb2 g5ia77u1 qu0x051f esr5mh6w e9989ue4 r7d6kgcz rq0escxv nhd2j8a9 nc684nl6 p7hjln8o kvgmc6g5 cxmmr5t8 oygrvhab hcukyx3x jb3vyjys rz4wbd8a qt6c0cv9 a8nywdso i1ao9s8h esuyzwwr f1sip0of lzcic4wl py34i1dx gpro0wi8\" role=\"link\" href=\"https:\/\/grb.to\/DanhMucHangKhongBoiThuong?fbclid=IwAR2bdfMbbLimUyMl66CD3m3jwa_ou2Uv2SFxmwGtTpCVd8S_eWXG4UDYpNk\" target=\"_blank\" rel=\"nofollow noopener noreferrer\">https:\/\/grb.to\/DanhMucHangKhongBoiThuong<\/a><\/p>\n","protected":false},"excerpt":{"rendered":"GrabExpress Si\u00eau T\u1ed1c H\u00e0ng Gi\u00e1 Tr\u1ecb Cao &#8211; Giao nhanh an to\u00e0n chu\u1ea9n Grab &#8211; b\u1ed3i ho\u00e0n l\u00ean \u0111\u1ebfn 30 tri\u1ec7u \u0111\u1ed3ng! B\u1ea3o v\u1ec7 t\u1ed1i \u0111a h\u00e0ng ho\u00e1 c\u1ee7a b\u1ea1n khi giao h\u00e0ng v\u1edbi GrabExpress Si\u00eau T\u1ed1c H\u00e0ng Gi\u00e1 Tr\u1ecb Cao. Y\u00ean t\u00e2m giao h\u00e0ng \u0111\u1eaft ti\u1ec1n \u0111i mu\u00f4n n\u01a1i v\u1edbi m\u1ee9c b\u1ed3i th\u01b0\u1eddng theo [&hellip;]","protected":false},"author":1211,"featured_media":0,"parent":0,"menu_order":0,"comment_status":"closed","ping_status":"closed","template":"","meta":{"_acf_changed":false,"footnotes":""},"acf":[],"_links":{"self":[{"href":"https:\/\/www.grab.com\/vn\/wp-json\/wp\/v2\/pages\/102438"}],"collection":[{"href":"https:\/\/www.grab.com\/vn\/wp-json\/wp\/v2\/pages"}],"about":[{"href":"https:\/\/www.grab.com\/vn\/wp-json\/wp\/v2\/types\/page"}],"author":[{"embeddable":true,"href":"https:\/\/www.grab.com\/vn\/wp-json\/wp\/v2\/users\/1211"}],"replies":[{"embeddable":true,"href":"https:\/\/www.grab.com\/vn\/wp-json\/wp\/v2\/comments?post=102438"}],"version-history":[{"count":20,"href":"https:\/\/www.grab.com\/vn\/wp-json\/wp\/v2\/pages\/102438\/revisions"}],"predecessor-version":[{"id":163485,"href":"https:\/\/www.grab.com\/vn\/wp-json\/wp\/v2\/pages\/102438\/revisions\/163485"}],"wp:attachment":[{"href":"https:\/\/www.grab.com\/vn\/wp-json\/wp\/v2\/media?parent=102438"}],"curies":[{"name":"wp","href":"https:\/\/api.w.org\/{rel}","templated":true}]}}