{"id":102168,"date":"2021-11-08T16:26:30","date_gmt":"2021-11-08T08:26:30","guid":{"rendered":"https:\/\/www.grab.com\/vn\/?page_id=102168"},"modified":"2021-11-08T16:28:16","modified_gmt":"2021-11-08T08:28:16","slug":"uu-dai-dong-gia-1-000d-grabbike-va-11-000d-grabcar-danh-tang-ban-moi","status":"publish","type":"page","link":"https:\/\/www.grab.com\/vn\/uu-dai-dong-gia-1-000d-grabbike-va-11-000d-grabcar-danh-tang-ban-moi\/","title":{"rendered":"\u01afu \u0111\u00e3i \u0111\u1ed3ng gi\u00e1 1.000\u0111 GrabBike v\u00e0 11.000\u0111 GrabCar d\u00e0nh t\u1eb7ng b\u1ea1n m\u1edbi"},"content":{"rendered":"<p><img loading=\"lazy\" decoding=\"async\" width=\"1200\" height=\"600\" class=\"alignnone size-full wp-image-102169\" src=\"https:\/\/assets.grab.com\/wp-content\/uploads\/sites\/11\/2021\/11\/08162451\/1200x600-55-1.jpg\" alt=\"\" \/><\/p>\n<p>\ud83e\udd70\u00a0 C\u00f3 <strong>Grab<\/strong> b\u00ean c\u1ea1nh<\/p>\n<p>M\u1ed9t m\u00ecnh v\u1eabn tho\u1ea3i m\u00e1i \u0111i ch\u01a1i \ud83e\udd70 \u2763\ufe0f<\/p>\n<p>H\u00f4m nay t\u00fai c\u00f3 4000, 1000 \u0111\u1eb7t <strong>Grab<\/strong>, 3000 \u0111\u1ec3 d\u00e0nh sau n\u00e0y y\u00eau \u0111\u01b0\u01a1ng\ud83e\udd2d &#8230;c\u00f2n b\u00e2y gi\u1edd \u0111ang \u0111\u1ed9c th\u00e2n vui t\u00ednh, \u0111\u01b0\u1ee3c <strong>Grab<\/strong> \u01b0u \u00e1i, kh\u00f4ng c\u00f3 b\u1ed3 nh\u01b0ng v\u1eabn t\u1eb7ng cho \u01b0u \u0111\u00e3i kh\u1ee7ng n\u00ean ph\u1ea3i t\u1eadn h\u01b0\u1edfng th\u1eadt nhanh n\u00e8 b\u00e0 con:<\/p>\n<p><strong>\ud83d\udef5\u00a0 Chuy\u1ebfn GrabBike \u0111\u1ea7u ti\u00ean, gi\u00e1 ch\u1ec9 c\u00f3 1.000\u0111.<\/strong><\/p>\n<p><strong>\ud83d\ude99\u00a0 Chuy\u1ebfn GrabCar \u0111\u1ea7u ti\u00ean, gi\u00e1 ch\u1ec9 11.000\u0111*.<\/strong><\/p>\n<p>\ud83d\udc9a\u00a0 M\u1ed9t th\u00e2n m\u1ed9t m\u00ecnh th\u00ec v\u1eabn vui ph\u01a1i ph\u1edbi v\u00ec v\u1eabn c\u00f3 <strong>Grab<\/strong> lu\u00f4n \u0111\u1ed3ng h\u00e0nh c\u00f9ng, h\u1ed9i \u0111\u1ed9c th\u00e2n nh\u1edb nh\u1eadp m\u00e3 <strong>GB1111<\/strong> v\u00e0 <strong>GC1111<\/strong> \u0111\u1ec3 t\u1eadn h\u01b0\u1edfng \u01b0u \u0111\u00e3i nhaaa.<\/p>\n<p><strong>\ud83d\udca5 \u0110i\u1ec1u ki\u1ec7n v\u00e0 \u0111i\u1ec1u kho\u1ea3n s\u1eed d\u1ee5ng \u01b0u \u0111\u00e3i:<\/strong><\/p>\n<p>&#8211; \u01afu \u0111\u00e3i \u0111\u1ed3ng gi\u00e1 1,000\u0111 chuy\u1ebfn xe GrabBike d\u01b0\u1edbi 20,000\u0111, \u0111\u1ed1i v\u1edbi chuy\u1ebfn xe tr\u00ean 20,000\u0111 gi\u1ea3m t\u1ed1i \u0111a 19,000\u0111.<\/p>\n<p>&#8211; \u01afu \u0111\u00e3i \u0111\u1ed3ng gi\u00e1 11,000\u0111 chuy\u1ebfn xe GrabCar d\u01b0\u1edbi 30,000\u0111, \u0111\u1ed1i v\u1edbi chuy\u1ebfn xe tr\u00ean 30,000\u0111 gi\u1ea3m t\u1ed1i \u0111a 19,000\u0111.<\/p>\n<p>&#8211; \u00c1p d\u1ee5ng cho d\u1ecbch v\u1ee5 GrabBike t\u1ea1i H\u1ea3i Ph\u00f2ng, \u0110\u00e0 N\u1eb5ng, L\u00e2m \u0110\u1ed3ng, Nha Trang, V\u0169ng T\u00e0u v\u00e0 GrabCar t\u1ea1i H\u1ea3i Ph\u00f2ng, \u0110\u00e0 N\u1eb5ng, L\u00e2m \u0110\u1ed3ng, Nha Trang, B\u00ecnh D\u01b0\u01a1ng, C\u1ea7n Th\u01a1, V\u0169ng T\u00e0u.<\/p>\n<p>&#8211; M\u00e3 khuy\u1ebfn m\u00e3i kh\u00f4ng bao g\u1ed3m Ph\u1ee5 Ph\u00ed.<\/p>\n<p>&#8211; Kh\u00f4ng s\u1eed d\u1ee5ng c\u00f9ng v\u1edbi c\u00e1c khuy\u1ebfn m\u00e3i kh\u00e1c c\u1ee7a Grab.<\/p>\n<p>&#8211; Ch\u1ec9 \u00e1p d\u1ee5ng cho h\u00e0nh kh\u00e1ch l\u1ea7n \u0111\u1ea7u s\u1eed d\u1ee5ng d\u1ecbch v\u1ee5.<\/p>\n<p>&#8211; S\u1ed1 l\u01b0\u1ee3ng \u01b0u \u0111\u00e3i c\u00f3 gi\u1edbi h\u1ea1n m\u1ed7i ng\u00e0y.<\/p>\n","protected":false},"excerpt":{"rendered":"\ud83e\udd70\u00a0 C\u00f3 Grab b\u00ean c\u1ea1nh M\u1ed9t m\u00ecnh v\u1eabn tho\u1ea3i m\u00e1i \u0111i ch\u01a1i \ud83e\udd70 \u2763\ufe0f H\u00f4m nay t\u00fai c\u00f3 4000, 1000 \u0111\u1eb7t Grab, 3000 \u0111\u1ec3 d\u00e0nh sau n\u00e0y y\u00eau \u0111\u01b0\u01a1ng\ud83e\udd2d &#8230;c\u00f2n b\u00e2y gi\u1edd \u0111ang \u0111\u1ed9c th\u00e2n vui t\u00ednh, \u0111\u01b0\u1ee3c Grab \u01b0u \u00e1i, kh\u00f4ng c\u00f3 b\u1ed3 nh\u01b0ng v\u1eabn t\u1eb7ng cho \u01b0u \u0111\u00e3i kh\u1ee7ng n\u00ean ph\u1ea3i t\u1eadn h\u01b0\u1edfng [&hellip;]","protected":false},"author":1123,"featured_media":0,"parent":0,"menu_order":0,"comment_status":"closed","ping_status":"closed","template":"","meta":{"_acf_changed":false,"footnotes":""},"acf":[],"_links":{"self":[{"href":"https:\/\/www.grab.com\/vn\/wp-json\/wp\/v2\/pages\/102168"}],"collection":[{"href":"https:\/\/www.grab.com\/vn\/wp-json\/wp\/v2\/pages"}],"about":[{"href":"https:\/\/www.grab.com\/vn\/wp-json\/wp\/v2\/types\/page"}],"author":[{"embeddable":true,"href":"https:\/\/www.grab.com\/vn\/wp-json\/wp\/v2\/users\/1123"}],"replies":[{"embeddable":true,"href":"https:\/\/www.grab.com\/vn\/wp-json\/wp\/v2\/comments?post=102168"}],"version-history":[{"count":3,"href":"https:\/\/www.grab.com\/vn\/wp-json\/wp\/v2\/pages\/102168\/revisions"}],"predecessor-version":[{"id":102172,"href":"https:\/\/www.grab.com\/vn\/wp-json\/wp\/v2\/pages\/102168\/revisions\/102172"}],"wp:attachment":[{"href":"https:\/\/www.grab.com\/vn\/wp-json\/wp\/v2\/media?parent=102168"}],"curies":[{"name":"wp","href":"https:\/\/api.w.org\/{rel}","templated":true}]}}