{"id":101670,"date":"2021-11-02T10:26:45","date_gmt":"2021-11-02T02:26:45","guid":{"rendered":"https:\/\/www.grab.com\/vn\/?page_id=101670"},"modified":"2021-11-02T10:28:00","modified_gmt":"2021-11-02T02:28:00","slug":"gc-muabao","status":"publish","type":"page","link":"https:\/\/www.grab.com\/vn\/gc-muabao\/","title":{"rendered":"GrabCar \u0111\u01b0a \u0111\u00f3n s\u1ee3 g\u00ec m\u01b0a r\u01a1i"},"content":{"rendered":"<div align=\"justify\">\n<p><img decoding=\"async\" style=\"width: 100%\" src=\"https:\/\/assets.grab.com\/wp-content\/uploads\/sites\/11\/2021\/10\/29185824\/1200x600-50.jpg\" \/><\/p>\n<p>\ud83c\udf27\ufe0f B\u1ea1n \u201ciu&#8221; \u01a1i, nh\u1eefng ng\u00e0y n\u00e0y \u0111i ra ngo\u00e0i m\u00e0 tr\u1eddi n\u1eafng m\u01b0a b\u1ea5t ch\u1ee3t, di chuy\u1ec3n g\u1eb7p nhi\u1ec1u b\u1ea5t ti\u1ec7n, <span style=\"font-weight: 600;color: #009d3b\"> Grab<\/span> th\u01b0\u01a1ng b\u1ea1n nhi\u1ec1u \ud83e\udd7a.<\/p>\n<p>\ud83d\ude0d V\u1eady sao m\u00ecnh kh\u00f4ng \u0111\u1eb7t <span style=\"font-weight: 600;color: #009d3b\"> GrabCar<\/span> cho ti\u1ec7n, v\u1eeba \u0111\u01b0\u1ee3c kh\u00f4 r\u00e1o m\u00e0 l\u1ea1i tho\u1ea3i m\u00e1i n\u1eefa. S\u1eb5n \u0111ang c\u00f3 \u01b0u \u0111\u00e3i ng\u00e0y m\u01b0a, m\u1ecdi ng\u01b0\u1eddi tranh th\u1ee7 \u0111\u1eb7t xe h\u01b0\u1edfng \u01b0u \u0111\u00e3i nhaa.<\/p>\n<p>\ud83d\udc9a T\u1eb7ng b\u1ea1n m\u00e3 \u2602\ufe0f<span style=\"font-weight: 600;color: #ff6600\">TROIMUA<\/span>\u2602\ufe0f <span style=\"font-weight: 600\">gi\u1ea3m 25% t\u1ed1i \u0111a 30.000\u0111<\/span> cho chuy\u1ebfn <span style=\"font-weight: 600;color: #009d3b\"> GrabCar<\/span> \u0111\u1ea7u, nh\u1eadn th\u00eam \u01b0u \u0111\u00e3i 50% \u00e1p d\u1ee5ng cho chuy\u1ebfn <span style=\"font-weight: 600;color: #009d3b\"> GrabCar<\/span> ti\u1ebfp theo*.<\/p>\n<p><span style=\"font-weight: 600\">\u0110i\u1ec1u ki\u1ec7n v\u00e0 \u0111i\u1ec1u kho\u1ea3n s\u1eed d\u1ee5ng \u01b0u \u0111\u00e3i:<\/span><br \/>\n\u25fe\ufe0f Chuy\u1ebfn \u0111i nh\u1eadp m\u00e3: TROIMUA c\u00f3 ngay \u01b0u \u0111\u00e3i 25% (t\u1ed1i \u0111a 30.000\u0111); t\u1eb7ng th\u00eam \u01b0u \u0111\u00e3i 50% cho chuy\u1ebfn v\u1ec1*.<br \/>\n\u25fe\ufe0f \u01afu \u0111\u00e3i t\u1eb7ng th\u00eam 50% c\u00f3 gi\u00e1 tr\u1ecb s\u1eed d\u1ee5ng trong v\u00f2ng 03 ng\u00e0y: t\u1ed1i \u0111a 15.000\u0111 \u0111\u1ed1i v\u1edbi thanh to\u00e1n ti\u1ec1n m\u1eb7t, v\u00e0 t\u1ed1i \u0111a 20.000\u0111 \u0111\u1ed1i v\u1edbi thanh to\u00e1n th\u1ebb\/v\u00ed Moca.<br \/>\n\u25fe\ufe0f \u00c1p d\u1ee5ng cho chuy\u1ebfn xe c\u01b0\u1edbc ph\u00ed t\u1ed1i thi\u1ec3u 60.000\u0111<br \/>\n\u25fe\ufe0f Ch\u01b0\u01a1ng tr\u00ecnh \u00e1p d\u1ee5ng: t\u1eeb 23\/10\/2021 \u0111\u1ebfn h\u1ebft 31\/12\/2021<br \/>\n\u25fe\ufe0f \u00c1p d\u1ee5ng cho c\u00e1c d\u1ecbch v\u1ee5: GrabCar, GrabCar Plus t\u1ea1i \u0110\u00e0 N\u1eb5ng, H\u1ea3i Ph\u00f2ng. Nha Trang, v\u00e0 L\u00e2m \u0110\u1ed3ng<br \/>\n\u25fe\ufe0f S\u1ed1 l\u01b0\u1ee3ng \u01b0u \u0111\u00e3i c\u00f3 gi\u1edbi h\u1ea1n v\u00e0 ch\u01b0\u01a1ng tr\u00ecnh c\u00f3 th\u1ec3 k\u1ebft th\u00fac s\u1edbm h\u01a1n d\u1ef1 ki\u1ebfn.<br \/>\n\u25fe\ufe0f \u01afu \u0111\u00e3i \u0111\u01b0\u1ee3c s\u1eed d\u1ee5ng 01 l\u1ea7n\/ng\u00e0y v\u00e0 10 l\u1ea7n cho c\u1ea3 ch\u01b0\u01a1ng tr\u00ecnh.<\/p>\n<\/div>\n","protected":false},"excerpt":{"rendered":"\ud83c\udf27\ufe0f B\u1ea1n \u201ciu&#8221; \u01a1i, nh\u1eefng ng\u00e0y n\u00e0y \u0111i ra ngo\u00e0i m\u00e0 tr\u1eddi n\u1eafng m\u01b0a b\u1ea5t ch\u1ee3t, di chuy\u1ec3n g\u1eb7p nhi\u1ec1u b\u1ea5t ti\u1ec7n, Grab th\u01b0\u01a1ng b\u1ea1n nhi\u1ec1u \ud83e\udd7a. \ud83d\ude0d V\u1eady sao m\u00ecnh kh\u00f4ng \u0111\u1eb7t GrabCar cho ti\u1ec7n, v\u1eeba \u0111\u01b0\u1ee3c kh\u00f4 r\u00e1o m\u00e0 l\u1ea1i tho\u1ea3i m\u00e1i n\u1eefa. S\u1eb5n \u0111ang c\u00f3 \u01b0u \u0111\u00e3i ng\u00e0y m\u01b0a, m\u1ecdi ng\u01b0\u1eddi tranh [&hellip;]","protected":false},"author":1123,"featured_media":0,"parent":0,"menu_order":0,"comment_status":"closed","ping_status":"closed","template":"","meta":{"_acf_changed":false,"footnotes":""},"acf":[],"_links":{"self":[{"href":"https:\/\/www.grab.com\/vn\/wp-json\/wp\/v2\/pages\/101670"}],"collection":[{"href":"https:\/\/www.grab.com\/vn\/wp-json\/wp\/v2\/pages"}],"about":[{"href":"https:\/\/www.grab.com\/vn\/wp-json\/wp\/v2\/types\/page"}],"author":[{"embeddable":true,"href":"https:\/\/www.grab.com\/vn\/wp-json\/wp\/v2\/users\/1123"}],"replies":[{"embeddable":true,"href":"https:\/\/www.grab.com\/vn\/wp-json\/wp\/v2\/comments?post=101670"}],"version-history":[{"count":2,"href":"https:\/\/www.grab.com\/vn\/wp-json\/wp\/v2\/pages\/101670\/revisions"}],"predecessor-version":[{"id":101673,"href":"https:\/\/www.grab.com\/vn\/wp-json\/wp\/v2\/pages\/101670\/revisions\/101673"}],"wp:attachment":[{"href":"https:\/\/www.grab.com\/vn\/wp-json\/wp\/v2\/media?parent=101670"}],"curies":[{"name":"wp","href":"https:\/\/api.w.org\/{rel}","templated":true}]}}