{"id":100994,"date":"2021-10-25T20:19:49","date_gmt":"2021-10-25T12:19:49","guid":{"rendered":"https:\/\/www.grab.com\/vn\/?page_id=100994"},"modified":"2021-10-25T20:20:11","modified_gmt":"2021-10-25T12:20:11","slug":"trung-tam-tro-giup-de-xuat-dia-diem-moi","status":"publish","type":"page","link":"https:\/\/www.grab.com\/vn\/trung-tam-tro-giup-de-xuat-dia-diem-moi\/","title":{"rendered":"Trung T\u00e2m Tr\u1ee3 Gi\u00fap &#8211; \u0110\u1ec1 xu\u1ea5t \u0111\u1ecba \u0111i\u1ec3m m\u1edbi"},"content":{"rendered":"<p><img loading=\"lazy\" decoding=\"async\" class=\"wp-image-100991 aligncenter\" src=\"https:\/\/assets.grab.com\/wp-content\/uploads\/sites\/11\/2021\/10\/25200805\/Picture2.png\" alt=\"\" width=\"929\" height=\"465\" \/><\/p>\n<p>\ud83e\uddd0 B\u1ea1n kh\u00f4ng t\u00ecm \u0111\u01b0\u1ee3c qu\u00e1n \u0103n y\u00eau th\u00edch tr\u00ean \u1ee9ng d\u1ee5ng Grab?<br \/>\n\ud83d\ude1e \u0110\u1ecbnh v\u1ecb nh\u00e0 b\u1ea1n kh\u00f4ng ch\u00ednh x\u00e1c?<br \/>\n\ud83d\ude24 B\u1ea1n m\u1ec7t m\u1ecfi v\u00ec m\u1ed7i l\u1ea7n \u0111\u1eb7t xe l\u1ea1i ph\u1ea3i ghi ch\u00fa cho c\u00e1c b\u00e1c t\u00e0i x\u1ebf s\u1ea3nh t\u00f2a nh\u00e0 n\u00e0o b\u1ea1n \u0111ang \u0111\u1ee9ng trong m\u1ed9t khu chung c\u01b0?<br \/>\n\ud83e\udd14 T\u1ea1i sao l\u1ea1i \u0111\u1ec3 nh\u1eefng vi\u1ec7c n\u00e0y l\u00e0m \u1ea3nh h\u01b0\u1edfng \u0111\u1ebfn m\u1ed9t ng\u00e0y tuy\u1ec7t v\u1eddi c\u1ee7a b\u1ea1n?<\/p>\n<p>T\u1eeb nay, b\u1ea1n c\u00f3 th\u1ec3 th\u00eam ngay \u0111\u1ecba \u0111i\u1ec3m y\u00eau th\u00edch c\u1ee7a m\u00ecnh v\u00e0o \u1ee9ng d\u1ee5ng <strong>Grab<\/strong> c\u1ef1c \u0111\u01a1n gi\u1ea3n b\u1eb1ng c\u00e1ch truy c\u1eadp v\u00e0o \u0111\u01b0\u1eddng d\u1eabn b\u00ean d\u01b0\u1edbi v\u00e0 cung c\u1ea5p c\u00e1c th\u00f4ng tin theo h\u01b0\u1edbng d\u1eabn: <strong>\u201cTrung T\u00e2m Tr\u1ee3 Gi\u00fap &#8211; \u0110\u1ec1 xu\u1ea5t \u0111\u1ecba \u0111i\u1ec3m m\u1edbi\u201d<\/strong>!<\/p>\n<p>T\u1eeb ng\u00e0y 01\/10\/2021, m\u1ee5c<strong> Trung T\u00e2m Tr\u1ee3 Gi\u00fap<\/strong> s\u1ebd c\u00f3 th\u00eam t\u00ednh n\u0103ng <strong>\u0110\u1ec1 xu\u1ea5t \u0111\u1ecba \u0111i\u1ec3m m\u1edbi<\/strong>. T\u00ednh n\u0103ng n\u00e0y s\u1ebd gi\u00fap b\u1ea1n th\u00eam b\u1ea5t c\u1ee9 \u0111\u1ecba \u0111i\u1ec3m y\u00eau th\u00edch n\u00e0o v\u00e0o b\u1ea3n \u0111\u1ed3 Grab. B\u1ea1n ch\u1ec9 c\u1ea7n g\u00f5 t\u00ecm ki\u1ebfm \u201c\u0110\u1ec1 xu\u1ea5t \u0111\u1ecba \u0111i\u1ec3m m\u1edbi\u201d \u0111\u1ec3 truy c\u1eadp v\u00e0o trang h\u1ed7 tr\u1ee3.<\/p>\n<p><img loading=\"lazy\" decoding=\"async\" width=\"726\" height=\"578\" class=\"size-full wp-image-100996 aligncenter\" src=\"https:\/\/assets.grab.com\/wp-content\/uploads\/sites\/11\/2021\/10\/25201909\/Screen-Shot-2021-10-25-at-19.18.39.png\" alt=\"\" \/><\/p>\n<p>Sau khi nh\u1ea5p v\u00e0o <strong>\u201c\u0110\u1ec1 xu\u1ea5t \u0111\u1ecba \u0111i\u1ec3m m\u1edbi\u201d<\/strong>, c\u00e1c tr\u01b0\u1eddng th\u00f4ng tin li\u00ean quan \u0111\u1ebfn \u0111\u1ecba \u0111i\u1ec3m m\u00e0 b\u1ea1n mu\u1ed1n \u0111\u1ec1 xu\u1ea5t s\u1ebd hi\u1ec7n ra:<\/p>\n<p><img loading=\"lazy\" decoding=\"async\" width=\"741\" height=\"432\" class=\"size-full wp-image-100997 aligncenter\" src=\"https:\/\/assets.grab.com\/wp-content\/uploads\/sites\/11\/2021\/10\/25201935\/Screen-Shot-2021-10-25-at-19.19.31.png\" alt=\"\" \/><\/p>\n<p>C\u00e1c th\u00f4ng tin n\u00e0y s\u1ebd \u0111\u01b0\u1ee3c b\u1ed9 ph\u1eadn li\u00ean quan ki\u1ec3m tra v\u00e0 xem x\u00e9t c\u1eadp nh\u1eadt theo y\u00eau c\u1ea7u c\u1ee7a b\u1ea1n trong v\u00f2ng t\u1ed1i \u0111a 10 ng\u00e0y l\u00e0m vi\u1ec7c. Grab tin r\u1eb1ng nh\u1eefng \u0111\u00f3ng g\u00f3p c\u1ee7a b\u1ea1n s\u1ebd g\u00f3p ph\u1ea7n c\u1ea3i thi\u1ec7n h\u1ec7 th\u1ed1ng b\u1ea3n \u0111\u1ed3 tr\u00ean \u1ee9ng d\u1ee5ng Grab, mang \u0111\u1ebfn cho b\u1ea1n v\u00e0 ng\u01b0\u1eddi d\u00f9ng Grab tr\u1ea3i nghi\u1ec7m d\u1ecbch v\u1ee5 t\u1ed1t h\u01a1n m\u1ed7i ng\u00e0y.<\/p>\n<p><strong>Tr\u00e2n tr\u1ecdng,<\/strong><br \/>\n<strong>\u0110\u1ed9i ng\u0169 Grab<\/strong><\/p>\n","protected":false},"excerpt":{"rendered":"\ud83e\uddd0 B\u1ea1n kh\u00f4ng t\u00ecm \u0111\u01b0\u1ee3c qu\u00e1n \u0103n y\u00eau th\u00edch tr\u00ean \u1ee9ng d\u1ee5ng Grab? \ud83d\ude1e \u0110\u1ecbnh v\u1ecb nh\u00e0 b\u1ea1n kh\u00f4ng ch\u00ednh x\u00e1c? \ud83d\ude24 B\u1ea1n m\u1ec7t m\u1ecfi v\u00ec m\u1ed7i l\u1ea7n \u0111\u1eb7t xe l\u1ea1i ph\u1ea3i ghi ch\u00fa cho c\u00e1c b\u00e1c t\u00e0i x\u1ebf s\u1ea3nh t\u00f2a nh\u00e0 n\u00e0o b\u1ea1n \u0111ang \u0111\u1ee9ng trong m\u1ed9t khu chung c\u01b0? \ud83e\udd14 T\u1ea1i sao l\u1ea1i [&hellip;]","protected":false},"author":1123,"featured_media":0,"parent":0,"menu_order":0,"comment_status":"closed","ping_status":"closed","template":"","meta":{"_acf_changed":false,"footnotes":""},"acf":[],"_links":{"self":[{"href":"https:\/\/www.grab.com\/vn\/wp-json\/wp\/v2\/pages\/100994"}],"collection":[{"href":"https:\/\/www.grab.com\/vn\/wp-json\/wp\/v2\/pages"}],"about":[{"href":"https:\/\/www.grab.com\/vn\/wp-json\/wp\/v2\/types\/page"}],"author":[{"embeddable":true,"href":"https:\/\/www.grab.com\/vn\/wp-json\/wp\/v2\/users\/1123"}],"replies":[{"embeddable":true,"href":"https:\/\/www.grab.com\/vn\/wp-json\/wp\/v2\/comments?post=100994"}],"version-history":[{"count":2,"href":"https:\/\/www.grab.com\/vn\/wp-json\/wp\/v2\/pages\/100994\/revisions"}],"predecessor-version":[{"id":100999,"href":"https:\/\/www.grab.com\/vn\/wp-json\/wp\/v2\/pages\/100994\/revisions\/100999"}],"wp:attachment":[{"href":"https:\/\/www.grab.com\/vn\/wp-json\/wp\/v2\/media?parent=100994"}],"curies":[{"name":"wp","href":"https:\/\/api.w.org\/{rel}","templated":true}]}}