{"id":100436,"date":"2021-10-18T21:09:10","date_gmt":"2021-10-18T13:09:10","guid":{"rendered":"https:\/\/www.grab.com\/vn\/?page_id=100436"},"modified":"2022-04-21T19:05:27","modified_gmt":"2022-04-21T11:05:27","slug":"huong-dan-su-dung-dich-vu-grabexpress-ba-gac","status":"publish","type":"page","link":"https:\/\/www.grab.com\/vn\/huong-dan-su-dung-dich-vu-grabexpress-ba-gac\/","title":{"rendered":"Ra m\u1eaft d\u1ecbch v\u1ee5 GrabExpress Ba G\u00e1c"},"content":{"rendered":"<p><img loading=\"lazy\" decoding=\"async\" width=\"1200\" height=\"600\" class=\"alignnone size-full wp-image-101293\" src=\"https:\/\/assets.grab.com\/wp-content\/uploads\/sites\/11\/2021\/10\/28191619\/1200x600-13.jpg\" alt=\"\" \/><\/p>\n<p><b>GrabExpress Ba G\u00e1c<\/b><span style=\"font-weight: 400\"> l\u00e0 d\u1ecbch v\u1ee5 cung c\u1ea5p gi\u1ea3i ph\u00e1p v\u1eadn chuy\u1ec3n cho ng\u01b0\u1eddi d\u00f9ng c\u00e1 nh\u00e2n v\u00e0 doanh nghi\u1ec7p c\u1ea7n v\u1eadn chuy\u1ec3n h\u00e0ng ho\u00e1 c\u00f3 k\u00edch th\u01b0\u1edbc l\u1edbn <\/span><span style=\"font-weight: 400\">(nh\u01b0ng kh\u00f4ng v\u01b0\u1ee3t qu\u00e1 k\u00edch th\u01b0\u1edbc th\u00f9ng xe ba g\u00e1c v\u1edbi chi\u1ec1u d\u00e0i \u2013 chi\u1ec1u r\u1ed9ng \u2013 chi\u1ec1u cao t\u01b0\u01a1ng \u1ee9ng l\u00e0 1,7m x 1,2m x 1m) v\u00e0\/ho\u1eb7c kh\u1ed1i l\u01b0\u1ee3ng l\u1edbn (t\u1ed1i \u0111a 400kg) <\/span><span style=\"font-weight: 400\">b\u1eb1ng xe ba g\u00e1c. Ng\u01b0\u1eddi d\u00f9ng c\u00f3 th\u1ec3 d\u00f9ng xe ba g\u00e1c \u0111\u1ec3 v\u1eadn chuy\u1ec3n h\u00e0ng h\u00f3a t\u1eeb \u0111\u1ecba \u0111i\u1ec3m hi\u1ec7n t\u1ea1i \u0111\u1ebfn nhi\u1ec1u \u0111\u1ecba \u0111i\u1ec3m kh\u00e1c.<\/span><\/p>\n<h3><strong>1. Th\u1eed ngay d\u1ecbch v\u1ee5 v\u1eadn chuy\u1ec3n m\u1edbi c\u1ee7a GrabExpress theo c\u00e1c b\u01b0\u1edbc \u0111\u01a1n gi\u1ea3n sau:<\/strong><\/h3>\n<p><img loading=\"lazy\" decoding=\"async\" width=\"1200\" height=\"1200\" class=\"alignnone size-full wp-image-100913\" src=\"https:\/\/assets.grab.com\/wp-content\/uploads\/sites\/11\/2021\/10\/22201003\/3gacgif1.gif\" alt=\"\" \/><\/p>\n<p><span style=\"font-weight: 400\">Khi t\u1edbi th\u1eddi \u0111i\u1ec3m giao h\u00e0ng, \u1ee9ng d\u1ee5ng s\u1ebd g\u1eedi th\u00f4ng b\u00e1o nh\u1eafc b\u1ea1n khi b\u00e1c t\u00e0i \u0111ang tr\u00ean \u0111\u01b0\u1eddng \u0111\u1ebfn!<\/span><\/p>\n<h3><strong>2. Gi\u00e1 c\u01b0\u1edbc d\u1ecbch v\u1ee5:<\/strong><\/h3>\n<p><img decoding=\"async\" src=\"https:\/\/assets.grab.com\/wp-content\/uploads\/sites\/11\/2022\/04\/18130252\/ba-gac-price.png\" \/><\/p>\n<ul>\n<li><span style=\"font-weight: 400\">Khi c\u00f3 nhu c\u1ea7u b\u1ed1c x\u1ebfp h\u00e0ng h\u00f3a, ng\u01b0\u1eddi d\u00f9ng c\u1ea7n trao \u0111\u1ed5i, th\u01b0\u01a1ng l\u01b0\u1ee3ng v\u00e0 th\u1ecfa thu\u1eadn v\u1ec1 ph\u00ed b\u1ed1c x\u1ebfp v\u00e0 thanh to\u00e1n ph\u00ed n\u00e0y cho \u0110\u1ed1i t\u00e1c giao h\u00e0ng b\u1eb1ng ti\u1ec1n m\u1eb7t ho\u1eb7c c\u00e1c ph\u01b0\u01a1ng th\u1ee9c thanh to\u00e1n kh\u00f4ng d\u00f9ng ti\u1ec1n m\u1eb7t kh\u00e1c.<\/span><\/li>\n<li><span style=\"font-weight: 400\">Gi\u00e1 c\u01b0\u1edbc c\u00f3 th\u1ec3 b\u1ecb \u0111i\u1ec1u ch\u1ec9nh linh \u0111\u1ed9ng, khi nhu c\u1ea7u t\u0103ng cao t\u00f9y theo khu v\u1ef1c v\u00e0\/ho\u1eb7c th\u1eddi \u0111i\u1ec3m trong ng\u00e0y.<\/span><\/li>\n<li><span style=\"font-weight: 400\">D\u1ecbch v\u1ee5 \u0111ang tri\u1ec3n khai th\u1eed nghi\u1ec7m t\u1ea1i TP. Th\u1ee7 \u0110\u1ee9c v\u00e0 <\/span><span style=\"font-weight: 400\">\u00a0t\u1ea5t c\u1ea3 qu\u1eadn, huy\u1ec7n thu\u1ed9c TP. HCM, tr\u1eeb huy\u1ec7n C\u1ea7n Gi\u1edd<\/span><span style=\"font-weight: 400\"> v\u00e0 huy\u1ec7n C\u1ee7 Chi.<\/span><\/li>\n<li><span style=\"font-weight: 400\">D\u1ecbch v\u1ee5 h\u1ea1n ch\u1ebf ho\u1ea1t \u0111\u1ed9ng trong tr\u00ean m\u1ed9t s\u1ed1 tuy\u1ebfn \u0111\u01b0\u1eddng v\u00e0 khung gi\u1edd c\u00f3 h\u1ea1n ch\u1ebf xe c\u01a1 gi\u1edbi ba b\u00e1nh trong \u0111\u1ecba b\u00e0n TP. H\u1ed3 Ch\u00ed Minh theo quy\u1ebft \u0111\u1ecbnh s\u1ed1<\/span> <a href=\"https:\/\/thuvienphapluat.vn\/van-ban\/Giao-thong-Van-tai\/Quyet-dinh-08-2013-QD-UBND-cam-han-che-xe-co-gioi-ba-banh-xe-tho-so-ba-bon-banh-172851.aspx\"><b>08\/2013\/Q\u0110-UBND<\/b><\/a> <span style=\"font-weight: 400\">c\u1ee7a \u1ee6y Ban Nh\u00e2n D\u00e2n TP. H\u1ed3 Ch\u00ed Minh ban h\u00e0nh ng\u00e0y 19\/02\/2013. C\u1ee5 th\u1ec3 nh\u01b0 sau:<\/span><\/li>\n<\/ul>\n<p><img decoding=\"async\" src=\"https:\/\/assets.grab.com\/wp-content\/uploads\/sites\/11\/2022\/04\/21190354\/ba-gac-cam1.png\" \/><\/p>\n<p><img decoding=\"async\" src=\"https:\/\/assets.grab.com\/wp-content\/uploads\/sites\/11\/2022\/04\/21190426\/ba-gac-cam-2.png\" \/><\/p>\n<ul>\n<li style=\"list-style-type: none\"><\/li>\n<\/ul>\n<p>\u260e\ufe0f Hotline h\u1ed7 tr\u1ee3 cho d\u1ecbch v\u1ee5 GrabExpress Ba G\u00e1c: (+84) 902346541<\/p>\n<p>&nbsp;<\/p>\n<h1 style=\"text-align: center\"><a href=\"https:\/\/grab.onelink.me\/2695613898\/GESMS\"><b>Tr\u1ea3i nghi\u1ec7m ngay!<\/b><\/a><\/h1>\n<h3><\/h3>\n<h3>3. M\u1ed9t s\u1ed1 l\u01b0u \u00fd c\u1ea7n bi\u1ebft khi s\u1eed d\u1ee5ng d\u1ecbch v\u1ee5:<\/h3>\n<p><span style=\"font-weight: 400\">&#8211; H\u00e0ng ho\u00e1 kh\u00f4ng thu\u1ed9c danh m\u1ee5c c\u00e1c m\u1eb7t h\u00e0ng c\u1ea5m theo ch\u00ednh s\u00e1ch c\u1ee7a <\/span><b>Grab<\/b><span style=\"font-weight: 400\"> v\u00e0\/ho\u1eb7c quy \u0111\u1ecbnh ph\u00e1p lu\u1eadt <\/span><span style=\"font-weight: 400\">(chi ti\u1ebft <\/span><a href=\"https:\/\/help.grab.com\/passenger\/vi-vn\/360000169087-Toi-co-the-yeu-cau-giao-nhung-hang-hoa-nao\"><span style=\"font-weight: 400\">T\u1ea0I \u0110\u00c2Y<\/span><\/a><span style=\"font-weight: 400\">)<\/span><span style=\"font-weight: 400\">.<\/span><\/p>\n<p><span style=\"font-weight: 400\">&#8211;\u00a0 K\u00edch th\u01b0\u1edbc h\u00e0ng h\u00f3a: kh\u00f4ng v\u01b0\u1ee3t qu\u00e1 k\u00edch th\u01b0\u1edbc th\u00f9ng xe ba g\u00e1c v\u1edbi chi\u1ec1u d\u00e0i \u2013 chi\u1ec1u r\u1ed9ng \u2013 chi\u1ec1u cao t\u01b0\u01a1ng \u1ee9ng l\u00e0 1,7mx1,2mx1m v\u00e0 c\u00f3 tr\u1ecdng l\u01b0\u1ee3ng t\u1ed1i \u0111a cho ph\u00e9p l\u00e0 400kg.<\/span><\/p>\n<p><span style=\"font-weight: 400\">&#8211; V\u1edbi c\u00e1c \u0111\u1ecba \u0111i\u1ec3m giao h\u00e0ng y\u00eau c\u1ea7u <\/span><b>ph\u00ed g\u1eedi xe<\/b><span style=\"font-weight: 400\"> (t\u00f2a nh\u00e0, chung c\u01b0,\u2026), \u0110\u1ed1i t\u00e1c t\u00e0i x\u1ebf s\u1ebd th\u1ecfa thu\u1eadn v\u1edbi Ng\u01b0\u1eddi nh\u1eadn v\u1ec1 kho\u1ea3n ph\u00ed n\u00e0y v\u00e0 <\/span><b>thu tr\u1ef1c ti\u1ebfp b\u1eb1ng ti\u1ec1n m\u1eb7t<\/b><span style=\"font-weight: 400\">. Tr\u01b0\u1eddng h\u1ee3p kh\u00f4ng th\u1ecfa thu\u1eadn \u0111\u01b0\u1ee3c v\u00e0\/ho\u1eb7c Ng\u01b0\u1eddi nh\u1eadn <\/span><b>kh\u00f4ng ch\u1ea5p nh\u1eadn<\/b><span style=\"font-weight: 400\"> thanh to\u00e1n <\/span><b>ph\u00ed g\u1eedi xe,<\/b><span style=\"font-weight: 400\"> \u0110\u1ed1i t\u00e1c t\u00e0i x\u1ebf c\u00f3 th\u1ec3 ho\u00e0n tr\u1ea3 \u0111\u01a1n h\u00e0ng v\u1ec1 Ng\u01b0\u1eddi g\u1eedi.<\/span><\/p>\n<p><span style=\"font-weight: 400\">&#8211; Trong tr\u01b0\u1eddng h\u1ee3p b\u1ea1n kh\u00f4ng \u0111\u1ea3m b\u1ea3o m\u1ed9t trong nh\u1eefng \u0111i\u1ec1u ki\u1ec7n tr\u00ean, \u0110\u1ed1i t\u00e1c t\u00e0i x\u1ebf c\u00f3 quy\u1ec1n t\u1eeb ch\u1ed1i th\u1ef1c hi\u1ec7n d\u1ecbch v\u1ee5.<\/span><\/p>\n","protected":false},"excerpt":{"rendered":"GrabExpress Ba G\u00e1c l\u00e0 d\u1ecbch v\u1ee5 cung c\u1ea5p gi\u1ea3i ph\u00e1p v\u1eadn chuy\u1ec3n cho ng\u01b0\u1eddi d\u00f9ng c\u00e1 nh\u00e2n v\u00e0 doanh nghi\u1ec7p c\u1ea7n v\u1eadn chuy\u1ec3n h\u00e0ng ho\u00e1 c\u00f3 k\u00edch th\u01b0\u1edbc l\u1edbn (nh\u01b0ng kh\u00f4ng v\u01b0\u1ee3t qu\u00e1 k\u00edch th\u01b0\u1edbc th\u00f9ng xe ba g\u00e1c v\u1edbi chi\u1ec1u d\u00e0i \u2013 chi\u1ec1u r\u1ed9ng \u2013 chi\u1ec1u cao t\u01b0\u01a1ng \u1ee9ng l\u00e0 1,7m x 1,2m x [&hellip;]","protected":false},"author":1211,"featured_media":101293,"parent":0,"menu_order":0,"comment_status":"closed","ping_status":"closed","template":"","meta":{"_acf_changed":false,"footnotes":""},"acf":[],"_links":{"self":[{"href":"https:\/\/www.grab.com\/vn\/wp-json\/wp\/v2\/pages\/100436"}],"collection":[{"href":"https:\/\/www.grab.com\/vn\/wp-json\/wp\/v2\/pages"}],"about":[{"href":"https:\/\/www.grab.com\/vn\/wp-json\/wp\/v2\/types\/page"}],"author":[{"embeddable":true,"href":"https:\/\/www.grab.com\/vn\/wp-json\/wp\/v2\/users\/1211"}],"replies":[{"embeddable":true,"href":"https:\/\/www.grab.com\/vn\/wp-json\/wp\/v2\/comments?post=100436"}],"version-history":[{"count":19,"href":"https:\/\/www.grab.com\/vn\/wp-json\/wp\/v2\/pages\/100436\/revisions"}],"predecessor-version":[{"id":116386,"href":"https:\/\/www.grab.com\/vn\/wp-json\/wp\/v2\/pages\/100436\/revisions\/116386"}],"wp:featuredmedia":[{"embeddable":true,"href":"https:\/\/www.grab.com\/vn\/wp-json\/wp\/v2\/media\/101293"}],"wp:attachment":[{"href":"https:\/\/www.grab.com\/vn\/wp-json\/wp\/v2\/media?parent=100436"}],"curies":[{"name":"wp","href":"https:\/\/api.w.org\/{rel}","templated":true}]}}