{"id":100415,"date":"2021-10-18T17:30:48","date_gmt":"2021-10-18T09:30:48","guid":{"rendered":"https:\/\/www.grab.com\/vn\/?page_id=100415"},"modified":"2021-10-18T19:10:46","modified_gmt":"2021-10-18T11:10:46","slug":"ghe-grabrewards-san-voucher-grabcar-0-diem","status":"publish","type":"page","link":"https:\/\/www.grab.com\/vn\/ghe-grabrewards-san-voucher-grabcar-0-diem\/","title":{"rendered":"Gh\u00e9 GrabRewards, s\u0103n voucher GrabCar 0 \u0111i\u1ec3m!"},"content":{"rendered":"<p><img loading=\"lazy\" decoding=\"async\" width=\"1200\" height=\"600\" class=\"alignnone size-full wp-image-100418\" src=\"https:\/\/assets.grab.com\/wp-content\/uploads\/sites\/11\/2021\/10\/18172646\/1200x600-43.jpg\" alt=\"\" \/><\/p>\n<p><b>\ud83c\udf1f T\u1ed1i r\u1ea3nh s\u0103n voucher, s\u00e1ng th\u1ea3nh th\u01a1i di chuy\u1ec3n \ud83c\udf1f\ud83d\ude99\u00a0<\/b><\/p>\n<p>\ud83c\udf89\ufe0f Ch\u1ec9 t\u1ed1n <span style=\"font-weight: 600;color: #00000\">0 \u0111i\u1ec3m<\/span> <span style=\"font-weight: 600;color: #6d2987\">GrabRewards<\/span> l\u00e0 c\u00f3 ngay voucher <span style=\"font-weight: 600;color: #009d3b\">GrabCar<\/span> tr\u1ecb gi\u00e1 \u0111\u1ebfn 20.000\u0111, tha h\u1ed3 ng\u1ed3i b\u0103ng gh\u1ebf sau \u00eam \u00e1i \u0111i kh\u1eafp th\u00e0nh ph\u1ed1 m\u00e0 kh\u00f4ng s\u1ee3 n\u1eafng m\u01b0a. \u2600\ufe0f\ud83c\udf27\ufe0f<\/p>\n<p>\ud83d\udcf2 T\u1ea5t c\u1ea3 nh\u1eefng g\u00ec c\u1ea3 nh\u00e0 c\u1ea7n l\u00e0m l\u00e0 v\u00e0o <span style=\"font-weight: 600;color: #6d2987\">GrabRewards<\/span> t\u1eeb <span style=\"font-weight: 600;color: #00000\">20h &#8211; 21h m\u1ed7i ng\u00e0y<\/span>, t\u1eeb ng\u00e0y <span style=\"font-weight: 600;color: #00000\">18\/10 \u0111\u1ebfn h\u1ebft ng\u00e0y 24\/10<\/span>, t\u00ecm \u01b0u \u0111\u00e3i <span style=\"font-weight: 600;color: #009d3b\">GrabCar<\/span> v\u00e0 \u0111\u1ed5i ngay v\u1edbi ch\u1ec9 <span style=\"font-weight: 600;color: #00000\">0 \u0111i\u1ec3m<\/span>, qu\u00e1 \u0111\u01a1n gi\u1ea3n ph\u1ea3i kh\u00f4ng \u1ea1?<\/p>\n<p><span style=\"font-weight: 400\">\ud83d\ude0d S\u1ed1 l\u01b0\u1ee3ng voucher c\u00f3 h\u1ea1n n\u00ean nhanh tay th\u00ec c\u00f2n, ch\u1eadm tay th\u00ec \u0111\u1eb7t b\u00e1o th\u1ee9c t\u1eeb b\u00e2y gi\u1edd lu\u00f4n cho ch\u1eafc \u0103n nha anh ch\u1ecb m\u00ecnh \u01a1i!<\/span><\/p>\n<p><strong>L\u01b0u \u00fd:<\/strong><\/p>\n<ul>\n<li>Gi\u1edbi h\u1ea1n 1 ph\u1ea7n qu\u00e0 cho m\u1ed7i ng\u01b0\u1eddi d\u00f9ng trong su\u1ed1t th\u1eddi gian di\u1ec5n ra khuy\u1ebfn m\u00e3i.<\/li>\n<li>Ch\u1ec9 c\u00f3 gi\u00e1 tr\u1ecb s\u1eed d\u1ee5ng m\u1ed9t l\u1ea7n cho d\u1ecbch v\u1ee5 t\u1ea1i H\u00e0 N\u1ed9i v\u00e0 Tp. H\u1ed3 Ch\u00ed Minh.<\/li>\n<li>\u01afu \u0111\u00e3i n\u00e0y ch\u1ec9 \u00e1p d\u1ee5ng cho GrabCar v\u00e0 GrabCar Protect.<\/li>\n<li>\u01afu \u0111\u00e3i c\u00f3 gi\u00e1 tr\u1ecb s\u1eed d\u1ee5ng \u0111\u1ebfn h\u1ebft ng\u00e0y 30\/11\/2021, kh\u00f4ng \u0111\u01b0\u1ee3c gia h\u1ea1n hi\u1ec7u l\u1ef1c.<\/li>\n<li>\u01afu \u0111\u00e3i kh\u00f4ng \u0111\u01b0\u1ee3c \u00e1p d\u1ee5ng chung \u0111\u1ec3 s\u1eed d\u1ee5ng trong m\u1ed9t giao d\u1ecbch duy nh\u1ea5t.<\/li>\n<li>\u01afu \u0111\u00e3i kh\u00f4ng th\u1ec3 \u0111\u01b0\u1ee3c s\u1eed d\u1ee5ng c\u00f9ng v\u1edbi c\u00e1c ch\u01b0\u01a1ng tr\u00ecnh gi\u1ea3m gi\u00e1 v\u00e0 khuy\u1ebfn m\u00e3i kh\u00e1c.<\/li>\n<li>\u01afu \u0111\u00e3i l\u00e0 kh\u00f4ng th\u1ec3 chuy\u1ec3n nh\u01b0\u1ee3ng, kh\u00f4ng ho\u00e0n l\u1ea1i v\u00e0 kh\u00f4ng th\u1ec3 trao \u0111\u1ed5i th\u00e0nh ti\u1ec1n m\u1eb7t \/ t\u00edn d\u1ee5ng. M\u1ecdi gi\u00e1 tr\u1ecb \u01b0u \u0111\u00e3i ch\u01b0a \u0111\u01b0\u1ee3c s\u1eed d\u1ee5ng tr\u01b0\u1edbc th\u1eddi h\u1ea1n s\u1ebd b\u1ecb m\u1ea5t.<\/li>\n<li>Grab c\u00f3 quy\u1ec1n thay \u0111\u1ed5i v\u00e0 s\u1eeda \u0111\u1ed5i c\u00e1c \u0111i\u1ec1u ki\u1ec7n v\u00e0 \u0111i\u1ec3u kho\u1ea3n \u00e1p d\u1ee5ng n\u00e0y b\u1ea5t c\u1ee9 l\u00fac n\u00e0o m\u00e0 kh\u00f4ng c\u1ea7n th\u00f4ng b\u00e1o tr\u01b0\u1edbc<\/li>\n<\/ul>\n","protected":false},"excerpt":{"rendered":"\ud83c\udf1f T\u1ed1i r\u1ea3nh s\u0103n voucher, s\u00e1ng th\u1ea3nh th\u01a1i di chuy\u1ec3n \ud83c\udf1f\ud83d\ude99\u00a0 \ud83c\udf89\ufe0f Ch\u1ec9 t\u1ed1n 0 \u0111i\u1ec3m GrabRewards l\u00e0 c\u00f3 ngay voucher GrabCar tr\u1ecb gi\u00e1 \u0111\u1ebfn 20.000\u0111, tha h\u1ed3 ng\u1ed3i b\u0103ng gh\u1ebf sau \u00eam \u00e1i \u0111i kh\u1eafp th\u00e0nh ph\u1ed1 m\u00e0 kh\u00f4ng s\u1ee3 n\u1eafng m\u01b0a. \u2600\ufe0f\ud83c\udf27\ufe0f \ud83d\udcf2 T\u1ea5t c\u1ea3 nh\u1eefng g\u00ec c\u1ea3 nh\u00e0 c\u1ea7n l\u00e0m l\u00e0 v\u00e0o [&hellip;]","protected":false},"author":1123,"featured_media":0,"parent":0,"menu_order":0,"comment_status":"closed","ping_status":"closed","template":"","meta":{"_acf_changed":false,"footnotes":""},"acf":[],"_links":{"self":[{"href":"https:\/\/www.grab.com\/vn\/wp-json\/wp\/v2\/pages\/100415"}],"collection":[{"href":"https:\/\/www.grab.com\/vn\/wp-json\/wp\/v2\/pages"}],"about":[{"href":"https:\/\/www.grab.com\/vn\/wp-json\/wp\/v2\/types\/page"}],"author":[{"embeddable":true,"href":"https:\/\/www.grab.com\/vn\/wp-json\/wp\/v2\/users\/1123"}],"replies":[{"embeddable":true,"href":"https:\/\/www.grab.com\/vn\/wp-json\/wp\/v2\/comments?post=100415"}],"version-history":[{"count":3,"href":"https:\/\/www.grab.com\/vn\/wp-json\/wp\/v2\/pages\/100415\/revisions"}],"predecessor-version":[{"id":100432,"href":"https:\/\/www.grab.com\/vn\/wp-json\/wp\/v2\/pages\/100415\/revisions\/100432"}],"wp:attachment":[{"href":"https:\/\/www.grab.com\/vn\/wp-json\/wp\/v2\/media?parent=100415"}],"curies":[{"name":"wp","href":"https:\/\/api.w.org\/{rel}","templated":true}]}}