{"id":100336,"date":"2021-10-15T17:11:36","date_gmt":"2021-10-15T09:11:36","guid":{"rendered":"https:\/\/www.grab.com\/vn\/?page_id=100336"},"modified":"2021-10-15T17:14:49","modified_gmt":"2021-10-15T09:14:49","slug":"uu-dai-50-cac-cuoc-xe-grabcar-protect","status":"publish","type":"page","link":"https:\/\/www.grab.com\/vn\/uu-dai-50-cac-cuoc-xe-grabcar-protect\/","title":{"rendered":"\u01afu \u0111\u00e3i 50% c\u00e1c cu\u1ed1c xe GrabCar Protect*"},"content":{"rendered":"<p><img loading=\"lazy\" decoding=\"async\" width=\"1200\" height=\"600\" class=\"alignnone size-full wp-image-100337\" src=\"https:\/\/assets.grab.com\/wp-content\/uploads\/sites\/11\/2021\/10\/15171001\/1200x600-low.jpg\" alt=\"\" \/><\/p>\n<p style=\"text-align: center\"><b>\ud83c\udf89\ufe0f U l\u00e0 tr\u1eddi b\u1ea1n m\u00ecnh \u01a1i sao l\u00e2u r\u1ed3i ch\u01b0a gh\u00e9? \ud83d\ude99<\/b><\/p>\n<p style=\"text-align: center\"><span style=\"font-weight: 400\">\ud83c\udf1f Ph\u1ed1 \u0111i b\u1ed9 nh\u1edb nh\u00f3m b\u1ea1n d\u1ea1o ch\u01a1i\u00a0<\/span><\/p>\n<p style=\"text-align: center\"><span style=\"font-weight: 400\">\ud83c\udf1f Nh\u00e0 h\u00e1t nh\u1edb tay trao tr\u00e0 \u0111\u00e0o tr\u00e0 s\u1eefa<\/span><\/p>\n<p style=\"text-align: center\"><span style=\"font-weight: 400\">\ud83c\udf1f Landmark 81 nh\u1edb ng\u01b0\u1eddi d\u1ea1o ch\u01a1i<\/span><\/p>\n<p style=\"text-align: center\"><span style=\"font-weight: 400\">\ud83c\udf1f Vinhomes nh\u1edb chi\u1ebfc h\u1eb9n ch\u1ea1y b\u1ed9 l\u00fac ho\u00e0ng h\u00f4n<\/span><\/p>\n<p>&nbsp;<\/p>\n<p><span style=\"font-weight: 400\">\ud83e\udd19 Nh\u1edb nhau qu\u00e1 r\u1ed3i, ch\u1edd g\u00ec m\u00e0 kh\u00f4ng g\u1ecdi b\u1ea1n b\u00e8, \u0111\u1eb7t m\u1ed9t chi\u1ebfc<strong> GrabCar Protect<\/strong> d\u1ea1o ch\u01a1i nh\u1eefng n\u01a1i l\u00e2u r\u1ed3i kh\u00f4ng \u0111\u1ebfn, g\u1eb7p nh\u1eefng ng\u01b0\u1eddi c\u00e1ch xa \u0111\u00e3 l\u00e2u, c\u00f9ng nhau \u0103n nh\u1eefng m\u00f3n quen thu\u1ed9c. \ud83d\ude0d<\/span><\/p>\n<p>&nbsp;<\/p>\n<p><span style=\"font-weight: 400\">\ud83c\udf8a\ufe0f Nh\u1eadp m\u00e3 <strong>NHOBAN<\/strong> <span style=\"text-decoration: underline\"><em>\u01b0u \u0111\u00e3i 50% t\u1ed1i \u0111a 25.000\u0111<\/em><\/span> cho nh\u1eefng cu\u1ed1c xe \u0111\u1ebfn nh\u1eefng \u0111\u1ecba \u0111i\u1ec3m nh\u1ea5t \u0111\u1ecbnh*.<\/span><\/p>\n<p>L\u01b0u \u00fd:<\/p>\n<p><span style=\"font-weight: 400\">&#8211; \u00c1p d\u1ee5ng cho d\u1ecbch v\u1ee5 <strong>GrabCar Protect<\/strong> v\u00e0 <strong>GrabCar Protect 7 ch\u1ed7<\/strong> t\u1ea1i Th\u00e0nh ph\u1ed1 H\u1ed3 Ch\u00ed Minh.<\/span><\/p>\n<p><span style=\"font-weight: 400\">&#8211; M\u1ed7i ng\u01b0\u1eddi d\u00f9ng \u0111\u01b0\u1ee3c s\u1eed d\u1ee5ng \u01b0u \u0111\u00e3i t\u1ed1i \u0111a 01 l\u1ea7n\/ng\u00e0y v\u00e0 10 l\u1ea7n trong su\u1ed1t th\u1eddi gian di\u1ec5n ra ch\u01b0\u01a1ng tr\u00ecnh.<\/span><\/p>\n<p><span style=\"font-weight: 400\">&#8211; S\u1ed1 l\u01b0\u1ee3ng \u01b0u \u0111\u00e3i c\u00f3 gi\u1edbi h\u1ea1n m\u1ed7i ng\u00e0y.<\/span><\/p>\n<p><span style=\"font-weight: 400\">&#8211; \u01afu \u0111\u00e3i kh\u00f4ng bao g\u1ed3m ph\u1ee5 ph\u00ed, ng\u01b0\u1eddi d\u00f9ng vui l\u00f2ng thanh to\u00e1n ph\u1ea7n ph\u1ee5 ph\u00ed n\u00e0y v\u1edbi t\u00e0i x\u1ebf.<\/span><\/p>\n<p><span style=\"font-weight: 400\">&#8211; Ch\u1ec9 \u00e1p d\u1ee5ng cho kh\u00e1ch h\u00e0ng nh\u1eadn \u0111\u01b0\u1ee3c th\u00f4ng b\u00e1o.<\/span><\/p>\n<p><span style=\"font-weight: 400\">&#8211; Ch\u1ec9 \u00e1p d\u1ee5ng v\u1edbi phi\u00ean b\u1ea3n app m\u1edbi nh\u1ea5t.<\/span><\/p>\n<p><em><strong>* \u01afu \u0111\u00e3i \u00e1p d\u1ee5ng cho c\u00e1c chuy\u1ebfn xe b\u1eaft \u0111\u1ea7u ho\u1eb7c k\u1ebft th\u00fac t\u1ea1i c\u00e1c \u0111\u1ecba \u0111i\u1ec3m: ph\u1ed1 \u0111i b\u1ed9 Nguy\u1ec5n Hu\u1ec7, c\u1ea7u \u00c1nh Sao, c\u1ea7u M\u1ed1ng, H\u1ed3 Con R\u00f9a, Nh\u00e0 Th\u1edd \u0110\u1ee9c B\u00e0, Nh\u00e0 H\u00e1t Th\u00e0nh Ph\u1ed1, Landmark 81, ph\u1ed1 t\u00e2y B\u00f9i Vi\u1ec7n, Vinhome Central Park, L\u00e0ng \u0110H Qu\u1ed1c Gia.<\/strong><\/em><\/p>\n<p><span style=\"font-weight: 400\">\ud83d\udcf1 \u0110\u1eb7t <strong>GrabCar Protect<\/strong> \u0111i ch\u01a1i an to\u00e0n ti\u1ebft ki\u1ec7m th\u00f4i c\u1ea3 nh\u00e0 \u01a1i!<\/span><\/p>\n","protected":false},"excerpt":{"rendered":"\ud83c\udf89\ufe0f U l\u00e0 tr\u1eddi b\u1ea1n m\u00ecnh \u01a1i sao l\u00e2u r\u1ed3i ch\u01b0a gh\u00e9? \ud83d\ude99 \ud83c\udf1f Ph\u1ed1 \u0111i b\u1ed9 nh\u1edb nh\u00f3m b\u1ea1n d\u1ea1o ch\u01a1i\u00a0 \ud83c\udf1f Nh\u00e0 h\u00e1t nh\u1edb tay trao tr\u00e0 \u0111\u00e0o tr\u00e0 s\u1eefa \ud83c\udf1f Landmark 81 nh\u1edb ng\u01b0\u1eddi d\u1ea1o ch\u01a1i \ud83c\udf1f Vinhomes nh\u1edb chi\u1ebfc h\u1eb9n ch\u1ea1y b\u1ed9 l\u00fac ho\u00e0ng h\u00f4n &nbsp; \ud83e\udd19 Nh\u1edb nhau qu\u00e1 r\u1ed3i, [&hellip;]","protected":false},"author":1123,"featured_media":0,"parent":0,"menu_order":0,"comment_status":"closed","ping_status":"closed","template":"","meta":{"_acf_changed":false,"footnotes":""},"acf":[],"_links":{"self":[{"href":"https:\/\/www.grab.com\/vn\/wp-json\/wp\/v2\/pages\/100336"}],"collection":[{"href":"https:\/\/www.grab.com\/vn\/wp-json\/wp\/v2\/pages"}],"about":[{"href":"https:\/\/www.grab.com\/vn\/wp-json\/wp\/v2\/types\/page"}],"author":[{"embeddable":true,"href":"https:\/\/www.grab.com\/vn\/wp-json\/wp\/v2\/users\/1123"}],"replies":[{"embeddable":true,"href":"https:\/\/www.grab.com\/vn\/wp-json\/wp\/v2\/comments?post=100336"}],"version-history":[{"count":5,"href":"https:\/\/www.grab.com\/vn\/wp-json\/wp\/v2\/pages\/100336\/revisions"}],"predecessor-version":[{"id":100342,"href":"https:\/\/www.grab.com\/vn\/wp-json\/wp\/v2\/pages\/100336\/revisions\/100342"}],"wp:attachment":[{"href":"https:\/\/www.grab.com\/vn\/wp-json\/wp\/v2\/media?parent=100336"}],"curies":[{"name":"wp","href":"https:\/\/api.w.org\/{rel}","templated":true}]}}