{"id":100084,"date":"2021-10-14T11:57:56","date_gmt":"2021-10-14T03:57:56","guid":{"rendered":"https:\/\/www.grab.com\/vn\/?page_id=100084"},"modified":"2021-10-14T11:57:56","modified_gmt":"2021-10-14T03:57:56","slug":"ha-noi-oi-grabcar-da-tro-lai","status":"publish","type":"page","link":"https:\/\/www.grab.com\/vn\/ha-noi-oi-grabcar-da-tro-lai\/","title":{"rendered":"H\u00e0 N\u1ed9i \u01a1i, GrabCar \u0111\u00e3 tr\u1edf l\u1ea1i!"},"content":{"rendered":"<p><img loading=\"lazy\" decoding=\"async\" width=\"1200\" height=\"600\" class=\"alignnone size-full wp-image-100085\" src=\"https:\/\/assets.grab.com\/wp-content\/uploads\/sites\/11\/2021\/10\/14115606\/1200x600-411.jpg\" alt=\"\" \/><\/p>\n<p><span style=\"font-weight: 600;color: #00b14f;font-size: 16px\">\u0110\u1eb7t Grab l\u01b0\u1ee3n h\u1ed3, d\u1ea1o ph\u1ed1 chi\u1ec1u thu<\/span><\/p>\n<p>\ud83c\udf42 Thu ng\u1eadp ph\u1ed1 ph\u01b0\u1eddng r\u1ed3i, l\u01b0\u1ee3n m\u1ed9t v\u00f2ng b\u1edd h\u1ed3 th\u00f4i \ud83d\ude99<\/p>\n<p>\ud83c\udf24\ufe0f Th\u1eddi ti\u1ebft m\u00f9a n\u00e0y ph\u1ea3i n\u00f3i l\u00e0 &#8220;\u0111\u1ec9nh c\u1ee7a ch\u00f3p&#8221;, n\u1eafng v\u00e0ng r\u1ef1c r\u1ee1 gi\u1eefa kh\u00f4ng kh\u00ed se l\u1ea1nh, gi\u00f3 d\u1ecbu nh\u1eb9 hiu hiu \u0111\u00fang &#8220;th\u01b0\u01a1ng hi\u1ec7u&#8221; m\u00f9a thu H\u00e0 N\u1ed9i.<\/p>\n<p>\ud83c\udf89\ufe0f Ch\u1edd g\u00ec m\u00e0 kh\u00f4ng nh\u1eafn c\u1ea1 \u0111\u00e3 l\u00e2u kh\u00f4ng g\u1eb7p, \u0111\u1eb7t m\u1ed9t chi\u1ebfc <span style=\"font-weight: 600;color: #00b14f;font-size: 14px\">GrabCar<\/span> l\u00ean h\u1ed3 r\u1ed3i c\u00f9ng nhau \u0111i d\u1ea1o, \u0111\u1ea1p xe, ch\u00e8o thuy\u1ec1n, hay ng\u1ed3i b\u00ean ly c\u00e0 ph\u00ea ng\u1eafm ph\u1ed1 ph\u01b0\u1eddng nh\u1ed9n nh\u1ecbp, n\u00f3i c\u01b0\u1eddi c\u00f9ng nhau.<\/p>\n<p>\ud83c\udf1f Nh\u1eadp m\u00e3 <span style=\"font-weight: 600;color: #04b14f;font-size: 14px\">GCMOCA<\/span> <span style=\"font-weight: 600\">\u01b0u \u0111\u00e3i 50% t\u1ed1i \u0111a 15.000\u0111<\/span> khi thanh to\u00e1n b\u1eb1ng Th\u1ebb\/V\u00ed Moca \ud83c\udf1f<\/p>\n<p>\ud83d\ude99 Kh\u00f4ng ch\u1ec9 c\u00f3 b\u0103ng gh\u1ebf sau \u00eam \u00e1i, <span style=\"font-weight: 600;color: #00b14f;font-size: 14px\">GrabCar<\/span> c\u00f2n \u0111\u1ea3m b\u1ea3o an to\u00e0n theo quy \u0111\u1ecbnh c\u1ee7a c\u01a1 quan ch\u1ee9c n\u0103ng:<\/p>\n<p>\ud83c\udf40 \u0110\u1ed9i ng\u0169 \u0111\u1ed1i t\u00e1c t\u00e0i x\u1ebf \u0111\u00e3 \u0111\u01b0\u1ee3c ti\u00eam \u00edt nh\u1ea5t 1 m\u0169i v\u1eafc xin v\u00e0 c\u00f3 k\u1ebft qu\u1ea3 x\u00e9t nghi\u1ec7m Covid-19 \u00e2m t\u00ednh<br \/>\n\ud83c\udf40 Ph\u01b0\u01a1ng ti\u1ec7n di chuy\u1ec3n \u0111\u01b0\u1ee3c kh\u1eed khu\u1ea9n sau m\u1ed7i chuy\u1ebfn \u0111i.<br \/>\n\ud83c\udf40 C\u00e1c b\u00e1c t\u00e0i chu\u1ea9n b\u1ecb s\u1eb5n n\u01b0\u1edbc r\u1eeda tay di\u1ec7t khu\u1ea9n tr\u00ean xe, khi b\u1ea1n c\u00f3 nhu c\u1ea7u s\u1eed d\u1ee5ng!<\/p>\n<p>\ud83d\udcf2 B\u1ea1n nh\u1edb \u0111eo kh\u1ea9u trang trong su\u1ed1t qu\u00e1 tr\u00ecnh di chuy\u1ec3n, qu\u00e9t m\u00e3 QR ni\u00eam y\u1ebft tr\u00ean xe, \u0111\u1ed3ng th\u1eddi tu\u00e2n th\u1ee7 5K v\u00e0 khai b\u00e1o y t\u1ebf theo \u0111\u00fang quy \u0111\u1ecbnh c\u1ee7a B\u1ed9 Y t\u1ebf nh\u00e9. <span style=\"font-weight: 600;color: #00b14f;font-size: 14px\">GrabCar<\/span> \u0111\u00e3 tr\u1edf l\u1ea1i v\u00e0 s\u1eb5n s\u00e0ng \u0111\u00f3n \u0111\u01b0a to\u00e0n th\u00e0nh ph\u1ed1.<\/p>\n","protected":false},"excerpt":{"rendered":"\u0110\u1eb7t Grab l\u01b0\u1ee3n h\u1ed3, d\u1ea1o ph\u1ed1 chi\u1ec1u thu \ud83c\udf42 Thu ng\u1eadp ph\u1ed1 ph\u01b0\u1eddng r\u1ed3i, l\u01b0\u1ee3n m\u1ed9t v\u00f2ng b\u1edd h\u1ed3 th\u00f4i \ud83d\ude99 \ud83c\udf24\ufe0f Th\u1eddi ti\u1ebft m\u00f9a n\u00e0y ph\u1ea3i n\u00f3i l\u00e0 &#8220;\u0111\u1ec9nh c\u1ee7a ch\u00f3p&#8221;, n\u1eafng v\u00e0ng r\u1ef1c r\u1ee1 gi\u1eefa kh\u00f4ng kh\u00ed se l\u1ea1nh, gi\u00f3 d\u1ecbu nh\u1eb9 hiu hiu \u0111\u00fang &#8220;th\u01b0\u01a1ng hi\u1ec7u&#8221; m\u00f9a thu H\u00e0 N\u1ed9i. \ud83c\udf89\ufe0f Ch\u1edd [&hellip;]","protected":false},"author":1123,"featured_media":0,"parent":0,"menu_order":0,"comment_status":"closed","ping_status":"closed","template":"","meta":{"_acf_changed":false,"footnotes":""},"acf":[],"_links":{"self":[{"href":"https:\/\/www.grab.com\/vn\/wp-json\/wp\/v2\/pages\/100084"}],"collection":[{"href":"https:\/\/www.grab.com\/vn\/wp-json\/wp\/v2\/pages"}],"about":[{"href":"https:\/\/www.grab.com\/vn\/wp-json\/wp\/v2\/types\/page"}],"author":[{"embeddable":true,"href":"https:\/\/www.grab.com\/vn\/wp-json\/wp\/v2\/users\/1123"}],"replies":[{"embeddable":true,"href":"https:\/\/www.grab.com\/vn\/wp-json\/wp\/v2\/comments?post=100084"}],"version-history":[{"count":1,"href":"https:\/\/www.grab.com\/vn\/wp-json\/wp\/v2\/pages\/100084\/revisions"}],"predecessor-version":[{"id":100086,"href":"https:\/\/www.grab.com\/vn\/wp-json\/wp\/v2\/pages\/100084\/revisions\/100086"}],"wp:attachment":[{"href":"https:\/\/www.grab.com\/vn\/wp-json\/wp\/v2\/media?parent=100084"}],"curies":[{"name":"wp","href":"https:\/\/api.w.org\/{rel}","templated":true}]}}