{"id":100014,"date":"2021-10-12T17:55:27","date_gmt":"2021-10-12T09:55:27","guid":{"rendered":"https:\/\/www.grab.com\/vn\/?page_id=100014"},"modified":"2024-03-13T10:23:15","modified_gmt":"2024-03-13T02:23:15","slug":"huong-dan-su-dung-tinh-nang-dat-lich-giao-hang","status":"publish","type":"page","link":"https:\/\/www.grab.com\/vn\/huong-dan-su-dung-tinh-nang-dat-lich-giao-hang\/","title":{"rendered":"H\u01af\u1edaNG D\u1eaaN S\u1eec D\u1ee4NG T\u00cdNH N\u0102NG \u0110\u1eb6T L\u1ecaCH GIAO H\u00c0NG"},"content":{"rendered":"<p style=\"text-align: left\"><span style=\"font-weight: 400\">B\u1ea1n mu\u1ed1n ch\u1ee7 \u0111\u1ed9ng v\u1ec1 th\u1eddi gian giao h\u00e0ng \u0111\u1ec3 l\u00ean \u0111\u01a1n g\u1ecdn g\u00e0ng v\u00e0 c\u00f3 k\u1ebf ho\u1ea1ch?\u00a0<\/span><span style=\"font-weight: 400\">V\u1eady th\u00ec h\u00e3y d\u00f9ng th\u1eed t\u00ednh n\u0103ng <\/span><b>\u0110\u1eb7t l\u1ecbch giao h\u00e0ng<\/b><span style=\"font-weight: 400\"> c\u1ee7a <\/span><a href=\"https:\/\/www.grab.com\/vn\/express\/\"><b>GrabExpress<\/b><\/a><span style=\"font-weight: 400\">!\u00a0<\/span><span style=\"font-weight: 400\">\u0110\u00e2y l\u00e0 t\u00ednh n\u0103ng ho\u00e0n to\u00e0n m\u1edbi h\u1ed7 tr\u1ee3<\/span><b> l\u00ean \u0111\u01a1n tr\u01b0\u1edbc 1 tu\u1ea7n<\/b><span style=\"font-weight: 400\"> nh\u1eb1m gi\u00fap c\u00e1c ch\u1ee7 shop d\u1ec5 d\u00e0ng s\u1eafp x\u1ebfp v\u00e0 qu\u1ea3n l\u00fd c\u00f4ng vi\u1ec7c kinh doanh c\u1ee7a m\u00ecnh.\u00a0<\/span><\/p>\n<h3 style=\"text-align: center\"><strong>C\u00c1C B\u01af\u1edaC \u0110\u1eb6T L\u1ecaCH GIAO H\u00c0NG<\/strong><\/h3>\n<p><img loading=\"lazy\" decoding=\"async\" class=\"wp-image-100037 aligncenter\" src=\"https:\/\/assets.grab.com\/wp-content\/uploads\/sites\/11\/2021\/10\/12205223\/output_WmcqOK.gif\" alt=\"\" width=\"611\" height=\"611\" \/><\/p>\n<p style=\"text-align: center\"><span style=\"font-weight: 400\">Khi t\u1edbi th\u1eddi \u0111i\u1ec3m giao h\u00e0ng, \u1ee9ng d\u1ee5ng s\u1ebd g\u1eedi th\u00f4ng b\u00e1o nh\u1eafc b\u1ea1n b\u00e1c t\u00e0i \u0111ang tr\u00ean \u0111\u01b0\u1eddng \u0111\u1ebfn.\u00a0<\/span><\/p>\n<p style=\"text-align: center\">R\u1ea5t \u0111\u01a1n gi\u1ea3n v\u00e0 ti\u1ec7n l\u1ee3i \u0111\u00fang kh\u00f4ng n\u00e0o? Ch\u1ea7n ch\u1edd g\u00ec m\u00e0 kh\u00f4ng \u0111\u1eb7t l\u1ecbch giao h\u00e0ng ngay h\u00f4m nay!<\/p>\n<h1 style=\"text-align: center\"><a href=\"http:\/\/grb.to\/GrabExpressGiaoNhanh\"><strong>Tr\u1ea3i nghi\u1ec7m ngay!<\/strong><\/a><\/h1>\n<p>&nbsp;<\/p>\n<p><strong>L\u01b0u \u00fd:<\/strong><\/p>\n<p><span style=\"font-weight: 400\">\u2705 <\/span>T\u00ednh n\u0103ng \u0110\u1eb7t l\u1ecbch \u0111\u01a1n h\u00e0ng \u0111ang \u0111\u01b0\u1ee3c tri\u1ec3n khai th\u1eed nghi\u1ec7m t\u1ea1i Th\u00e0nh Ph\u1ed1 H\u00e0 N\u1ed9i.<\/p>\n<p><span style=\"font-weight: 400\">\u2705 T\u00ednh n\u0103ng ch\u1ec9 \u00e1p d\u1ee5ng tr\u00ean \u1ee9ng d\u1ee5ng Grab phi\u00ean b\u1ea3n m\u1edbi nh\u1ea5t.<\/span><\/p>\n","protected":false},"excerpt":{"rendered":"B\u1ea1n mu\u1ed1n ch\u1ee7 \u0111\u1ed9ng v\u1ec1 th\u1eddi gian giao h\u00e0ng \u0111\u1ec3 l\u00ean \u0111\u01a1n g\u1ecdn g\u00e0ng v\u00e0 c\u00f3 k\u1ebf ho\u1ea1ch?\u00a0V\u1eady th\u00ec h\u00e3y d\u00f9ng th\u1eed t\u00ednh n\u0103ng \u0110\u1eb7t l\u1ecbch giao h\u00e0ng c\u1ee7a GrabExpress!\u00a0\u0110\u00e2y l\u00e0 t\u00ednh n\u0103ng ho\u00e0n to\u00e0n m\u1edbi h\u1ed7 tr\u1ee3 l\u00ean \u0111\u01a1n tr\u01b0\u1edbc 1 tu\u1ea7n nh\u1eb1m gi\u00fap c\u00e1c ch\u1ee7 shop d\u1ec5 d\u00e0ng s\u1eafp x\u1ebfp v\u00e0 qu\u1ea3n l\u00fd [&hellip;]","protected":false},"author":1211,"featured_media":0,"parent":0,"menu_order":0,"comment_status":"closed","ping_status":"closed","template":"","meta":{"_acf_changed":false,"footnotes":""},"acf":[],"_links":{"self":[{"href":"https:\/\/www.grab.com\/vn\/wp-json\/wp\/v2\/pages\/100014"}],"collection":[{"href":"https:\/\/www.grab.com\/vn\/wp-json\/wp\/v2\/pages"}],"about":[{"href":"https:\/\/www.grab.com\/vn\/wp-json\/wp\/v2\/types\/page"}],"author":[{"embeddable":true,"href":"https:\/\/www.grab.com\/vn\/wp-json\/wp\/v2\/users\/1211"}],"replies":[{"embeddable":true,"href":"https:\/\/www.grab.com\/vn\/wp-json\/wp\/v2\/comments?post=100014"}],"version-history":[{"count":15,"href":"https:\/\/www.grab.com\/vn\/wp-json\/wp\/v2\/pages\/100014\/revisions"}],"predecessor-version":[{"id":163484,"href":"https:\/\/www.grab.com\/vn\/wp-json\/wp\/v2\/pages\/100014\/revisions\/163484"}],"wp:attachment":[{"href":"https:\/\/www.grab.com\/vn\/wp-json\/wp\/v2\/media?parent=100014"}],"curies":[{"name":"wp","href":"https:\/\/api.w.org\/{rel}","templated":true}]}}