{"id":99606,"date":"2021-10-07T11:47:20","date_gmt":"2021-10-07T03:47:20","guid":{"rendered":"https:\/\/www.grab.com\/vn\/?page_id=99606"},"modified":"2021-10-07T11:47:55","modified_gmt":"2021-10-07T03:47:55","slug":"%f0%9f%8e%89%ef%b8%8f-da-lat-dat-grab-di-chil-khap-pho-%f0%9f%9b%b5","status":"publish","type":"page","link":"https:\/\/www.grab.com\/vn\/en\/%f0%9f%8e%89%ef%b8%8f-da-lat-dat-grab-di-chil-khap-pho-%f0%9f%9b%b5\/","title":{"rendered":"\ud83c\udf89\ufe0f \u0110\u00e0 L\u1ea1t \u0111\u1eb7t Grab, \u0111i \u201cchil&#8221; kh\u1eafp ph\u1ed1 \ud83d\udef5"},"content":{"rendered":"<p><img loading=\"lazy\" decoding=\"async\" width=\"1200\" height=\"600\" class=\"alignnone size-full wp-image-99607\" src=\"https:\/\/assets.grab.com\/wp-content\/uploads\/sites\/11\/2021\/10\/07114632\/1200x600-261.jpg\" alt=\"\" \/><\/p>\n<p><span style=\"font-weight: 400\">\ud83c\udf1f \u0110\u00e3 bao l\u00e2u r\u1ed3i m\u00ecnh kh\u00f4ng vi vu ph\u1ed1 chi\u1ec1u, v\u00e0o qu\u00e1n g\u1ecdi ly m\u00e1t m\u00e1t hay c\u1eafn c\u00e1i b\u00e1nh tr\u00e1ng n\u01b0\u1edbng gi\u00f2n r\u1ee5m n\u00f3ng h\u1ed5i, h\u00edt h\u00e0 c\u00e1i kh\u00f4ng kh\u00ed ph\u1ed1 ph\u01b0\u1eddng gi\u1eefa l\u00fac ng\u1eafm c\u00e1i l\u00f2ng \u0111\u1ecf to tr\u00f2n l\u0103n d\u1ea7n d\u01b0\u1edbi tr\u1eadp tr\u00f9ng \u0111\u1ed3i n\u00fai.\u00a0<\/span><\/p>\n<p><span style=\"font-weight: 400\">\ud83c\udf8a\ufe0f Nh\u1eadp m\u00e3<strong> TOIVUI<\/strong><em> \u0111\u1ed3ng gi\u00e1 15.000* c\u00e1c chuy\u1ebfn xe<\/em> \u0111\u1ec3 \u0111\u01b0\u1eddng \u0111i ch\u01a1i \u0111\u00e3 \u201cchill\u201d r\u1ed3i c\u00f2n th\u00eam ph\u1ea7n ti\u1ebft ki\u1ec7m cho bu\u1ed5i h\u1eb9n h\u00f2 t\u1ed1i nay b\u1ea1n nh\u00e9.<\/span><\/p>\n<p><span style=\"font-weight: 400\">\ud83d\udcf1 M\u1edf \u1ee9ng d\u1ee5ng \u0111\u1eb7t m\u1ed9t chuy\u1ebfn Grab, thay \u0111\u1ed3 x\u1ecf gi\u00e0y xong l\u00e0 b\u00e1c t\u00e0i \u0111\u1ee9ng s\u1eb5n tr\u01b0\u1edbc nh\u00e0, s\u1eb5n s\u00e0ng ch\u1edf anh ch\u1ecb m\u00ecnh \u0111i h\u1ebft \u0110\u00e0 L\u1ea1t lu\u00f4n nha.<\/span><\/p>\n<p><a href=\"https:\/\/emojipedia.org\/green-heart\/\"><span style=\"font-weight: 400\">\ud83d\udc9a<\/span><\/a><span style=\"font-weight: 400\">\u00a0 M\u00ecnh c\u0169ng \u0111\u1eebng qu\u00ean tu\u00e2n th\u1ee7 quy t\u1eafc 5K khi di chuy\u1ec3n \u0111\u1ec3 b\u1ea3o v\u1ec7 b\u1ea3n th\u00e2n c\u0169ng nh\u01b0 b\u00e1c t\u00e0i b\u1ea1n nh\u00e9!<\/span><\/p>\n<p>&nbsp;<\/p>\n<p><span style=\"text-decoration: underline\"><strong>\u0110i\u1ec1u ki\u1ec7n v\u00e0 \u0111i\u1ec1u kho\u1ea3n s\u1eed d\u1ee5ng \u01b0u \u0111\u00e3i:<\/strong><\/span><\/p>\n<ul>\n<li><span style=\"font-weight: 400\"> \u01afu \u0111\u00e3i 50% t\u1ed1i \u0111a 20.000\u0111 cho c\u00e1c chuy\u1ebfn GrabBike v\u00e0 GrabCar.<\/span><\/li>\n<li><span style=\"font-weight: 400\"> \u00c1p d\u1ee5ng cho d\u1ecbch v\u1ee5 GrabBike, GrabCar t\u1ea1i H\u1ea3i Ph\u00f2ng.<\/span><\/li>\n<li><span style=\"font-weight: 400\"> \u00c1p d\u1ee5ng trong khung gi\u1edd 6:00-10:00 v\u00e0 17:00-21:00 m\u1ed7i ng\u00e0y.<\/span><\/li>\n<li><span style=\"font-weight: 400\"> M\u1ed7i t\u00e0i kho\u1ea3n d\u00f9ng \u0111\u01b0\u1ee3c s\u1eed d\u1ee5ng \u01b0u \u0111\u00e3i t\u1ed1i \u0111a 01 l\u1ea7n\/ng\u00e0y v\u00e0 14 l\u1ea7n trong su\u1ed1t th\u1eddi gian di\u1ec5n ra ch\u01b0\u01a1ng tr\u00ecnh.<\/span><\/li>\n<li><span style=\"font-weight: 400\"> S\u1ed1 l\u01b0\u1ee3ng \u01b0u \u0111\u00e3i c\u00f3 gi\u1edbi h\u1ea1n m\u1ed7i ng\u00e0y.<\/span><\/li>\n<\/ul>","protected":false},"excerpt":{"rendered":"\ud83c\udf1f \u0110\u00e3 bao l\u00e2u r\u1ed3i m\u00ecnh kh\u00f4ng vi vu ph\u1ed1 chi\u1ec1u, v\u00e0o qu\u00e1n g\u1ecdi ly m\u00e1t m\u00e1t hay c\u1eafn c\u00e1i b\u00e1nh tr\u00e1ng n\u01b0\u1edbng gi\u00f2n r\u1ee5m n\u00f3ng h\u1ed5i, h\u00edt h\u00e0 c\u00e1i kh\u00f4ng kh\u00ed ph\u1ed1 ph\u01b0\u1eddng gi\u1eefa l\u00fac ng\u1eafm c\u00e1i l\u00f2ng \u0111\u1ecf to tr\u00f2n l\u0103n d\u1ea7n d\u01b0\u1edbi tr\u1eadp tr\u00f9ng \u0111\u1ed3i n\u00fai.\u00a0 \ud83c\udf8a\ufe0f Nh\u1eadp m\u00e3 TOIVUI \u0111\u1ed3ng gi\u00e1 [&hellip;]","protected":false},"author":1123,"featured_media":0,"parent":0,"menu_order":0,"comment_status":"closed","ping_status":"closed","template":"","meta":{"_acf_changed":false,"footnotes":""},"acf":[],"_links":{"self":[{"href":"https:\/\/www.grab.com\/vn\/en\/wp-json\/wp\/v2\/pages\/99606"}],"collection":[{"href":"https:\/\/www.grab.com\/vn\/en\/wp-json\/wp\/v2\/pages"}],"about":[{"href":"https:\/\/www.grab.com\/vn\/en\/wp-json\/wp\/v2\/types\/page"}],"author":[{"embeddable":true,"href":"https:\/\/www.grab.com\/vn\/en\/wp-json\/wp\/v2\/users\/1123"}],"replies":[{"embeddable":true,"href":"https:\/\/www.grab.com\/vn\/en\/wp-json\/wp\/v2\/comments?post=99606"}],"version-history":[{"count":2,"href":"https:\/\/www.grab.com\/vn\/en\/wp-json\/wp\/v2\/pages\/99606\/revisions"}],"predecessor-version":[{"id":99612,"href":"https:\/\/www.grab.com\/vn\/en\/wp-json\/wp\/v2\/pages\/99606\/revisions\/99612"}],"wp:attachment":[{"href":"https:\/\/www.grab.com\/vn\/en\/wp-json\/wp\/v2\/media?parent=99606"}],"curies":[{"name":"wp","href":"https:\/\/api.w.org\/{rel}","templated":true}]}}