{"id":99191,"date":"2021-10-04T19:14:00","date_gmt":"2021-10-04T11:14:00","guid":{"rendered":"https:\/\/www.grab.com\/vn\/?page_id=99191"},"modified":"2021-10-05T19:28:08","modified_gmt":"2021-10-05T11:28:08","slug":"thu-thach-dua-chot-don-nhan-thuong-lon","status":"publish","type":"page","link":"https:\/\/www.grab.com\/vn\/en\/thu-thach-dua-chot-don-nhan-thuong-lon\/","title":{"rendered":"Th\u1eed Th\u00e1ch \u0110\u01b0\u1eddng \u0110ua Tri\u1ec7u Ph\u00fa"},"content":{"rendered":"<p><img loading=\"lazy\" decoding=\"async\" src=\"https:\/\/assets.grab.com\/wp-content\/uploads\/sites\/11\/2021\/10\/05173449\/1200x600-6.jpg\" alt=\"\" width=\"1024\" height=\"512\" \/><\/p>\n<h4 style=\"font-family: 'Sanomat Grab Web', sans-serif;color: #333333\">\ud83c\udfc6\u00a0Ho\u00e0n th\u00e0nh \u0111\u01b0\u1eddng \u0111ua 100 chuy\u1ebfn giao h\u00e0ng GrabExpress \u0111\u1ec3 nh\u1eadn ho\u00e0n ti\u1ec1n 500.000 \u0111\u1ed3ng v\u00e0 c\u00f3 c\u01a1 h\u1ed9i th\u1eafng 1 chi\u1ebfc iPhone 13 Promax ch\u1ec9 v\u1edbi 2 b\u01b0\u1edbc:<\/h4>\n<p>B\u01b0\u1edbc 1\ufe0f\u20e3<em>: T\u00ecm th\u1eed th\u00e1ch giao h\u00e0ng tr\u00ean \u1ee9ng d\u1ee5ng Grab t\u1ea1i:<\/em><br \/>\nB\u01b0\u1edbc 2\ufe0f\u20e3<em>: Ch\u1ecdn \u201cTham gia \u0110\u01b0\u1eddng \u0111ua\u201d v\u00e0 ho\u00e0n th\u00e0nh 100 chuy\u1ebfn GrabExpress tr\u01b0\u1edbc ng\u00e0y 1\/11\/2020<\/em><\/p>\n<h4 style=\"font-family: 'Sanomat Grab Web', sans-serif;color: #333333\">\u0110\u01b0\u1eddng \u0111ua giao h\u00e0ng s\u1ebd c\u00f3 5 ch\u1eb7ng nh\u01b0 sau:<\/h4>\n<ul>\n<li>\ud83c\udf89\u00a0Ch\u1eb7ng 1: Ho\u00e0n th\u00e0nh 15 chuy\u1ebfn GrabExpress &#8211; nh\u1eadn ngay\u00a02 \u01afu \u0111\u00e3i giao h\u00e0ng 10.000\u0111<\/li>\n<li>\ud83c\udf89\u00a0Ch\u1eb7ng 2: Ho\u00e0n th\u00e0nh th\u00eam 15 chuy\u1ebfn GrabExpress &#8211; nh\u1eadn th\u00eam\u00a04 \u01afu \u0111\u00e3i giao h\u00e0ng 10.000\u0111<\/li>\n<li>\ud83c\udf89\u00a0Ch\u1eb7ng 3: Ho\u00e0n th\u00e0nh th\u00eam 20 chuy\u1ebfn GrabExpress &#8211; nh\u1eadn th\u00eam\u00a05 \u01afu \u0111\u00e3i giao h\u00e0ng 20.000\u0111<\/li>\n<li>\ud83c\udf89\u00a0Ch\u1eb7ng 4: Ho\u00e0n th\u00e0nh th\u00eam 20 chuy\u1ebfn GrabExpress &#8211; nh\u1eadn ngay\u00a0200.000 \u0111\u1ed3ng\u00a0ho\u00e0n v\u1ec1 v\u00ed Moca (b\u1ea1n c\u00f3 th\u1ec3 r\u00fat ti\u1ec1n t\u1eeb v\u00ed Moca v\u1ec1 ng\u00e2n h\u00e0ng)<\/li>\n<li>\ud83c\udf89\u00a0Ch\u1eb7ng 5: Ho\u00e0n th\u00e0nh 30 chuy\u1ebfn GrabExpress cu\u1ed1i c\u00f9ng &#8211; nh\u1eadn ngay\u00a0500.000 \u0111\u1ed3ng\u00a0ho\u00e0n v\u1ec1 v\u00ed Moca (b\u1ea1n c\u00f3 th\u1ec3 r\u00fat ti\u1ec1n t\u1eeb v\u00ed Moca v\u1ec1 ng\u00e2n h\u00e0ng), d\u00e0nh cho 150 tay \u0111ua ho\u00e0n th\u00e0nh s\u1edbm nh\u1ea5t.<\/li>\n<\/ul>\n<h3 style=\"font-family: 'Sanomat Grab Web', sans-serif;color: #333333\">\u2b50 C\u01a0 C\u1ea4U GI\u1ea2I TH\u01af\u1edeNG:<\/h3>\n<p><strong>02 Gi\u1ea3i \u0110\u1eb7c Bi\u1ec7t<\/strong>\u00a0m\u1ed7i gi\u1ea3i\u00a0<strong>01 iPhone 13 Promax 128gb<\/strong>\u00a0(m\u00e0u ng\u1eabu nhi\u00ean) l\u00e0 chi\u1ebfn l\u1ee3i ph\u1ea9m cho 2 tay \u0111ua \u0111\u00e3\u00a0<strong>ho\u00e0n th\u00e0nh 100 chuy\u1ebfn\u00a0<\/strong>v\u00e0 c\u00f3\u00a0<strong>t\u1ed5ng gi\u00e1 tr\u1ecb c\u01b0\u1edbc ph\u00ed giao h\u00e0ng l\u1edbn nh\u1ea5t\u00a0<\/strong>tr\u00ean\u00a0<strong>GrabExpress\u00a0<\/strong>t\u1ea1i m\u1ed7i th\u00e0nh ph\u1ed1 (H\u00e0 N\u1ed9i v\u00e0 Tp. H\u1ed3 Ch\u00ed Minh) trong kho\u1ea3ng th\u1eddi gian di\u1ec5n ra \u0110\u01b0\u1eddng \u0111ua.<\/p>\n<h2 style=\"text-align: center\"><a role=\"button\" href=\"https:\/\/grb.to\/ThamgiaThuthach\">THAM GIA NGAY!<\/a><\/h2>\n<h4 style=\"text-align: left\"><a>QUY \u0110\u1ecaNH C\u1ee6A \u0110\u01af\u1edcNG \u0110UA <\/a><\/h4>\n<ul>\n<li>\u0110\u01b0\u1eddng \u0111ua \u00e1p d\u1ee5ng \u0111\u1ed1i v\u1edbi c\u00e1c giao d\u1ecbch thanh to\u00e1n c\u1ee7a GrabExpress bao g\u1ed3m GrabExpress Si\u00eau t\u1ed1c, GrabExpress Si\u00eau t\u1ed1c COD, GrabExpress Th\u1ef1c Ph\u1ea9m, GrabExpress 4H. Ch\u01b0\u01a1ng tr\u00ecnh kh\u00f4ng \u00e1p d\u1ee5ng v\u1edbi c\u00e1c \u0111\u01a1n h\u00e0ng t\u1eeb \u0111\u1ed1i t\u00e1c kinh doanh c\u1ee7a GrabExpress.<\/li>\n<li>\u0110\u01b0\u1eddng \u0111ua b\u1eaft \u0111\u1ea7u t\u1eeb ng\u00e0y 05\/10\/2021 \u0111\u1ebfn h\u1ebft ng\u00e0y 31\/10\/2021 v\u00e0 ch\u1ec9 c\u00f3 hi\u1ec7u l\u1ef1c t\u1ea1i TP. H\u00e0 N\u1ed9i v\u00e0 TP. H\u1ed3 Ch\u00ed Minh. \u0110\u01b0\u1eddng \u0111ua s\u1ebd k\u1ebft th\u00fac khi khi th\u1eddi h\u1ea1n ch\u01b0\u01a1ng tr\u00ecnh k\u1ebft th\u00fac ho\u1eb7c khi (c\u00e1c) gi\u1ea3i th\u01b0\u1edfng \u0111\u00e3 \u0111\u01b0\u1ee3c trao h\u1ebft, t\u00f9y th\u1eddi \u0111i\u1ec3m n\u00e0o \u0111\u1ebfn tr\u01b0\u1edbc.<\/li>\n<li>\u0110\u01b0\u1eddng \u0111ua s\u1ebd kh\u00f4ng \u0111\u01b0\u1ee3c th\u1ef1c hi\u1ec7n d\u01b0\u1edbi h\u00ecnh th\u1ee9c chia s\u1ebb. M\u1ed7i \u0110\u01b0\u1eddng \u0111ua ch\u1ec9 d\u00e0nh cho m\u1ed9t ng\u01b0\u1eddi ch\u01a1i, d\u1ef1a tr\u00ean quy\u1ec1n truy c\u1eadp Th\u1eed th\u00e1ch hi\u1ec3n th\u1ecb tr\u00ean \u1ee9ng d\u1ee5ng. Grab c\u00f3 to\u00e0n quy\u1ec1n h\u1ea1n ch\u1ebf quy\u1ec1n truy c\u1eadp c\u1ee7a ng\u01b0\u1eddi ch\u01a1i v\u00e0o t\u00ednh n\u0103ng Th\u1eed th\u00e1ch tr\u00ean \u1ee9ng d\u1ee5ng Grab.<\/li>\n<li>Danh s\u00e1ch nh\u1eefng ng\u01b0\u1eddi ch\u01a1i ho\u00e0n th\u00e0nh \u0110\u01b0\u1eddng \u0111ua s\u1ebd \u0111\u01b0\u1ee3c c\u00f4ng b\u1ed1 tr\u00ean Fanpage c\u1ee7a Grab.<\/li>\n<li>M\u1ed7i Ng\u01b0\u1eddi d\u00f9ng khi ho\u00e0n th\u00e0nh t\u1eebng m\u1ed1c s\u1ebd \u0111\u01b0\u1ee3c nh\u1eadn \u01b0u \u0111\u00e3i (1) l\u1ea7n v\u00e0o v\u00ed \u01afu \u0111\u00e3i c\u00e1 nh\u00e2n.<\/li>\n<li>\u0110\u01b0\u1eddng \u0111ua n\u00e0y kh\u00f4ng th\u1ec3 \u0111\u01b0\u1ee3c th\u1ef1c hi\u1ec7n l\u1ea1i sau khi \u0111\u00e3 ho\u00e0n th\u00e0nh ho\u1eb7c th\u1eddi gian quy \u0111\u1ecbnh \u0111\u00e3 k\u1ebft th\u00fac.<\/li>\n<li>T\u1ed5ng gi\u00e1 tr\u1ecb c\u01b0\u1edbc ph\u00ed giao h\u00e0ng \u0111\u01b0\u1ee3c t\u00ednh trong th\u1eed th\u00e1ch l\u00e0 gi\u00e1 tr\u1ecb sau khi \u00e1p d\u1ee5ng khuy\u1ebfn m\u00e3i\/m\u00e3 \u01b0u \u0111\u00e3i.<\/li>\n<\/ul>\n<h4><a> \u0110I\u1ec0U KHO\u1ea2N V\u00c0 \u0110I\u1ec0U KI\u1ec6N KH\u00c1C<\/a><\/h4>\n<ul>\n<li>Grab c\u00f3 to\u00e0n quy\u1ec1n t\u1eeb ch\u1ed1i trao gi\u1ea3i, t\u01b0\u1edbc quy\u1ec1n tham d\u1ef1 n\u1ebfu nghi ng\u1edd ho\u1eb7c ph\u00e1t hi\u1ec7n ng\u01b0\u1eddi d\u00f9ng th\u1ef1c hi\u1ec7n b\u1ea5t k\u1ef3 h\u00e0nh vi gian l\u1eadn, gi\u1ea3 m\u1ea1o n\u00e0o trong qu\u00e1 tr\u00ecnh tham d\u1ef1 ch\u01b0\u01a1ng tr\u00ecnh d\u01b0\u1edbi b\u1ea5t k\u1ef3 h\u00ecnh th\u1ee9c n\u00e0o ho\u1eb7c qu\u00e1 tr\u00ecnh th\u1ef1c thi\u1ec7n Th\u1eed Th\u00e1ch vi ph\u1ea1m c\u00e1c quy \u0111\u1ecbnh ph\u00e1p lu\u1eadt hi\u1ec7n h\u00e0nh kh\u00e1c v\u00e0\/ ho\u1eb7c quy \u0111\u1ecbnh, ch\u00ednh s\u00e1ch Grab.<\/li>\n<li>Trong m\u1ecdi tr\u01b0\u1eddng h\u1ee3p, Grab c\u00f3 to\u00e0n quy\u1ec1n quy\u1ebft \u0111\u1ecbnh \u0111i\u1ec1u ki\u1ec7n, x\u00e1c \u0111\u1ecbnh ng\u01b0\u1eddi th\u1eafng gi\u1ea3i, thay \u0111\u1ed5i th\u1ec3 l\u1ec7 v\u00e0 \u0111i\u1ec1u kho\u1ea3n c\u1ee7a ch\u01b0\u01a1ng tr\u00ecnh n\u00e0y. Quy\u1ebft \u0111\u1ecbnh c\u1ee7a Grab l\u00e0 quy\u1ebft \u0111\u1ecbnh cu\u1ed1i c\u00f9ng v\u00e0 c\u00f3 hi\u1ec7u l\u1ef1c \u00e1p d\u1ee5ng.<\/li>\n<li>Ng\u01b0\u1eddi d\u00f9ng th\u1eafng gi\u1ea3i iPhone 13 Promax c\u00f3 ngh\u0129a v\u1ee5 th\u1ef1c hi\u1ec7n thu\u1ebf thu nh\u1eadp b\u1ea5t th\u01b0\u1eddng theo quy \u0111\u1ecbnh c\u1ee7a c\u1ee5c Thu\u1ebf. Grab s\u1ebd ti\u1ebfn h\u00e0nh li\u00ean h\u1ec7 v\u00e0 h\u01b0\u1edbng d\u1eabn Ng\u01b0\u1eddi d\u00f9ng th\u1ee7 t\u1ee5c.<\/li>\n<li>Ng\u01b0\u1eddi d\u00f9ng th\u1eafng gi\u1ea3i iPhone 13 Promax c\u00f3 ngh\u0129a v\u1ee5 cung c\u1ea5p c\u00e1c gi\u1ea5y t\u1edd li\u00ean quan nh\u01b0: CMND (b\u1ea3n photo), h\u00ecnh \u1ea3nh trao gi\u1ea3i, \u2026 v\u00e0 c\u00e1c gi\u1ea5y t\u1edd li\u00ean quan \u0111\u01b0\u1ee3c Grab h\u01b0\u1edbng d\u1eabn khi nh\u1eadn gi\u1ea3i.<\/li>\n<li>T\u1ea5t c\u1ea3 c\u00e1c \u01b0u \u0111\u00e3i\/gi\u1ea3i th\u01b0\u1edfng \u0111\u1ec1u kh\u00f4ng c\u00f3 gi\u00e1 tr\u1ecb chuy\u1ec3n nh\u01b0\u1ee3ng v\u00e0 quy \u0111\u1ed5i th\u00e0nh ti\u1ec1n m\u1eb7t ho\u1eb7c t\u00edn d\u1ee5ng c\u00f3 gi\u00e1 tr\u1ecb t\u01b0\u01a1ng \u0111\u01b0\u01a1ng n\u00e0o.<\/li>\n<li>B\u1eb1ng vi\u1ec7c tham gia ch\u01b0\u01a1ng tr\u00ecnh n\u00e0y, b\u1ea1n x\u00e1c nh\u1eadn \u0111\u00e3 hi\u1ec3u v\u00e0 ch\u1ea5p thu\u1eadn to\u00e0n b\u1ed9 \u0111i\u1ec1u kho\u1ea3n v\u00e0 \u0111i\u1ec1u ki\u1ec7n quy \u0111\u1ecbnh t\u1ea1i th\u1ec3 l\u1ec7 n\u00e0y.<\/li>\n<\/ul>","protected":false},"excerpt":{"rendered":"\ud83c\udfc6\u00a0Ho\u00e0n th\u00e0nh \u0111\u01b0\u1eddng \u0111ua 100 chuy\u1ebfn giao h\u00e0ng GrabExpress \u0111\u1ec3 nh\u1eadn ho\u00e0n ti\u1ec1n 500.000 \u0111\u1ed3ng v\u00e0 c\u00f3 c\u01a1 h\u1ed9i th\u1eafng 1 chi\u1ebfc iPhone 13 Promax ch\u1ec9 v\u1edbi 2 b\u01b0\u1edbc: B\u01b0\u1edbc 1\ufe0f\u20e3: T\u00ecm th\u1eed th\u00e1ch giao h\u00e0ng tr\u00ean \u1ee9ng d\u1ee5ng Grab t\u1ea1i: B\u01b0\u1edbc 2\ufe0f\u20e3: Ch\u1ecdn \u201cTham gia \u0110\u01b0\u1eddng \u0111ua\u201d v\u00e0 ho\u00e0n th\u00e0nh 100 chuy\u1ebfn GrabExpress tr\u01b0\u1edbc [&hellip;]","protected":false},"author":1211,"featured_media":99304,"parent":0,"menu_order":0,"comment_status":"closed","ping_status":"closed","template":"","meta":{"_acf_changed":false,"footnotes":""},"acf":[],"_links":{"self":[{"href":"https:\/\/www.grab.com\/vn\/en\/wp-json\/wp\/v2\/pages\/99191"}],"collection":[{"href":"https:\/\/www.grab.com\/vn\/en\/wp-json\/wp\/v2\/pages"}],"about":[{"href":"https:\/\/www.grab.com\/vn\/en\/wp-json\/wp\/v2\/types\/page"}],"author":[{"embeddable":true,"href":"https:\/\/www.grab.com\/vn\/en\/wp-json\/wp\/v2\/users\/1211"}],"replies":[{"embeddable":true,"href":"https:\/\/www.grab.com\/vn\/en\/wp-json\/wp\/v2\/comments?post=99191"}],"version-history":[{"count":39,"href":"https:\/\/www.grab.com\/vn\/en\/wp-json\/wp\/v2\/pages\/99191\/revisions"}],"predecessor-version":[{"id":99321,"href":"https:\/\/www.grab.com\/vn\/en\/wp-json\/wp\/v2\/pages\/99191\/revisions\/99321"}],"wp:featuredmedia":[{"embeddable":true,"href":"https:\/\/www.grab.com\/vn\/en\/wp-json\/wp\/v2\/media\/99304"}],"wp:attachment":[{"href":"https:\/\/www.grab.com\/vn\/en\/wp-json\/wp\/v2\/media?parent=99191"}],"curies":[{"name":"wp","href":"https:\/\/api.w.org\/{rel}","templated":true}]}}