{"id":98470,"date":"2021-09-27T12:26:54","date_gmt":"2021-09-27T04:26:54","guid":{"rendered":"https:\/\/www.grab.com\/vn\/?page_id=98470"},"modified":"2024-08-05T11:27:11","modified_gmt":"2024-08-05T03:27:11","slug":"grabmerchant-hoi-thao-truc-tuyen-nang-cao-hieu-qua-van-hanh-danh-cho-doi-tac-nha-hang-cua-hang-moi","status":"publish","type":"page","link":"https:\/\/www.grab.com\/vn\/en\/grabmerchant-hoi-thao-truc-tuyen-nang-cao-hieu-qua-van-hanh-danh-cho-doi-tac-nha-hang-cua-hang-moi\/","title":{"rendered":"[GrabMerchant] H\u1ed9i th\u1ea3o tr\u1ef1c tuy\u1ebfn \u201cN\u00e2ng cao hi\u1ec7u qu\u1ea3 v\u1eadn h\u00e0nh\u201d d\u00e0nh cho \u0110\u1ed1i t\u00e1c Nh\u00e0 h\u00e0ng\/C\u1eeda h\u00e0ng m\u1edbi"},"content":{"rendered":"<div data-elementor-type=\"wp-page\" data-elementor-id=\"98470\" class=\"elementor elementor-98470\" data-elementor-post-type=\"page\">\n\t\t\t\t\t\t<section class=\"elementor-section elementor-top-section elementor-element elementor-element-5f67c2b elementor-section-boxed elementor-section-height-default elementor-section-height-default\" data-id=\"5f67c2b\" data-element_type=\"section\">\n\t\t\t\t\t\t<div class=\"elementor-container elementor-column-gap-default\">\n\t\t\t\t\t<div class=\"elementor-column elementor-col-100 elementor-top-column elementor-element elementor-element-7c878c74\" data-id=\"7c878c74\" data-element_type=\"column\">\n\t\t\t<div class=\"elementor-widget-wrap elementor-element-populated\">\n\t\t\t\t\t\t<div class=\"elementor-element elementor-element-2a52c5c4 elementor-widget elementor-widget-text-editor\" data-id=\"2a52c5c4\" data-element_type=\"widget\" data-widget_type=\"text-editor.default\">\n\t\t\t\t<div class=\"elementor-widget-container\">\n\t\t\t\t\t\t\t<p><img loading=\"lazy\" decoding=\"async\" width=\"3850\" height=\"1422\" class=\"aligncenter size-full wp-image-98471\" src=\"https:\/\/assets.grab.com\/wp-content\/uploads\/sites\/11\/2021\/09\/27115442\/banner-WS%402x.png\" alt=\"\" \/><\/p><p><strong><span style=\"color: #009d3b;\">\u0110\u1ed1i t\u00e1c th\u00e2n m\u1ebfn,<\/span><\/strong><\/p><p><strong><span style=\"color: #009d3b;\">L\u00e0m th\u1ebf n\u00e0o \u0111\u1ec3 v\u1eadn h\u00e0nh \u1ee9ng d\u1ee5ng hi\u1ec7u qu\u1ea3 t\u1eeb \u0111\u00f3 gia t\u0103ng thu nh\u1eadp?<\/span><\/strong> <span style=\"font-weight: 400;\">C\u00f3 l\u1ebd \u0111\u00e2y l\u00e0 v\u1ea5n \u0111\u1ec1 \u0111\u01b0\u1ee3c c\u00e1c \u0110\u1ed1i t\u00e1c Nh\u00e0 h\u00e0ng\/C\u1eeda h\u00e0ng m\u1edbi ho\u1ea1t \u0111\u1ed9ng quan t\u00e2m nhi\u1ec1u nh\u1ea5t. Ngo\u00e0i c\u00e1c kh\u00f3a t\u1ef1 h\u1ecdc c\u01a1 b\u1ea3n t\u1ea1i<\/span> <a href=\"https:\/\/www.grab.com\/vn\/en\/merchant-blog\/hocviengrabacademy\/\"><b>H\u1ecdc vi\u1ec7n tr\u1ef1c tuy\u1ebfn GrabAcademy trong \u1ee9ng d\u1ee5ng GrabMerchant<\/b><\/a><b>, <\/b><span style=\"font-weight: 400;\">Grab s\u1ebd t\u1ed5 ch\u1ee9c th\u00eam h\u1ed9i th\u1ea3o<\/span> <b>\u201cN\u00e2ng cao hi\u1ec7u qu\u1ea3 v\u1eadn h\u00e0nh\u201d <\/b><span style=\"font-weight: 400;\">\u0111\u1ec3 c\u00f3 th\u1ec3 t\u01b0\u01a1ng t\u00e1c v\u1edbi c\u00e1c \u0110\u1ed1i t\u00e1c th\u00f4ng qua ph\u1ea7n m\u1ec1m tr\u1ef1c tuy\u1ebfn zoom.<\/span><\/p>\t\t\t\t\t\t<\/div>\n\t\t\t\t<\/div>\n\t\t\t\t\t<\/div>\n\t\t<\/div>\n\t\t\t\t\t<\/div>\n\t\t<\/section>\n\t\t\t\t<section class=\"elementor-section elementor-top-section elementor-element elementor-element-cf6710c elementor-section-boxed elementor-section-height-default elementor-section-height-default\" data-id=\"cf6710c\" data-element_type=\"section\">\n\t\t\t\t\t\t<div class=\"elementor-container elementor-column-gap-default\">\n\t\t\t\t\t<div class=\"elementor-column elementor-col-100 elementor-top-column elementor-element elementor-element-f25bb64\" data-id=\"f25bb64\" data-element_type=\"column\">\n\t\t\t<div class=\"elementor-widget-wrap elementor-element-populated\">\n\t\t\t\t\t\t<div class=\"elementor-element elementor-element-e6ad3c3 elementor-widget elementor-widget-text-editor\" data-id=\"e6ad3c3\" data-element_type=\"widget\" data-widget_type=\"text-editor.default\">\n\t\t\t\t<div class=\"elementor-widget-container\">\n\t\t\t\t\t\t\t<h1 style=\"font-family: Inter, sans-serif; color: #333333; text-align: center;\"><span style=\"line-height: 1;\"><span style=\"color: #009d3b;\">Ch\u00fang ta s\u1ebd c\u00f9ng th\u1ea3o lu\u1eadn c\u00e1c chuy\u00ean \u0111\u1ec1 n\u00e0o trong h\u1ed9i th\u1ea3o?<\/span><\/span><\/h1>\t\t\t\t\t\t<\/div>\n\t\t\t\t<\/div>\n\t\t\t\t\t<\/div>\n\t\t<\/div>\n\t\t\t\t\t<\/div>\n\t\t<\/section>\n\t\t\t\t<section class=\"elementor-section elementor-top-section elementor-element elementor-element-57af678 elementor-section-boxed elementor-section-height-default elementor-section-height-default\" data-id=\"57af678\" data-element_type=\"section\">\n\t\t\t\t\t\t<div class=\"elementor-container elementor-column-gap-default\">\n\t\t\t\t\t<div class=\"elementor-column elementor-col-100 elementor-top-column elementor-element elementor-element-425b5ec\" data-id=\"425b5ec\" data-element_type=\"column\">\n\t\t\t<div class=\"elementor-widget-wrap elementor-element-populated\">\n\t\t\t\t\t\t<div class=\"elementor-element elementor-element-355d4c1 elementor-widget elementor-widget-image\" data-id=\"355d4c1\" data-element_type=\"widget\" data-widget_type=\"image.default\">\n\t\t\t\t<div class=\"elementor-widget-container\">\n\t\t\t\t\t\t\t\t\t\t\t\t\t<img loading=\"lazy\" decoding=\"async\" width=\"1920\" height=\"1265\" src=\"https:\/\/assets.grab.com\/wp-content\/uploads\/sites\/11\/2024\/08\/05112513\/WS-1%402x-1.png\" class=\"attachment-full size-full wp-image-171145\" alt=\"\" srcset=\"https:\/\/assets.grab.com\/wp-content\/uploads\/sites\/11\/2024\/08\/05112513\/WS-1%402x-1.png 1920w, https:\/\/assets.grab.com\/wp-content\/uploads\/sites\/11\/2024\/08\/05112513\/WS-1%402x-1-250x165.png 250w, https:\/\/assets.grab.com\/wp-content\/uploads\/sites\/11\/2024\/08\/05112513\/WS-1%402x-1-700x461.png 700w, https:\/\/assets.grab.com\/wp-content\/uploads\/sites\/11\/2024\/08\/05112513\/WS-1%402x-1-768x506.png 768w, https:\/\/assets.grab.com\/wp-content\/uploads\/sites\/11\/2024\/08\/05112513\/WS-1%402x-1-1536x1012.png 1536w, https:\/\/assets.grab.com\/wp-content\/uploads\/sites\/11\/2024\/08\/05112513\/WS-1%402x-1-18x12.png 18w, https:\/\/assets.grab.com\/wp-content\/uploads\/sites\/11\/2024\/08\/05112513\/WS-1%402x-1-120x79.png 120w\" sizes=\"(max-width: 1920px) 100vw, 1920px\" \/>\t\t\t\t\t\t\t\t\t\t\t\t\t<\/div>\n\t\t\t\t<\/div>\n\t\t\t\t\t<\/div>\n\t\t<\/div>\n\t\t\t\t\t<\/div>\n\t\t<\/section>\n\t\t\t\t<section class=\"elementor-section elementor-top-section elementor-element elementor-element-9494e7b elementor-section-boxed elementor-section-height-default elementor-section-height-default\" data-id=\"9494e7b\" data-element_type=\"section\">\n\t\t\t\t\t\t<div class=\"elementor-container elementor-column-gap-default\">\n\t\t\t\t\t<div class=\"elementor-column elementor-col-100 elementor-top-column elementor-element elementor-element-7a7bad2\" data-id=\"7a7bad2\" data-element_type=\"column\">\n\t\t\t<div class=\"elementor-widget-wrap elementor-element-populated\">\n\t\t\t\t\t\t<div class=\"elementor-element elementor-element-ac58fa1 elementor-widget elementor-widget-text-editor\" data-id=\"ac58fa1\" data-element_type=\"widget\" data-widget_type=\"text-editor.default\">\n\t\t\t\t<div class=\"elementor-widget-container\">\n\t\t\t\t\t\t\t<h1 style=\"font-family: Inter, sans-serif; color: #333333; text-align: center;\"><span style=\"line-height: 1;\"><span style=\"color: #009d3b;\">V\u00ec sao n\u00ean tham gia h\u1ed9i th\u1ea3o?<\/span><\/span><\/h1>\t\t\t\t\t\t<\/div>\n\t\t\t\t<\/div>\n\t\t\t\t\t<\/div>\n\t\t<\/div>\n\t\t\t\t\t<\/div>\n\t\t<\/section>\n\t\t\t\t<section class=\"elementor-section elementor-top-section elementor-element elementor-element-da9bae6 elementor-section-boxed elementor-section-height-default elementor-section-height-default\" data-id=\"da9bae6\" data-element_type=\"section\">\n\t\t\t\t\t\t<div class=\"elementor-container elementor-column-gap-default\">\n\t\t\t\t\t<div class=\"elementor-column elementor-col-100 elementor-top-column elementor-element elementor-element-799d79c\" data-id=\"799d79c\" data-element_type=\"column\">\n\t\t\t<div class=\"elementor-widget-wrap elementor-element-populated\">\n\t\t\t\t\t\t<div class=\"elementor-element elementor-element-89c9c89 elementor-widget elementor-widget-image\" data-id=\"89c9c89\" data-element_type=\"widget\" data-widget_type=\"image.default\">\n\t\t\t\t<div class=\"elementor-widget-container\">\n\t\t\t\t\t\t\t\t\t\t\t\t\t<img loading=\"lazy\" decoding=\"async\" width=\"1184\" height=\"474\" src=\"https:\/\/assets.grab.com\/wp-content\/uploads\/sites\/11\/2024\/08\/05112524\/loi-ich-1.png\" class=\"attachment-full size-full wp-image-171146\" alt=\"\" srcset=\"https:\/\/assets.grab.com\/wp-content\/uploads\/sites\/11\/2024\/08\/05112524\/loi-ich-1.png 1184w, https:\/\/assets.grab.com\/wp-content\/uploads\/sites\/11\/2024\/08\/05112524\/loi-ich-1-250x100.png 250w, https:\/\/assets.grab.com\/wp-content\/uploads\/sites\/11\/2024\/08\/05112524\/loi-ich-1-700x280.png 700w, https:\/\/assets.grab.com\/wp-content\/uploads\/sites\/11\/2024\/08\/05112524\/loi-ich-1-768x307.png 768w, https:\/\/assets.grab.com\/wp-content\/uploads\/sites\/11\/2024\/08\/05112524\/loi-ich-1-18x7.png 18w, https:\/\/assets.grab.com\/wp-content\/uploads\/sites\/11\/2024\/08\/05112524\/loi-ich-1-120x48.png 120w\" sizes=\"(max-width: 1184px) 100vw, 1184px\" \/>\t\t\t\t\t\t\t\t\t\t\t\t\t<\/div>\n\t\t\t\t<\/div>\n\t\t\t\t\t<\/div>\n\t\t<\/div>\n\t\t\t\t\t<\/div>\n\t\t<\/section>\n\t\t\t\t<section class=\"elementor-section elementor-top-section elementor-element elementor-element-a90e046 elementor-section-boxed elementor-section-height-default elementor-section-height-default\" data-id=\"a90e046\" data-element_type=\"section\">\n\t\t\t\t\t\t<div class=\"elementor-container elementor-column-gap-default\">\n\t\t\t\t\t<div class=\"elementor-column elementor-col-100 elementor-top-column elementor-element elementor-element-31f2fb1\" data-id=\"31f2fb1\" data-element_type=\"column\">\n\t\t\t<div class=\"elementor-widget-wrap elementor-element-populated\">\n\t\t\t\t\t\t<div class=\"elementor-element elementor-element-ee1137b elementor-widget elementor-widget-text-editor\" data-id=\"ee1137b\" data-element_type=\"widget\" data-widget_type=\"text-editor.default\">\n\t\t\t\t<div class=\"elementor-widget-container\">\n\t\t\t\t\t\t\t<h1 style=\"font-family: Inter, sans-serif; color: #333333; text-align: center;\"><span style=\"line-height: 1;\"><span style=\"color: #009d3b;\">\u0110\u1ed1i t\u01b0\u1ee3ng n\u00e0o s\u1ebd \u0111\u01b0\u1ee3c tham gia h\u1ed9i th\u1ea3o?<\/span><\/span><\/h1>\t\t\t\t\t\t<\/div>\n\t\t\t\t<\/div>\n\t\t\t\t\t<\/div>\n\t\t<\/div>\n\t\t\t\t\t<\/div>\n\t\t<\/section>\n\t\t\t\t<section class=\"elementor-section elementor-top-section elementor-element elementor-element-8397d33 elementor-section-boxed elementor-section-height-default elementor-section-height-default\" data-id=\"8397d33\" data-element_type=\"section\">\n\t\t\t\t\t\t<div class=\"elementor-container elementor-column-gap-default\">\n\t\t\t\t\t<div class=\"elementor-column elementor-col-100 elementor-top-column elementor-element elementor-element-038a78e\" data-id=\"038a78e\" data-element_type=\"column\">\n\t\t\t<div class=\"elementor-widget-wrap elementor-element-populated\">\n\t\t\t\t\t\t<div class=\"elementor-element elementor-element-884b8e1 elementor-widget elementor-widget-text-editor\" data-id=\"884b8e1\" data-element_type=\"widget\" data-widget_type=\"text-editor.default\">\n\t\t\t\t<div class=\"elementor-widget-container\">\n\t\t\t\t\t\t\t<p>\u0110\u1ed1i t\u00e1c Nh\u00e0 h\u00e0ng\/ C\u1eeda h\u00e0ng m\u1edbi \u0111\u01b0\u1ee3c t\u1ea1o t\u00e0i kho\u1ea3n trong v\u00f2ng 60 ng\u00e0y bao g\u1ed3m: Ch\u1ee7 c\u1eeda h\u00e0ng ho\u1eb7c\/v\u00e0 nh\u00e2n vi\u00ean v\u1eadn h\u00e0nh.\u00a0<\/p><p><i>N\u1ebfu \u0110\u1ed1i t\u00e1c ch\u1ee7 Nh\u00e0 h\u00e0ng\/C\u1eeda h\u00e0ng qu\u00e1 b\u1eadn r\u1ed9n, Grab khuy\u1ebfn kh\u00edch \u0110\u1ed1i t\u00e1c ch\u1ee7 \u0111\u1ed9ng \u0111\u1ec1 c\u1eed nh\u00e2n vi\u00ean tham gia kh\u00f3a \u0111\u00e0o t\u1ea1o n\u00e2ng cao n\u00e0y \u0111\u1ec3 n\u1eafm b\u1eaft th\u00eam th\u00f4ng tin.<\/i><\/p>\t\t\t\t\t\t<\/div>\n\t\t\t\t<\/div>\n\t\t\t\t\t<\/div>\n\t\t<\/div>\n\t\t\t\t\t<\/div>\n\t\t<\/section>\n\t\t\t\t<section class=\"elementor-section elementor-top-section elementor-element elementor-element-c1d6305 elementor-section-boxed elementor-section-height-default elementor-section-height-default\" data-id=\"c1d6305\" data-element_type=\"section\">\n\t\t\t\t\t\t<div class=\"elementor-container elementor-column-gap-default\">\n\t\t\t\t\t<div class=\"elementor-column elementor-col-100 elementor-top-column elementor-element elementor-element-cb2b754\" data-id=\"cb2b754\" data-element_type=\"column\">\n\t\t\t<div class=\"elementor-widget-wrap elementor-element-populated\">\n\t\t\t\t\t\t<div class=\"elementor-element elementor-element-76f4302 elementor-widget elementor-widget-text-editor\" data-id=\"76f4302\" data-element_type=\"widget\" data-widget_type=\"text-editor.default\">\n\t\t\t\t<div class=\"elementor-widget-container\">\n\t\t\t\t\t\t\t<p style=\"box-sizing: border-box; margin: 0px 0px 20px; color: #333333; font-family: Inter, sans-serif; font-size: 18px; font-style: normal; font-variant-ligatures: normal; font-variant-caps: normal; font-weight: 400; letter-spacing: normal; orphans: 2; text-align: start; text-indent: 0px; text-transform: none; widows: 2; word-spacing: 0px; -webkit-text-stroke-width: 0px; white-space: normal; background-color: #ffffff; text-decoration-thickness: initial; text-decoration-style: initial; text-decoration-color: initial;\">\u00a0<\/p><h1 style=\"box-sizing: border-box; margin: 23px 0px 0px; font-size: 36px; font-family: Inter, sans-serif; font-weight: bold; line-height: 1.1; color: #333333; font-style: normal; font-variant-ligatures: normal; font-variant-caps: normal; letter-spacing: normal; orphans: 2; text-indent: 0px; text-transform: none; widows: 2; word-spacing: 0px; -webkit-text-stroke-width: 0px; white-space: normal; background-color: #ffffff; text-decoration-thickness: initial; text-decoration-style: initial; text-decoration-color: initial; text-align: center;\"><strong style=\"box-sizing: border-box; font-weight: bold; line-height: 1;\"><span style=\"box-sizing: border-box; color: #009d3b;\">C\u00e1ch th\u1ee9c tham gia h\u1ed9i th\u1ea3o?<\/span><\/strong><\/h1>\t\t\t\t\t\t<\/div>\n\t\t\t\t<\/div>\n\t\t\t\t\t<\/div>\n\t\t<\/div>\n\t\t\t\t\t<\/div>\n\t\t<\/section>\n\t\t\t\t<section class=\"elementor-section elementor-top-section elementor-element elementor-element-d74f30b elementor-section-boxed elementor-section-height-default elementor-section-height-default\" data-id=\"d74f30b\" data-element_type=\"section\">\n\t\t\t\t\t\t<div class=\"elementor-container elementor-column-gap-default\">\n\t\t\t\t\t<div class=\"elementor-column elementor-col-100 elementor-top-column elementor-element elementor-element-9e5b656\" data-id=\"9e5b656\" data-element_type=\"column\">\n\t\t\t<div class=\"elementor-widget-wrap elementor-element-populated\">\n\t\t\t\t\t\t<div class=\"elementor-element elementor-element-c10d955 elementor-widget elementor-widget-image\" data-id=\"c10d955\" data-element_type=\"widget\" data-widget_type=\"image.default\">\n\t\t\t\t<div class=\"elementor-widget-container\">\n\t\t\t\t\t\t\t\t\t\t\t\t\t<img loading=\"lazy\" decoding=\"async\" width=\"1920\" height=\"1367\" src=\"https:\/\/assets.grab.com\/wp-content\/uploads\/sites\/11\/2024\/08\/05112047\/time%402x2-1.png\" class=\"attachment-full size-full wp-image-171147\" alt=\"\" srcset=\"https:\/\/assets.grab.com\/wp-content\/uploads\/sites\/11\/2024\/08\/05112047\/time%402x2-1.png 1920w, https:\/\/assets.grab.com\/wp-content\/uploads\/sites\/11\/2024\/08\/05112047\/time%402x2-1-250x178.png 250w, https:\/\/assets.grab.com\/wp-content\/uploads\/sites\/11\/2024\/08\/05112047\/time%402x2-1-700x498.png 700w, https:\/\/assets.grab.com\/wp-content\/uploads\/sites\/11\/2024\/08\/05112047\/time%402x2-1-768x547.png 768w, https:\/\/assets.grab.com\/wp-content\/uploads\/sites\/11\/2024\/08\/05112047\/time%402x2-1-1536x1094.png 1536w, https:\/\/assets.grab.com\/wp-content\/uploads\/sites\/11\/2024\/08\/05112047\/time%402x2-1-18x12.png 18w, https:\/\/assets.grab.com\/wp-content\/uploads\/sites\/11\/2024\/08\/05112047\/time%402x2-1-120x85.png 120w\" sizes=\"(max-width: 1920px) 100vw, 1920px\" \/>\t\t\t\t\t\t\t\t\t\t\t\t\t<\/div>\n\t\t\t\t<\/div>\n\t\t\t\t\t<\/div>\n\t\t<\/div>\n\t\t\t\t\t<\/div>\n\t\t<\/section>\n\t\t\t\t<section class=\"elementor-section elementor-top-section elementor-element elementor-element-3acd598 elementor-section-boxed elementor-section-height-default elementor-section-height-default\" data-id=\"3acd598\" data-element_type=\"section\">\n\t\t\t\t\t\t<div class=\"elementor-container elementor-column-gap-default\">\n\t\t\t\t\t<div class=\"elementor-column elementor-col-100 elementor-top-column elementor-element elementor-element-70f142e\" data-id=\"70f142e\" data-element_type=\"column\">\n\t\t\t<div class=\"elementor-widget-wrap elementor-element-populated\">\n\t\t\t\t\t\t<div class=\"elementor-element elementor-element-c447149 elementor-widget elementor-widget-image\" data-id=\"c447149\" data-element_type=\"widget\" data-widget_type=\"image.default\">\n\t\t\t\t<div class=\"elementor-widget-container\">\n\t\t\t\t\t\t\t\t\t\t\t\t\t\t<a href=\"https:\/\/docs.google.com\/forms\/d\/e\/1FAIpQLSeYdMIuRrqVA1R-KmHObArX8ZVNqVEyCj9NDDnK8NgOMnuxZg\/viewform\">\n\t\t\t\t\t\t\t<img loading=\"lazy\" decoding=\"async\" width=\"700\" height=\"177\" src=\"https:\/\/assets.grab.com\/wp-content\/uploads\/sites\/11\/2024\/08\/05112613\/dang-ky-ngay-700x177.png\" class=\"attachment-large size-large wp-image-171148\" alt=\"\" srcset=\"https:\/\/assets.grab.com\/wp-content\/uploads\/sites\/11\/2024\/08\/05112613\/dang-ky-ngay-700x177.png 700w, https:\/\/assets.grab.com\/wp-content\/uploads\/sites\/11\/2024\/08\/05112613\/dang-ky-ngay-250x63.png 250w, https:\/\/assets.grab.com\/wp-content\/uploads\/sites\/11\/2024\/08\/05112613\/dang-ky-ngay-768x194.png 768w, https:\/\/assets.grab.com\/wp-content\/uploads\/sites\/11\/2024\/08\/05112613\/dang-ky-ngay-18x5.png 18w, https:\/\/assets.grab.com\/wp-content\/uploads\/sites\/11\/2024\/08\/05112613\/dang-ky-ngay-120x30.png 120w, https:\/\/assets.grab.com\/wp-content\/uploads\/sites\/11\/2024\/08\/05112613\/dang-ky-ngay.png 797w\" sizes=\"(max-width: 700px) 100vw, 700px\" \/>\t\t\t\t\t\t\t\t<\/a>\n\t\t\t\t\t\t\t\t\t\t\t\t\t<\/div>\n\t\t\t\t<\/div>\n\t\t\t\t\t<\/div>\n\t\t<\/div>\n\t\t\t\t\t<\/div>\n\t\t<\/section>\n\t\t\t\t<section class=\"elementor-section elementor-top-section elementor-element elementor-element-df97d42 elementor-section-boxed elementor-section-height-default elementor-section-height-default\" data-id=\"df97d42\" data-element_type=\"section\">\n\t\t\t\t\t\t<div class=\"elementor-container elementor-column-gap-default\">\n\t\t\t\t\t<div class=\"elementor-column elementor-col-100 elementor-top-column elementor-element elementor-element-dbe76e1\" data-id=\"dbe76e1\" data-element_type=\"column\">\n\t\t\t<div class=\"elementor-widget-wrap elementor-element-populated\">\n\t\t\t\t\t\t<div class=\"elementor-element elementor-element-b31d4c0 elementor-widget elementor-widget-text-editor\" data-id=\"b31d4c0\" data-element_type=\"widget\" data-widget_type=\"text-editor.default\">\n\t\t\t\t<div class=\"elementor-widget-container\">\n\t\t\t\t\t\t\t<p>N\u1ebfu c\u00f3 th\u1eafc m\u1eafc ho\u1eb7c c\u1ea7n t\u01b0 v\u1ea5n, \u0110\u1ed1i t\u00e1c vui l\u00f2ng g\u01b0\u0309i ph\u1ea3n h\u1ed3i th\u00f4ng qua t\u00ednh n\u0103ng\u00a0<span style=\"font-weight: bold; line-height: 1;\"><span style=\"color: #009d3b;\">\u201cTrung t\u00e2m tr\u1ee3 gi\u00fap\u201d<\/span><\/span>\u00a0\u0111\u01b0\u1ee3c t\u00edch h\u1ee3p ngay tr\u00ean \u1ee9ng d\u1ee5ng Grab Merchant \u0111\u1ec3 \u0111\u01b0\u1ee3c h\u1ed7 tr\u1ee3 nh\u00e9!<\/p><p><span style=\"font-weight: bold; line-height: 1;\"><span style=\"color: #009d3b;\">M\u1ebfn ch\u00fac \u0110\u1ed1i t\u00e1c lu\u00f4n ho\u1ea1t \u0111\u1ed9ng hi\u1ec7u qu\u1ea3 v\u00e0 t\u0103ng tr\u01b0\u1edfng doanh thu c\u00f9ng Grab!<\/span><\/span><\/p><p><span style=\"font-weight: bold; line-height: 1;\"><span style=\"color: #009d3b;\">Tr\u00e2n tr\u1ecdng,<\/span><\/span><\/p><p><span style=\"font-weight: bold; line-height: 1;\"><span style=\"color: #009d3b;\">\u0110\u1ed9i ng\u0169 Grab<\/span><\/span><\/p>\t\t\t\t\t\t<\/div>\n\t\t\t\t<\/div>\n\t\t\t\t\t<\/div>\n\t\t<\/div>\n\t\t\t\t\t<\/div>\n\t\t<\/section>\n\t\t\t\t<\/div>","protected":false},"excerpt":{"rendered":"\u0110\u1ed1i t\u00e1c th\u00e2n m\u1ebfn, L\u00e0m th\u1ebf n\u00e0o \u0111\u1ec3 v\u1eadn h\u00e0nh \u1ee9ng d\u1ee5ng hi\u1ec7u qu\u1ea3 t\u1eeb \u0111\u00f3 gia t\u0103ng thu nh\u1eadp? C\u00f3 l\u1ebd \u0111\u00e2y l\u00e0 v\u1ea5n \u0111\u1ec1 \u0111\u01b0\u1ee3c c\u00e1c \u0110\u1ed1i t\u00e1c Nh\u00e0 h\u00e0ng\/C\u1eeda h\u00e0ng m\u1edbi ho\u1ea1t \u0111\u1ed9ng quan t\u00e2m nhi\u1ec1u nh\u1ea5t. Ngo\u00e0i c\u00e1c kh\u00f3a t\u1ef1 h\u1ecdc c\u01a1 b\u1ea3n t\u1ea1i H\u1ecdc vi\u1ec7n tr\u1ef1c tuy\u1ebfn GrabAcademy trong \u1ee9ng [&hellip;]","protected":false},"author":830,"featured_media":0,"parent":0,"menu_order":0,"comment_status":"closed","ping_status":"closed","template":"","meta":{"_acf_changed":false,"footnotes":""},"acf":[],"_links":{"self":[{"href":"https:\/\/www.grab.com\/vn\/en\/wp-json\/wp\/v2\/pages\/98470"}],"collection":[{"href":"https:\/\/www.grab.com\/vn\/en\/wp-json\/wp\/v2\/pages"}],"about":[{"href":"https:\/\/www.grab.com\/vn\/en\/wp-json\/wp\/v2\/types\/page"}],"author":[{"embeddable":true,"href":"https:\/\/www.grab.com\/vn\/en\/wp-json\/wp\/v2\/users\/830"}],"replies":[{"embeddable":true,"href":"https:\/\/www.grab.com\/vn\/en\/wp-json\/wp\/v2\/comments?post=98470"}],"version-history":[{"count":11,"href":"https:\/\/www.grab.com\/vn\/en\/wp-json\/wp\/v2\/pages\/98470\/revisions"}],"predecessor-version":[{"id":171151,"href":"https:\/\/www.grab.com\/vn\/en\/wp-json\/wp\/v2\/pages\/98470\/revisions\/171151"}],"wp:attachment":[{"href":"https:\/\/www.grab.com\/vn\/en\/wp-json\/wp\/v2\/media?parent=98470"}],"curies":[{"name":"wp","href":"https:\/\/api.w.org\/{rel}","templated":true}]}}