{"id":98451,"date":"2021-09-25T19:30:46","date_gmt":"2021-09-25T11:30:46","guid":{"rendered":"https:\/\/www.grab.com\/vn\/?page_id=98451"},"modified":"2021-09-25T19:32:28","modified_gmt":"2021-09-25T11:32:28","slug":"mien-phi-giao-hang-chu-shop-moi-thu-ngay-grabexpress","status":"publish","type":"page","link":"https:\/\/www.grab.com\/vn\/en\/mien-phi-giao-hang-chu-shop-moi-thu-ngay-grabexpress\/","title":{"rendered":"Mi\u1ec5n ph\u00ed giao h\u00e0ng ch\u1ee7 shop m\u1edbi, th\u1eed ngay GrabExpress"},"content":{"rendered":"<p><img loading=\"lazy\" decoding=\"async\" width=\"1200\" height=\"600\" class=\"alignnone size-full wp-image-98452\" src=\"https:\/\/assets.grab.com\/wp-content\/uploads\/sites\/11\/2021\/09\/25192933\/1200x1200_1.jpg\" alt=\"\" \/><\/p>\n<p><b>\ud83c\udf1f \u0110\u1eb7t giao h\u00e0ng l\u00e0 c\u00f3 t\u00e0i x\u1ebf, ship nhanh to\u00e0n th\u00e0nh ph\u1ed1\u00a0 \ud83c\udf1f<\/b><\/p>\n<p><span style=\"font-weight: 400\">T\u1ea5t c\u1ea3 anh ch\u1ecb em ch\u1ee7 shop ra \u0111\u00e2y m\u00e0 xem n\u00e8!<\/span><\/p>\n<p><span style=\"font-weight: 400\">\ud83c\udf3d\ud83e\udd56\ud83c\udf4e T\u1eeb \u0111\u1ed3 \u0103n t\u01b0\u01a1i s\u1ed1ng, gi\u1ea5y t\u1edd t\u00e0i li\u1ec7u \u0111\u1ebfn qu\u1ea7n \u00e1o th\u1eddi trang, ch\u1ec9 c\u1ea7n \u0111\u1eb7t <\/span><strong>GrabExpress<\/strong><span style=\"font-weight: 400\"> l\u00e0 b\u00e1c t\u00e0i s\u1ebd xu\u1ea5t hi\u1ec7n, c\u1ea9n th\u1eadn nh\u1eadn h\u00e0ng v\u00e0 giao th\u1eadt nhanh \u0111\u1ebfn t\u1eadn \u0111\u1ecba ch\u1ec9 nh\u1eadn h\u00e0ng, kh\u1ecfi m\u1ea5t th\u1eddi gian mi\u1ec7t m\u00e0i ng\u1ed3i nh\u00ecn m\u00e0n h\u00ecnh ch\u1edd t\u00e0i x\u1ebf nh\u1eadn \u0111\u01a1n.<\/span><\/p>\n<p><span style=\"font-weight: 400\">\ud83c\udf89\ufe0f <\/span><span style=\"font-weight: 400\">Nh\u1eadp lu\u00f4n m\u00e3 <\/span><strong>FREESHIP<\/strong><span style=\"font-weight: 400\"> cho 2 l\u1ea7n \u0111\u1ea7u s\u1eed d\u1ee5ng, c\u1ea3 nh\u00e0 s\u1ebd \u0111\u01b0\u1ee3c nh\u1eadn th\u00eam 5 m\u00e3 <strong>\u01b0u \u0111\u00e3i mi\u1ec5n ph\u00ed giao h\u00e0ng<\/strong>, tha h\u1ed3 v\u00e0o m\u1ee5c \u201c<strong>\u01afu \u0111\u00e3i c\u1ee7a t\u00f4i<\/strong>&#8221; m\u00e0 s\u1eed d\u1ee5ng n\u00e8.<\/span><\/p>\n<p><span style=\"font-weight: 400\">\ud83d\udcf2 Ch\u1edd g\u00ec n\u1eefa, m\u1edf \u1ee9ng d\u1ee5ng \u0111\u1eb7t <\/span><strong>GrabExpress<\/strong><span style=\"font-weight: 400\"> ngay th\u00f4i anh ch\u1ecb m\u00ecnh \u01a1i!<\/span><\/p>\n<p><span style=\"font-weight: 400\">L\u01b0u \u00fd:<\/span><\/p>\n<p><span style=\"font-weight: 400\">\u2003\ud83d\udd39 Sau khi nh\u1eadp m\u00e3 FREESHIP cho 2 l\u1ea7n \u0111\u1ea7u s\u1eed d\u1ee5ng, b\u1ea1n s\u1ebd nh\u1eadn \u0111\u01b0\u1ee3c th\u00eam 5 m\u00e3 \u01b0u \u0111\u00e3i mi\u1ec5n ph\u00ed giao h\u00e0ng do h\u1ec7 th\u1ed1ng t\u1ef1 \u0111\u1ed9ng g\u1eedi v\u00e0o m\u1ee5c \u201c\u01afu \u0111\u00e3i c\u1ee7a t\u00f4i\u201d tr\u00ean \u1ee9ng d\u1ee5ng c\u1ee7a b\u1ea1n.<\/span><\/p>\n<p><span style=\"font-weight: 400\">\u2003\ud83d\udd39 Gi\u00e1 tr\u1ecb m\u00e3 \u01b0u \u0111\u00e3i: Mi\u1ec5n ph\u00ed giao h\u00e0ng cho c\u00e1c chuy\u1ebfn xe d\u01b0\u1edbi 30.000 \u0111\u1ed3ng; \u0111\u1ed1i v\u1edbi c\u00e1c chuy\u1ebfn xe t\u1eeb 30.000\u0111, ng\u01b0\u1eddi d\u00f9ng s\u1ebd \u0111\u01b0\u1ee3c gi\u1ea3m 30.000\u0111.<\/span><\/p>\n<p><span style=\"font-weight: 400\">\u2003\ud83d\udd39 \u01afu \u0111\u00e3i kh\u00f4ng bao g\u1ed3m ph\u1ee5 ph\u00ed, ng\u01b0\u1eddi d\u00f9ng vui l\u00f2ng thanh to\u00e1n ph\u1ea7n ph\u1ee5 ph\u00ed n\u00e0y (n\u1ebfu c\u00f3) cho \u0111\u1ed1i t\u00e1c t\u00e0i x\u1ebf.<\/span><\/p>\n<p><span style=\"font-weight: 400\">\u2003\ud83d\udd39 S\u1ed1 l\u01b0\u1ee3ng m\u00e3 \u01b0u \u0111\u00e3i gi\u1edbi h\u1ea1n m\u1ed7i ng\u00e0y, ch\u01b0\u01a1ng tr\u00ecnh c\u00f3 th\u1ec3 k\u1ebft th\u00fac s\u1edbm h\u01a1n d\u1ef1 ki\u1ebfn v\u00e0 s\u1ebd \u0111\u01b0\u1ee3c th\u00f4ng b\u00e1o \u0111\u1ebfn b\u1ea1n.<\/span><\/p>","protected":false},"excerpt":{"rendered":"\ud83c\udf1f \u0110\u1eb7t giao h\u00e0ng l\u00e0 c\u00f3 t\u00e0i x\u1ebf, ship nhanh to\u00e0n th\u00e0nh ph\u1ed1\u00a0 \ud83c\udf1f T\u1ea5t c\u1ea3 anh ch\u1ecb em ch\u1ee7 shop ra \u0111\u00e2y m\u00e0 xem n\u00e8! \ud83c\udf3d\ud83e\udd56\ud83c\udf4e T\u1eeb \u0111\u1ed3 \u0103n t\u01b0\u01a1i s\u1ed1ng, gi\u1ea5y t\u1edd t\u00e0i li\u1ec7u \u0111\u1ebfn qu\u1ea7n \u00e1o th\u1eddi trang, ch\u1ec9 c\u1ea7n \u0111\u1eb7t GrabExpress l\u00e0 b\u00e1c t\u00e0i s\u1ebd xu\u1ea5t hi\u1ec7n, c\u1ea9n th\u1eadn nh\u1eadn h\u00e0ng [&hellip;]","protected":false},"author":1123,"featured_media":0,"parent":0,"menu_order":0,"comment_status":"closed","ping_status":"closed","template":"","meta":{"_acf_changed":false,"footnotes":""},"acf":[],"_links":{"self":[{"href":"https:\/\/www.grab.com\/vn\/en\/wp-json\/wp\/v2\/pages\/98451"}],"collection":[{"href":"https:\/\/www.grab.com\/vn\/en\/wp-json\/wp\/v2\/pages"}],"about":[{"href":"https:\/\/www.grab.com\/vn\/en\/wp-json\/wp\/v2\/types\/page"}],"author":[{"embeddable":true,"href":"https:\/\/www.grab.com\/vn\/en\/wp-json\/wp\/v2\/users\/1123"}],"replies":[{"embeddable":true,"href":"https:\/\/www.grab.com\/vn\/en\/wp-json\/wp\/v2\/comments?post=98451"}],"version-history":[{"count":3,"href":"https:\/\/www.grab.com\/vn\/en\/wp-json\/wp\/v2\/pages\/98451\/revisions"}],"predecessor-version":[{"id":98455,"href":"https:\/\/www.grab.com\/vn\/en\/wp-json\/wp\/v2\/pages\/98451\/revisions\/98455"}],"wp:attachment":[{"href":"https:\/\/www.grab.com\/vn\/en\/wp-json\/wp\/v2\/media?parent=98451"}],"curies":[{"name":"wp","href":"https:\/\/api.w.org\/{rel}","templated":true}]}}