{"id":98439,"date":"2021-09-25T19:14:49","date_gmt":"2021-09-25T11:14:49","guid":{"rendered":"https:\/\/www.grab.com\/vn\/?page_id=98439"},"modified":"2021-09-25T20:49:00","modified_gmt":"2021-09-25T12:49:00","slug":"dat-grabexpress-mien-phi-giao-hang-cho-chu-shop-moi","status":"publish","type":"page","link":"https:\/\/www.grab.com\/vn\/en\/dat-grabexpress-mien-phi-giao-hang-cho-chu-shop-moi\/","title":{"rendered":"\u0110\u1eb7t GrabExpress, mi\u1ec5n ph\u00ed giao h\u00e0ng cho ch\u1ee7 shop m\u1edbi"},"content":{"rendered":"<p><img loading=\"lazy\" decoding=\"async\" width=\"1200\" height=\"600\" class=\"alignnone size-full wp-image-98440\" src=\"https:\/\/assets.grab.com\/wp-content\/uploads\/sites\/11\/2021\/09\/25191255\/1200x600_2-6.jpg\" alt=\"\" \/><\/p>\n<div class=\"kvgmc6g5 cxmmr5t8 oygrvhab hcukyx3x c1et5uql ii04i59q\">\n<div dir=\"auto\">\n<p><span class=\"pq6dq46d tbxw36s4 knj5qynh kvgmc6g5 ditlmg2l oygrvhab nvdbi5me sf5mxxl7 gl3lb2sf hhz5lgdu\"><img loading=\"lazy\" decoding=\"async\" src=\"https:\/\/static.xx.fbcdn.net\/images\/emoji.php\/v9\/te0\/1\/16\/1f31f.png\" alt=\"\ud83c\udf1f\" width=\"16\" height=\"16\" \/><\/span> Giao h\u00e0ng gi\u00e1 h\u1eddi d\u00e0nh cho anh ch\u1ecb em ch\u1ee7 shop.<\/p>\n<p><span class=\"pq6dq46d tbxw36s4 knj5qynh kvgmc6g5 ditlmg2l oygrvhab nvdbi5me sf5mxxl7 gl3lb2sf hhz5lgdu\"><img loading=\"lazy\" decoding=\"async\" src=\"https:\/\/static.xx.fbcdn.net\/images\/emoji.php\/v9\/t1c\/1\/16\/1f33d.png\" alt=\"\ud83c\udf3d\" width=\"16\" height=\"16\" \/><\/span><span class=\"pq6dq46d tbxw36s4 knj5qynh kvgmc6g5 ditlmg2l oygrvhab nvdbi5me sf5mxxl7 gl3lb2sf hhz5lgdu\"><img loading=\"lazy\" decoding=\"async\" src=\"https:\/\/static.xx.fbcdn.net\/images\/emoji.php\/v9\/tb2\/1\/16\/1f956.png\" alt=\"\ud83e\udd56\" width=\"16\" height=\"16\" \/><\/span><span class=\"pq6dq46d tbxw36s4 knj5qynh kvgmc6g5 ditlmg2l oygrvhab nvdbi5me sf5mxxl7 gl3lb2sf hhz5lgdu\"><img loading=\"lazy\" decoding=\"async\" src=\"https:\/\/static.xx.fbcdn.net\/images\/emoji.php\/v9\/t3c\/1\/16\/1f34e.png\" alt=\"\ud83c\udf4e\" width=\"16\" height=\"16\" \/><\/span> T\u1eeb \u0111\u1ed3 \u0103n t\u01b0\u01a1i s\u1ed1ng, gi\u1ea5y t\u1edd t\u00e0i li\u1ec7u \u0111\u1ebfn qu\u1ea7n \u00e1o th\u1eddi trang, ch\u1ec9 c\u1ea7n \u0111\u1eb7t <strong>GrabExpress<\/strong> l\u00e0 b\u00e1c t\u00e0i s\u1ebd xu\u1ea5t hi\u1ec7n, c\u1ea9n th\u1eadn nh\u1eadn h\u00e0ng v\u00e0 giao th\u1eadt nhanh \u0111\u1ebfn t\u1eadn \u0111\u1ecba ch\u1ec9 nh\u1eadn h\u00e0ng. Gi\u00e1 ship \u0111\u00e3 qu\u00e1 h\u1eddi m\u00e0 c\u00f2n \u201cl\u1eddi&#8221; th\u00eam nhi\u1ec1u \u01b0u \u0111\u00e3i \u201ckh\u1ee7ng\u201d d\u00e0nh cho ch\u1ee7 shop m\u1edbi! <span class=\"pq6dq46d tbxw36s4 knj5qynh kvgmc6g5 ditlmg2l oygrvhab nvdbi5me sf5mxxl7 gl3lb2sf hhz5lgdu\"><img loading=\"lazy\" decoding=\"async\" src=\"https:\/\/static.xx.fbcdn.net\/images\/emoji.php\/v9\/tf5\/1\/16\/1f48a.png\" alt=\"\ud83d\udc8a\" width=\"16\" height=\"16\" \/><\/span><span class=\"pq6dq46d tbxw36s4 knj5qynh kvgmc6g5 ditlmg2l oygrvhab nvdbi5me sf5mxxl7 gl3lb2sf hhz5lgdu\"><img loading=\"lazy\" decoding=\"async\" src=\"https:\/\/static.xx.fbcdn.net\/images\/emoji.php\/v9\/te\/1\/16\/1f347.png\" alt=\"\ud83c\udf47\" width=\"16\" height=\"16\" \/><\/span><span class=\"pq6dq46d tbxw36s4 knj5qynh kvgmc6g5 ditlmg2l oygrvhab nvdbi5me sf5mxxl7 gl3lb2sf hhz5lgdu\"><img loading=\"lazy\" decoding=\"async\" src=\"https:\/\/static.xx.fbcdn.net\/images\/emoji.php\/v9\/t21\/1\/16\/1f41f.png\" alt=\"\ud83d\udc1f\" width=\"16\" height=\"16\" \/><\/span><\/p>\n<p><span class=\"pq6dq46d tbxw36s4 knj5qynh kvgmc6g5 ditlmg2l oygrvhab nvdbi5me sf5mxxl7 gl3lb2sf hhz5lgdu\"><span class=\"pq6dq46d tbxw36s4 knj5qynh kvgmc6g5 ditlmg2l oygrvhab nvdbi5me sf5mxxl7 gl3lb2sf hhz5lgdu\"><img loading=\"lazy\" decoding=\"async\" src=\"https:\/\/static.xx.fbcdn.net\/images\/emoji.php\/v9\/t8c\/1\/16\/1f389.png\" alt=\"\ud83c\udf89\ufe0f\" width=\"16\" height=\"16\" \/><\/span> Nh\u1eadp lu\u00f4n chi\u1ebfc m\u00e3 <strong>SHIP15K<\/strong> &#8211; <em><strong>\u0111\u1ed3ng gi\u00e1 15.000\u0111<\/strong><\/em>, \u201cbao ship\u201d to\u00e0n th\u00e0nh ph\u1ed1*<\/span><\/p>\n<p><span class=\"pq6dq46d tbxw36s4 knj5qynh kvgmc6g5 ditlmg2l oygrvhab nvdbi5me sf5mxxl7 gl3lb2sf hhz5lgdu\"><img loading=\"lazy\" decoding=\"async\" src=\"https:\/\/static.xx.fbcdn.net\/images\/emoji.php\/v9\/t8c\/1\/16\/1f389.png\" alt=\"\ud83c\udf89\ufe0f\" width=\"16\" height=\"16\" \/> \u0110\u1ed1i v\u1edbi ch\u1ee7 shop m\u1edbi, nh\u1eadp ngay m\u00e3 <strong>FREESHIP<\/strong> cho l\u1ea7n \u0111\u1ea7u s\u1eed d\u1ee5ng, mi\u1ec5n ph\u00ed giao h\u00e0ng c\u00f9ng GrabExpress cho 7 l\u1ea7n \u0111\u1ea7u ti\u00ean!<br \/>\n<\/span><\/p>\n<p><span class=\"pq6dq46d tbxw36s4 knj5qynh kvgmc6g5 ditlmg2l oygrvhab nvdbi5me sf5mxxl7 gl3lb2sf hhz5lgdu\"><img loading=\"lazy\" decoding=\"async\" src=\"https:\/\/static.xx.fbcdn.net\/images\/emoji.php\/v9\/td8\/1\/16\/1f4f2.png\" alt=\"\ud83d\udcf2\" width=\"16\" height=\"16\" \/><\/span> Ch\u1edd g\u00ec n\u1eefa anh ch\u1ecb ch\u1ee7 shop \u01a1i, m\u1edf \u1ee9ng d\u1ee5ng \u0111\u1eb7t giao h\u00e0ng nhanh \u0111\u1ec3 c\u00f2n \u201cting ting&#8221; v\u1ec1 t\u00e0i kho\u1ea3n!<\/p>\n<p>\u0110\u1eb7t ngay GrabExpress t\u1ea1i: <a class=\"oajrlxb2 g5ia77u1 qu0x051f esr5mh6w e9989ue4 r7d6kgcz rq0escxv nhd2j8a9 nc684nl6 p7hjln8o kvgmc6g5 cxmmr5t8 oygrvhab hcukyx3x jb3vyjys rz4wbd8a qt6c0cv9 a8nywdso i1ao9s8h esuyzwwr f1sip0of lzcic4wl py34i1dx gpro0wi8\" role=\"link\" href=\"https:\/\/l.facebook.com\/l.php?u=https%3A%2F%2Fgrb.to%2F3hYanUp%3Ffbclid%3DIwAR3TeAPFIJhwK1ygYVYoWRObc_77YBvVnYDxcFHvwg2I_o50Xf4hi5oJh7k&amp;h=AT28VbAkA6x2a8Z2YE4FAJ8uBQuhewo3wvHFZN9vtSClGtPufkwCrYtCTfTjCpv-5YAtNHN_gyp2hy_HVxomc_FD5iMh4cbRUwkHnx7JEga5aKxo2_dXo8vJdyMRuUnnr8hVkO8&amp;__tn__=-UK-R&amp;c[0]=AT17wr8RfVnUh3C34moeV2OyAr1O94-lSiO8pfdCn55CS1PSfaKOS65ZwIyZW5xSZegqt7GGOJMQqcrspA6KHk7MRf_3Br1PUfahGzl-S3DmKknkkj0Uayeyq-CaQUXNR0RcZa3QRqJGkONfkEzJshhK4ZhBFpdzT-LuJjcHIgZLciw\" target=\"_blank\" rel=\"nofollow noopener noreferrer\">https:\/\/grb.to\/3hYanUp<\/a><\/p>\n<p>Details:<\/p>\n<\/div>\n<div class=\"o9v6fnle cxmmr5t8 oygrvhab hcukyx3x c1et5uql ii04i59q\">\n<div dir=\"auto\"><span class=\"pq6dq46d tbxw36s4 knj5qynh kvgmc6g5 ditlmg2l oygrvhab nvdbi5me sf5mxxl7 gl3lb2sf hhz5lgdu\"><img loading=\"lazy\" decoding=\"async\" src=\"https:\/\/static.xx.fbcdn.net\/images\/emoji.php\/v9\/t72\/1\/16\/1f538.png\" alt=\"\ud83d\udd38\" width=\"16\" height=\"16\" \/><\/span> \u01afu \u0111\u00e3i \u0111\u1ed3ng gi\u00e1 15.000\u0111 cho c\u00e1c chuy\u1ebfn xe d\u01b0\u1edbi 30.000\u0111; \u0111\u1ed1i v\u1edbi c\u00e1c chuy\u1ebfn xe t\u1eeb 30.000\u0111, ng\u01b0\u1eddi d\u00f9ng s\u1ebd \u0111\u01b0\u1ee3c gi\u1ea3m 15.000\u0111.<\/div>\n<div dir=\"auto\"><span class=\"pq6dq46d tbxw36s4 knj5qynh kvgmc6g5 ditlmg2l oygrvhab nvdbi5me sf5mxxl7 gl3lb2sf hhz5lgdu\"><img loading=\"lazy\" decoding=\"async\" src=\"https:\/\/static.xx.fbcdn.net\/images\/emoji.php\/v9\/t72\/1\/16\/1f538.png\" alt=\"\ud83d\udd38\" width=\"16\" height=\"16\" \/><\/span> \u01afu \u0111\u00e3i kh\u00f4ng bao g\u1ed3m ph\u1ee5 ph\u00ed, ng\u01b0\u1eddi d\u00f9ng vui l\u00f2ng thanh to\u00e1n ph\u1ea7n ph\u1ee5 ph\u00ed n\u00e0y (n\u1ebfu c\u00f3) cho \u0111\u1ed1i t\u00e1c t\u00e0i x\u1ebf.<\/div>\n<div dir=\"auto\"><span class=\"pq6dq46d tbxw36s4 knj5qynh kvgmc6g5 ditlmg2l oygrvhab nvdbi5me sf5mxxl7 gl3lb2sf hhz5lgdu\"><img loading=\"lazy\" decoding=\"async\" src=\"https:\/\/static.xx.fbcdn.net\/images\/emoji.php\/v9\/t72\/1\/16\/1f538.png\" alt=\"\ud83d\udd38\" width=\"16\" height=\"16\" \/><\/span> S\u1ed1 l\u01b0\u1ee3ng m\u00e3 \u01b0u \u0111\u00e3i gi\u1edbi h\u1ea1n m\u1ed7i ng\u00e0y, ch\u01b0\u01a1ng tr\u00ecnh c\u00f3 th\u1ec3 k\u1ebft th\u00fac s\u1edbm h\u01a1n d\u1ef1 ki\u1ebfn v\u00e0 s\u1ebd \u0111\u01b0\u1ee3c th\u00f4ng b\u00e1o \u0111\u1ebfn b\u1ea1n.<\/div>\n<\/div>\n<\/div>","protected":false},"excerpt":{"rendered":"Giao h\u00e0ng gi\u00e1 h\u1eddi d\u00e0nh cho anh ch\u1ecb em ch\u1ee7 shop. T\u1eeb \u0111\u1ed3 \u0103n t\u01b0\u01a1i s\u1ed1ng, gi\u1ea5y t\u1edd t\u00e0i li\u1ec7u \u0111\u1ebfn qu\u1ea7n \u00e1o th\u1eddi trang, ch\u1ec9 c\u1ea7n \u0111\u1eb7t GrabExpress l\u00e0 b\u00e1c t\u00e0i s\u1ebd xu\u1ea5t hi\u1ec7n, c\u1ea9n th\u1eadn nh\u1eadn h\u00e0ng v\u00e0 giao th\u1eadt nhanh \u0111\u1ebfn t\u1eadn \u0111\u1ecba ch\u1ec9 nh\u1eadn h\u00e0ng. Gi\u00e1 ship \u0111\u00e3 qu\u00e1 h\u1eddi m\u00e0 [&hellip;]","protected":false},"author":1123,"featured_media":0,"parent":0,"menu_order":0,"comment_status":"closed","ping_status":"closed","template":"","meta":{"_acf_changed":false,"footnotes":""},"acf":[],"_links":{"self":[{"href":"https:\/\/www.grab.com\/vn\/en\/wp-json\/wp\/v2\/pages\/98439"}],"collection":[{"href":"https:\/\/www.grab.com\/vn\/en\/wp-json\/wp\/v2\/pages"}],"about":[{"href":"https:\/\/www.grab.com\/vn\/en\/wp-json\/wp\/v2\/types\/page"}],"author":[{"embeddable":true,"href":"https:\/\/www.grab.com\/vn\/en\/wp-json\/wp\/v2\/users\/1123"}],"replies":[{"embeddable":true,"href":"https:\/\/www.grab.com\/vn\/en\/wp-json\/wp\/v2\/comments?post=98439"}],"version-history":[{"count":14,"href":"https:\/\/www.grab.com\/vn\/en\/wp-json\/wp\/v2\/pages\/98439\/revisions"}],"predecessor-version":[{"id":98459,"href":"https:\/\/www.grab.com\/vn\/en\/wp-json\/wp\/v2\/pages\/98439\/revisions\/98459"}],"wp:attachment":[{"href":"https:\/\/www.grab.com\/vn\/en\/wp-json\/wp\/v2\/media?parent=98439"}],"curies":[{"name":"wp","href":"https:\/\/api.w.org\/{rel}","templated":true}]}}