{"id":98002,"date":"2021-09-22T17:38:20","date_gmt":"2021-09-22T09:38:20","guid":{"rendered":"https:\/\/www.grab.com\/vn\/?page_id=98002"},"modified":"2022-07-22T16:36:32","modified_gmt":"2022-07-22T08:36:32","slug":"grab-welcome-onboard-as-a-grabfood-merchant","status":"publish","type":"page","link":"https:\/\/www.grab.com\/vn\/en\/grab-welcome-onboard-as-a-grabfood-merchant\/","title":{"rendered":"[Grab] Welcome onboard as a GrabFood Merchant"},"content":{"rendered":"<p><span style=\"color: #008000\"><b>Dear GrabMerchant Partner,<\/b><\/span><\/p>\n<p><span style=\"font-weight: 400\">Pleased to announce that you have completed all the steps to become a <strong><span style=\"color: #008000\">GrabFood Merchant<\/span><\/strong> on Grab Platform.<\/span><\/p>\n<p><span style=\"font-weight: 400\">Your store information is being uploaded on the Grab system by our Operation Team. <\/span><span style=\"font-weight: 400\">After that, Grab will send another notification to you after the store is activated and eligible to operate on GrabFood.<\/span><\/p>\n<p><strong>Please note:<\/strong> do not change the store name and address within <strong>60 (sixty) days<\/strong> from\u00a0the day\u00a0the store is activated on the Grab system. Grab reserves the right to refuse and\/or not support your request about this information within the above time.<\/p>\n<p><span style=\"font-weight: 400\">Please follow the instructions below to prepare for the process of becoming a GrabFood Merchant:<\/span><\/p>\n<p><b><span style=\"color: #008000\">Step 1:\u00a0<\/span><\/b><\/p>\n<p><b> <span style=\"font-weight: 400\"><span style=\"color: #0000ff\"><a style=\"color: #0000ff\" href=\"https:\/\/play.google.com\/store\/apps\/details?id=com.grab.merchant\">Download the GrabMerchant app on Google Play\/ Play Store<\/a> <\/span>or<\/span><\/b><\/p>\n<p><span style=\"color: #0000ff\"><a style=\"color: #0000ff\" href=\"https:\/\/apps.apple.com\/vn\/app\/grabmerchant\/id1282271764\"><span style=\"font-weight: 400\">Download the GrabMerchant app on App Store<\/span><\/a><\/span><\/p>\n<p><b><span style=\"font-weight: 400\"><strong>*Note:<\/strong> Please use a device with Android OS 6.0 or above or IOS 12.0 or above.<\/span><\/b><\/p>\n<p><span style=\"color: #008000\"><b>Step 2:<\/b><\/span><\/p>\n<p><span style=\"font-weight: 400\">Please check your email <\/span><span style=\"font-weight: 400\">abc@gmail.com<\/span><span style=\"font-weight: 400\"> to get login credentials from Grab:<\/span><\/p>\n<p><span style=\"font-weight: 400\">&#8211; Username (email address registered with Grab)<\/span><\/p>\n<p><span style=\"font-weight: 400\">&#8211; Temporary password (valid within 15 days &amp; 5 days\/ time)<\/span><\/p>\n<p><span style=\"color: #008000\"><b>Step 3:<\/b><\/span><\/p>\n<p><span style=\"font-weight: 400\">Access to the GrabMerchant app then input login credentials in <\/span><b>step 2. <\/b><span style=\"font-weight: 400\">After login, set your own password and save it for the next login<\/span><\/p>\n<p><span style=\"color: #008000\"><b>Step 4:<\/b><\/span><\/p>\n<p><span style=\"font-weight: 400\">For smooth and effective operation as well as stable business growth with Grab, we would like to invite you and your employees to attend Online Courses via <\/span><b>\u201cGrabAcademy\u201d<\/b><span style=\"font-weight: 400\"> with topic<\/span><b> &#8220;Basic training course for New Merchant\u201d<\/b><span style=\"font-weight: 400\"><span style=\"color: #ff0000\"><strong> within 21 days. Failure to complete training courses may result in account suspension until completion<\/strong><\/span> (please skip this course if it has been completed).<\/span><\/p>\n<p><span style=\"color: #008000\"><b>Step 5:\u00a0<\/b><\/span><\/p>\n<p><span style=\"font-weight: 400\">Join GrabFood page <\/span><b>C\u1ed9ng \u0111\u1ed3ng \u0110\u1ed1i t\u00e1c Nh\u00e0 h\u00e0ng GrabFood (Trang ch\u00ednh th\u1ee9c)<\/b><span style=\"font-weight: 400\"> via link <\/span><a href=\"https:\/\/www.facebook.com\/groups\/GrabFoodVietNam\/\"><b>https:\/\/www.facebook.com\/groups\/GrabFoodVietNam\/<\/b><\/a><span style=\"font-weight: 400\"> in order to get your account activated and be informed about News, New Features, Tips for Effective Operation or Sharing from other Merchant-partners.<\/span><\/p>\n<p><span style=\"font-weight: 400\">When becoming a GrabFood Merchant, please note the following information:<\/span><\/p>\n<p><b>1.<\/b><span style=\"font-weight: 400\"> Regularly check your email and inbox app or access Merchant Blog via link <\/span><a href=\"https:\/\/www.grab.com\/vn\/en\/merchant-blog\/\"><b>https:\/\/www.grab.com\/vn\/merchant-blog\/<\/b><\/a><span style=\"font-weight: 400\"> to receive the full information from Grab<\/span><\/p>\n<p><strong>2.<\/strong> <span style=\"font-weight: 400\">Download the GrabMerchant guideline via link<\/span><a href=\"https:\/\/grb.to\/bikipgrabfood\"> <b>https:\/\/grb.to\/bikipgrabfood<\/b><\/a><span style=\"font-weight: 400\"> and stick at your store to ensure your employees understand the basic operations.<\/span><\/p>\n<p><b>3. <\/b><span style=\"font-weight: 400\">For smooth and effective operation as well as stable business growth with Grab, please make sure you and your employees working directly at the restaurant are all clear about \u201cHow to use GrabMerchant app\u201d by attending online workshop from Monday to Friday at 09:00 A.M (45 mins) via link <\/span><a href=\"https:\/\/www.grab.com\/vn\/en\/merchant-blog\/khoadaotaotructuyen\/\"><b>https:\/\/www.grab.com\/vn\/merchant-blog\/khoadaotaotructuyen\/<\/b><\/a><\/p>\n<p><b>3. <\/b><span style=\"font-weight: 400\">In addition to service fee and activation fees in accordance with Agreement, Grab does not collect any additional fees when registering as a GrabFood Merchant and\/or while active on Grab platform, unless Grab has further notice.<\/span><\/p>\n<p><b>Grab will send you\u00a0 GrabFood stickers by post in the next 2-3 weeks. Please attach this sticker in the front of your restaurant to make it easier for our driver-partners\u00a0 to find your restaurant.<\/b><\/p>\n<p><span style=\"font-weight: 400\">For further information, please visit the link <\/span><a href=\"http:\/\/grb.to\/nhahanggrabfood5sao\"><b>http:\/\/grb.to\/nhahanggrabfood5sao<\/b><\/a><span style=\"font-weight: 400\"> or contact Grab via Help Center on GrabMerchant App or via link <\/span><a href=\"https:\/\/grb.to\/hotrodoitacnhahang\"><b>https:\/\/grb.to\/hotrodoitacnhahang<\/b><\/a><span style=\"font-weight: 400\">.<\/span><\/p>\n<p><strong>Wishing you a great journey with Grab!<\/strong><\/p>\n<p><span style=\"color: #008000\"><strong>Best regards<\/strong><\/span><\/p>\n<p><span style=\"color: #008000\"><strong>Grab Viet Nam<\/strong><\/span><\/p>","protected":false},"excerpt":{"rendered":"Dear GrabMerchant Partner, Pleased to announce that you have completed all the steps to become a GrabFood Merchant on Grab Platform. Your store information is being uploaded on the Grab system by our Operation Team. After that, Grab will send another notification to you after the store is activated and eligible to operate on GrabFood. [&hellip;]","protected":false},"author":1018,"featured_media":0,"parent":0,"menu_order":0,"comment_status":"closed","ping_status":"closed","template":"","meta":{"_acf_changed":false,"footnotes":""},"acf":[],"_links":{"self":[{"href":"https:\/\/www.grab.com\/vn\/en\/wp-json\/wp\/v2\/pages\/98002"}],"collection":[{"href":"https:\/\/www.grab.com\/vn\/en\/wp-json\/wp\/v2\/pages"}],"about":[{"href":"https:\/\/www.grab.com\/vn\/en\/wp-json\/wp\/v2\/types\/page"}],"author":[{"embeddable":true,"href":"https:\/\/www.grab.com\/vn\/en\/wp-json\/wp\/v2\/users\/1018"}],"replies":[{"embeddable":true,"href":"https:\/\/www.grab.com\/vn\/en\/wp-json\/wp\/v2\/comments?post=98002"}],"version-history":[{"count":7,"href":"https:\/\/www.grab.com\/vn\/en\/wp-json\/wp\/v2\/pages\/98002\/revisions"}],"predecessor-version":[{"id":125749,"href":"https:\/\/www.grab.com\/vn\/en\/wp-json\/wp\/v2\/pages\/98002\/revisions\/125749"}],"wp:attachment":[{"href":"https:\/\/www.grab.com\/vn\/en\/wp-json\/wp\/v2\/media?parent=98002"}],"curies":[{"name":"wp","href":"https:\/\/api.w.org\/{rel}","templated":true}]}}