{"id":95654,"date":"2021-08-28T20:54:18","date_gmt":"2021-08-28T12:54:18","guid":{"rendered":"https:\/\/www.grab.com\/vn\/?page_id=95654"},"modified":"2021-08-28T20:54:18","modified_gmt":"2021-08-28T12:54:18","slug":"grab_huong-dan-tai-va-dang-nhap-ung-dung-grab-driver","status":"publish","type":"page","link":"https:\/\/www.grab.com\/vn\/en\/grab_huong-dan-tai-va-dang-nhap-ung-dung-grab-driver\/","title":{"rendered":"[Grab]_H\u01b0\u1edbng d\u1eabn t\u1ea3i v\u00e0 \u0111\u0103ng nh\u1eadp \u1ee9ng d\u1ee5ng Grab Driver"},"content":{"rendered":"<p style=\"text-align: center\"><img decoding=\"async\" class=\"alignnone size-full wp-image-95647\" src=\"https:\/\/assets.grab.com\/wp-content\/uploads\/sites\/11\/2021\/08\/28205044\/T%E1%BA%A3i-app-1.png\" alt=\"\" \/> <img decoding=\"async\" class=\"alignnone size-full wp-image-95648\" src=\"https:\/\/assets.grab.com\/wp-content\/uploads\/sites\/11\/2021\/08\/28205051\/%C4%90%C4%83ng-nh%E1%BA%ADp-app-1.png\" alt=\"\" \/> <img decoding=\"async\" class=\"alignnone size-full wp-image-95649\" src=\"https:\/\/assets.grab.com\/wp-content\/uploads\/sites\/11\/2021\/08\/28205055\/Cu%E1%BB%91c-%E1%BA%A3o-1-1.png\" alt=\"\" \/> <img decoding=\"async\" class=\"alignnone size-full wp-image-95650\" src=\"https:\/\/assets.grab.com\/wp-content\/uploads\/sites\/11\/2021\/08\/28205059\/Cu%E1%BB%91c-%E1%BA%A3o-2-1.png\" alt=\"\" \/> <img decoding=\"async\" class=\"alignnone size-full wp-image-95651\" src=\"https:\/\/assets.grab.com\/wp-content\/uploads\/sites\/11\/2021\/08\/28205105\/Cu%E1%BB%91c-%E1%BA%A3o-3-1.png\" alt=\"\" \/><\/p>","protected":false},"excerpt":{"rendered":"","protected":false},"author":1018,"featured_media":0,"parent":0,"menu_order":0,"comment_status":"closed","ping_status":"closed","template":"","meta":{"_acf_changed":false,"footnotes":""},"acf":[],"_links":{"self":[{"href":"https:\/\/www.grab.com\/vn\/en\/wp-json\/wp\/v2\/pages\/95654"}],"collection":[{"href":"https:\/\/www.grab.com\/vn\/en\/wp-json\/wp\/v2\/pages"}],"about":[{"href":"https:\/\/www.grab.com\/vn\/en\/wp-json\/wp\/v2\/types\/page"}],"author":[{"embeddable":true,"href":"https:\/\/www.grab.com\/vn\/en\/wp-json\/wp\/v2\/users\/1018"}],"replies":[{"embeddable":true,"href":"https:\/\/www.grab.com\/vn\/en\/wp-json\/wp\/v2\/comments?post=95654"}],"version-history":[{"count":1,"href":"https:\/\/www.grab.com\/vn\/en\/wp-json\/wp\/v2\/pages\/95654\/revisions"}],"predecessor-version":[{"id":95655,"href":"https:\/\/www.grab.com\/vn\/en\/wp-json\/wp\/v2\/pages\/95654\/revisions\/95655"}],"wp:attachment":[{"href":"https:\/\/www.grab.com\/vn\/en\/wp-json\/wp\/v2\/media?parent=95654"}],"curies":[{"name":"wp","href":"https:\/\/api.w.org\/{rel}","templated":true}]}}