{"id":95220,"date":"2021-08-21T22:12:00","date_gmt":"2021-08-21T14:12:00","guid":{"rendered":"https:\/\/www.grab.com\/vn\/?page_id=95220"},"modified":"2021-08-22T18:22:06","modified_gmt":"2021-08-22T10:22:06","slug":"huong-dan-su-dung-dich-vu-grabcar-y-te-tai-ha-noi","status":"publish","type":"page","link":"https:\/\/www.grab.com\/vn\/en\/huong-dan-su-dung-dich-vu-grabcar-y-te-tai-ha-noi\/","title":{"rendered":"H\u01b0\u1edbng d\u1eabn s\u1eed d\u1ee5ng d\u1ecbch v\u1ee5 GrabCar Y t\u1ebf t\u1ea1i H\u00e0 N\u1ed9i"},"content":{"rendered":"<p><img loading=\"lazy\" decoding=\"async\" width=\"1200\" height=\"600\" class=\"alignnone size-full wp-image-95221\" src=\"https:\/\/assets.grab.com\/wp-content\/uploads\/sites\/11\/2021\/08\/21220319\/1200x600-18-2.jpg\" alt=\"\" \/><\/p>\n<p><span style=\"font-weight: 400\"><strong>GrabCar Y t\u00ea\u0301<\/strong> la\u0300 d\u1ecbch v\u1ee5 \u0111\u0103\u0323c bi\u00ea\u0323t, chuy\u00ean ch\u01a1\u0309 mi\u00ea\u0303n phi\u0301: (i) Nh\u00e2n vi\u00ean y t\u00ea\u0301 cu\u0300ng m\u00e2\u0303u sinh ph\u00e2\u0309m t\u01b0\u0300 ca\u0301c TTYT\/ \u0111i\u00ea\u0309m test t\u00e2\u0323p trung t\u01a1\u0301i c\u00e1c \u0111\u01a1n v\u1ecb x\u00e9t nghi\u1ec7m tr\u00ean \u0111i\u0323a ba\u0300n tha\u0300nh ph\u00f4\u0301 Ha\u0300 N\u00f4\u0323i (\u0111\u01a1n vi\u0323 xe\u0301t nghi\u00ea\u0323m bao g\u00f4\u0300m b\u1ec7nh vi\u1ec7n &amp; CDC H\u00e0 N\u1ed9i) \u00a0va\u0300 (ii) Nh\u00e2n vi\u00ean y t\u00ea\u0301 \u0111i \u0111\u00ea\u0301n ca\u0301c \u0111i\u0323a \u0111i\u00ea\u0309m test t\u00e2\u0323p trung \u0111\u00ea\u0309 l\u00e2\u0301y m\u00e2\u0303u sinh ph\u00e2\u0309m.\u00a0C\u00e1n b\u1ed9 y t\u1ebf c\u1ee7a c\u00e1c trung t\u00e2m y t\u1ebf s\u1ebd \u0111i c\u00f9ng trong t\u00e2\u0301t ca\u0309 c\u00e1c chuy\u1ebfn xe<\/span><\/p>\n<p><b>\u00a0Pha\u0323m vi hoa\u0323t \u0111\u00f4\u0323ng<\/b>: Ha\u0300 N\u00f4\u0323i<\/p>\n<p><strong>Danh s\u00e1ch c\u00e1c trung t\u00e2m y t\u1ebf t\u1ea1i H\u00e0 N\u1ed9i:<\/strong><\/p>\n<ol>\n<li>TTYT \u0110an Ph\u01b0\u1ee3ng &#8211; Phan \u0110\u00ecnh Ph\u00f9ng, Th\u1ecb tr\u1ea5n Ph\u00f9ng, \u0110an Ph\u01b0\u1ee3ng.<\/li>\n<li>TTYT Nam T\u1eeb Li\u00eam &#8211; s\u1ed1 3 \u0111\u01b0\u1eddng Li\u00ean C\u01a1, C\u1ea7u Di\u1ec5n, Nam T\u1eeb Li\u00eam.<\/li>\n<li>TTYT Qu\u1ed1c Oai &#8211; \u0110\u01b0\u1eddng \u0110\u1ed3ng H\u01b0\u01a1ng, th\u1ecb tr\u1ea5n Qu\u1ed1c Oai, huy\u1ec7n Qu\u1ed1c Oai<\/li>\n<li>TTYT Hai Ba\u0300 Tr\u01b0ng &#8211; 141 L\u00f2 \u0110\u00fac, \u0110\u1ed1ng M\u00e1c.<\/li>\n<li>TTYT B\u0103\u0301c T\u01b0\u0300 Li\u00eam &#8211; T\u00f2a CT5A khu t\u00e1i \u0111\u1ecbnh c\u01b0 Ki\u1ec1u Mai, Ph\u00fac Di\u1ec5n, B\u1eafc T\u1eeb Li\u00eam<\/li>\n<li>TTYT Gia L\u00e2m &#8211; S\u1ed1 3 Ng\u00f4 Xu\u00e2n Qu\u1ea3ng, TT Tr\u00e2u Qu\u1ef3, Gia L\u00e2m<\/li>\n<li>TTYT Thanh Oai &#8211; Th\u1ecb tr\u1ea5n Kim B\u00e0i, huy\u1ec7n Thanh Oai<\/li>\n<li>TTYT Tha\u0323ch Th\u00e2\u0301t &#8211; Th\u00f4n Th\u00e1i Ho\u00e0, Xa\u0303 B\u00ecnh Ph\u00fa, Tha\u0323ch Th\u00e2\u0301t<\/li>\n<li>TTYT S\u01a1n T\u00e2y &#8211; S\u1ed1 1 L\u00ea L\u1ee3i, ph\u01b0\u1eddng L\u00ea L\u1ee3i, thi\u0323 xa\u0303 S\u01a1n T\u00e2y<\/li>\n<li>TTYT M\u00ea Linh &#8211; X\u00e3 \u0110\u1ea1i Th\u1ecbnh, huy\u1ec7n M\u00ea Linh<\/li>\n<li>TTYT M\u1ef9 \u0110\u1ee9c &#8211; Th\u1ecb tr\u1ea5n \u0110\u1ea1i ngh\u0129a, huy\u1ec7n M\u1ef9 \u0110\u1ee9c<\/li>\n<li>TTYT Long Bi\u00ean &#8211; L\u00f4 HH03 Khu \u0111\u00f4 th\u1ecb Vi\u1ec7t H\u01b0ng, Giang Bi\u00ean<\/li>\n<li>TTYT Ph\u00fa Xuy\u00ean &#8211; Ti\u1ec3u khu Thao Ch\u00ednh &#8211; Th\u1ecb tr\u1ea5n Ph\u00fa Xuy\u00ean<\/li>\n<li>TTYT Phu\u0301c Tho\u0323 &#8211; C\u1ee5m 8 th\u1ecb tr\u1ea5n Ph\u00fac Th\u1ecd<\/li>\n<li>TTYT S\u00f3c S\u01a1n &#8211; X\u00e3 Ph\u00f9 Linh, Huy\u1ec7n S\u00f3c S\u01a1n<\/li>\n<li>TTYT C\u00e2\u0300u Gi\u00e2\u0301y &#8211; PK\u0110K Y\u00ean H\u00f2a, l\u00f4 E2 D\u01b0\u01a1ng \u0110\u00ecnh Ngh\u1ec7, ph\u01b0\u1eddng Y\u00ean H\u00f2a<\/li>\n<li>TTYT Ch\u01b0\u01a1ng My\u0303 &#8211; Th\u1ecb tr\u1ea5n Ch\u00fac S\u01a1n, Ch\u01b0\u01a1ng My\u0303<\/li>\n<li>TTYT Th\u01b0\u01a1\u0300ng Ti\u0301n &#8211; An Duy\u00ean, T\u00f4 Hi\u1ec7u, Th\u01b0\u1eddng T\u00edn<\/li>\n<li>TTYT Hoa\u0300i \u0110\u01b0\u0301c &#8211; th\u00f4n L\u0169ng K\u00eanh, x\u00e3 \u0110\u1ee9c Giang, huy\u1ec7n Ho\u00e0i \u0110\u1ee9c<\/li>\n<li>TTYT Hoa\u0300n Ki\u00ea\u0301m &#8211; 26 L\u01b0\u01a1ng Ng\u1ecdc Quy\u1ebfn, H\u00e0ng Bu\u1ed3m<\/li>\n<li>TTYT Thanh Xu\u00e2n &#8211; 23 ng\u00f5 282 Kh\u01b0\u01a1ng \u0110\u00ecnh, H\u1ea1 \u0110\u00ecnh, Thanh Xu\u00e2n.<\/li>\n<li>TTYT \u0110\u00f4\u0301ng \u0110a &#8211; 107 T\u00f4n \u0110\u01b0\u0301c Th\u0103\u0301ng, \u0110\u00f4\u0301ng \u0110a<\/li>\n<li>TTYT Hoa\u0300ng Mai &#8211; S\u1ed1 5 ng\u00f5 4 B\u00f9i Huy B\u00edch, Th\u1ecbnh Li\u1ec7t<\/li>\n<li>TTYT Ba Vi\u0300 &#8211; Khu h\u00e0nh ch\u00ednh 2, Th\u1ecb tr\u1ea5n T\u00e2y \u0110\u1eb1ng, Ba V\u00ec<\/li>\n<li>TTYT Ba \u0110i\u0300nh &#8211; 101 Qua\u0301n Tha\u0301nh, Ba \u0110i\u0300nh<\/li>\n<li>TTYT \u0110\u00f4ng Anh &#8211; Km1 \u0110\u01b0\u1eddng 23b X\u00e3 Ti\u00ean D\u01b0\u01a1ng, \u0110\u00f4ng Anh,<\/li>\n<li>TTYT H\u00e0 \u0110\u00f4ng<\/li>\n<li>TTYT T\u00e2y H\u1ed3 &#8211; 695 L\u1ea1c Long Qu\u00e2n, T\u00e2y H\u00f4\u0300<\/li>\n<li>TTYT Thanh Tr\u00ec &#8211; X\u00e3 \u0110\u1ea1i \u00c1ng, huy\u1ec7n Thanh Tr\u00ec, c\u1ea1nh UB x\u00e3 \u0110\u1ea1i \u00c1ng<\/li>\n<li>TTYT \u01af\u0301ng Ho\u0300a &#8211; S\u1ed1 3 Thanh \u1ea4m, th\u1ecb tr\u1ea5n V\u00e2n \u0110\u00ecnh<\/li>\n<\/ol>\n<p><img loading=\"lazy\" decoding=\"async\" class=\"wp-image-95224 aligncenter\" src=\"https:\/\/assets.grab.com\/wp-content\/uploads\/sites\/11\/2021\/08\/21230742\/ezgif.com-gif-maker.gif\" alt=\"\" width=\"624\" height=\"624\" \/><\/p>\n<p><b>H\u01b0\u1edbng d\u1eabn s\u1eed d\u1ee5ng GrabCar Y t\u1ebf t\u1ea1i H\u00e0 N\u1ed9i:\u00a0<\/b><\/p>\n<div class=\"post-content\">\n<ul>\n<li>B\u01b0\u1edbc 1: M\u1edf \u1ee9ng d\u1ee5ng\u00a0<strong>Grab<\/strong>, ch\u1ecdn m\u1ee5c\u00a0<strong>\u00d4 t\u00f4\u00a0<\/strong>\u0111\u01b0\u1ee3c hi\u1ec3n th\u1ecb ri\u00eang \u0111\u1ed1i v\u1edbi ng\u01b0\u1eddi d\u00f9ng l\u00e0 c\u00e1c nh\u00e2n vi\u00ean y t\u1ebf.<\/li>\n<li>B\u01b0\u1edbc 2: Nh\u1eadp \u0111i\u1ec3m \u0111\u1ebfn v\u00e0 \u0111i\u1ec3m \u0111i, v\u1edbi \u0111i\u1ec3m \u0111i v\u1edbi <span style=\"font-weight: 400\">\u0111i\u00ea\u0309m \u0111o\u0301n la\u0300 ca\u0301c trung t\u00e2m y t\u00ea\u0301 qu\u00e2\u0323n, huy\u00ea\u0323n, thi\u0323 xa\u0303 trong danh sa\u0301ch va\u0300 \u0111i\u00ea\u0309m \u0111\u00ea\u0301n la\u0300 CDC H\u00e0 N\u1ed9i v\u00e0 b\u1ec7nh vi\u1ec7n pha\u0323m vi Tha\u0300nh ph\u00f4\u0301 Ha\u0300 N\u00f4\u0323i<\/span><\/li>\n<li>B\u01b0\u1edbc 3: Ki\u1ec3m tra l\u1ea1i th\u00f4ng tin, ch\u1ecdn d\u1ecbch v\u1ee5\u00a0<strong>GrabCar Y t\u1ebf<\/strong>\u00a0v\u00e0 nh\u1ea5n \u201c<strong>\u0110\u1eb7t xe<\/strong>\u201d \u0111\u1ec3 h\u1ec7 th\u1ed1ng t\u1ef1 \u0111\u1ed9ng t\u00ecm t\u00e0i x\u1ebf ho\u1eb7c ch\u1ee7 \u0111\u1ed9ng t\u00ecm t\u00e0i x\u1ebf th\u00f4ng qua t\u00ednh n\u0103ng\u00a0<strong>GrabNow<\/strong>.<\/li>\n<\/ul>\n<p><strong><em>\u0110\u1ed1i v\u1edbi chuy\u1ebfn xe GrabNow:<\/em><\/strong><\/p>\n<ul>\n<li>H\u00e0nh kh\u00e1ch li\u00ean h\u1ec7 t\u00e0i x\u1ebf GrabCar \u1edf g\u1ea7n (ph\u01b0\u01a1ng ti\u1ec7n c\u00f3 logo Grab), ch\u1ecdn \u201c<strong>K\u1ebft n\u1ed1i v\u1edbi t\u00e0i x\u1ebf<\/strong>\u201c.<\/li>\n<li>Nh\u1eadp m\u00e3 s\u1ed1 \u0111\u01b0\u1ee3c hi\u1ec3n th\u1ecb tr\u00ean \u0111i\u1ec7n tho\u1ea1i c\u1ee7a t\u00e0i x\u1ebf v\u00e0 x\u00e1c nh\u1eadn chuy\u1ebfn \u0111i.<\/li>\n<\/ul>\n<\/div>\n<div class=\"social-btns\"><\/div>","protected":false},"excerpt":{"rendered":"GrabCar Y t\u00ea\u0301 la\u0300 d\u1ecbch v\u1ee5 \u0111\u0103\u0323c bi\u00ea\u0323t, chuy\u00ean ch\u01a1\u0309 mi\u00ea\u0303n phi\u0301: (i) Nh\u00e2n vi\u00ean y t\u00ea\u0301 cu\u0300ng m\u00e2\u0303u sinh ph\u00e2\u0309m t\u01b0\u0300 ca\u0301c TTYT\/ \u0111i\u00ea\u0309m test t\u00e2\u0323p trung t\u01a1\u0301i c\u00e1c \u0111\u01a1n v\u1ecb x\u00e9t nghi\u1ec7m tr\u00ean \u0111i\u0323a ba\u0300n tha\u0300nh ph\u00f4\u0301 Ha\u0300 N\u00f4\u0323i (\u0111\u01a1n vi\u0323 xe\u0301t nghi\u00ea\u0323m bao g\u00f4\u0300m b\u1ec7nh vi\u1ec7n &amp; CDC H\u00e0 N\u1ed9i) \u00a0va\u0300 (ii) [&hellip;]","protected":false},"author":1123,"featured_media":0,"parent":0,"menu_order":0,"comment_status":"closed","ping_status":"closed","template":"","meta":{"_acf_changed":false,"footnotes":""},"acf":[],"_links":{"self":[{"href":"https:\/\/www.grab.com\/vn\/en\/wp-json\/wp\/v2\/pages\/95220"}],"collection":[{"href":"https:\/\/www.grab.com\/vn\/en\/wp-json\/wp\/v2\/pages"}],"about":[{"href":"https:\/\/www.grab.com\/vn\/en\/wp-json\/wp\/v2\/types\/page"}],"author":[{"embeddable":true,"href":"https:\/\/www.grab.com\/vn\/en\/wp-json\/wp\/v2\/users\/1123"}],"replies":[{"embeddable":true,"href":"https:\/\/www.grab.com\/vn\/en\/wp-json\/wp\/v2\/comments?post=95220"}],"version-history":[{"count":6,"href":"https:\/\/www.grab.com\/vn\/en\/wp-json\/wp\/v2\/pages\/95220\/revisions"}],"predecessor-version":[{"id":95234,"href":"https:\/\/www.grab.com\/vn\/en\/wp-json\/wp\/v2\/pages\/95220\/revisions\/95234"}],"wp:attachment":[{"href":"https:\/\/www.grab.com\/vn\/en\/wp-json\/wp\/v2\/media?parent=95220"}],"curies":[{"name":"wp","href":"https:\/\/api.w.org\/{rel}","templated":true}]}}