{"id":8752,"date":"2017-03-13T16:36:32","date_gmt":"2017-03-13T08:36:32","guid":{"rendered":"https:\/\/www.grab.com\/vn\/?page_id=8752"},"modified":"2017-03-13T16:46:10","modified_gmt":"2017-03-13T08:46:10","slug":"nhap-ma-moitinhxua-nhan-30k-x-5-chuyen-grabcar-giam-gia","status":"publish","type":"page","link":"https:\/\/www.grab.com\/vn\/en\/nhap-ma-moitinhxua-nhan-30k-x-5-chuyen-grabcar-giam-gia\/","title":{"rendered":"Nh\u1eadp m\u00e3 MOITINHXUA &#8211; Nh\u1eadn 30k x 5 chuy\u1ebfn GrabCar gi\u1ea3m gi\u00e1"},"content":{"rendered":"<p><strong><span style=\"color: #009d3b\">Ta g\u1eb7p nhau m\u1ed9t chi\u1ec1u xu\u00e2n th\u00e1ng 2, v\u00ec n\u1ee5 c\u01b0\u1eddi \u1ea5y cho ai nh\u1edb mong t\u1eebng ng\u00e0y&#8230;<\/span><\/strong><\/p>\n<p>V\u1eady m\u00e0 \u0111\u00e3 1 th\u00e1ng nay ch\u00fang ta ch\u01b0a g\u1eb7p l\u1ea1i nhau. Nh\u00e2n ng\u00e0y Valentine Tr\u1eafng, GrabCar g\u1eedi t\u1eb7ng \u0111\u1ebfn b\u1ea1n m\u00e3 khuy\u1ebfn m\u00e3i <strong><span style=\"color: #009d3b\">MOITINHXUA<\/span><\/strong>. Khi d\u00f9ng m\u00e3 n\u00e0y, b\u1ea1n \u0111\u01b0\u1ee3c <strong><span style=\"color: #009d3b\">gi\u1ea3m gi\u00e1 30,000\u0111\/chuy\u1ebfn GrabCar, t\u1ed1i \u0111a 5 chuy\u1ebfn<\/span><\/strong>. Nh\u1eadn \u0111\u01b0\u1ee3c m\u00e3, mong b\u1ea1n quay l\u1ea1i b\u00ean GrabCar \u0111\u1ec3 ta n\u1ed1i l\u1ea1i t\u00ecnh x\u01b0a nha.<\/p>\n<hr \/>\n<p><strong><span style=\"color: #009d3b\">Th\u1ec3 l\u1ec7 v\u00e0 \u0111i\u1ec1u ki\u1ec7n ch\u01b0\u01a1ng tr\u00ecnh:<\/span><\/strong><\/p>\n<p>&#8211; M\u00e3 <strong><span style=\"color: #009d3b\">MOITINHXUA<\/span><\/strong> \u00e1p d\u1ee5ng t\u1eeb <strong><span style=\"color: #009d3b\">13\/03 \u0111\u1ebfn 31\/03\/2017<\/span><\/strong><br \/>\n&#8211; M\u00e3 \u00e1p d\u1ee5ng cho c\u00e1c kh\u00e1ch h\u00e0ng kh\u00f4ng s\u1eed d\u1ee5ng Grab (t\u1ea5t c\u1ea3 c\u00e1c d\u1ecbch v\u1ee5) trong \u00edt nh\u1ea5t 30 ng\u00e0y tr\u01b0\u1edbc \u0111\u00f3. T\u1ee9c l\u00e0, m\u00e3 ch\u1ec9 c\u00f3 hi\u1ec7u l\u1ef1c khi l\u1ea7n cu\u1ed1i kh\u00e1ch h\u00e0ng s\u1eed d\u1ee5ng Grab \u0111\u1ebfn th\u1eddi \u0111i\u1ec3m nh\u1eadp m\u00e3 l\u00e0 \u00edt nh\u1ea5t 30 ng\u00e0y<\/p>\n<p>&#8211; \u00c1p d\u1ee5ng cho d\u1ecbch v\u1ee5 GrabCar v\u00e0 GrabCar 7 ch\u1ed7, t\u1ea1i TP. HCM v\u00e0 H\u00e0 N\u1ed9i.<\/p>\n<hr \/>\n<p><strong>Details:<\/strong><\/p>\n<ul>\n<li>Kh\u00e1ch h\u00e0ng c\u00f3 th\u1ec3 ki\u1ec3m tra trong m\u1ee5c \u201cL\u1ecbch s\u1eed\u201d (\u201cHistory\u201d) \u0111\u1ec3 xem l\u1ea1i th\u1eddi gian c\u1ee7a chuy\u1ebfn \u0111i cu\u1ed1i c\u00f9ng v\u00e0 x\u00e1c nh\u1eadn t\u00ednh h\u1ee3p l\u1ec7 c\u1ee7a m\u00e3.<\/li>\n<li>S\u1ed1 l\u01b0\u1ee3t khuy\u1ebfn m\u00e3i \u0111\u01b0\u1ee3c t\u00ednh d\u1ef1a theo t\u00e0i kho\u1ea3n Grab v\u00e0 thi\u1ebft b\u1ecb di \u0111\u1ed9ng. C\u00f3 ngh\u0129a: m\u1ed7i t\u00e0i kho\u1ea3n ho\u1eb7c m\u1ed7i thi\u1ebft b\u1ecb di \u0111\u1ed9ng \u0111\u01b0\u1ee3c s\u1eed d\u1ee5ng t\u1ed1i \u0111a 5 l\u01b0\u1ee3t khuy\u1ebfn m\u00e3i, b\u1ea5t k\u1ec3 thi\u1ebft b\u1ecb di \u0111\u1ed9ng c\u00f3 m\u1ed9t ho\u1eb7c nhi\u1ec1u t\u00e0i kho\u1ea3n Grab.<\/li>\n<\/ul>\n<p>M\u1ecdi th\u1eafc m\u1eafc b\u1ea1n vui l\u00f2ng li\u00ean h\u1ec7: (08)7108 7108 &#8211; T\u1ed5ng \u0111\u00e0i ch\u0103m s\u00f3c kh\u00e1ch h\u00e0ng HCM v\u00e0 (04)7108 7108 &#8211; T\u1ed5ng \u0111\u00e0i ch\u0103m s\u00f3c kh\u00e1ch h\u00e0ng HN<\/p>\n<hr \/>\n<h3>N\u1ebfu b\u1ea1n ch\u01b0a c\u00f3 \u1ee9ng d\u1ee5ng c\u1ee7a Grab, h\u00e3y t\u1ea3i ngay t\u1ea1i \u0111\u00e2y:<\/h3>\n<p><a href=\"https:\/\/app.appsflyer.com\/id647268330?pid=VN_Blog_IOS-Download-Button&amp;c=Blog_Download\"><img loading=\"lazy\" decoding=\"async\" class=\"alignnone wp-image-4743 size-medium\" src=\"https:\/\/www.grab.com\/vn\/wp-content\/uploads\/sites\/11\/2016\/08\/Call-To-Action-iOS-300x89-250x74.png\" alt=\"Call-To-Action-iOS-300x89\" width=\"250\" height=\"74\" srcset=\"https:\/\/www.grab.com\/vn\/wp-content\/uploads\/sites\/11\/2016\/08\/Call-To-Action-iOS-300x89-250x74.png 250w, https:\/\/www.grab.com\/vn\/wp-content\/uploads\/sites\/11\/2016\/08\/Call-To-Action-iOS-300x89-120x36.png 120w, https:\/\/www.grab.com\/vn\/wp-content\/uploads\/sites\/11\/2016\/08\/Call-To-Action-iOS-300x89.png 300w\" sizes=\"(max-width: 250px) 100vw, 250px\" \/><\/a><\/p>\n<p><a href=\"https:\/\/app.appsflyer.com\/com.grabtaxi.passenger?pid=VN_Blog_ADR-Download-Button&amp;c=Blog_Download\"><img loading=\"lazy\" decoding=\"async\" class=\"alignnone wp-image-4744 size-medium\" src=\"https:\/\/www.grab.com\/vn\/wp-content\/uploads\/sites\/11\/2016\/08\/Call-To-Action-Android-300x89-250x74.png\" alt=\"Call-To-Action-Android-300x89\" width=\"250\" height=\"74\" srcset=\"https:\/\/www.grab.com\/vn\/wp-content\/uploads\/sites\/11\/2016\/08\/Call-To-Action-Android-300x89-250x74.png 250w, https:\/\/www.grab.com\/vn\/wp-content\/uploads\/sites\/11\/2016\/08\/Call-To-Action-Android-300x89-120x36.png 120w, https:\/\/www.grab.com\/vn\/wp-content\/uploads\/sites\/11\/2016\/08\/Call-To-Action-Android-300x89.png 300w\" sizes=\"(max-width: 250px) 100vw, 250px\" \/><\/a><\/p>","protected":false},"excerpt":{"rendered":"Ta g\u1eb7p nhau m\u1ed9t chi\u1ec1u xu\u00e2n th\u00e1ng 2, v\u00ec n\u1ee5 c\u01b0\u1eddi \u1ea5y cho ai nh\u1edb mong t\u1eebng ng\u00e0y&#8230; V\u1eady m\u00e0 \u0111\u00e3 1 th\u00e1ng nay ch\u00fang ta ch\u01b0a g\u1eb7p l\u1ea1i nhau. Nh\u00e2n ng\u00e0y Valentine Tr\u1eafng, GrabCar g\u1eedi t\u1eb7ng \u0111\u1ebfn b\u1ea1n m\u00e3 khuy\u1ebfn m\u00e3i MOITINHXUA. Khi d\u00f9ng m\u00e3 n\u00e0y, b\u1ea1n \u0111\u01b0\u1ee3c gi\u1ea3m gi\u00e1 30,000\u0111\/chuy\u1ebfn GrabCar, t\u1ed1i \u0111a [&hellip;]","protected":false},"author":592,"featured_media":0,"parent":0,"menu_order":4,"comment_status":"closed","ping_status":"closed","template":"tpl\/tpl-page-elements.php","meta":{"_acf_changed":false,"footnotes":""},"acf":[],"_links":{"self":[{"href":"https:\/\/www.grab.com\/vn\/en\/wp-json\/wp\/v2\/pages\/8752"}],"collection":[{"href":"https:\/\/www.grab.com\/vn\/en\/wp-json\/wp\/v2\/pages"}],"about":[{"href":"https:\/\/www.grab.com\/vn\/en\/wp-json\/wp\/v2\/types\/page"}],"author":[{"embeddable":true,"href":"https:\/\/www.grab.com\/vn\/en\/wp-json\/wp\/v2\/users\/592"}],"replies":[{"embeddable":true,"href":"https:\/\/www.grab.com\/vn\/en\/wp-json\/wp\/v2\/comments?post=8752"}],"version-history":[{"count":3,"href":"https:\/\/www.grab.com\/vn\/en\/wp-json\/wp\/v2\/pages\/8752\/revisions"}],"predecessor-version":[{"id":8760,"href":"https:\/\/www.grab.com\/vn\/en\/wp-json\/wp\/v2\/pages\/8752\/revisions\/8760"}],"wp:attachment":[{"href":"https:\/\/www.grab.com\/vn\/en\/wp-json\/wp\/v2\/media?parent=8752"}],"curies":[{"name":"wp","href":"https:\/\/api.w.org\/{rel}","templated":true}]}}