{"id":80301,"date":"2021-01-07T16:18:09","date_gmt":"2021-01-07T08:18:09","guid":{"rendered":"https:\/\/www.grab.com\/vn\/?page_id=80301"},"modified":"2026-03-16T11:05:40","modified_gmt":"2026-03-16T03:05:40","slug":"drive","status":"publish","type":"page","link":"https:\/\/www.grab.com\/vn\/en\/driver\/drive\/","title":{"rendered":"Drive"},"content":{"rendered":"<div data-elementor-type=\"wp-post\" data-elementor-id=\"80301\" class=\"elementor elementor-80301\" data-elementor-post-type=\"page\">\n\t\t\t\t\t\t<section class=\"elementor-section elementor-top-section elementor-element elementor-element-6a5f936b elementor-section-full_width elementor-section-height-default elementor-section-height-default\" data-id=\"6a5f936b\" data-element_type=\"section\" data-settings=\"{&quot;background_background&quot;:&quot;classic&quot;}\">\n\t\t\t\t\t\t<div class=\"elementor-container elementor-column-gap-no\">\n\t\t\t\t\t<div class=\"elementor-column elementor-col-100 elementor-top-column elementor-element elementor-element-59f8c0be\" data-id=\"59f8c0be\" data-element_type=\"column\">\n\t\t\t<div class=\"elementor-widget-wrap\">\n\t\t\t\t\t\t\t<\/div>\n\t\t<\/div>\n\t\t\t\t\t<\/div>\n\t\t<\/section>\n\t\t\t\t<\/div>","protected":false},"excerpt":{"rendered":"For existing driver- and delivery-partners who are experiencing account issues, please go to Help Centre. Become a Grab partner. Partner with us to empower your livelihood and more. Let&#8217;s get started on this journey together. \u0110\u0103ng k\u00fd B\u1ea1n \u0111\u00e3 \u0111\u0103ng k\u00fd? Log in here . Ways to earn with us Drive your car or taxi [&hellip;]","protected":false},"author":996,"featured_media":0,"parent":42133,"menu_order":3,"comment_status":"closed","ping_status":"closed","template":"grab20-boxed","meta":{"_acf_changed":false,"footnotes":""},"acf":[],"_links":{"self":[{"href":"https:\/\/www.grab.com\/vn\/en\/wp-json\/wp\/v2\/pages\/80301"}],"collection":[{"href":"https:\/\/www.grab.com\/vn\/en\/wp-json\/wp\/v2\/pages"}],"about":[{"href":"https:\/\/www.grab.com\/vn\/en\/wp-json\/wp\/v2\/types\/page"}],"author":[{"embeddable":true,"href":"https:\/\/www.grab.com\/vn\/en\/wp-json\/wp\/v2\/users\/996"}],"replies":[{"embeddable":true,"href":"https:\/\/www.grab.com\/vn\/en\/wp-json\/wp\/v2\/comments?post=80301"}],"version-history":[{"count":218,"href":"https:\/\/www.grab.com\/vn\/en\/wp-json\/wp\/v2\/pages\/80301\/revisions"}],"predecessor-version":[{"id":201963,"href":"https:\/\/www.grab.com\/vn\/en\/wp-json\/wp\/v2\/pages\/80301\/revisions\/201963"}],"up":[{"embeddable":true,"href":"https:\/\/www.grab.com\/vn\/en\/wp-json\/wp\/v2\/pages\/42133"}],"wp:attachment":[{"href":"https:\/\/www.grab.com\/vn\/en\/wp-json\/wp\/v2\/media?parent=80301"}],"curies":[{"name":"wp","href":"https:\/\/api.w.org\/{rel}","templated":true}]}}