{"id":74837,"date":"2020-10-12T15:27:03","date_gmt":"2020-10-12T07:27:03","guid":{"rendered":"https:\/\/www.grab.com\/vn\/?page_id=74837"},"modified":"2022-09-28T17:32:56","modified_gmt":"2022-09-28T09:32:56","slug":"ride-cover","status":"publish","type":"page","link":"https:\/\/www.grab.com\/vn\/en\/ride-cover\/","title":{"rendered":"Ride Cover"},"content":{"rendered":"<div data-elementor-type=\"wp-post\" data-elementor-id=\"74837\" class=\"elementor elementor-74837\" data-elementor-post-type=\"page\">\n\t\t\t\t\t\t<section class=\"elementor-section elementor-top-section elementor-element elementor-element-9926def elementor-section-boxed elementor-section-height-default elementor-section-height-default\" data-id=\"9926def\" data-element_type=\"section\">\n\t\t\t\t\t\t<div class=\"elementor-container elementor-column-gap-default\">\n\t\t\t\t\t<div class=\"elementor-column elementor-col-100 elementor-top-column elementor-element elementor-element-135910c\" data-id=\"135910c\" data-element_type=\"column\">\n\t\t\t<div class=\"elementor-widget-wrap elementor-element-populated\">\n\t\t\t\t\t\t<div class=\"elementor-element elementor-element-dfdca8a elementor-widget elementor-widget-image\" data-id=\"dfdca8a\" data-element_type=\"widget\" data-widget_type=\"image.default\">\n\t\t\t\t<div class=\"elementor-widget-container\">\n\t\t\t\t\t\t\t\t\t\t\t\t\t<img loading=\"lazy\" decoding=\"async\" width=\"1920\" height=\"640\" src=\"https:\/\/assets.grab.com\/wp-content\/uploads\/sites\/11\/2020\/11\/17124101\/Ridecover_Website.jpg\" class=\"attachment-full size-full wp-image-77065\" alt=\"\" srcset=\"https:\/\/assets.grab.com\/wp-content\/uploads\/sites\/11\/2020\/11\/17124101\/Ridecover_Website.jpg 1920w, https:\/\/assets.grab.com\/wp-content\/uploads\/sites\/11\/2020\/11\/17124101\/Ridecover_Website-250x83.jpg 250w, https:\/\/assets.grab.com\/wp-content\/uploads\/sites\/11\/2020\/11\/17124101\/Ridecover_Website-768x256.jpg 768w, https:\/\/assets.grab.com\/wp-content\/uploads\/sites\/11\/2020\/11\/17124101\/Ridecover_Website-700x233.jpg 700w, https:\/\/assets.grab.com\/wp-content\/uploads\/sites\/11\/2020\/11\/17124101\/Ridecover_Website-120x40.jpg 120w\" sizes=\"(max-width: 1920px) 100vw, 1920px\" \/>\t\t\t\t\t\t\t\t\t\t\t\t\t<\/div>\n\t\t\t\t<\/div>\n\t\t\t\t\t<\/div>\n\t\t<\/div>\n\t\t\t\t\t<\/div>\n\t\t<\/section>\n\t\t\t\t<section class=\"elementor-section elementor-top-section elementor-element elementor-element-2cfab79 elementor-section-boxed elementor-section-height-default elementor-section-height-default\" data-id=\"2cfab79\" data-element_type=\"section\">\n\t\t\t\t\t\t<div class=\"elementor-container elementor-column-gap-default\">\n\t\t\t\t\t<div class=\"elementor-column elementor-col-100 elementor-top-column elementor-element elementor-element-60c83d1\" data-id=\"60c83d1\" data-element_type=\"column\">\n\t\t\t<div class=\"elementor-widget-wrap elementor-element-populated\">\n\t\t\t\t\t\t<div class=\"elementor-element elementor-element-b7cb489 elementor-drop-cap-yes elementor-drop-cap-view-default elementor-widget elementor-widget-text-editor\" data-id=\"b7cb489\" data-element_type=\"widget\" data-settings=\"{&quot;drop_cap&quot;:&quot;yes&quot;}\" data-widget_type=\"text-editor.default\">\n\t\t\t\t<div class=\"elementor-widget-container\">\n\t\t\t\t\t\t\t<p><span style=\"font-weight: 400\">Opt-in now to Ride Cover for only VND2,000\/ride*. Get up to VND500,000,000 Personal Accident Insurance &#8211; paid coverage by Chubb for yourself and your family. Plus a VND20,000 Grab voucher if your driver arrives more than ten (10) minutes after the initial estimated time of arrival shown on Grab app.**<\/span><\/p><p><span style=\"font-weight: 400\">*Note: After you opted in to Ride Cover, a fee of VND2,000\/ride will be added to every ride until you opt out of\u00a0 Ride Cover.<\/span><\/p><p><span style=\"font-weight: 400\">**T&amp;Cs apply.<\/span><\/p>\t\t\t\t\t\t<\/div>\n\t\t\t\t<\/div>\n\t\t\t\t\t<\/div>\n\t\t<\/div>\n\t\t\t\t\t<\/div>\n\t\t<\/section>\n\t\t\t\t<section class=\"elementor-section elementor-top-section elementor-element elementor-element-b12b7d0 elementor-section-boxed elementor-section-height-default elementor-section-height-default\" data-id=\"b12b7d0\" data-element_type=\"section\">\n\t\t\t\t\t\t<div class=\"elementor-container elementor-column-gap-default\">\n\t\t\t\t\t<div class=\"elementor-column elementor-col-100 elementor-top-column elementor-element elementor-element-325faa6\" data-id=\"325faa6\" data-element_type=\"column\">\n\t\t\t<div class=\"elementor-widget-wrap elementor-element-populated\">\n\t\t\t\t\t\t<div class=\"elementor-element elementor-element-5fd907a elementor-widget elementor-widget-heading\" data-id=\"5fd907a\" data-element_type=\"widget\" data-widget_type=\"heading.default\">\n\t\t\t\t<div class=\"elementor-widget-container\">\n\t\t\t<h3 class=\"elementor-heading-title elementor-size-default\">How Ride Cover works\n\n<\/h3>\t\t<\/div>\n\t\t\t\t<\/div>\n\t\t\t\t\t<\/div>\n\t\t<\/div>\n\t\t\t\t\t<\/div>\n\t\t<\/section>\n\t\t\t\t<section class=\"elementor-section elementor-top-section elementor-element elementor-element-75a57c8 elementor-section-boxed elementor-section-height-default elementor-section-height-default\" data-id=\"75a57c8\" data-element_type=\"section\">\n\t\t\t\t\t\t<div class=\"elementor-container elementor-column-gap-default\">\n\t\t\t\t\t<div class=\"elementor-column elementor-col-100 elementor-top-column elementor-element elementor-element-3703303\" data-id=\"3703303\" data-element_type=\"column\">\n\t\t\t<div class=\"elementor-widget-wrap elementor-element-populated\">\n\t\t\t\t\t\t<div class=\"elementor-element elementor-element-7b5e60d elementor-widget elementor-widget-html\" data-id=\"7b5e60d\" data-element_type=\"widget\" data-widget_type=\"html.default\">\n\t\t\t\t<div class=\"elementor-widget-container\">\n\t\t\t\n    <br>\n<\/p>\n\n\n<table class=\"tablepress\">\n  <thead>\n    <tr>\n      <th>You\u2019ll be compensated if\n      <\/th>\n      <th>You\u2019ll receive\n      <\/th>\n    <\/tr>\n  <\/thead>\n  <tbody>\n    <tr>\n      <td>You get into an accident during your eligible Grab ride in Vietnam and already opted in to Ride Cover.\n      <\/td>\n      <td>A claim of up to VND500,000,000 Personal Accident Insurance - paid coverage by Chubb, on top of Grab's existing coverage\n      <\/td>\n    <\/tr>\n    <tr>\n      <td style=\"vertical-align:middle\">\n        Your pickup is delayed more than ten (10) minutes after the initial estimated time of arrival shown on Grab app\n      <\/td>\n      <td>\n         A VND20,000 Grab voucher once your eligible journey has been completed; your voucher will be valid for six (6) months\n        \n        \n       \n      <\/td>\n    <\/tr>\n    <\/table>\n    <br>\n<p style=\"text-align:center;font-size:12px\">\n    \n<\/p>\t\t<\/div>\n\t\t\t\t<\/div>\n\t\t\t\t\t<\/div>\n\t\t<\/div>\n\t\t\t\t\t<\/div>\n\t\t<\/section>\n\t\t\t\t<section class=\"elementor-section elementor-top-section elementor-element elementor-element-324399e elementor-section-boxed elementor-section-height-default elementor-section-height-default\" data-id=\"324399e\" data-element_type=\"section\">\n\t\t\t\t\t\t<div class=\"elementor-container elementor-column-gap-default\">\n\t\t\t\t\t<div class=\"elementor-column elementor-col-33 elementor-top-column elementor-element elementor-element-68d4eb7\" data-id=\"68d4eb7\" data-element_type=\"column\">\n\t\t\t<div class=\"elementor-widget-wrap elementor-element-populated\">\n\t\t\t\t\t\t<div class=\"elementor-element elementor-element-f3a76a8 elementor-position-top elementor-widget elementor-widget-image-box\" data-id=\"f3a76a8\" data-element_type=\"widget\" data-widget_type=\"image-box.default\">\n\t\t\t\t<div class=\"elementor-widget-container\">\n\t\t\t<div class=\"elementor-image-box-wrapper\"><figure class=\"elementor-image-box-img\"><img loading=\"lazy\" decoding=\"async\" width=\"300\" height=\"300\" src=\"https:\/\/assets.grab.com\/wp-content\/uploads\/sites\/11\/2020\/10\/21101006\/website-icon-vn-ride-cover-Car.png\" class=\"attachment-full size-full wp-image-75450\" alt=\"\" srcset=\"https:\/\/assets.grab.com\/wp-content\/uploads\/sites\/11\/2020\/10\/21101006\/website-icon-vn-ride-cover-Car.png 300w, https:\/\/assets.grab.com\/wp-content\/uploads\/sites\/11\/2020\/10\/21101006\/website-icon-vn-ride-cover-Car-150x150.png 150w, https:\/\/assets.grab.com\/wp-content\/uploads\/sites\/11\/2020\/10\/21101006\/website-icon-vn-ride-cover-Car-250x250.png 250w, https:\/\/assets.grab.com\/wp-content\/uploads\/sites\/11\/2020\/10\/21101006\/website-icon-vn-ride-cover-Car-120x120.png 120w\" sizes=\"(max-width: 300px) 100vw, 300px\" \/><\/figure><div class=\"elementor-image-box-content\"><h3 class=\"elementor-image-box-title\"><p>Extra Personal Accident Coverage<\/p><\/h3><p class=\"elementor-image-box-description\"><p>Get extra personal accident coverage of up to VND 500M<\/p><\/p><\/div><\/div>\t\t<\/div>\n\t\t\t\t<\/div>\n\t\t\t\t\t<\/div>\n\t\t<\/div>\n\t\t\t\t<div class=\"elementor-column elementor-col-33 elementor-top-column elementor-element elementor-element-44dc134\" data-id=\"44dc134\" data-element_type=\"column\">\n\t\t\t<div class=\"elementor-widget-wrap elementor-element-populated\">\n\t\t\t\t\t\t<div class=\"elementor-element elementor-element-29250e7 elementor-position-top elementor-widget elementor-widget-image-box\" data-id=\"29250e7\" data-element_type=\"widget\" data-widget_type=\"image-box.default\">\n\t\t\t\t<div class=\"elementor-widget-container\">\n\t\t\t<div class=\"elementor-image-box-wrapper\"><figure class=\"elementor-image-box-img\"><img loading=\"lazy\" decoding=\"async\" width=\"300\" height=\"300\" src=\"https:\/\/assets.grab.com\/wp-content\/uploads\/sites\/11\/2020\/10\/21101318\/icon-vn-ride-cover-phone.png\" class=\"attachment-full size-full wp-image-75455\" alt=\"\" srcset=\"https:\/\/assets.grab.com\/wp-content\/uploads\/sites\/11\/2020\/10\/21101318\/icon-vn-ride-cover-phone.png 300w, https:\/\/assets.grab.com\/wp-content\/uploads\/sites\/11\/2020\/10\/21101318\/icon-vn-ride-cover-phone-150x150.png 150w, https:\/\/assets.grab.com\/wp-content\/uploads\/sites\/11\/2020\/10\/21101318\/icon-vn-ride-cover-phone-250x250.png 250w, https:\/\/assets.grab.com\/wp-content\/uploads\/sites\/11\/2020\/10\/21101318\/icon-vn-ride-cover-phone-120x120.png 120w\" sizes=\"(max-width: 300px) 100vw, 300px\" \/><\/figure><div class=\"elementor-image-box-content\"><h3 class=\"elementor-image-box-title\"><p>Protection when you need it<\/p><\/h3><p class=\"elementor-image-box-description\"><p>\u00a0<\/p><p>Flexible opt in or opt out through the Grab App anytime.<\/p><\/p><\/div><\/div>\t\t<\/div>\n\t\t\t\t<\/div>\n\t\t\t\t\t<\/div>\n\t\t<\/div>\n\t\t\t\t<div class=\"elementor-column elementor-col-33 elementor-top-column elementor-element elementor-element-8317db5\" data-id=\"8317db5\" data-element_type=\"column\">\n\t\t\t<div class=\"elementor-widget-wrap elementor-element-populated\">\n\t\t\t\t\t\t<div class=\"elementor-element elementor-element-7f47ce9 elementor-position-top elementor-widget elementor-widget-image-box\" data-id=\"7f47ce9\" data-element_type=\"widget\" data-widget_type=\"image-box.default\">\n\t\t\t\t<div class=\"elementor-widget-container\">\n\t\t\t<div class=\"elementor-image-box-wrapper\"><figure class=\"elementor-image-box-img\"><img loading=\"lazy\" decoding=\"async\" width=\"300\" height=\"300\" src=\"https:\/\/assets.grab.com\/wp-content\/uploads\/sites\/11\/2020\/10\/21101503\/icon-vn-ride-cover-coin-payments.png\" class=\"attachment-full size-full wp-image-75458\" alt=\"\" srcset=\"https:\/\/assets.grab.com\/wp-content\/uploads\/sites\/11\/2020\/10\/21101503\/icon-vn-ride-cover-coin-payments.png 300w, https:\/\/assets.grab.com\/wp-content\/uploads\/sites\/11\/2020\/10\/21101503\/icon-vn-ride-cover-coin-payments-150x150.png 150w, https:\/\/assets.grab.com\/wp-content\/uploads\/sites\/11\/2020\/10\/21101503\/icon-vn-ride-cover-coin-payments-250x250.png 250w, https:\/\/assets.grab.com\/wp-content\/uploads\/sites\/11\/2020\/10\/21101503\/icon-vn-ride-cover-coin-payments-120x120.png 120w\" sizes=\"(max-width: 300px) 100vw, 300px\" \/><\/figure><div class=\"elementor-image-box-content\"><h3 class=\"elementor-image-box-title\"><p>Affordable peace of mind<\/p><\/h3><p class=\"elementor-image-box-description\"><p>\u00a0<\/p><p>Get covered for only VND 2000 per ride<\/p><\/p><\/div><\/div>\t\t<\/div>\n\t\t\t\t<\/div>\n\t\t\t\t\t<\/div>\n\t\t<\/div>\n\t\t\t\t\t<\/div>\n\t\t<\/section>\n\t\t\t\t<section class=\"elementor-section elementor-top-section elementor-element elementor-element-2c215d6 elementor-section-boxed elementor-section-height-default elementor-section-height-default\" data-id=\"2c215d6\" data-element_type=\"section\">\n\t\t\t\t\t\t<div class=\"elementor-container elementor-column-gap-default\">\n\t\t\t\t\t<div class=\"elementor-column elementor-col-100 elementor-top-column elementor-element elementor-element-f328cb4\" data-id=\"f328cb4\" data-element_type=\"column\">\n\t\t\t<div class=\"elementor-widget-wrap elementor-element-populated\">\n\t\t\t\t\t\t<div class=\"elementor-element elementor-element-dfc564c elementor-widget elementor-widget-spacer\" data-id=\"dfc564c\" data-element_type=\"widget\" data-widget_type=\"spacer.default\">\n\t\t\t\t<div class=\"elementor-widget-container\">\n\t\t\t\t\t<div class=\"elementor-spacer\">\n\t\t\t<div class=\"elementor-spacer-inner\"><\/div>\n\t\t<\/div>\n\t\t\t\t<\/div>\n\t\t\t\t<\/div>\n\t\t\t\t\t<\/div>\n\t\t<\/div>\n\t\t\t\t\t<\/div>\n\t\t<\/section>\n\t\t\t\t<section class=\"elementor-section elementor-top-section elementor-element elementor-element-889c82a elementor-section-boxed elementor-section-height-default elementor-section-height-default\" data-id=\"889c82a\" data-element_type=\"section\">\n\t\t\t\t\t\t<div class=\"elementor-container elementor-column-gap-default\">\n\t\t\t\t\t<div class=\"elementor-column elementor-col-100 elementor-top-column elementor-element elementor-element-233899e\" data-id=\"233899e\" data-element_type=\"column\">\n\t\t\t<div class=\"elementor-widget-wrap elementor-element-populated\">\n\t\t\t\t\t\t<div class=\"elementor-element elementor-element-fd8e529 elementor-widget elementor-widget-heading\" data-id=\"fd8e529\" data-element_type=\"widget\" data-widget_type=\"heading.default\">\n\t\t\t\t<div class=\"elementor-widget-container\">\n\t\t\t<h2 class=\"elementor-heading-title elementor-size-medium\">Got a question?<\/h2>\t\t<\/div>\n\t\t\t\t<\/div>\n\t\t\t\t<div class=\"elementor-element elementor-element-c52a83c elementor-button-success elementor-align-center elementor-widget elementor-widget-button\" data-id=\"c52a83c\" data-element_type=\"widget\" data-widget_type=\"button.default\">\n\t\t\t\t<div class=\"elementor-widget-container\">\n\t\t\t\t\t<div class=\"elementor-button-wrapper\">\n\t\t\t<a class=\"elementor-button elementor-button-link elementor-size-sm\" href=\"https:\/\/help.grab.com\/passenger\/en-vn\/360035559632-Ride-Cover-FAQs\">\n\t\t\t\t\t\t<span class=\"elementor-button-content-wrapper\">\n\t\t\t\t\t\t<span class=\"elementor-button-text\">Help Centre<\/span>\n\t\t<\/span>\n\t\t\t\t\t<\/a>\n\t\t<\/div>\n\t\t\t\t<\/div>\n\t\t\t\t<\/div>\n\t\t\t\t\t<\/div>\n\t\t<\/div>\n\t\t\t\t\t<\/div>\n\t\t<\/section>\n\t\t\t\t<section class=\"elementor-section elementor-top-section elementor-element elementor-element-e40b979 elementor-section-boxed elementor-section-height-default elementor-section-height-default\" data-id=\"e40b979\" data-element_type=\"section\">\n\t\t\t\t\t\t<div class=\"elementor-container elementor-column-gap-default\">\n\t\t\t\t\t<div class=\"elementor-column elementor-col-100 elementor-top-column elementor-element elementor-element-c27b3a5\" data-id=\"c27b3a5\" data-element_type=\"column\">\n\t\t\t<div class=\"elementor-widget-wrap elementor-element-populated\">\n\t\t\t\t\t\t<div class=\"elementor-element elementor-element-ce9ca5d elementor-widget elementor-widget-spacer\" data-id=\"ce9ca5d\" data-element_type=\"widget\" data-widget_type=\"spacer.default\">\n\t\t\t\t<div class=\"elementor-widget-container\">\n\t\t\t\t\t<div class=\"elementor-spacer\">\n\t\t\t<div class=\"elementor-spacer-inner\"><\/div>\n\t\t<\/div>\n\t\t\t\t<\/div>\n\t\t\t\t<\/div>\n\t\t\t\t\t<\/div>\n\t\t<\/div>\n\t\t\t\t\t<\/div>\n\t\t<\/section>\n\t\t\t\t<section class=\"elementor-section elementor-top-section elementor-element elementor-element-ef92ad5 elementor-section-boxed elementor-section-height-default elementor-section-height-default\" data-id=\"ef92ad5\" data-element_type=\"section\">\n\t\t\t\t\t\t<div class=\"elementor-container elementor-column-gap-default\">\n\t\t\t\t\t<div class=\"elementor-column elementor-col-100 elementor-top-column elementor-element elementor-element-b137e84\" data-id=\"b137e84\" data-element_type=\"column\">\n\t\t\t<div class=\"elementor-widget-wrap elementor-element-populated\">\n\t\t\t\t\t\t<div class=\"elementor-element elementor-element-1d83b3b elementor-widget elementor-widget-spacer\" data-id=\"1d83b3b\" data-element_type=\"widget\" data-widget_type=\"spacer.default\">\n\t\t\t\t<div class=\"elementor-widget-container\">\n\t\t\t\t\t<div class=\"elementor-spacer\">\n\t\t\t<div class=\"elementor-spacer-inner\"><\/div>\n\t\t<\/div>\n\t\t\t\t<\/div>\n\t\t\t\t<\/div>\n\t\t\t\t\t<\/div>\n\t\t<\/div>\n\t\t\t\t\t<\/div>\n\t\t<\/section>\n\t\t\t\t<section class=\"elementor-section elementor-top-section elementor-element elementor-element-ba7d52e elementor-section-boxed elementor-section-height-default elementor-section-height-default\" data-id=\"ba7d52e\" data-element_type=\"section\">\n\t\t\t\t\t\t<div class=\"elementor-container elementor-column-gap-default\">\n\t\t\t\t\t<div class=\"elementor-column elementor-col-100 elementor-top-column elementor-element elementor-element-34492cd\" data-id=\"34492cd\" data-element_type=\"column\">\n\t\t\t<div class=\"elementor-widget-wrap elementor-element-populated\">\n\t\t\t\t\t\t<div class=\"elementor-element elementor-element-74f3892 elementor-widget elementor-widget-text-editor\" data-id=\"74f3892\" data-element_type=\"widget\" data-widget_type=\"text-editor.default\">\n\t\t\t\t<div class=\"elementor-widget-container\">\n\t\t\t\t\t\t\tThe personal accident insurance policy is distributed by GrabInsure VN Ltd. and is underwritten by Chubb Insurance Vietnam Co. Ltd. Grab Company Limited shall undertake the insurance policy as the master policyholder for the benefit of you as the insured member.\t\t\t\t\t\t<\/div>\n\t\t\t\t<\/div>\n\t\t\t\t\t<\/div>\n\t\t<\/div>\n\t\t\t\t\t<\/div>\n\t\t<\/section>\n\t\t\t\t<\/div>","protected":false},"excerpt":{"rendered":"B\u1ea1n s\u1ebd \u0111\u01b0\u1ee3c b\u1ed3i th\u01b0\u1eddng khi B\u1ea1n s\u1ebd \u0111\u01b0\u1ee3c nh\u1eadn B\u1ea1n g\u1eb7p ph\u1ea3i tai n\u1ea1n b\u1ea5t ng\u1edd khi \u0111ang di chuy\u1ec3n c\u00f9ng Grab \u1edf Vi\u1ec7t Nam v\u00e0 \u0111\u00e3 mua g\u00f3i Ride Cover Y\u00eau c\u1ea7u b\u1ed3i th\u01b0\u1eddng l\u00ean t\u1edbi 500 tri\u1ec7u \u0111\u1ed3ng, cho tr\u01b0\u1eddng h\u1ee3p t\u1eed vong ho\u1eb7c th\u01b0\u01a1ng t\u1eadt v\u0129nh vi\u1ec5n. T\u00e0i x\u1ebf tr\u1ec5 qu\u00e1 [&hellip;]","protected":false},"author":754,"featured_media":0,"parent":0,"menu_order":0,"comment_status":"closed","ping_status":"closed","template":"elementor_header_footer","meta":{"_acf_changed":false,"footnotes":""},"acf":[],"_links":{"self":[{"href":"https:\/\/www.grab.com\/vn\/en\/wp-json\/wp\/v2\/pages\/74837"}],"collection":[{"href":"https:\/\/www.grab.com\/vn\/en\/wp-json\/wp\/v2\/pages"}],"about":[{"href":"https:\/\/www.grab.com\/vn\/en\/wp-json\/wp\/v2\/types\/page"}],"author":[{"embeddable":true,"href":"https:\/\/www.grab.com\/vn\/en\/wp-json\/wp\/v2\/users\/754"}],"replies":[{"embeddable":true,"href":"https:\/\/www.grab.com\/vn\/en\/wp-json\/wp\/v2\/comments?post=74837"}],"version-history":[{"count":108,"href":"https:\/\/www.grab.com\/vn\/en\/wp-json\/wp\/v2\/pages\/74837\/revisions"}],"predecessor-version":[{"id":131804,"href":"https:\/\/www.grab.com\/vn\/en\/wp-json\/wp\/v2\/pages\/74837\/revisions\/131804"}],"wp:attachment":[{"href":"https:\/\/www.grab.com\/vn\/en\/wp-json\/wp\/v2\/media?parent=74837"}],"curies":[{"name":"wp","href":"https:\/\/api.w.org\/{rel}","templated":true}]}}