{"id":67036,"date":"2020-06-10T16:19:01","date_gmt":"2020-06-10T08:19:01","guid":{"rendered":"https:\/\/www.grab.com\/vn\/?page_id=67036"},"modified":"2023-06-05T11:26:02","modified_gmt":"2023-06-05T03:26:02","slug":"grab-huong-dan-doi-tac-tham-gia-lop-dao-tao-nang-cao-chat-luong-dich-vu-truc-tuyen","status":"publish","type":"page","link":"https:\/\/www.grab.com\/vn\/en\/grab-huong-dan-doi-tac-tham-gia-lop-dao-tao-nang-cao-chat-luong-dich-vu-truc-tuyen\/","title":{"rendered":"[Grab] H\u01b0\u1edbng d\u1eabn \u0110\u1ed1i t\u00e1c tham gia l\u1edbp \u0110\u00e0o t\u1ea1o N\u00e2ng cao Ch\u1ea5t l\u01b0\u1ee3ng D\u1ecbch v\u1ee5"},"content":{"rendered":"<p><a href=\"https:\/\/grb.to\/nangcaodvdax\"><img loading=\"lazy\" decoding=\"async\" class=\"aligncenter wp-image-124467\" src=\"https:\/\/assets.grab.com\/wp-content\/uploads\/sites\/11\/2022\/07\/08160956\/Slide8-e1665551473307.png\" alt=\"\" width=\"954\" height=\"897\" \/><\/a><\/p>\n<ul>\n<li>\n<h3><img loading=\"lazy\" decoding=\"async\" class=\"aligncenter wp-image-133029\" src=\"https:\/\/assets.grab.com\/wp-content\/uploads\/sites\/11\/2022\/10\/12132413\/Screen-Shot-2022-10-12-at-12.23.53.png\" alt=\"\" width=\"895\" height=\"276\" srcset=\"https:\/\/assets.grab.com\/wp-content\/uploads\/sites\/11\/2022\/10\/12132413\/Screen-Shot-2022-10-12-at-12.23.53.png 1374w, https:\/\/assets.grab.com\/wp-content\/uploads\/sites\/11\/2022\/10\/12132413\/Screen-Shot-2022-10-12-at-12.23.53-250x77.png 250w, https:\/\/assets.grab.com\/wp-content\/uploads\/sites\/11\/2022\/10\/12132413\/Screen-Shot-2022-10-12-at-12.23.53-700x216.png 700w, https:\/\/assets.grab.com\/wp-content\/uploads\/sites\/11\/2022\/10\/12132413\/Screen-Shot-2022-10-12-at-12.23.53-768x237.png 768w, https:\/\/assets.grab.com\/wp-content\/uploads\/sites\/11\/2022\/10\/12132413\/Screen-Shot-2022-10-12-at-12.23.53-120x37.png 120w\" sizes=\"(max-width: 895px) 100vw, 895px\" \/><\/h3>\n<\/li>\n<li>\n<h3><span style=\"color: #000000\">B\u01b0\u1edbc 1: <\/span><span style=\"color: #000000\">\u0110\u1ed1i t\u00e1c nh\u1ea5n v\u00e0o<\/span> <a href=\"https:\/\/zoom.us\/download\">\u0110\u00c2Y<\/a> <span style=\"color: #000000\">\u0111\u1ec3 c\u00e0i \u0111\u1eb7t ph\u1ea7n m\u1ec1m Zoom<\/span><\/h3>\n<\/li>\n<li>\n<h3><span style=\"color: #000000\">B\u01b0\u1edbc 2: \u0110\u1ed1i t\u00e1c nh\u1ea5n v\u00e0o \u0111\u01b0\u1eddng d\u1eabn <a href=\"https:\/\/grb.to\/nangcaodvdax\">https:\/\/grb.to\/nangcaodvdax<\/a> \u0111\u1ec3 tham gia \u0111\u00e0o t\u1ea1o<\/span><\/h3>\n<\/li>\n<\/ul>\n<h1><img loading=\"lazy\" decoding=\"async\" class=\"wp-image-85083 aligncenter\" src=\"https:\/\/assets.grab.com\/wp-content\/uploads\/sites\/11\/2021\/04\/02174341\/Screen-Shot-2021-04-01-at-13.56.48.png\" alt=\"\" width=\"940\" height=\"527\" \/><\/h1>\n<h3><span style=\"color: #ff0000\"><strong>Details: <\/strong><\/span><\/h3>\n<h3><span style=\"color: #000000\">&#8211; \u0110\u1ed1i t\u00e1c nh\u1eadp:<\/span> <span style=\"color: #ff0000\">h\u1ecd t\u00ean &#8211; s\u1ed1 ID ho\u1eb7c CMND<\/span> <span style=\"color: #000000\">\u0111\u1ec3 tham gia l\u1edbp h\u1ecdc.<\/span><\/h3>\n<h3><span style=\"color: #ff0000\"><strong>&#8211; L\u1edbp \u0111\u00e0o t\u1ea1o tr\u1ef1c tuy\u1ebfn s\u1ebd kh\u00f4ng t\u1ed5 ch\u1ee9c v\u00e0o c\u00e1c ng\u00e0y ngh\u1ec9 l\u1ec5\/t\u1ebft (theo quy \u0111\u1ecbnh c\u1ee7a Nh\u00e0 n\u01b0\u1edbc).<\/strong><\/span><\/h3>\n<h3><span style=\"color: #000000\">M\u1ecdi th\u1eafc m\u1eafc \u0110\u1ed1i t\u00e1c c\u00f3 th\u1ec3 xem th\u00eam t\u1ea1i m\u1ee5c Trung t\u00e2m tr\u1ee3 gi\u00fap tr\u00ean \u1ee9ng d\u1ee5ng. M\u1ebfn ch\u00fac \u0110\u1ed1i t\u00e1c ho\u1ea1t \u0111\u1ed9ng hi\u1ec7u qu\u1ea3 v\u00e0 an to\u00e0n.<\/span><\/h3>\n<h3><span style=\"color: #00b14f\"><strong>Tr\u00e2n tr\u1ecdng,<\/strong><\/span><br \/>\n<span style=\"color: #00b14f\"><strong>\u0110\u1ed9i ng\u0169 Grab.<\/strong><\/span><\/h3>","protected":false},"excerpt":{"rendered":"B\u01b0\u1edbc 1: \u0110\u1ed1i t\u00e1c nh\u1ea5n v\u00e0o \u0110\u00c2Y \u0111\u1ec3 c\u00e0i \u0111\u1eb7t ph\u1ea7n m\u1ec1m Zoom B\u01b0\u1edbc 2: \u0110\u1ed1i t\u00e1c nh\u1ea5n v\u00e0o \u0111\u01b0\u1eddng d\u1eabn https:\/\/grb.to\/nangcaodvdax \u0111\u1ec3 tham gia \u0111\u00e0o t\u1ea1o L\u01b0u \u00fd: &#8211; \u0110\u1ed1i t\u00e1c nh\u1eadp: h\u1ecd t\u00ean &#8211; s\u1ed1 ID ho\u1eb7c CMND \u0111\u1ec3 tham gia l\u1edbp h\u1ecdc. &#8211; L\u1edbp \u0111\u00e0o t\u1ea1o tr\u1ef1c tuy\u1ebfn s\u1ebd kh\u00f4ng t\u1ed5 ch\u1ee9c [&hellip;]","protected":false},"author":491,"featured_media":0,"parent":0,"menu_order":0,"comment_status":"closed","ping_status":"closed","template":"","meta":{"_acf_changed":false,"footnotes":""},"acf":[],"_links":{"self":[{"href":"https:\/\/www.grab.com\/vn\/en\/wp-json\/wp\/v2\/pages\/67036"}],"collection":[{"href":"https:\/\/www.grab.com\/vn\/en\/wp-json\/wp\/v2\/pages"}],"about":[{"href":"https:\/\/www.grab.com\/vn\/en\/wp-json\/wp\/v2\/types\/page"}],"author":[{"embeddable":true,"href":"https:\/\/www.grab.com\/vn\/en\/wp-json\/wp\/v2\/users\/491"}],"replies":[{"embeddable":true,"href":"https:\/\/www.grab.com\/vn\/en\/wp-json\/wp\/v2\/comments?post=67036"}],"version-history":[{"count":73,"href":"https:\/\/www.grab.com\/vn\/en\/wp-json\/wp\/v2\/pages\/67036\/revisions"}],"predecessor-version":[{"id":147335,"href":"https:\/\/www.grab.com\/vn\/en\/wp-json\/wp\/v2\/pages\/67036\/revisions\/147335"}],"wp:attachment":[{"href":"https:\/\/www.grab.com\/vn\/en\/wp-json\/wp\/v2\/media?parent=67036"}],"curies":[{"name":"wp","href":"https:\/\/api.w.org\/{rel}","templated":true}]}}