{"id":67019,"date":"2020-06-10T14:19:46","date_gmt":"2020-06-10T06:19:46","guid":{"rendered":"https:\/\/www.grab.com\/vn\/?page_id=67019"},"modified":"2020-06-10T14:19:46","modified_gmt":"2020-06-10T06:19:46","slug":"grabcar-goc-thong-tin-thang-06-2020-ban-nen-biet-2","status":"publish","type":"page","link":"https:\/\/www.grab.com\/vn\/en\/grabcar-goc-thong-tin-thang-06-2020-ban-nen-biet-2\/","title":{"rendered":"[GrabCar] G\u00f3c th\u00f4ng tin th\u00e1ng 06\/2020 b\u1ea1n n\u00ean bi\u1ebft"},"content":{"rendered":"<p><a href=\"https:\/\/www.grab.com\/vn\/en\/blog\/driver\/grabcar-grabtaxi-cap-nhat-moc-quy-dinh-doi-voi-ty-le-danh-gia-sao\/\"><img loading=\"lazy\" decoding=\"async\" class=\"aligncenter wp-image-67020\" src=\"https:\/\/assets.grab.com\/wp-content\/uploads\/sites\/11\/2020\/06\/10141655\/1a.png\" alt=\"\" width=\"1000\" height=\"926\" srcset=\"https:\/\/assets.grab.com\/wp-content\/uploads\/sites\/11\/2020\/06\/10141655\/1a.png 699w, https:\/\/assets.grab.com\/wp-content\/uploads\/sites\/11\/2020\/06\/10141655\/1a-250x231.png 250w, https:\/\/assets.grab.com\/wp-content\/uploads\/sites\/11\/2020\/06\/10141655\/1a-120x111.png 120w\" sizes=\"(max-width: 1000px) 100vw, 1000px\" \/><\/a><\/p>\n<p><a href=\"https:\/\/www.grab.com\/vn\/en\/blog\/driver\/grabcar-grabtaxi-huong-dan-doi-tac-kiem-tra-ung-dung-grabdriver\/\"> <img loading=\"lazy\" decoding=\"async\" class=\"aligncenter wp-image-67021\" src=\"https:\/\/assets.grab.com\/wp-content\/uploads\/sites\/11\/2020\/06\/10141656\/2a.png\" alt=\"\" width=\"1000\" height=\"449\" srcset=\"https:\/\/assets.grab.com\/wp-content\/uploads\/sites\/11\/2020\/06\/10141656\/2a.png 699w, https:\/\/assets.grab.com\/wp-content\/uploads\/sites\/11\/2020\/06\/10141656\/2a-250x112.png 250w, https:\/\/assets.grab.com\/wp-content\/uploads\/sites\/11\/2020\/06\/10141656\/2a-120x54.png 120w\" sizes=\"(max-width: 1000px) 100vw, 1000px\" \/><\/a><\/p>\n<p><a href=\"https:\/\/www.grab.com\/vn\/en\/blog\/driver\/car\/grabcar-grabtaxi-tich-hop-tinh-nang-goi-den-grab-vao-trung-tam-tro-giup\/\"> <img loading=\"lazy\" decoding=\"async\" class=\"aligncenter wp-image-67022\" src=\"https:\/\/assets.grab.com\/wp-content\/uploads\/sites\/11\/2020\/06\/10141657\/3a.png\" alt=\"\" width=\"1000\" height=\"411\" srcset=\"https:\/\/assets.grab.com\/wp-content\/uploads\/sites\/11\/2020\/06\/10141657\/3a.png 691w, https:\/\/assets.grab.com\/wp-content\/uploads\/sites\/11\/2020\/06\/10141657\/3a-250x103.png 250w, https:\/\/assets.grab.com\/wp-content\/uploads\/sites\/11\/2020\/06\/10141657\/3a-120x49.png 120w\" sizes=\"(max-width: 1000px) 100vw, 1000px\" \/><\/a><\/p>\n<p><a href=\"https:\/\/www.grab.com\/vn\/en\/blog\/driver\/grab-ra-mat-tinh-nang-ho-tro-truc-tuyen-tro-chuyen-voi-grab\/\"> <img loading=\"lazy\" decoding=\"async\" class=\"aligncenter wp-image-67023\" src=\"https:\/\/assets.grab.com\/wp-content\/uploads\/sites\/11\/2020\/06\/10141658\/4a.png\" alt=\"\" width=\"1000\" height=\"383\" srcset=\"https:\/\/assets.grab.com\/wp-content\/uploads\/sites\/11\/2020\/06\/10141658\/4a.png 708w, https:\/\/assets.grab.com\/wp-content\/uploads\/sites\/11\/2020\/06\/10141658\/4a-250x96.png 250w, https:\/\/assets.grab.com\/wp-content\/uploads\/sites\/11\/2020\/06\/10141658\/4a-700x268.png 700w, https:\/\/assets.grab.com\/wp-content\/uploads\/sites\/11\/2020\/06\/10141658\/4a-120x46.png 120w\" sizes=\"(max-width: 1000px) 100vw, 1000px\" \/><\/a><\/p>\n<p><strong><span style=\"color: #00953a\">Tr\u00e2n tr\u1ecdng<\/span><\/strong><\/p>\n<p><strong><span style=\"color: #00953a\">\u0110\u1ed9i ng\u0169 Grab<\/span><\/strong><\/p>","protected":false},"excerpt":{"rendered":"Tr\u00e2n tr\u1ecdng \u0110\u1ed9i ng\u0169 Grab","protected":false},"author":491,"featured_media":0,"parent":0,"menu_order":0,"comment_status":"closed","ping_status":"closed","template":"","meta":{"_acf_changed":false,"footnotes":""},"acf":[],"_links":{"self":[{"href":"https:\/\/www.grab.com\/vn\/en\/wp-json\/wp\/v2\/pages\/67019"}],"collection":[{"href":"https:\/\/www.grab.com\/vn\/en\/wp-json\/wp\/v2\/pages"}],"about":[{"href":"https:\/\/www.grab.com\/vn\/en\/wp-json\/wp\/v2\/types\/page"}],"author":[{"embeddable":true,"href":"https:\/\/www.grab.com\/vn\/en\/wp-json\/wp\/v2\/users\/491"}],"replies":[{"embeddable":true,"href":"https:\/\/www.grab.com\/vn\/en\/wp-json\/wp\/v2\/comments?post=67019"}],"version-history":[{"count":1,"href":"https:\/\/www.grab.com\/vn\/en\/wp-json\/wp\/v2\/pages\/67019\/revisions"}],"predecessor-version":[{"id":67024,"href":"https:\/\/www.grab.com\/vn\/en\/wp-json\/wp\/v2\/pages\/67019\/revisions\/67024"}],"wp:attachment":[{"href":"https:\/\/www.grab.com\/vn\/en\/wp-json\/wp\/v2\/media?parent=67019"}],"curies":[{"name":"wp","href":"https:\/\/api.w.org\/{rel}","templated":true}]}}